{"id":27290,"date":"2024-04-27T02:47:34","date_gmt":"2024-04-27T02:47:34","guid":{"rendered":"https:\/\/jxgchocolate.com\/?post_type=product&#038;p=27290"},"modified":"2024-06-28T02:44:58","modified_gmt":"2024-06-28T02:44:58","slug":"chocolate-covered-sunflower-seeds-bulk","status":"publish","type":"product","link":"https:\/\/jxgchocolate.com\/es\/producto\/chocolate-covered-sunflower-seeds-bulk\/","title":{"rendered":"Deliciosas Semillas de Girasol Cubiertas de Chocolate a Granel"},"content":{"rendered":"<div class=\"wp-block-columns is-layout-flex wp-container-core-columns-is-layout-9d6595d7 wp-block-columns-is-layout-flex\">\n<div class=\"wp-block-column is-layout-flow wp-block-column-is-layout-flow\">\n<h2 class=\"wp-block-heading\">Semillas de Girasol Premium Cubiertas de Chocolate a Granel Caracter\u00edsticas:<\/h2>\n\n\n\n<ol class=\"wp-block-list\">\n<li>Cobertura de chocolate de alta calidad: Nuestro granel de semillas de girasol cubiertas de chocolate est\u00e1 hecho de chocolate de alta calidad, rico en sabor, dulce y delicioso.<\/li>\n\n\n\n<li>Semillas de girasol frescas: Seleccione semillas de girasol frescas para garantizar un sabor pleno y una nutrici\u00f3n rica.<\/li>\n\n\n\n<li>Un tentempi\u00e9 saludable: Las pipas de girasol son ricas en nutrientes y cubiertas de chocolate las hace a\u00fan m\u00e1s deliciosas, convirti\u00e9ndolas en una opci\u00f3n de tentempi\u00e9 saludable.<\/li>\n\n\n\n<li>F\u00e1ciles de transportar: F\u00e1cil de llevar, nuestras semillas de girasol cubiertas de chocolate a granel se pueden utilizar como aperitivos de oficina o aperitivos para actividades al aire libre.<\/li>\n<\/ol>\n<\/div>\n\n\n\n<div class=\"wp-block-column is-layout-flow wp-block-column-is-layout-flow\">\n<figure class=\"wp-block-image size-full\"><img fetchpriority=\"high\" decoding=\"async\" width=\"4480\" height=\"4480\" src=\"https:\/\/jxgchocolate.com\/wp-content\/uploads\/2024\/04\/chocolate-covered-sunflower-seeds-bulk-5_\u526f\u672c.webp\" alt=\"semillas de girasol recubiertas de chocolate-granel-5\" class=\"wp-image-28397\" srcset=\"https:\/\/jxgchocolate.com\/wp-content\/uploads\/2024\/04\/chocolate-covered-sunflower-seeds-bulk-5_\u526f\u672c.webp 4480w, https:\/\/jxgchocolate.com\/wp-content\/uploads\/2024\/04\/chocolate-covered-sunflower-seeds-bulk-5_\u526f\u672c-300x300.webp 300w, https:\/\/jxgchocolate.com\/wp-content\/uploads\/2024\/04\/chocolate-covered-sunflower-seeds-bulk-5_\u526f\u672c-150x150.webp 150w, https:\/\/jxgchocolate.com\/wp-content\/uploads\/2024\/04\/chocolate-covered-sunflower-seeds-bulk-5_\u526f\u672c-768x768.webp 768w, https:\/\/jxgchocolate.com\/wp-content\/uploads\/2024\/04\/chocolate-covered-sunflower-seeds-bulk-5_\u526f\u672c-430x430.webp 430w, https:\/\/jxgchocolate.com\/wp-content\/uploads\/2024\/04\/chocolate-covered-sunflower-seeds-bulk-5_\u526f\u672c-700x700.webp 700w\" sizes=\"(max-width: 4480px) 100vw, 4480px\" \/><\/figure>\n<\/div>\n<\/div>","protected":false},"excerpt":{"rendered":"<p>Las semillas de girasol frescas seleccionadas y la cobertura de chocolate de alta calidad garantizan un sabor pleno y una rica nutrici\u00f3n. F\u00e1ciles de transportar, pueden utilizarse como tentempi\u00e9s para la oficina o para actividades al aire libre. Nuestras pipas de girasol cubiertas de chocolate a granel se han convertido en una opci\u00f3n de tentempi\u00e9 popular para cualquier ocasi\u00f3n y p\u00fablico.<\/p>\n<table width=\"275\">\n<tbody>\n<tr>\n<td width=\"108\">Fabricante<\/td>\n<td width=\"167\">Fruta de la suerte<\/td>\n<\/tr>\n<tr>\n<td>N\u00ba DE MODELO<\/td>\n<td>JXG04<\/td>\n<\/tr>\n<tr>\n<td>Tipo<\/td>\n<td>Semillas de girasol Chocolate<\/td>\n<\/tr>\n<tr>\n<td>Embalaje<\/td>\n<td>Embalaje en caja<\/td>\n<\/tr>\n<tr>\n<td>Especificaci\u00f3n<\/td>\n<td>4g*70pcs*30bolsas<\/td>\n<\/tr>\n<tr>\n<td>Tama\u00f1o de la caja<\/td>\n<td>43,5*33*33 cm<\/td>\n<\/tr>\n<tr>\n<td>N.W \/SET<\/td>\n<td>21g*12bolsas*24cajas<\/td>\n<\/tr>\n<tr>\n<td>Color<\/td>\n<td>Oscuro<\/td>\n<\/tr>\n<tr>\n<td>MOQ<\/td>\n<td>500 cajas<\/td>\n<\/tr>\n<tr>\n<td>Personalizaci\u00f3n<\/td>\n<td>Embalaje\/LOGO<\/td>\n<\/tr>\n<\/tbody>\n<\/table>","protected":false},"featured_media":28397,"comment_status":"closed","ping_status":"closed","template":"","meta":[],"product_cat":[72],"product_tag":[],"class_list":{"0":"post-27290","1":"product","2":"type-product","3":"status-publish","4":"has-post-thumbnail","6":"product_cat-wholesale-chocolate-covered-sunflower-seeds","8":"first","9":"instock","10":"shipping-taxable","11":"product-type-simple"},"_links":{"self":[{"href":"https:\/\/jxgchocolate.com\/es\/wp-json\/wp\/v2\/product\/27290","targetHints":{"allow":["GET"]}}],"collection":[{"href":"https:\/\/jxgchocolate.com\/es\/wp-json\/wp\/v2\/product"}],"about":[{"href":"https:\/\/jxgchocolate.com\/es\/wp-json\/wp\/v2\/types\/product"}],"replies":[{"embeddable":true,"href":"https:\/\/jxgchocolate.com\/es\/wp-json\/wp\/v2\/comments?post=27290"}],"version-history":[{"count":0,"href":"https:\/\/jxgchocolate.com\/es\/wp-json\/wp\/v2\/product\/27290\/revisions"}],"wp:featuredmedia":[{"embeddable":true,"href":"https:\/\/jxgchocolate.com\/es\/wp-json\/wp\/v2\/media\/28397"}],"wp:attachment":[{"href":"https:\/\/jxgchocolate.com\/es\/wp-json\/wp\/v2\/media?parent=27290"}],"wp:term":[{"taxonomy":"product_cat","embeddable":true,"href":"https:\/\/jxgchocolate.com\/es\/wp-json\/wp\/v2\/product_cat?post=27290"},{"taxonomy":"product_tag","embeddable":true,"href":"https:\/\/jxgchocolate.com\/es\/wp-json\/wp\/v2\/product_tag?post=27290"}],"curies":[{"name":"wp","href":"https:\/\/api.w.org\/{rel}","templated":true}]}}