{"id":27299,"date":"2024-04-27T02:38:14","date_gmt":"2024-04-27T02:38:14","guid":{"rendered":"https:\/\/jxgchocolate.com\/?post_type=product&#038;p=27299"},"modified":"2024-06-28T02:41:07","modified_gmt":"2024-06-28T02:41:07","slug":"wholesale-chocolate-covered-sunflower-seeds","status":"publish","type":"product","link":"https:\/\/jxgchocolate.com\/es\/producto\/wholesale-chocolate-covered-sunflower-seeds\/","title":{"rendered":"Mayorista Semillas De Girasol Cubiertas De Chocolate Multicolor"},"content":{"rendered":"<div class=\"wp-block-columns is-layout-flex wp-container-core-columns-is-layout-9d6595d7 wp-block-columns-is-layout-flex\">\n<div class=\"wp-block-column is-layout-flow wp-block-column-is-layout-flow\">\n<h2 class=\"wp-block-heading\">Semillas de girasol recubiertas de chocolate al por mayor de primera calidad Caracter\u00edsticas:<\/h2>\n\n\n\n<ol class=\"wp-block-list\">\n<li>Materiales seleccionados de alta calidad: Seleccionamos cuidadosamente chocolate de alta calidad para garantizar un sabor rico y satisfactorio. Las pipas de girasol son snacks naturales y saludables, ricos en prote\u00ednas, fibra y multivitaminas, que proporcionan a los consumidores un doble disfrute: delicioso y nutritivo.<\/li>\n\n\n\n<li>Caracter\u00edsticas ricas y coloridas: Nuestras semillas de girasol cubiertas de chocolate al por mayor adoptan caracter\u00edsticas coloridas, que no s\u00f3lo atraen la mirada, sino que tambi\u00e9n traen a la gente una experiencia visual agradable, aumentando el atractivo del producto.<\/li>\n\n\n\n<li>Adecuadas para diversas ocasiones: Ya sea como aperitivos o como regalos, nuestras semillas de girasol cubiertas de chocolate al por mayor son muy adecuadas para diversas ocasiones, es decir, se pueden comer directamente o utilizar como decoraciones para pasteles, helados y otros postres. Puede satisfacer tanto las necesidades personales como las empresariales.<\/li>\n\n\n\n<li>Opciones de venta al por mayor de alta calidad: Proporcionamos productos al por mayor de alta calidad que pueden satisfacer las necesidades de clientes de diferentes tama\u00f1os y tipos, lo que ofrece a minoristas y empresas diversas opciones.<\/li>\n<\/ol>\n<\/div>\n\n\n\n<div class=\"wp-block-column is-layout-flow wp-block-column-is-layout-flow\">\n<figure class=\"wp-block-image size-full\"><img fetchpriority=\"high\" decoding=\"async\" width=\"3688\" height=\"3689\" src=\"https:\/\/jxgchocolate.com\/wp-content\/uploads\/2024\/04\/wholesale-chocolate-covered-sunflower-seeds-with-multicolor-1.webp\" alt=\"mayorista-semillas-de-girasol-cubiertas-de-chocolate-con-multicolor-1\" class=\"wp-image-27304\" srcset=\"https:\/\/jxgchocolate.com\/wp-content\/uploads\/2024\/04\/wholesale-chocolate-covered-sunflower-seeds-with-multicolor-1.webp 3688w, https:\/\/jxgchocolate.com\/wp-content\/uploads\/2024\/04\/wholesale-chocolate-covered-sunflower-seeds-with-multicolor-1-300x300.webp 300w, https:\/\/jxgchocolate.com\/wp-content\/uploads\/2024\/04\/wholesale-chocolate-covered-sunflower-seeds-with-multicolor-1-150x150.webp 150w, https:\/\/jxgchocolate.com\/wp-content\/uploads\/2024\/04\/wholesale-chocolate-covered-sunflower-seeds-with-multicolor-1-768x768.webp 768w, https:\/\/jxgchocolate.com\/wp-content\/uploads\/2024\/04\/wholesale-chocolate-covered-sunflower-seeds-with-multicolor-1-430x430.webp 430w, https:\/\/jxgchocolate.com\/wp-content\/uploads\/2024\/04\/wholesale-chocolate-covered-sunflower-seeds-with-multicolor-1-700x700.webp 700w\" sizes=\"(max-width: 3688px) 100vw, 3688px\" \/><\/figure>\n<\/div>\n<\/div>","protected":false},"excerpt":{"rendered":"<p>Nuestras semillas de girasol recubiertas de chocolate al por mayor seleccionan materiales de alta calidad para garantizar un rico sabor y son ricas en prote\u00ednas, fibra y m\u00faltiples vitaminas, proporcionando a los consumidores un doble disfrute de exquisitez y nutrici\u00f3n. Puede satisfacer tanto las necesidades personales como las empresariales.<\/p>\n<table width=\"275\">\n<tbody>\n<tr>\n<td width=\"108\">Fabricante<\/td>\n<td width=\"167\">Fruta de la suerte<\/td>\n<\/tr>\n<tr>\n<td>N\u00ba DE MODELO<\/td>\n<td>JXG06<\/td>\n<\/tr>\n<tr>\n<td>Tipo<\/td>\n<td>Semillas de girasol Chocolate\u00a0<\/td>\n<\/tr>\n<tr>\n<td>Embalaje<\/td>\n<td>Embalaje en caja<\/td>\n<\/tr>\n<tr>\n<td>Especificaci\u00f3n<\/td>\n<td>4g*70pcs*30bolsas<\/td>\n<\/tr>\n<tr>\n<td>Tama\u00f1o de la caja<\/td>\n<td>43,5*33*33 cm<\/td>\n<\/tr>\n<tr>\n<td>N.W \/SET<\/td>\n<td>21g*12bolsas*24cajas<\/td>\n<\/tr>\n<tr>\n<td>Color<\/td>\n<td>Multicolor<\/td>\n<\/tr>\n<tr>\n<td>MOQ<\/td>\n<td>500 cajas<\/td>\n<\/tr>\n<tr>\n<td>Personalizaci\u00f3n<\/td>\n<td>Embalaje\/LOGO<\/td>\n<\/tr>\n<\/tbody>\n<\/table>","protected":false},"featured_media":28379,"comment_status":"closed","ping_status":"closed","template":"","meta":[],"product_cat":[72],"product_tag":[],"class_list":{"0":"post-27299","1":"product","2":"type-product","3":"status-publish","4":"has-post-thumbnail","6":"product_cat-wholesale-chocolate-covered-sunflower-seeds","8":"first","9":"instock","10":"shipping-taxable","11":"product-type-simple"},"_links":{"self":[{"href":"https:\/\/jxgchocolate.com\/es\/wp-json\/wp\/v2\/product\/27299","targetHints":{"allow":["GET"]}}],"collection":[{"href":"https:\/\/jxgchocolate.com\/es\/wp-json\/wp\/v2\/product"}],"about":[{"href":"https:\/\/jxgchocolate.com\/es\/wp-json\/wp\/v2\/types\/product"}],"replies":[{"embeddable":true,"href":"https:\/\/jxgchocolate.com\/es\/wp-json\/wp\/v2\/comments?post=27299"}],"version-history":[{"count":0,"href":"https:\/\/jxgchocolate.com\/es\/wp-json\/wp\/v2\/product\/27299\/revisions"}],"wp:featuredmedia":[{"embeddable":true,"href":"https:\/\/jxgchocolate.com\/es\/wp-json\/wp\/v2\/media\/28379"}],"wp:attachment":[{"href":"https:\/\/jxgchocolate.com\/es\/wp-json\/wp\/v2\/media?parent=27299"}],"wp:term":[{"taxonomy":"product_cat","embeddable":true,"href":"https:\/\/jxgchocolate.com\/es\/wp-json\/wp\/v2\/product_cat?post=27299"},{"taxonomy":"product_tag","embeddable":true,"href":"https:\/\/jxgchocolate.com\/es\/wp-json\/wp\/v2\/product_tag?post=27299"}],"curies":[{"name":"wp","href":"https:\/\/api.w.org\/{rel}","templated":true}]}}