{"id":27314,"date":"2024-04-27T03:35:26","date_gmt":"2024-04-27T03:35:26","guid":{"rendered":"https:\/\/jxgchocolate.com\/?post_type=product&#038;p=27314"},"modified":"2024-11-02T07:55:27","modified_gmt":"2024-11-02T07:55:27","slug":"milk-chocolate-covered-sunflower-seeds-bulk","status":"publish","type":"product","link":"https:\/\/jxgchocolate.com\/es\/producto\/milk-chocolate-covered-sunflower-seeds-bulk\/","title":{"rendered":"Semillas de Girasol Saludables Cubiertas de Chocolate con Leche a Granel"},"content":{"rendered":"<div class=\"wp-block-columns is-layout-flex wp-container-core-columns-is-layout-9d6595d7 wp-block-columns-is-layout-flex\">\n<div class=\"wp-block-column is-layout-flow wp-block-column-is-layout-flow\">\n<h2 class=\"wp-block-heading\">Semillas de Girasol Premium Cubiertas de Chocolate con Leche a Granel Caracter\u00edsticas:<\/h2>\n\n\n\n<ul class=\"wp-block-list\">\n<li><strong>Fuente natural de energ\u00eda: <\/strong>Nuestras pipas de girasol recubiertas de chocolate con leche a granel son un snack natural y saludable, rico en prote\u00ednas, fibra y multivitaminas que los consumidores toman como una combinaci\u00f3n perfecta de salud con delicia. Nuestras pipas de girasol con chocolate a granel se seleccionan cuidadosamente a mano y se cubren con el mejor chocolate con leche para garantizar la riqueza y el placer del sabor.<\/li>\n\n\n\n<li><strong>Uso diversificado: <\/strong>Estas semillas de girasol recubiertas de chocolate a granel pueden comerse directamente como tentempi\u00e9; adem\u00e1s, tambi\u00e9n pueden utilizarse en todo tipo de procesado de alimentos, como horneado de pan, mezcla de frutos secos y elaboraci\u00f3n de postres. Puede consumirse como tentempi\u00e9 o con fines comerciales.<\/li>\n\n\n\n<li><strong>Envasado al por mayor de gran capacidad: <\/strong>Proporcionamos envases al por mayor de gran capacidad para semillas de girasol cubiertas de chocolate con leche a granel, adecuados para que minoristas, supermercados y otros clientes comerciales satisfagan sus necesidades de compra al por mayor.<\/li>\n\n\n\n<li><strong>Garant\u00eda de frescura: <\/strong>Garantizamos el suministro de pipas de girasol recubiertas de chocolate frescas a granel con una excelente calidad de envasado y conservaci\u00f3n para que el producto mantenga un sabor y una frescura constantes.<\/li>\n\n\n\n<li><strong>Precio ventajoso: <\/strong>Estas semillas de girasol recubiertas de chocolate con leche a granel no s\u00f3lo son de buena calidad, sino que tambi\u00e9n tienen precios razonables, lo que garantiza m\u00e1rgenes de beneficio considerables para su negocio minorista, permiti\u00e9ndole ganar mayor competitividad en el mercado.<\/li>\n<\/ul>\n<\/div>\n\n\n\n<div class=\"wp-block-column is-layout-flow wp-block-column-is-layout-flow\">\n<figure class=\"wp-block-image size-full\"><img fetchpriority=\"high\" decoding=\"async\" width=\"4172\" height=\"4172\" src=\"https:\/\/jxgchocolate.com\/wp-content\/uploads\/2024\/04\/milk-chocolate-covered-sunflower-seeds-bulk-1.webp\" alt=\"leche-cubierta-de-chocolate-semillas-de-girasol-granel-1\" class=\"wp-image-27315\" srcset=\"https:\/\/jxgchocolate.com\/wp-content\/uploads\/2024\/04\/milk-chocolate-covered-sunflower-seeds-bulk-1.webp 4172w, https:\/\/jxgchocolate.com\/wp-content\/uploads\/2024\/04\/milk-chocolate-covered-sunflower-seeds-bulk-1-300x300.webp 300w, https:\/\/jxgchocolate.com\/wp-content\/uploads\/2024\/04\/milk-chocolate-covered-sunflower-seeds-bulk-1-150x150.webp 150w, https:\/\/jxgchocolate.com\/wp-content\/uploads\/2024\/04\/milk-chocolate-covered-sunflower-seeds-bulk-1-768x768.webp 768w, https:\/\/jxgchocolate.com\/wp-content\/uploads\/2024\/04\/milk-chocolate-covered-sunflower-seeds-bulk-1-430x430.webp 430w, https:\/\/jxgchocolate.com\/wp-content\/uploads\/2024\/04\/milk-chocolate-covered-sunflower-seeds-bulk-1-700x700.webp 700w\" sizes=\"(max-width: 4172px) 100vw, 4172px\" \/><\/figure>\n<\/div>\n<\/div>","protected":false},"excerpt":{"rendered":"<p>Bienvenido a comprar semillas de girasol cubiertas de chocolate a granel. Nuestras semillas de girasol cubiertas de chocolate con leche a granel son capaces de atraer a una gran variedad de grupos de consumidores con su sabor perfecto y rica nutrici\u00f3n, satisfaciendo sus gustos y necesidades para el \u00e9xito continuo y el crecimiento de su negocio.<\/p>\n<table width=\"275\">\n<tbody>\n<tr>\n<td width=\"108\">Fabricante<\/td>\n<td width=\"167\">Fruta de la suerte<\/td>\n<\/tr>\n<tr>\n<td>N\u00ba DE MODELO<\/td>\n<td>JXG05<\/td>\n<\/tr>\n<tr>\n<td>Tipo<\/td>\n<td>Semillas de girasol Chocolate\u00a0<\/td>\n<\/tr>\n<tr>\n<td>Embalaje<\/td>\n<td>Embalaje en caja<\/td>\n<\/tr>\n<tr>\n<td>Especificaci\u00f3n<\/td>\n<td>4g*70pcs*30bolsas<\/td>\n<\/tr>\n<tr>\n<td>Tama\u00f1o de la caja<\/td>\n<td>43,5*33*33 cm<\/td>\n<\/tr>\n<tr>\n<td>N.W \/SET<\/td>\n<td>21g*12bolsas*24cajas<\/td>\n<\/tr>\n<tr>\n<td>Color<\/td>\n<td>Blanco<\/td>\n<\/tr>\n<tr>\n<td>MOQ<\/td>\n<td>500 cajas<\/td>\n<\/tr>\n<tr>\n<td>Personalizaci\u00f3n<\/td>\n<td>Embalaje\/LOGO<\/td>\n<\/tr>\n<\/tbody>\n<\/table>","protected":false},"featured_media":28403,"comment_status":"closed","ping_status":"closed","template":"","meta":[],"product_cat":[72],"product_tag":[],"class_list":{"0":"post-27314","1":"product","2":"type-product","3":"status-publish","4":"has-post-thumbnail","6":"product_cat-wholesale-chocolate-covered-sunflower-seeds","8":"first","9":"instock","10":"shipping-taxable","11":"product-type-simple"},"_links":{"self":[{"href":"https:\/\/jxgchocolate.com\/es\/wp-json\/wp\/v2\/product\/27314","targetHints":{"allow":["GET"]}}],"collection":[{"href":"https:\/\/jxgchocolate.com\/es\/wp-json\/wp\/v2\/product"}],"about":[{"href":"https:\/\/jxgchocolate.com\/es\/wp-json\/wp\/v2\/types\/product"}],"replies":[{"embeddable":true,"href":"https:\/\/jxgchocolate.com\/es\/wp-json\/wp\/v2\/comments?post=27314"}],"version-history":[{"count":0,"href":"https:\/\/jxgchocolate.com\/es\/wp-json\/wp\/v2\/product\/27314\/revisions"}],"wp:featuredmedia":[{"embeddable":true,"href":"https:\/\/jxgchocolate.com\/es\/wp-json\/wp\/v2\/media\/28403"}],"wp:attachment":[{"href":"https:\/\/jxgchocolate.com\/es\/wp-json\/wp\/v2\/media?parent=27314"}],"wp:term":[{"taxonomy":"product_cat","embeddable":true,"href":"https:\/\/jxgchocolate.com\/es\/wp-json\/wp\/v2\/product_cat?post=27314"},{"taxonomy":"product_tag","embeddable":true,"href":"https:\/\/jxgchocolate.com\/es\/wp-json\/wp\/v2\/product_tag?post=27314"}],"curies":[{"name":"wp","href":"https:\/\/api.w.org\/{rel}","templated":true}]}}