{"id":27324,"date":"2024-04-27T03:47:36","date_gmt":"2024-04-27T03:47:36","guid":{"rendered":"https:\/\/jxgchocolate.com\/?post_type=product&#038;p=27324"},"modified":"2024-11-02T07:59:59","modified_gmt":"2024-11-02T07:59:59","slug":"multicolored-chocolate-covered-sunflower-seeds-bulk","status":"publish","type":"product","link":"https:\/\/jxgchocolate.com\/es\/producto\/multicolored-chocolate-covered-sunflower-seeds-bulk\/","title":{"rendered":"Sabrosas Semillas de Girasol Cubiertas de Chocolate Multicolor a Granel"},"content":{"rendered":"<div class=\"wp-block-columns is-layout-flex wp-container-core-columns-is-layout-9d6595d7 wp-block-columns-is-layout-flex\">\n<div class=\"wp-block-column is-layout-flow wp-block-column-is-layout-flow\">\n<h2 class=\"wp-block-heading\">Semillas de girasol recubiertas de chocolate multicolor a granel Caracter\u00edsticas:<\/h2>\n\n\n\n<ul class=\"wp-block-list\">\n<li><strong>Colorida cobertura de chocolate:<\/strong> Nuestras semillas de girasol recubiertas de chocolate multicolor a granel est\u00e1n ba\u00f1adas en chocolate de colores, brillantes y atractivas, que proporcionan a los consumidores un placer visual y gustativo.<\/li>\n\n\n\n<li><strong>Nutrici\u00f3n equilibrada: <\/strong>Estas semillas de girasol con chocolate a granel proporcionan una gran fuente de prote\u00ednas, fibra y vitaminas, mientras que la cobertura de chocolate les a\u00f1ade un delicioso sabor que las hace sanas y deliciosas.<\/li>\n\n\n\n<li><strong>Polivalente: <\/strong>Este producto a granel de semillas de girasol recubiertas de chocolate multicolor no s\u00f3lo es adecuado para comer directamente como tentempi\u00e9, sino que tambi\u00e9n puede utilizarse para decorar tartas, helados, frutos secos variados, etc., ofreciendo posibilidades ilimitadas a su creatividad.<\/li>\n\n\n\n<li><strong>Garant\u00eda de frescura: <\/strong>Nos comprometemos a suministrar las semillas de girasol de chocolate a granel m\u00e1s frescas, empleando m\u00e9todos de envasado y almacenamiento de alta calidad para garantizar un sabor y una calidad constantes.<\/li>\n\n\n\n<li><strong>Relaci\u00f3n calidad-precio: <\/strong>Nuestras semillas de girasol recubiertas de chocolate multicolor a granel son de alta calidad pero asequibles, ofreciendo un margen de beneficios estable para su negocio y permiti\u00e9ndole ser competitivo en el mercado.<\/li>\n<\/ul>\n<\/div>\n\n\n\n<div class=\"wp-block-column is-layout-flow wp-block-column-is-layout-flow\">\n<figure class=\"wp-block-image size-full\"><img fetchpriority=\"high\" decoding=\"async\" width=\"800\" height=\"800\" src=\"https:\/\/jxgchocolate.com\/wp-content\/uploads\/2024\/04\/multicolored-chocolate-covered-sunflower-seeds-bulk-2.webp\" alt=\"multicolored-chocolate-covered-sunflower-seeds-bulk-2\" class=\"wp-image-27326\" srcset=\"https:\/\/jxgchocolate.com\/wp-content\/uploads\/2024\/04\/multicolored-chocolate-covered-sunflower-seeds-bulk-2.webp 800w, https:\/\/jxgchocolate.com\/wp-content\/uploads\/2024\/04\/multicolored-chocolate-covered-sunflower-seeds-bulk-2-300x300.webp 300w, https:\/\/jxgchocolate.com\/wp-content\/uploads\/2024\/04\/multicolored-chocolate-covered-sunflower-seeds-bulk-2-150x150.webp 150w, https:\/\/jxgchocolate.com\/wp-content\/uploads\/2024\/04\/multicolored-chocolate-covered-sunflower-seeds-bulk-2-768x768.webp 768w, https:\/\/jxgchocolate.com\/wp-content\/uploads\/2024\/04\/multicolored-chocolate-covered-sunflower-seeds-bulk-2-430x430.webp 430w, https:\/\/jxgchocolate.com\/wp-content\/uploads\/2024\/04\/multicolored-chocolate-covered-sunflower-seeds-bulk-2-700x700.webp 700w\" sizes=\"(max-width: 800px) 100vw, 800px\" \/><\/figure>\n<\/div>\n<\/div>","protected":false},"excerpt":{"rendered":"<p>Bienvenido a comprar semillas de girasol de chocolate a granel. Este chocolate multicolor cubierto semillas de girasol a granel es bastante colorido, saludable y delicioso suficiente para satisfacer los gustos y necesidades de los consumidores diferentes y alcanzar gran \u00e9xito y crecimiento para su negocio.<\/p>\n<table width=\"275\">\n<tbody>\n<tr>\n<td width=\"108\">Fabricante<\/td>\n<td width=\"167\">Fruta de la suerte<\/td>\n<\/tr>\n<tr>\n<td>N\u00ba DE MODELO<\/td>\n<td>JXG07<\/td>\n<\/tr>\n<tr>\n<td>Tipo<\/td>\n<td>Semillas de girasol Chocolate\u00a0<\/td>\n<\/tr>\n<tr>\n<td>Embalaje<\/td>\n<td>Embalaje en bolsas<\/td>\n<\/tr>\n<tr>\n<td>Especificaci\u00f3n<\/td>\n<td>20 bolsas<\/td>\n<\/tr>\n<tr>\n<td>Tama\u00f1o de la caja<\/td>\n<td>44*29*26 cm<\/td>\n<\/tr>\n<tr>\n<td>N.W \/SET<\/td>\n<td>280 g*20 bolsas<\/td>\n<\/tr>\n<tr>\n<td>Color<\/td>\n<td>Multicolor<\/td>\n<\/tr>\n<tr>\n<td>MOQ<\/td>\n<td>500 cajas<\/td>\n<\/tr>\n<tr>\n<td>Personalizaci\u00f3n<\/td>\n<td>Embalaje\/LOGO<\/td>\n<\/tr>\n<\/tbody>\n<\/table>","protected":false},"featured_media":28404,"comment_status":"closed","ping_status":"closed","template":"","meta":[],"product_cat":[72],"product_tag":[],"class_list":{"0":"post-27324","1":"product","2":"type-product","3":"status-publish","4":"has-post-thumbnail","6":"product_cat-wholesale-chocolate-covered-sunflower-seeds","8":"first","9":"instock","10":"shipping-taxable","11":"product-type-simple"},"_links":{"self":[{"href":"https:\/\/jxgchocolate.com\/es\/wp-json\/wp\/v2\/product\/27324","targetHints":{"allow":["GET"]}}],"collection":[{"href":"https:\/\/jxgchocolate.com\/es\/wp-json\/wp\/v2\/product"}],"about":[{"href":"https:\/\/jxgchocolate.com\/es\/wp-json\/wp\/v2\/types\/product"}],"replies":[{"embeddable":true,"href":"https:\/\/jxgchocolate.com\/es\/wp-json\/wp\/v2\/comments?post=27324"}],"version-history":[{"count":0,"href":"https:\/\/jxgchocolate.com\/es\/wp-json\/wp\/v2\/product\/27324\/revisions"}],"wp:featuredmedia":[{"embeddable":true,"href":"https:\/\/jxgchocolate.com\/es\/wp-json\/wp\/v2\/media\/28404"}],"wp:attachment":[{"href":"https:\/\/jxgchocolate.com\/es\/wp-json\/wp\/v2\/media?parent=27324"}],"wp:term":[{"taxonomy":"product_cat","embeddable":true,"href":"https:\/\/jxgchocolate.com\/es\/wp-json\/wp\/v2\/product_cat?post=27324"},{"taxonomy":"product_tag","embeddable":true,"href":"https:\/\/jxgchocolate.com\/es\/wp-json\/wp\/v2\/product_tag?post=27324"}],"curies":[{"name":"wp","href":"https:\/\/api.w.org\/{rel}","templated":true}]}}