{"id":27332,"date":"2024-04-27T03:59:51","date_gmt":"2024-04-27T03:59:51","guid":{"rendered":"https:\/\/jxgchocolate.com\/?post_type=product&#038;p=27332"},"modified":"2024-11-02T08:07:29","modified_gmt":"2024-11-02T08:07:29","slug":"wholesale-milk-chocolate-covered-sunflower-seeds","status":"publish","type":"product","link":"https:\/\/jxgchocolate.com\/es\/producto\/wholesale-milk-chocolate-covered-sunflower-seeds\/","title":{"rendered":"Deliciosas Semillas de Girasol Cubiertas de Chocolate con Leche al por mayor"},"content":{"rendered":"<div class=\"wp-block-columns is-layout-flex wp-container-core-columns-is-layout-9d6595d7 wp-block-columns-is-layout-flex\">\n<div class=\"wp-block-column is-layout-flow wp-block-column-is-layout-flow\">\n<h2 class=\"wp-block-heading\">Semillas de girasol recubiertas de chocolate con leche al por mayor de primera calidad Caracter\u00edsticas:<\/h2>\n\n\n\n<ul class=\"wp-block-list\">\n<li><strong>Delicadeza creativa: <\/strong>Estas pipas de girasol recubiertas de chocolate con leche al por mayor crean una combinaci\u00f3n perfecta del dulzor del chocolate con leche y el crujiente de las pipas de girasol. Se trata de un manjar muy singular y creativo apto para consumidores de todas las edades.<\/li>\n\n\n\n<li><strong>Rico en nutrientes: <\/strong>Deliciosas y sanas, estas semillas de girasol recubiertas de chocolate a granel est\u00e1n repletas de prote\u00ednas sanas y fibra diet\u00e9tica, satisfaciendo por completo la necesidad de energ\u00eda del cliente y, por lo tanto, son nutricionalmente correctas.<\/li>\n\n\n\n<li><strong>Personalizaci\u00f3n a medida: <\/strong>Ofrecemos servicios de personalizaci\u00f3n para la venta al por mayor de pipas de girasol cubiertas de chocolate con leche. Podemos ajustar el envase, los ingredientes o las especificaciones del producto en funci\u00f3n de las necesidades de los distintos clientes e idear un esquema personalizado.<\/li>\n\n\n\n<li><strong>Calidad a un precio asequible:<\/strong> Nuestras semillas de girasol recubiertas de chocolate a granel son de alta calidad y a un precio competitivo para satisfacer un margen de beneficio estable en su explotaci\u00f3n y mantenerle competitivo en el mercado.<\/li>\n<\/ul>\n<\/div>\n\n\n\n<div class=\"wp-block-column is-layout-flow wp-block-column-is-layout-flow\">\n<figure class=\"wp-block-image size-full\"><img fetchpriority=\"high\" decoding=\"async\" width=\"800\" height=\"800\" src=\"https:\/\/jxgchocolate.com\/wp-content\/uploads\/2024\/04\/multicolored-chocolate-covered-sunflower-seeds-bulk-4.webp\" alt=\"mayorista-semillas-de-girasol-cubiertas-de-leche y chocolate-granel-4\" class=\"wp-image-27328\" srcset=\"https:\/\/jxgchocolate.com\/wp-content\/uploads\/2024\/04\/multicolored-chocolate-covered-sunflower-seeds-bulk-4.webp 800w, https:\/\/jxgchocolate.com\/wp-content\/uploads\/2024\/04\/multicolored-chocolate-covered-sunflower-seeds-bulk-4-300x300.webp 300w, https:\/\/jxgchocolate.com\/wp-content\/uploads\/2024\/04\/multicolored-chocolate-covered-sunflower-seeds-bulk-4-150x150.webp 150w, https:\/\/jxgchocolate.com\/wp-content\/uploads\/2024\/04\/multicolored-chocolate-covered-sunflower-seeds-bulk-4-768x768.webp 768w, https:\/\/jxgchocolate.com\/wp-content\/uploads\/2024\/04\/multicolored-chocolate-covered-sunflower-seeds-bulk-4-430x430.webp 430w, https:\/\/jxgchocolate.com\/wp-content\/uploads\/2024\/04\/multicolored-chocolate-covered-sunflower-seeds-bulk-4-700x700.webp 700w\" sizes=\"(max-width: 800px) 100vw, 800px\" \/><\/figure>\n<\/div>\n<\/div>\n\n\n\n<p><\/p>","protected":false},"excerpt":{"rendered":"<p>Bienvenido a comprar semillas de girasol cubiertas de chocolate al por mayor. Nuestras semillas de girasol cubiertas de chocolate con leche al por mayor son deliciosas y saludables, aumentando la competitividad en su negocio con un precio competitivo, cumpliendo con altas exigencias de calidad y servicio de nutrici\u00f3n para los consumidores.<\/p>\n<table width=\"275\">\n<tbody>\n<tr>\n<td width=\"108\">Fabricante<\/td>\n<td width=\"167\">Fruta de la suerte<\/td>\n<\/tr>\n<tr>\n<td>N\u00ba DE MODELO<\/td>\n<td>JXG08<\/td>\n<\/tr>\n<tr>\n<td>Tipo<\/td>\n<td>Semillas de girasol Chocolate\u00a0<\/td>\n<\/tr>\n<tr>\n<td>Embalaje<\/td>\n<td>Embalaje en bolsas<\/td>\n<\/tr>\n<tr>\n<td>Especificaci\u00f3n<\/td>\n<td>20pcs*24bolsas<\/td>\n<\/tr>\n<tr>\n<td>Tama\u00f1o de la caja<\/td>\n<td>54*29*29 cm<\/td>\n<\/tr>\n<tr>\n<td>N.W \/SET<\/td>\n<td>15g*20pcs*24bolsas<\/td>\n<\/tr>\n<tr>\n<td>Color<\/td>\n<td>Blanco<\/td>\n<\/tr>\n<tr>\n<td>MOQ<\/td>\n<td>500 cajas<\/td>\n<\/tr>\n<tr>\n<td>Personalizaci\u00f3n<\/td>\n<td>Embalaje\/LOGO<\/td>\n<\/tr>\n<\/tbody>\n<\/table>","protected":false},"featured_media":28402,"comment_status":"closed","ping_status":"closed","template":"","meta":[],"product_cat":[72],"product_tag":[],"class_list":{"0":"post-27332","1":"product","2":"type-product","3":"status-publish","4":"has-post-thumbnail","6":"product_cat-wholesale-chocolate-covered-sunflower-seeds","8":"first","9":"instock","10":"shipping-taxable","11":"product-type-simple"},"_links":{"self":[{"href":"https:\/\/jxgchocolate.com\/es\/wp-json\/wp\/v2\/product\/27332","targetHints":{"allow":["GET"]}}],"collection":[{"href":"https:\/\/jxgchocolate.com\/es\/wp-json\/wp\/v2\/product"}],"about":[{"href":"https:\/\/jxgchocolate.com\/es\/wp-json\/wp\/v2\/types\/product"}],"replies":[{"embeddable":true,"href":"https:\/\/jxgchocolate.com\/es\/wp-json\/wp\/v2\/comments?post=27332"}],"version-history":[{"count":0,"href":"https:\/\/jxgchocolate.com\/es\/wp-json\/wp\/v2\/product\/27332\/revisions"}],"wp:featuredmedia":[{"embeddable":true,"href":"https:\/\/jxgchocolate.com\/es\/wp-json\/wp\/v2\/media\/28402"}],"wp:attachment":[{"href":"https:\/\/jxgchocolate.com\/es\/wp-json\/wp\/v2\/media?parent=27332"}],"wp:term":[{"taxonomy":"product_cat","embeddable":true,"href":"https:\/\/jxgchocolate.com\/es\/wp-json\/wp\/v2\/product_cat?post=27332"},{"taxonomy":"product_tag","embeddable":true,"href":"https:\/\/jxgchocolate.com\/es\/wp-json\/wp\/v2\/product_tag?post=27332"}],"curies":[{"name":"wp","href":"https:\/\/api.w.org\/{rel}","templated":true}]}}