{"id":27346,"date":"2024-04-27T07:12:57","date_gmt":"2024-04-27T07:12:57","guid":{"rendered":"https:\/\/jxgchocolate.com\/?post_type=product&#038;p=27346"},"modified":"2024-11-02T08:15:17","modified_gmt":"2024-11-02T08:15:17","slug":"dark-chocolate-covered-sunflower-seeds-bulk","status":"publish","type":"product","link":"https:\/\/jxgchocolate.com\/es\/producto\/dark-chocolate-covered-sunflower-seeds-bulk\/","title":{"rendered":"Semillas de girasol recubiertas de chocolate negro a granel"},"content":{"rendered":"<div class=\"wp-block-columns is-layout-flex wp-container-core-columns-is-layout-9d6595d7 wp-block-columns-is-layout-flex\">\n<div class=\"wp-block-column is-layout-flow wp-block-column-is-layout-flow\">\n<h2 class=\"wp-block-heading\">Semillas de Girasol Premium Cubiertas de Chocolate Negro a Granel Caracter\u00edsticas:<\/h2>\n\n\n\n<ul class=\"wp-block-list\">\n<li><strong>Sabrosa cobertura de chocolate negro: <\/strong>Nuestras semillas de girasol cubiertas de chocolate a granel en paquetes personalizados tienen un sabor profundo y rico con un grano de girasol crujiente, que lo embriagar\u00eda a uno.<\/li>\n\n\n\n<li><strong>Salud y nutrici\u00f3n:<\/strong> Estas semillas de girasol cubiertas de chocolate a granel son ricos en antioxidantes, mientras que las semillas de girasol Estos ayudar\u00e1n no s\u00f3lo en la satisfacci\u00f3n de las deliciosas necesidades de comer bocadillos, sino tambi\u00e9n ayudar en los suplementos de nutrici\u00f3n saludable.<\/li>\n\n\n\n<li><strong>Envasado al por mayor:<\/strong> Proporcionamos envases al por mayor de gran capacidad para semillas de girasol recubiertas de chocolate negro a granel para minoristas, supermercados y otras categor\u00edas comerciales con el fin de satisfacer la demanda de compras al por mayor y una garant\u00eda para el negocio.<\/li>\n\n\n\n<li><strong>Garant\u00eda de frescura: <\/strong>Garantizamos la frescura de nuestras pipas de girasol recubiertas de chocolate a granel, utilizando m\u00e9todos de envasado y almacenamiento de calidad que garantizan la constancia de su sabor y calidad.<\/li>\n<\/ul>\n<\/div>\n\n\n\n<div class=\"wp-block-column is-layout-flow wp-block-column-is-layout-flow\">\n<figure class=\"wp-block-image size-full\"><img fetchpriority=\"high\" decoding=\"async\" width=\"750\" height=\"750\" src=\"https:\/\/jxgchocolate.com\/wp-content\/uploads\/2024\/04\/dark-chocolate-covered-sunflower-seeds-bulk-2.webp\" alt=\"semillas de girasol recubiertas de chocolate negro-granel-2\" class=\"wp-image-27348\" srcset=\"https:\/\/jxgchocolate.com\/wp-content\/uploads\/2024\/04\/dark-chocolate-covered-sunflower-seeds-bulk-2.webp 750w, https:\/\/jxgchocolate.com\/wp-content\/uploads\/2024\/04\/dark-chocolate-covered-sunflower-seeds-bulk-2-300x300.webp 300w, https:\/\/jxgchocolate.com\/wp-content\/uploads\/2024\/04\/dark-chocolate-covered-sunflower-seeds-bulk-2-150x150.webp 150w, https:\/\/jxgchocolate.com\/wp-content\/uploads\/2024\/04\/dark-chocolate-covered-sunflower-seeds-bulk-2-430x430.webp 430w, https:\/\/jxgchocolate.com\/wp-content\/uploads\/2024\/04\/dark-chocolate-covered-sunflower-seeds-bulk-2-700x700.webp 700w\" sizes=\"(max-width: 750px) 100vw, 750px\" \/><\/figure>\n<\/div>\n<\/div>","protected":false},"excerpt":{"rendered":"<p>Bienvenido a comprar semillas de girasol cubiertas de chocolate a granel. Estas deliciosas semillas de girasol recubiertas de chocolate negro a granel satisfacen la b\u00fasqueda de un sabor delicioso entre los consumidores y de suplementos nutricionales saludables. Con disponibilidad al por mayor, usos vers\u00e1tiles y precios asequibles, este producto es ideal para diversas situaciones comerciales y minoristas.<\/p>\n<table width=\"275\">\n<tbody>\n<tr>\n<td width=\"108\">Fabricante<\/td>\n<td width=\"167\">Fruta de la suerte<\/td>\n<\/tr>\n<tr>\n<td>N\u00ba DE MODELO<\/td>\n<td>JXG09<\/td>\n<\/tr>\n<tr>\n<td>Tipo<\/td>\n<td>Semillas de girasol Chocolate\u00a0<\/td>\n<\/tr>\n<tr>\n<td>Embalaje<\/td>\n<td>Embalaje en bolsas<\/td>\n<\/tr>\n<tr>\n<td>Especificaci\u00f3n<\/td>\n<td>20pcs*24bolsas<\/td>\n<\/tr>\n<tr>\n<td>Tama\u00f1o de la caja<\/td>\n<td>54*29*29 cm<\/td>\n<\/tr>\n<tr>\n<td>N.W \/SET<\/td>\n<td>15g*20pcs*24bolsas<\/td>\n<\/tr>\n<tr>\n<td>Color<\/td>\n<td>Oscuro<\/td>\n<\/tr>\n<tr>\n<td>MOQ<\/td>\n<td>500 cajas<\/td>\n<\/tr>\n<tr>\n<td>Personalizaci\u00f3n<\/td>\n<td>Embalaje\/LOGO<\/td>\n<\/tr>\n<\/tbody>\n<\/table>\n<p>&nbsp;<\/p>","protected":false},"featured_media":28400,"comment_status":"closed","ping_status":"closed","template":"","meta":[],"product_cat":[72],"product_tag":[],"class_list":{"0":"post-27346","1":"product","2":"type-product","3":"status-publish","4":"has-post-thumbnail","6":"product_cat-wholesale-chocolate-covered-sunflower-seeds","8":"first","9":"instock","10":"shipping-taxable","11":"product-type-simple"},"_links":{"self":[{"href":"https:\/\/jxgchocolate.com\/es\/wp-json\/wp\/v2\/product\/27346","targetHints":{"allow":["GET"]}}],"collection":[{"href":"https:\/\/jxgchocolate.com\/es\/wp-json\/wp\/v2\/product"}],"about":[{"href":"https:\/\/jxgchocolate.com\/es\/wp-json\/wp\/v2\/types\/product"}],"replies":[{"embeddable":true,"href":"https:\/\/jxgchocolate.com\/es\/wp-json\/wp\/v2\/comments?post=27346"}],"version-history":[{"count":0,"href":"https:\/\/jxgchocolate.com\/es\/wp-json\/wp\/v2\/product\/27346\/revisions"}],"wp:featuredmedia":[{"embeddable":true,"href":"https:\/\/jxgchocolate.com\/es\/wp-json\/wp\/v2\/media\/28400"}],"wp:attachment":[{"href":"https:\/\/jxgchocolate.com\/es\/wp-json\/wp\/v2\/media?parent=27346"}],"wp:term":[{"taxonomy":"product_cat","embeddable":true,"href":"https:\/\/jxgchocolate.com\/es\/wp-json\/wp\/v2\/product_cat?post=27346"},{"taxonomy":"product_tag","embeddable":true,"href":"https:\/\/jxgchocolate.com\/es\/wp-json\/wp\/v2\/product_tag?post=27346"}],"curies":[{"name":"wp","href":"https:\/\/api.w.org\/{rel}","templated":true}]}}