{"id":27354,"date":"2024-04-27T07:27:05","date_gmt":"2024-04-27T07:27:05","guid":{"rendered":"https:\/\/jxgchocolate.com\/?post_type=product&#038;p=27354"},"modified":"2024-11-02T08:25:52","modified_gmt":"2024-11-02T08:25:52","slug":"matcha-chocolate-sunflower-seeds-bulk","status":"publish","type":"product","link":"https:\/\/jxgchocolate.com\/es\/producto\/matcha-chocolate-sunflower-seeds-bulk\/","title":{"rendered":"Deliciosas Semillas de Girasol de Chocolate Matcha a Granel de F\u00e1brica"},"content":{"rendered":"<div class=\"wp-block-columns is-layout-flex wp-container-core-columns-is-layout-9d6595d7 wp-block-columns-is-layout-flex\">\n<div class=\"wp-block-column is-layout-flow wp-block-column-is-layout-flow\">\n<h2 class=\"wp-block-heading\">Semillas de Girasol de Chocolate Matcha Premium a Granel Caracter\u00edsticas:<\/h2>\n\n\n\n<ul class=\"wp-block-list\">\n<li><strong>Experiencia de sabor \u00fanica: <\/strong>El chocolate matcha con semillas de girasol a granel es delicioso y saludable, y le proporcionar\u00e1 una experiencia de sabor diferente que nunca olvidar\u00e1.<\/li>\n\n\n\n<li><strong>Alta calidad: <\/strong>Utilizamos materia prima de alta calidad, y su proceso de producci\u00f3n es bastante estricto para que estas semillas de girasol con chocolate a granel mantengan un sabor y una calidad constantes.<\/li>\n\n\n\n<li><strong>Ingredientes sanos y nutritivos: <\/strong>El matcha es rico en antioxidantes y amino\u00e1cidos, mientras que las pipas de girasol est\u00e1n repletas de prote\u00ednas y fibra, adem\u00e1s de una gran variedad de vitaminas. Teniendo en cuenta este hecho, nuestro producto a granel de semillas de girasol con chocolate matcha satisfar\u00e1 el antojo de deliciosos aperitivos y saludables suplementos nutricionales.<\/li>\n\n\n\n<li><strong>Suministro de toda la venta: <\/strong>Vendemos al por mayor una enorme cantidad de envases que pueden ser adecuados para minoristas, supermercados y cualquier otro cliente comercial. Nuestras semillas de girasol de chocolate a granel satisfacen la demanda en la compra a granel y apoyan el proceso comercial en consecuencia.<\/li>\n<\/ul>\n<\/div>\n\n\n\n<div class=\"wp-block-column is-layout-flow wp-block-column-is-layout-flow\">\n<figure class=\"wp-block-image size-full\"><img fetchpriority=\"high\" decoding=\"async\" width=\"750\" height=\"750\" src=\"https:\/\/jxgchocolate.com\/wp-content\/uploads\/2024\/04\/matcha-chocolate-covered-sunflower-seeds-bulk-2.webp\" alt=\"matcha-chocolate-cubierto-sunflower-seeds-bulk-2\" class=\"wp-image-27356\" srcset=\"https:\/\/jxgchocolate.com\/wp-content\/uploads\/2024\/04\/matcha-chocolate-covered-sunflower-seeds-bulk-2.webp 750w, https:\/\/jxgchocolate.com\/wp-content\/uploads\/2024\/04\/matcha-chocolate-covered-sunflower-seeds-bulk-2-300x300.webp 300w, https:\/\/jxgchocolate.com\/wp-content\/uploads\/2024\/04\/matcha-chocolate-covered-sunflower-seeds-bulk-2-150x150.webp 150w, https:\/\/jxgchocolate.com\/wp-content\/uploads\/2024\/04\/matcha-chocolate-covered-sunflower-seeds-bulk-2-430x430.webp 430w, https:\/\/jxgchocolate.com\/wp-content\/uploads\/2024\/04\/matcha-chocolate-covered-sunflower-seeds-bulk-2-700x700.webp 700w\" sizes=\"(max-width: 750px) 100vw, 750px\" \/><\/figure>\n<\/div>\n<\/div>","protected":false},"excerpt":{"rendered":"<p>Bienvenido a comprar semillas de girasol de chocolate a granel. Nuestras semillas de girasol de chocolate matcha a granel ofrece una experiencia de sabor \u00fanico que es inolvidable, y muy bien recibido por los clientes, es conveniente para los minoristas, supermercados y otros clientes comerciales.<\/p>\n<table width=\"275\">\n<tbody>\n<tr>\n<td width=\"108\">Fabricante<\/td>\n<td width=\"167\">Fruta de la suerte<\/td>\n<\/tr>\n<tr>\n<td>N\u00ba DE MODELO<\/td>\n<td>JXG10<\/td>\n<\/tr>\n<tr>\n<td>Tipo<\/td>\n<td>Semillas de girasol Chocolate\u00a0<\/td>\n<\/tr>\n<tr>\n<td>Embalaje<\/td>\n<td>Embalaje en bolsas<\/td>\n<\/tr>\n<tr>\n<td>Especificaci\u00f3n<\/td>\n<td>20pcs*24bolsas<\/td>\n<\/tr>\n<tr>\n<td>Tama\u00f1o de la caja<\/td>\n<td>54*29*29 cm<\/td>\n<\/tr>\n<tr>\n<td>N.W \/SET<\/td>\n<td>15g*20pcs*24bolsas<\/td>\n<\/tr>\n<tr>\n<td>Color<\/td>\n<td>Matcha Verde<\/td>\n<\/tr>\n<tr>\n<td>MOQ<\/td>\n<td>500 cajas<\/td>\n<\/tr>\n<tr>\n<td>Personalizaci\u00f3n<\/td>\n<td>Embalaje\/LOGO<\/td>\n<\/tr>\n<\/tbody>\n<\/table>","protected":false},"featured_media":28401,"comment_status":"closed","ping_status":"closed","template":"","meta":[],"product_cat":[72],"product_tag":[],"class_list":{"0":"post-27354","1":"product","2":"type-product","3":"status-publish","4":"has-post-thumbnail","6":"product_cat-wholesale-chocolate-covered-sunflower-seeds","8":"first","9":"instock","10":"shipping-taxable","11":"product-type-simple"},"_links":{"self":[{"href":"https:\/\/jxgchocolate.com\/es\/wp-json\/wp\/v2\/product\/27354","targetHints":{"allow":["GET"]}}],"collection":[{"href":"https:\/\/jxgchocolate.com\/es\/wp-json\/wp\/v2\/product"}],"about":[{"href":"https:\/\/jxgchocolate.com\/es\/wp-json\/wp\/v2\/types\/product"}],"replies":[{"embeddable":true,"href":"https:\/\/jxgchocolate.com\/es\/wp-json\/wp\/v2\/comments?post=27354"}],"version-history":[{"count":3,"href":"https:\/\/jxgchocolate.com\/es\/wp-json\/wp\/v2\/product\/27354\/revisions"}],"predecessor-version":[{"id":29008,"href":"https:\/\/jxgchocolate.com\/es\/wp-json\/wp\/v2\/product\/27354\/revisions\/29008"}],"wp:featuredmedia":[{"embeddable":true,"href":"https:\/\/jxgchocolate.com\/es\/wp-json\/wp\/v2\/media\/28401"}],"wp:attachment":[{"href":"https:\/\/jxgchocolate.com\/es\/wp-json\/wp\/v2\/media?parent=27354"}],"wp:term":[{"taxonomy":"product_cat","embeddable":true,"href":"https:\/\/jxgchocolate.com\/es\/wp-json\/wp\/v2\/product_cat?post=27354"},{"taxonomy":"product_tag","embeddable":true,"href":"https:\/\/jxgchocolate.com\/es\/wp-json\/wp\/v2\/product_tag?post=27354"}],"curies":[{"name":"wp","href":"https:\/\/api.w.org\/{rel}","templated":true}]}}