{"id":27362,"date":"2024-04-27T07:49:00","date_gmt":"2024-04-27T07:49:00","guid":{"rendered":"https:\/\/jxgchocolate.com\/?post_type=product&#038;p=27362"},"modified":"2024-11-09T08:44:44","modified_gmt":"2024-11-09T08:44:44","slug":"bulk-chocolate-covered-peanuts","status":"publish","type":"product","link":"https:\/\/jxgchocolate.com\/es\/producto\/bulk-chocolate-covered-peanuts\/","title":{"rendered":"Deliciosos Cacahuetes Cubiertos de Chocolate a Granel con Costra de Glaseado Blanco"},"content":{"rendered":"<div class=\"wp-block-columns is-layout-flex wp-container-core-columns-is-layout-9d6595d7 wp-block-columns-is-layout-flex\">\n<div class=\"wp-block-column is-layout-flow wp-block-column-is-layout-flow\">\n<h2 class=\"wp-block-heading\">Cacahuetes recubiertos de chocolate a granel de primera calidad Caracter\u00edsticas:<\/h2>\n\n\n\n<ul class=\"wp-block-list\">\n<li><strong>Glaseado blanco \u00fanico: <\/strong>Los cacahuetes seleccionados se cubren con rico chocolate y, a continuaci\u00f3n, se congelan con una fina capa de glaseado blanco para formar un bonito contraste, lo que hace que nuestros cacahuetes cubiertos de chocolate a granel tengan un aspecto m\u00e1s atractivo. El sabor dulce adicional aporta un doble disfrute tanto a la vista como al gusto.<\/li>\n\n\n\n<li><strong>Mezcla perfecta de finos ingredientes:<\/strong> Nuestros cacahuetes de chocolate al por mayor se elaboran con chocolate de alta calidad y cacahuetes frescos. La suavidad del chocolate equilibra a la perfecci\u00f3n el crujido de los cacahuetes, mientras que un toque de la capa de glaseado le a\u00f1ade un suave dulzor. Sentir\u00e1 la delicia de varias capas en cada bocado.<\/li>\n\n\n\n<li><strong>Satisfacer las distintas demandas del mercado: <\/strong>Nuestros cacahuetes recubiertos de chocolate a granel se pueden pedir en grandes cantidades, lo que resulta muy adecuado para minoristas, empresas de catering y proveedores de regalos, ya se trate de venta al por menor en supermercados, aperitivos para despu\u00e9s de la cena en tiendas de catering o incluso cajas de regalo para las fiestas, este cacahuete recubierto de chocolate puede a\u00f1adir atractivo y valor adicional al inventario.<\/li>\n\n\n\n<li><strong>Aumentar el valor a\u00f1adido de la marca: <\/strong>Podemos ofrecer varias soluciones de envasado para los cacahuetes de chocolate al por mayor, incluidos los envases a granel, los peque\u00f1os envases individuales y las cajas de regalo, con el fin de satisfacer los diversos requisitos de los distintos mercados y los diferentes posicionamientos de marca. Adem\u00e1s, podemos personalizar el dise\u00f1o del envase para que su producto sea m\u00e1s identificable en el mercado.<\/li>\n<\/ul>\n<\/div>\n\n\n\n<div class=\"wp-block-column is-layout-flow wp-block-column-is-layout-flow\">\n<figure class=\"wp-block-image size-full\"><img fetchpriority=\"high\" decoding=\"async\" width=\"1200\" height=\"1200\" src=\"https:\/\/jxgchocolate.com\/wp-content\/uploads\/2024\/04\/bulk-chocolate-covered-peanuts-2.webp\" alt=\"cacahuetes recubiertos de chocolate a granel-2\" class=\"wp-image-27364\" srcset=\"https:\/\/jxgchocolate.com\/wp-content\/uploads\/2024\/04\/bulk-chocolate-covered-peanuts-2.webp 1200w, https:\/\/jxgchocolate.com\/wp-content\/uploads\/2024\/04\/bulk-chocolate-covered-peanuts-2-300x300.webp 300w, https:\/\/jxgchocolate.com\/wp-content\/uploads\/2024\/04\/bulk-chocolate-covered-peanuts-2-150x150.webp 150w, https:\/\/jxgchocolate.com\/wp-content\/uploads\/2024\/04\/bulk-chocolate-covered-peanuts-2-768x768.webp 768w, https:\/\/jxgchocolate.com\/wp-content\/uploads\/2024\/04\/bulk-chocolate-covered-peanuts-2-430x430.webp 430w, https:\/\/jxgchocolate.com\/wp-content\/uploads\/2024\/04\/bulk-chocolate-covered-peanuts-2-700x700.webp 700w\" sizes=\"(max-width: 1200px) 100vw, 1200px\" \/><\/figure>\n<\/div>\n<\/div>","protected":false},"excerpt":{"rendered":"<p>Compre cacahuetes con chocolate al por mayor de f\u00e1brica. Nuestros cacahuetes recubiertos de chocolate a granel combinan a la perfecci\u00f3n cacahuetes crujientes, rico chocolate y glaseado blanco en algo que ofrece una experiencia dulce \u00fanica. Admitiendo la compra al por mayor y el paquete personalizado, es ideal para mercados minoristas, de catering y de regalos.<\/p>\n<table style=\"border-collapse: collapse; width: 275.02pt;\" border=\"0\" width=\"275\" cellspacing=\"0\" cellpadding=\"0\">\n<tbody>\n<tr style=\"height: 17.60pt;\">\n<td class=\"et3\" style=\"height: 17.60pt; width: 108.35pt;\" width=\"108\" height=\"17\">Fabricante<\/td>\n<td class=\"et3\" style=\"width: 167.10pt;\" width=\"167\">Fruta de la suerte<\/td>\n<\/tr>\n<tr style=\"height: 17.60pt;\">\n<td class=\"et3\" style=\"height: 17.60pt;\" height=\"17\">N\u00ba DE MODELO<\/td>\n<td class=\"et3\">JXG01<\/td>\n<\/tr>\n<tr style=\"height: 17.60pt;\">\n<td class=\"et3\" style=\"height: 17.60pt;\" height=\"17\">Tipo<\/td>\n<td class=\"et3\">Cacahuetes con chocolate<\/td>\n<\/tr>\n<tr style=\"height: 17.60pt;\">\n<td class=\"et3\" style=\"height: 17.60pt;\" height=\"17\">Embalaje<\/td>\n<td class=\"et3\">Embalaje en caja<\/td>\n<\/tr>\n<tr style=\"height: 17.60pt;\">\n<td class=\"et3\" style=\"height: 17.60pt;\" height=\"17\">Especificaci\u00f3n<\/td>\n<td class=\"et3\">20 bolsas*12 cajas<\/td>\n<\/tr>\n<tr style=\"height: 17.60pt;\">\n<td class=\"et3\" style=\"height: 17.60pt;\" height=\"17\">Tama\u00f1o de la caja<\/td>\n<td class=\"et3\">50*30*32 cm<\/td>\n<\/tr>\n<tr style=\"height: 17.60pt;\">\n<td class=\"et3\" style=\"height: 17.60pt;\" height=\"17\">N.W \/SET<\/td>\n<td class=\"et3\">11 g\/unidad<\/td>\n<\/tr>\n<tr style=\"height: 17.60pt;\">\n<td class=\"et3\" style=\"height: 17.60pt;\" height=\"17\">Color<\/td>\n<td class=\"et3\">Multicolor<\/td>\n<\/tr>\n<tr style=\"height: 17.60pt;\">\n<td class=\"et3\" style=\"height: 17.60pt;\" height=\"17\">MOQ<\/td>\n<td class=\"et3\">500 cajas<\/td>\n<\/tr>\n<tr style=\"height: 17.60pt;\">\n<td class=\"et3\" style=\"height: 17.60pt;\" height=\"17\">Personalizaci\u00f3n<\/td>\n<td class=\"et3\">Embalaje\/LOGO<\/td>\n<\/tr>\n<\/tbody>\n<\/table>","protected":false},"featured_media":28410,"comment_status":"closed","ping_status":"closed","template":"","meta":[],"product_cat":[73],"product_tag":[],"class_list":{"0":"post-27362","1":"product","2":"type-product","3":"status-publish","4":"has-post-thumbnail","6":"product_cat-wholesale-chocolate-covered-peanuts","8":"first","9":"instock","10":"shipping-taxable","11":"product-type-simple"},"_links":{"self":[{"href":"https:\/\/jxgchocolate.com\/es\/wp-json\/wp\/v2\/product\/27362","targetHints":{"allow":["GET"]}}],"collection":[{"href":"https:\/\/jxgchocolate.com\/es\/wp-json\/wp\/v2\/product"}],"about":[{"href":"https:\/\/jxgchocolate.com\/es\/wp-json\/wp\/v2\/types\/product"}],"replies":[{"embeddable":true,"href":"https:\/\/jxgchocolate.com\/es\/wp-json\/wp\/v2\/comments?post=27362"}],"version-history":[{"count":3,"href":"https:\/\/jxgchocolate.com\/es\/wp-json\/wp\/v2\/product\/27362\/revisions"}],"predecessor-version":[{"id":29084,"href":"https:\/\/jxgchocolate.com\/es\/wp-json\/wp\/v2\/product\/27362\/revisions\/29084"}],"wp:featuredmedia":[{"embeddable":true,"href":"https:\/\/jxgchocolate.com\/es\/wp-json\/wp\/v2\/media\/28410"}],"wp:attachment":[{"href":"https:\/\/jxgchocolate.com\/es\/wp-json\/wp\/v2\/media?parent=27362"}],"wp:term":[{"taxonomy":"product_cat","embeddable":true,"href":"https:\/\/jxgchocolate.com\/es\/wp-json\/wp\/v2\/product_cat?post=27362"},{"taxonomy":"product_tag","embeddable":true,"href":"https:\/\/jxgchocolate.com\/es\/wp-json\/wp\/v2\/product_tag?post=27362"}],"curies":[{"name":"wp","href":"https:\/\/api.w.org\/{rel}","templated":true}]}}