{"id":27382,"date":"2024-04-27T08:37:42","date_gmt":"2024-04-27T08:37:42","guid":{"rendered":"https:\/\/jxgchocolate.com\/?post_type=product&#038;p=27382"},"modified":"2025-03-08T02:30:51","modified_gmt":"2025-03-08T02:30:51","slug":"bulk-dark-chocolate-covered-peanuts","status":"publish","type":"product","link":"https:\/\/jxgchocolate.com\/es\/producto\/bulk-dark-chocolate-covered-peanuts\/","title":{"rendered":"Sabrosos cacahuetes recubiertos de chocolate negro a granel a un precio inmejorable"},"content":{"rendered":"<div class=\"wp-block-columns is-layout-flex wp-container-core-columns-is-layout-9d6595d7 wp-block-columns-is-layout-flex\">\n<div class=\"wp-block-column is-layout-flow wp-block-column-is-layout-flow\">\n<h2 class=\"wp-block-heading\">Cacahuetes recubiertos de chocolate negro a granel de primera calidad Caracter\u00edsticas:<\/h2>\n\n\n\n<ul class=\"wp-block-list\">\n<li><strong>Una mezcla perfecta de chocolate y cacahuetes:<\/strong> Los cacahuetes frescos y crujientes se cubren con salsa de chocolate negro de primera calidad. El rico aroma a chocolate armoniza con el aroma natural de los cacahuetes. Nuestro cacahuete cubierto de chocolate negro al por mayor mantiene la rica y no dulce experiencia deliciosa.<\/li>\n\n\n\n<li><strong>Aperitivos saludables:<\/strong> El chocolate negro tiene un alto contenido en antioxidantes y, junto con los cacahuetes ricos en prote\u00ednas, constituye uno de los tentempi\u00e9s m\u00e1s sabrosos y saludables. Nuestros cacahuetes de chocolate a granel pueden consumirse en cualquier momento y en cualquier lugar para satisfacer las necesidades de los tentempi\u00e9s diarios.<\/li>\n\n\n\n<li><strong>Suministro a granel para disfrutar en diferentes ocasiones:<\/strong> Nuestro cacahuete recubierto de chocolate negro al por mayor admite pedidos al por mayor, especialmente para aquellos minoristas, organizadores de eventos y proveedores de regalos. Ya sea como tentempi\u00e9 en el supermercado o para bienestar corporativo o regalos, puede satisfacer f\u00e1cilmente las necesidades de grandes cantidades.<\/li>\n\n\n\n<li><strong>Varios tipos de envases para adaptarse a las necesidades de la marca y el mercado:<\/strong> Ofrecemos distintas formas de envasado para cacahuetes de chocolate a granel. Se pueden personalizar de forma flexible seg\u00fan las necesidades del cliente. Pueden utilizarse para envases de venta al por menor, ventas a granel o en peque\u00f1os envases que pueden destacar su marca en el mercado.<\/li>\n<\/ul>\n<\/div>\n\n\n\n<div class=\"wp-block-column is-layout-flow wp-block-column-is-layout-flow\">\n<figure class=\"wp-block-image size-full\"><img fetchpriority=\"high\" decoding=\"async\" width=\"4480\" height=\"4480\" src=\"https:\/\/jxgchocolate.com\/wp-content\/uploads\/2024\/04\/bulk-chocolate-covered-peanuts-wholesale-chocolate-peanuts-3-edited.webp\" alt=\"cacahuetes de chocolate negro al por mayor\" class=\"wp-image-27389\" srcset=\"https:\/\/jxgchocolate.com\/wp-content\/uploads\/2024\/04\/bulk-chocolate-covered-peanuts-wholesale-chocolate-peanuts-3-edited.webp 4480w, https:\/\/jxgchocolate.com\/wp-content\/uploads\/2024\/04\/bulk-chocolate-covered-peanuts-wholesale-chocolate-peanuts-3-edited-300x300.webp 300w, https:\/\/jxgchocolate.com\/wp-content\/uploads\/2024\/04\/bulk-chocolate-covered-peanuts-wholesale-chocolate-peanuts-3-edited-150x150.webp 150w, https:\/\/jxgchocolate.com\/wp-content\/uploads\/2024\/04\/bulk-chocolate-covered-peanuts-wholesale-chocolate-peanuts-3-edited-768x768.webp 768w, https:\/\/jxgchocolate.com\/wp-content\/uploads\/2024\/04\/bulk-chocolate-covered-peanuts-wholesale-chocolate-peanuts-3-edited-430x430.webp 430w, https:\/\/jxgchocolate.com\/wp-content\/uploads\/2024\/04\/bulk-chocolate-covered-peanuts-wholesale-chocolate-peanuts-3-edited-700x700.webp 700w\" sizes=\"(max-width: 4480px) 100vw, 4480px\" \/><\/figure>\n<\/div>\n<\/div>\n\n\n\n<p><\/p>","protected":false},"excerpt":{"rendered":"<p>Compre cacahuetes con chocolate a granel de f\u00e1brica. Nuestros cacahuetes cubiertos de chocolate negro a granel se funden perfectamente rico chocolate negro y cacahuetes crujientes, proporcionando una doble experiencia de buena salud y satisfacci\u00f3n. Es compatible con la compra al por mayor y varios envases, que es muy adecuado para el consumo diario, personalizaci\u00f3n personalizada en regalos y eventos de negocios.<\/p>\n<table style=\"border-collapse: collapse; width: 275.02pt;\" border=\"0\" width=\"275\" cellspacing=\"0\" cellpadding=\"0\">\n<tbody>\n<tr style=\"height: 17.60pt;\">\n<td class=\"et3\" style=\"height: 17.60pt; width: 108.35pt;\" width=\"108\" height=\"17\">Fabricante<\/td>\n<td class=\"et3\" style=\"width: 167.10pt;\" width=\"167\">Fruta de la suerte<\/td>\n<\/tr>\n<tr style=\"height: 17.60pt;\">\n<td class=\"et3\" style=\"height: 17.60pt;\" height=\"17\">N\u00ba DE MODELO<\/td>\n<td class=\"et3\">JXG03<\/td>\n<\/tr>\n<tr style=\"height: 17.60pt;\">\n<td class=\"et3\" style=\"height: 17.60pt;\" height=\"17\">Tipo<\/td>\n<td class=\"et3\">Cacahuetes con chocolate<\/td>\n<\/tr>\n<tr style=\"height: 17.60pt;\">\n<td class=\"et3\" style=\"height: 17.60pt;\" height=\"17\">Embalaje<\/td>\n<td class=\"et3\">Embalaje en caja<\/td>\n<\/tr>\n<tr style=\"height: 17.60pt;\">\n<td class=\"et3\" style=\"height: 17.60pt;\" height=\"17\">Especificaci\u00f3n<\/td>\n<td class=\"et3\">12bolsas*24cajas<\/td>\n<\/tr>\n<tr style=\"height: 17.60pt;\">\n<td class=\"et3\" style=\"height: 17.60pt;\" height=\"17\">Tama\u00f1o de la caja<\/td>\n<td class=\"et3\">58,5*33*33 cm<\/td>\n<\/tr>\n<tr style=\"height: 17.60pt;\">\n<td class=\"et3\" style=\"height: 17.60pt;\" height=\"17\">N.W \/SET<\/td>\n<td class=\"et3\">21g*12bolsas*24cajas<\/td>\n<\/tr>\n<tr style=\"height: 17.60pt;\">\n<td class=\"et3\" style=\"height: 17.60pt;\" height=\"17\">Color<\/td>\n<td class=\"et3\">Oscuro<\/td>\n<\/tr>\n<tr style=\"height: 17.60pt;\">\n<td class=\"et3\" style=\"height: 17.60pt;\" height=\"17\">MOQ<\/td>\n<td class=\"et3\">500 cajas<\/td>\n<\/tr>\n<tr style=\"height: 17.60pt;\">\n<td class=\"et3\" style=\"height: 17.60pt;\" height=\"17\">Personalizaci\u00f3n<\/td>\n<td class=\"et3\">Embalaje\/LOGO<\/td>\n<\/tr>\n<\/tbody>\n<\/table>","protected":false},"featured_media":28381,"comment_status":"closed","ping_status":"closed","template":"","meta":[],"product_cat":[73],"product_tag":[],"class_list":{"0":"post-27382","1":"product","2":"type-product","3":"status-publish","4":"has-post-thumbnail","6":"product_cat-wholesale-chocolate-covered-peanuts","8":"first","9":"instock","10":"shipping-taxable","11":"product-type-simple"},"_links":{"self":[{"href":"https:\/\/jxgchocolate.com\/es\/wp-json\/wp\/v2\/product\/27382","targetHints":{"allow":["GET"]}}],"collection":[{"href":"https:\/\/jxgchocolate.com\/es\/wp-json\/wp\/v2\/product"}],"about":[{"href":"https:\/\/jxgchocolate.com\/es\/wp-json\/wp\/v2\/types\/product"}],"replies":[{"embeddable":true,"href":"https:\/\/jxgchocolate.com\/es\/wp-json\/wp\/v2\/comments?post=27382"}],"version-history":[{"count":0,"href":"https:\/\/jxgchocolate.com\/es\/wp-json\/wp\/v2\/product\/27382\/revisions"}],"wp:featuredmedia":[{"embeddable":true,"href":"https:\/\/jxgchocolate.com\/es\/wp-json\/wp\/v2\/media\/28381"}],"wp:attachment":[{"href":"https:\/\/jxgchocolate.com\/es\/wp-json\/wp\/v2\/media?parent=27382"}],"wp:term":[{"taxonomy":"product_cat","embeddable":true,"href":"https:\/\/jxgchocolate.com\/es\/wp-json\/wp\/v2\/product_cat?post=27382"},{"taxonomy":"product_tag","embeddable":true,"href":"https:\/\/jxgchocolate.com\/es\/wp-json\/wp\/v2\/product_tag?post=27382"}],"curies":[{"name":"wp","href":"https:\/\/api.w.org\/{rel}","templated":true}]}}