{"id":27393,"date":"2024-04-27T08:54:30","date_gmt":"2024-04-27T08:54:30","guid":{"rendered":"https:\/\/jxgchocolate.com\/?post_type=product&#038;p=27393"},"modified":"2024-06-28T03:15:00","modified_gmt":"2024-06-28T03:15:00","slug":"wholesale-crispy-chocolate-balls","status":"publish","type":"product","link":"https:\/\/jxgchocolate.com\/es\/producto\/wholesale-crispy-chocolate-balls\/","title":{"rendered":"Venta al por mayor de bolas de chocolate crujientes multicolores"},"content":{"rendered":"<div class=\"wp-block-columns is-layout-flex wp-container-core-columns-is-layout-9d6595d7 wp-block-columns-is-layout-flex\">\n<div class=\"wp-block-column is-vertically-aligned-center is-layout-flow wp-block-column-is-layout-flow\">\n<h3 class=\"wp-block-heading\">Bolas de chocolate crujientes al por mayor de primera calidad Caracter\u00edsticas:<\/h3>\n\n\n\n<ol class=\"wp-block-list\">\n<li>Crujido irresistible: Del\u00e9itese con el satisfactorio crujido de nuestras bolitas de chocolate crujiente al por mayor, que ofrecen una deliciosa textura que mejora la experiencia del tentempi\u00e9.<\/li>\n\n\n\n<li>Aspecto Multicolor Vibrante: Nuestras bolas de chocolate al por mayor vienen en una variedad de colores vibrantes, haci\u00e9ndolas visualmente atractivas y perfectas para a\u00f1adir un estallido de color a cualquier exhibici\u00f3n o evento.<\/li>\n\n\n\n<li>Uso vers\u00e1til: Tanto si se disfrutan como aperitivo independiente, se a\u00f1aden a postres o se utilizan como cobertura para helados y yogures, nuestras bolas de chocolate crujiente al por mayor ofrecen versatilidad de uso.<\/li>\n\n\n\n<li>C\u00f3modo envasado al por mayor: Nuestras opciones de envasado al por mayor hacen que sea f\u00e1cil para los minoristas y las empresas para abastecerse de estas golosinas populares y satisfacer la demanda de los clientes.<\/li>\n<\/ol>\n<\/div>\n\n\n\n<div class=\"wp-block-column is-layout-flow wp-block-column-is-layout-flow\">\n<figure class=\"wp-block-image size-full\"><img fetchpriority=\"high\" decoding=\"async\" width=\"750\" height=\"750\" src=\"https:\/\/jxgchocolate.com\/wp-content\/uploads\/2024\/04\/wholesale-crispy-chocolate-balls-3.webp\" alt=\"mayorista-bolas-de-chocolate-crispy-3\" class=\"wp-image-27405\" srcset=\"https:\/\/jxgchocolate.com\/wp-content\/uploads\/2024\/04\/wholesale-crispy-chocolate-balls-3.webp 750w, https:\/\/jxgchocolate.com\/wp-content\/uploads\/2024\/04\/wholesale-crispy-chocolate-balls-3-300x300.webp 300w, https:\/\/jxgchocolate.com\/wp-content\/uploads\/2024\/04\/wholesale-crispy-chocolate-balls-3-150x150.webp 150w, https:\/\/jxgchocolate.com\/wp-content\/uploads\/2024\/04\/wholesale-crispy-chocolate-balls-3-430x430.webp 430w, https:\/\/jxgchocolate.com\/wp-content\/uploads\/2024\/04\/wholesale-crispy-chocolate-balls-3-700x700.webp 700w\" sizes=\"(max-width: 750px) 100vw, 750px\" \/><\/figure>\n<\/div>\n<\/div>","protected":false},"excerpt":{"rendered":"<p>Nuestras bolas de chocolate crujiente multicolor al por mayor combinan un irresistible crujido con colores vibrantes, lo que las convierte en las favoritas de los clientes. Con un uso vers\u00e1til y un c\u00f3modo envasado a granel, son imprescindibles para cualquier negocio que busque ofrecer aperitivos modernos y deliciosos.<\/p>\n<table style=\"border-collapse: collapse; width: 275.02pt;\" border=\"0\" width=\"275\" cellspacing=\"0\" cellpadding=\"0\">\n<tbody>\n<tr style=\"height: 17.60pt;\">\n<td class=\"et3\" style=\"height: 17.60pt; width: 108.35pt;\" width=\"108\" height=\"17\">Fabricante<\/td>\n<td class=\"et3\" style=\"width: 167.10pt;\" width=\"167\">Fruta de la suerte<\/td>\n<\/tr>\n<tr style=\"height: 17.60pt;\">\n<td class=\"et3\" style=\"height: 17.60pt;\" height=\"17\">N\u00ba DE MODELO<\/td>\n<td class=\"et3\">JXG12<\/td>\n<\/tr>\n<tr style=\"height: 17.60pt;\">\n<td class=\"et3\" style=\"height: 17.60pt;\" height=\"17\">Tipo<\/td>\n<td class=\"et3\">Bolas crujientes de chocolate<\/td>\n<\/tr>\n<tr style=\"height: 17.60pt;\">\n<td class=\"et3\" style=\"height: 17.60pt;\" height=\"17\">Embalaje<\/td>\n<td class=\"et3\">Embalaje en caja<\/td>\n<\/tr>\n<tr style=\"height: 17.60pt;\">\n<td class=\"et3\" style=\"height: 17.60pt;\" height=\"17\">Especificaci\u00f3n<\/td>\n<td class=\"et3\">30 bolsas*20 cajas<\/td>\n<\/tr>\n<tr style=\"height: 17.60pt;\">\n<td class=\"et3\" style=\"height: 17.60pt;\" height=\"17\">Tama\u00f1o de la caja<\/td>\n<td class=\"et3\">49*40,5*40,5 cm<\/td>\n<\/tr>\n<tr style=\"height: 17.60pt;\">\n<td class=\"et3\" style=\"height: 17.60pt;\" height=\"17\">N.W \/SET<\/td>\n<td class=\"et3\">12g*30bolsas*20cajas<\/td>\n<\/tr>\n<tr style=\"height: 17.60pt;\">\n<td class=\"et3\" style=\"height: 17.60pt;\" height=\"17\">Color<\/td>\n<td class=\"et3\">Multicolor<\/td>\n<\/tr>\n<tr style=\"height: 17.60pt;\">\n<td class=\"et3\" style=\"height: 17.60pt;\" height=\"17\">MOQ<\/td>\n<td class=\"et3\">500 cajas<\/td>\n<\/tr>\n<tr style=\"height: 17.60pt;\">\n<td class=\"et3\" style=\"height: 17.60pt;\" height=\"17\">Personalizaci\u00f3n<\/td>\n<td class=\"et3\">Embalaje\/LOGO<\/td>\n<\/tr>\n<\/tbody>\n<\/table>","protected":false},"featured_media":28416,"comment_status":"closed","ping_status":"closed","template":"","meta":[],"product_cat":[74],"product_tag":[],"class_list":{"0":"post-27393","1":"product","2":"type-product","3":"status-publish","4":"has-post-thumbnail","6":"product_cat-wholesale-crunchy-chocolate-balls","8":"first","9":"instock","10":"shipping-taxable","11":"product-type-simple"},"_links":{"self":[{"href":"https:\/\/jxgchocolate.com\/es\/wp-json\/wp\/v2\/product\/27393","targetHints":{"allow":["GET"]}}],"collection":[{"href":"https:\/\/jxgchocolate.com\/es\/wp-json\/wp\/v2\/product"}],"about":[{"href":"https:\/\/jxgchocolate.com\/es\/wp-json\/wp\/v2\/types\/product"}],"replies":[{"embeddable":true,"href":"https:\/\/jxgchocolate.com\/es\/wp-json\/wp\/v2\/comments?post=27393"}],"version-history":[{"count":0,"href":"https:\/\/jxgchocolate.com\/es\/wp-json\/wp\/v2\/product\/27393\/revisions"}],"wp:featuredmedia":[{"embeddable":true,"href":"https:\/\/jxgchocolate.com\/es\/wp-json\/wp\/v2\/media\/28416"}],"wp:attachment":[{"href":"https:\/\/jxgchocolate.com\/es\/wp-json\/wp\/v2\/media?parent=27393"}],"wp:term":[{"taxonomy":"product_cat","embeddable":true,"href":"https:\/\/jxgchocolate.com\/es\/wp-json\/wp\/v2\/product_cat?post=27393"},{"taxonomy":"product_tag","embeddable":true,"href":"https:\/\/jxgchocolate.com\/es\/wp-json\/wp\/v2\/product_tag?post=27393"}],"curies":[{"name":"wp","href":"https:\/\/api.w.org\/{rel}","templated":true}]}}