{"id":27410,"date":"2024-04-27T09:21:48","date_gmt":"2024-04-27T09:21:48","guid":{"rendered":"https:\/\/jxgchocolate.com\/?post_type=product&#038;p=27410"},"modified":"2024-06-28T03:17:26","modified_gmt":"2024-06-28T03:17:26","slug":"chocolate-crunchy-balls-wholesale","status":"publish","type":"product","link":"https:\/\/jxgchocolate.com\/es\/producto\/chocolate-crunchy-balls-wholesale\/","title":{"rendered":"Tasty Mylikes Bolas crujientes de chocolate al por mayor"},"content":{"rendered":"<div class=\"wp-block-columns is-layout-flex wp-container-core-columns-is-layout-9d6595d7 wp-block-columns-is-layout-flex\">\n<div class=\"wp-block-column is-vertically-aligned-center is-layout-flow wp-block-column-is-layout-flow\">\n<h3 class=\"wp-block-heading\">Bolas Crujientes de Chocolate Premium al por mayor Caracter\u00edsticas:<\/h3>\n\n\n\n<ol class=\"wp-block-list\">\n<li>Sabor irresistible: Nuestro producto al por mayor de bolas crujientes de chocolate Mylikes presume de un sabor deliciosamente satisfactorio que combina la dulzura del chocolate con un delicioso crujido, ofreciendo una golosina que encantar\u00e1 a todo el mundo.<\/li>\n\n\n\n<li>Textura crujiente: Disfrute del satisfactorio crujido de cada bocado, ya que nuestras bolitas crujientes al por mayor est\u00e1n elaboradas a la perfecci\u00f3n para proporcionar una agradable experiencia como tentempi\u00e9.<\/li>\n\n\n\n<li>Ingredientes de calidad: Hechas con ingredientes de alta calidad y elaboradas con esmero, nuestras bolas crujientes de chocolate Mylikes garantizan una experiencia de snacking siempre deliciosa y de primera calidad.<\/li>\n\n\n\n<li>Envases al por mayor para mayor comodidad: Nuestras opciones de envasado al por mayor facilitan a minoristas, organizadores de eventos y empresas abastecerse de estas populares golosinas y satisfacer las demandas de sus clientes o invitados.<\/li>\n<\/ol>\n<\/div>\n\n\n\n<div class=\"wp-block-column is-layout-flow wp-block-column-is-layout-flow\">\n<figure class=\"wp-block-image size-full\"><img fetchpriority=\"high\" decoding=\"async\" width=\"750\" height=\"750\" src=\"https:\/\/jxgchocolate.com\/wp-content\/uploads\/2024\/04\/mylikes-chocolate-crunchy-balls-wholesale-3.webp\" alt=\"mylikes-chocolate-bolas crujientes-mayorista-1\" class=\"wp-image-27415\" srcset=\"https:\/\/jxgchocolate.com\/wp-content\/uploads\/2024\/04\/mylikes-chocolate-crunchy-balls-wholesale-3.webp 750w, https:\/\/jxgchocolate.com\/wp-content\/uploads\/2024\/04\/mylikes-chocolate-crunchy-balls-wholesale-3-300x300.webp 300w, https:\/\/jxgchocolate.com\/wp-content\/uploads\/2024\/04\/mylikes-chocolate-crunchy-balls-wholesale-3-150x150.webp 150w, https:\/\/jxgchocolate.com\/wp-content\/uploads\/2024\/04\/mylikes-chocolate-crunchy-balls-wholesale-3-430x430.webp 430w, https:\/\/jxgchocolate.com\/wp-content\/uploads\/2024\/04\/mylikes-chocolate-crunchy-balls-wholesale-3-700x700.webp 700w\" sizes=\"(max-width: 750px) 100vw, 750px\" \/><\/figure>\n<\/div>\n<\/div>","protected":false},"excerpt":{"rendered":"<p>Nuestro producto al por mayor Bolas Crujientes de Chocolate Tasty Mylikes ofrece una irresistible combinaci\u00f3n de delicioso sabor y gratificante textura crujiente, lo que las convierte en una opci\u00f3n popular para minoristas y empresas. Con vers\u00e1tiles opciones de uso y un c\u00f3modo envase a granel, son la opci\u00f3n de snack perfecta para cualquier ocasi\u00f3n.<\/p>\n<table style=\"border-collapse: collapse; width: 275.02pt;\" border=\"0\" width=\"275\" cellspacing=\"0\" cellpadding=\"0\">\n<tbody>\n<tr style=\"height: 17.60pt;\">\n<td class=\"et3\" style=\"height: 17.60pt; width: 108.35pt;\" width=\"108\" height=\"17\">Fabricante<\/td>\n<td class=\"et3\" style=\"width: 167.10pt;\" width=\"167\">Fruta de la suerte<\/td>\n<\/tr>\n<tr style=\"height: 17.60pt;\">\n<td class=\"et3\" style=\"height: 17.60pt;\" height=\"17\">N\u00ba DE MODELO<\/td>\n<td class=\"et3\">JXG13<\/td>\n<\/tr>\n<tr style=\"height: 17.60pt;\">\n<td class=\"et3\" style=\"height: 17.60pt;\" height=\"17\">Tipo<\/td>\n<td class=\"et3\">Bolas crujientes de chocolate<\/td>\n<\/tr>\n<tr style=\"height: 17.60pt;\">\n<td class=\"et3\" style=\"height: 17.60pt;\" height=\"17\">Embalaje<\/td>\n<td class=\"et3\">Embalaje en caja<\/td>\n<\/tr>\n<tr style=\"height: 17.60pt;\">\n<td class=\"et3\" style=\"height: 17.60pt;\" height=\"17\">Especificaci\u00f3n<\/td>\n<td class=\"et3\">12bolsas*24cajas<\/td>\n<\/tr>\n<tr style=\"height: 17.60pt;\">\n<td class=\"et3\" style=\"height: 17.60pt;\" height=\"17\">Tama\u00f1o de la caja<\/td>\n<td class=\"et3\">58,5*33*33 cm<\/td>\n<\/tr>\n<tr style=\"height: 17.60pt;\">\n<td class=\"et3\" style=\"height: 17.60pt;\" height=\"17\">N.W \/SET<\/td>\n<td class=\"et3\">21g*12bolsas*24cajas<\/td>\n<\/tr>\n<tr style=\"height: 17.60pt;\">\n<td class=\"et3\" style=\"height: 17.60pt;\" height=\"17\">Color<\/td>\n<td class=\"et3\">Multicolor<\/td>\n<\/tr>\n<tr style=\"height: 17.60pt;\">\n<td class=\"et3\" style=\"height: 17.60pt;\" height=\"17\">MOQ<\/td>\n<td class=\"et3\">500 cajas<\/td>\n<\/tr>\n<tr style=\"height: 17.60pt;\">\n<td class=\"et3\" style=\"height: 17.60pt;\" height=\"17\">Personalizaci\u00f3n<\/td>\n<td class=\"et3\">Embalaje\/LOGO<\/td>\n<\/tr>\n<\/tbody>\n<\/table>","protected":false},"featured_media":28418,"comment_status":"closed","ping_status":"closed","template":"","meta":[],"product_cat":[74],"product_tag":[],"class_list":{"0":"post-27410","1":"product","2":"type-product","3":"status-publish","4":"has-post-thumbnail","6":"product_cat-wholesale-crunchy-chocolate-balls","8":"first","9":"instock","10":"shipping-taxable","11":"product-type-simple"},"_links":{"self":[{"href":"https:\/\/jxgchocolate.com\/es\/wp-json\/wp\/v2\/product\/27410","targetHints":{"allow":["GET"]}}],"collection":[{"href":"https:\/\/jxgchocolate.com\/es\/wp-json\/wp\/v2\/product"}],"about":[{"href":"https:\/\/jxgchocolate.com\/es\/wp-json\/wp\/v2\/types\/product"}],"replies":[{"embeddable":true,"href":"https:\/\/jxgchocolate.com\/es\/wp-json\/wp\/v2\/comments?post=27410"}],"version-history":[{"count":0,"href":"https:\/\/jxgchocolate.com\/es\/wp-json\/wp\/v2\/product\/27410\/revisions"}],"wp:featuredmedia":[{"embeddable":true,"href":"https:\/\/jxgchocolate.com\/es\/wp-json\/wp\/v2\/media\/28418"}],"wp:attachment":[{"href":"https:\/\/jxgchocolate.com\/es\/wp-json\/wp\/v2\/media?parent=27410"}],"wp:term":[{"taxonomy":"product_cat","embeddable":true,"href":"https:\/\/jxgchocolate.com\/es\/wp-json\/wp\/v2\/product_cat?post=27410"},{"taxonomy":"product_tag","embeddable":true,"href":"https:\/\/jxgchocolate.com\/es\/wp-json\/wp\/v2\/product_tag?post=27410"}],"curies":[{"name":"wp","href":"https:\/\/api.w.org\/{rel}","templated":true}]}}