{"id":27411,"date":"2024-04-27T09:21:50","date_gmt":"2024-04-27T09:21:50","guid":{"rendered":"https:\/\/jxgchocolate.com\/?post_type=product&#038;p=27411"},"modified":"2024-11-11T02:16:51","modified_gmt":"2024-11-11T02:16:51","slug":"crispy-chocolate-balls-wholesale","status":"publish","type":"product","link":"https:\/\/jxgchocolate.com\/es\/producto\/crispy-chocolate-balls-wholesale\/","title":{"rendered":"Deliciosas Bolas de Chocolate Crujiente al por mayor, Bolas de Chocolate de Malta al por mayor"},"content":{"rendered":"<div class=\"wp-block-columns is-layout-flex wp-container-core-columns-is-layout-9d6595d7 wp-block-columns-is-layout-flex\">\n<div class=\"wp-block-column is-vertically-aligned-center is-layout-flow wp-block-column-is-layout-flow\">\n<h3 class=\"wp-block-heading\">Bolas de Chocolate Crujiente Premium al por mayor Caracter\u00edsticas:<\/h3>\n\n\n\n<ol class=\"wp-block-list\">\n<li><strong>Sabor irresistible:<\/strong> Nuestras crujientes bolas de chocolate al por mayor representan un delicioso sabor que combina sencillamente la riqueza del chocolate con el satisfactorio crujido que lo convierte en un tentempi\u00e9 muy agradable.<\/li>\n\n\n\n<li><strong>Textura crujiente: <\/strong>Saboree el crujiente en cada bocado con nuestras bolas de malta con chocolate a granel, preparadas para que cada gramo sea lo suficientemente crujiente como para a\u00f1adir placer a cada bocado. crujiente, realzando el disfrute de cada bocado.<\/li>\n\n\n\n<li><strong>Perfecto para la reventa:<\/strong> Con envases al por mayor disponibles, nuestras bolas de chocolate crujiente al por mayor son sin duda ideales para tiendas minoristas, organizadores de eventos y empresas que deseen ofrecer algo especial a sus clientes o invitados como parte de una opci\u00f3n de tentempi\u00e9 de alta gama.<\/li>\n\n\n\n<li><strong>Calidad constante: <\/strong>Nuestras bolas de malta de chocolate a granel se elaboran con ingredientes de calidad superior y un proceso de fabricaci\u00f3n que cumple las normas m\u00e1s estrictas para garantizar un sabor uniforme en cada compra y as\u00ed disfrutar de una agradable experiencia de aperitivo.<\/li>\n<\/ol>\n<\/div>\n\n\n\n<div class=\"wp-block-column is-layout-flow wp-block-column-is-layout-flow\">\n<figure class=\"wp-block-image size-full\"><img fetchpriority=\"high\" decoding=\"async\" width=\"750\" height=\"750\" src=\"https:\/\/jxgchocolate.com\/wp-content\/uploads\/2024\/04\/mylikes-crispy-chocolate-balls-wholesale-3.webp\" alt=\"mylikes-bolas-de-chocolate-crujientes-mayorista-1\" class=\"wp-image-27421\" srcset=\"https:\/\/jxgchocolate.com\/wp-content\/uploads\/2024\/04\/mylikes-crispy-chocolate-balls-wholesale-3.webp 750w, https:\/\/jxgchocolate.com\/wp-content\/uploads\/2024\/04\/mylikes-crispy-chocolate-balls-wholesale-3-300x300.webp 300w, https:\/\/jxgchocolate.com\/wp-content\/uploads\/2024\/04\/mylikes-crispy-chocolate-balls-wholesale-3-150x150.webp 150w, https:\/\/jxgchocolate.com\/wp-content\/uploads\/2024\/04\/mylikes-crispy-chocolate-balls-wholesale-3-430x430.webp 430w, https:\/\/jxgchocolate.com\/wp-content\/uploads\/2024\/04\/mylikes-crispy-chocolate-balls-wholesale-3-700x700.webp 700w\" sizes=\"(max-width: 750px) 100vw, 750px\" \/><\/figure>\n<\/div>\n<\/div>","protected":false},"excerpt":{"rendered":"<p>Bienvenido a comprar bolas de malta de chocolate al por mayor. Ofrecemos bolas de chocolate crujiente al por mayor con servicio de paquetes de aperitivos personalizados, cada paquete ser\u00e1 una deliciosa combinaci\u00f3n de sabor irresistible y crujido satisfactorio. Son justo lo que todo negocio necesita cuando busca ofrecer un snack de primera calidad a sus clientes.<\/p>\n<table style=\"border-collapse: collapse; width: 275.02pt;\" border=\"0\" width=\"275\" cellspacing=\"0\" cellpadding=\"0\">\n<tbody>\n<tr style=\"height: 17.60pt;\">\n<td class=\"et3\" style=\"height: 17.60pt; width: 108.35pt;\" width=\"108\" height=\"17\">Fabricante<\/td>\n<td class=\"et3\" style=\"width: 167.10pt;\" width=\"167\">Fruta de la suerte<\/td>\n<\/tr>\n<tr style=\"height: 17.60pt;\">\n<td class=\"et3\" style=\"height: 17.60pt;\" height=\"17\">N\u00ba DE MODELO<\/td>\n<td class=\"et3\">JXG14<\/td>\n<\/tr>\n<tr style=\"height: 17.60pt;\">\n<td class=\"et3\" style=\"height: 17.60pt;\" height=\"17\">Tipo<\/td>\n<td class=\"et3\">Bolas crujientes de chocolate<\/td>\n<\/tr>\n<tr style=\"height: 17.60pt;\">\n<td class=\"et3\" style=\"height: 17.60pt;\" height=\"17\">Embalaje<\/td>\n<td class=\"et3\">Embalaje en caja<\/td>\n<\/tr>\n<tr style=\"height: 17.60pt;\">\n<td class=\"et3\" style=\"height: 17.60pt;\" height=\"17\">Especificaci\u00f3n<\/td>\n<td class=\"et3\">30 bolsas*20 cajas<\/td>\n<\/tr>\n<tr style=\"height: 17.60pt;\">\n<td class=\"et3\" style=\"height: 17.60pt;\" height=\"17\">Tama\u00f1o de la caja<\/td>\n<td class=\"et3\">49*40,5*40,5 cm<\/td>\n<\/tr>\n<tr style=\"height: 17.60pt;\">\n<td class=\"et3\" style=\"height: 17.60pt;\" height=\"17\">N.W \/SET<\/td>\n<td class=\"et3\">12g*30bolsas*20cajas<\/td>\n<\/tr>\n<tr style=\"height: 17.60pt;\">\n<td class=\"et3\" style=\"height: 17.60pt;\" height=\"17\">Color<\/td>\n<td class=\"et3\">Oscuro<\/td>\n<\/tr>\n<tr style=\"height: 17.60pt;\">\n<td class=\"et3\" style=\"height: 17.60pt;\" height=\"17\">MOQ<\/td>\n<td class=\"et3\">500 cajas<\/td>\n<\/tr>\n<tr style=\"height: 17.60pt;\">\n<td class=\"et3\" style=\"height: 17.60pt;\" height=\"17\">Personalizaci\u00f3n<\/td>\n<td class=\"et3\">Embalaje\/LOGO<\/td>\n<\/tr>\n<\/tbody>\n<\/table>","protected":false},"featured_media":28420,"comment_status":"closed","ping_status":"closed","template":"","meta":[],"product_cat":[74],"product_tag":[],"class_list":{"0":"post-27411","1":"product","2":"type-product","3":"status-publish","4":"has-post-thumbnail","6":"product_cat-wholesale-crunchy-chocolate-balls","8":"first","9":"instock","10":"shipping-taxable","11":"product-type-simple"},"_links":{"self":[{"href":"https:\/\/jxgchocolate.com\/es\/wp-json\/wp\/v2\/product\/27411","targetHints":{"allow":["GET"]}}],"collection":[{"href":"https:\/\/jxgchocolate.com\/es\/wp-json\/wp\/v2\/product"}],"about":[{"href":"https:\/\/jxgchocolate.com\/es\/wp-json\/wp\/v2\/types\/product"}],"replies":[{"embeddable":true,"href":"https:\/\/jxgchocolate.com\/es\/wp-json\/wp\/v2\/comments?post=27411"}],"version-history":[{"count":0,"href":"https:\/\/jxgchocolate.com\/es\/wp-json\/wp\/v2\/product\/27411\/revisions"}],"wp:featuredmedia":[{"embeddable":true,"href":"https:\/\/jxgchocolate.com\/es\/wp-json\/wp\/v2\/media\/28420"}],"wp:attachment":[{"href":"https:\/\/jxgchocolate.com\/es\/wp-json\/wp\/v2\/media?parent=27411"}],"wp:term":[{"taxonomy":"product_cat","embeddable":true,"href":"https:\/\/jxgchocolate.com\/es\/wp-json\/wp\/v2\/product_cat?post=27411"},{"taxonomy":"product_tag","embeddable":true,"href":"https:\/\/jxgchocolate.com\/es\/wp-json\/wp\/v2\/product_tag?post=27411"}],"curies":[{"name":"wp","href":"https:\/\/api.w.org\/{rel}","templated":true}]}}