{"id":27435,"date":"2024-04-27T09:50:20","date_gmt":"2024-04-27T09:50:20","guid":{"rendered":"https:\/\/jxgchocolate.com\/?post_type=product&#038;p=27435"},"modified":"2024-11-11T03:58:45","modified_gmt":"2024-11-11T03:58:45","slug":"wholesale-popping-candy-chocolate","status":"publish","type":"product","link":"https:\/\/jxgchocolate.com\/es\/producto\/wholesale-popping-candy-chocolate\/","title":{"rendered":"Mayorista Caramelos Popping Chocolate con Sabor Cola"},"content":{"rendered":"<div class=\"wp-block-columns is-layout-flex wp-container-core-columns-is-layout-9d6595d7 wp-block-columns-is-layout-flex\">\n<div class=\"wp-block-column is-vertically-aligned-center is-layout-flow wp-block-column-is-layout-flow\">\n<h3 class=\"wp-block-heading\">Premium al por mayor de chocolate Popping Candy Caracter\u00edsticas:<\/h3>\n\n\n\n<ol class=\"wp-block-list\">\n<li><strong>Dulce chocolate y refrescante cola:<\/strong> Disfrute de la fusi\u00f3n de sabores en nuestro chocolate de caramelo popping al por mayor con un sabor a cola que har\u00e1 que cada bocado sea delicioso.<\/li>\n\n\n\n<li><strong>Sensaci\u00f3n de estallido y crujido:<\/strong> Saca a relucir la diversi\u00f3n y la emoci\u00f3n de los caramelos que crepitan y estallan en la boca, a\u00f1adiendo una capa totalmente nueva de disfrute a nuestro chocolate con caramelos que estallan a granel.<\/li>\n\n\n\n<li><strong>Opci\u00f3n de tentempi\u00e9 vers\u00e1til: <\/strong>Apropiado para picar sobre la marcha o para compartir con amigos, nuestro chocolate de caramelo popping al por mayor es igualmente atractivo como opci\u00f3n de tentempi\u00e9 o en fiestas y eventos tem\u00e1ticos de diversas maneras.<\/li>\n\n\n\n<li><strong>Popular y de moda: <\/strong>Nuestro caramelo popping a granel sabor chocolate cola es una golosina popular y de moda que gusta a todo el mundo, desde ni\u00f1os a adultos. Esto lo convierte en un art\u00edculo imprescindible para minoristas, organizadores de eventos y empresas que intentan ofrecer opciones \u00fanicas y emocionantes de aperitivos a sus clientes.<\/li>\n<\/ol>\n<\/div>\n\n\n\n<div class=\"wp-block-column is-layout-flow wp-block-column-is-layout-flow\">\n<figure class=\"wp-block-image size-full\"><img fetchpriority=\"high\" decoding=\"async\" width=\"750\" height=\"750\" src=\"https:\/\/jxgchocolate.com\/wp-content\/uploads\/2024\/04\/wholesale-popping-candy-chocolate-3.webp\" alt=\"mayorista-dulces-chocolate-3\" class=\"wp-image-27438\" srcset=\"https:\/\/jxgchocolate.com\/wp-content\/uploads\/2024\/04\/wholesale-popping-candy-chocolate-3.webp 750w, https:\/\/jxgchocolate.com\/wp-content\/uploads\/2024\/04\/wholesale-popping-candy-chocolate-3-300x300.webp 300w, https:\/\/jxgchocolate.com\/wp-content\/uploads\/2024\/04\/wholesale-popping-candy-chocolate-3-150x150.webp 150w, https:\/\/jxgchocolate.com\/wp-content\/uploads\/2024\/04\/wholesale-popping-candy-chocolate-3-430x430.webp 430w, https:\/\/jxgchocolate.com\/wp-content\/uploads\/2024\/04\/wholesale-popping-candy-chocolate-3-700x700.webp 700w\" sizes=\"(max-width: 750px) 100vw, 750px\" \/><\/figure>\n<\/div>\n<\/div>","protected":false},"excerpt":{"rendered":"<p>Nuestro chocolate de caramelo popping al por mayor con sabor a cola, que estalla y cruje, ofrece una gran fusi\u00f3n de sabores que ser\u00e1 un favorito absoluto de los clientes. Gracias a su capacidad para m\u00faltiples usos y su favorable aceptaci\u00f3n, es perfecto para empresas que desean vender una experiencia de aperitivo memorable.<\/p>\n<table style=\"border-collapse: collapse; width: 275.02pt;\" border=\"0\" width=\"275\" cellspacing=\"0\" cellpadding=\"0\">\n<tbody>\n<tr style=\"height: 17.60pt;\">\n<td class=\"et3\" style=\"height: 17.60pt; width: 108.35pt;\" width=\"108\" height=\"17\">Fabricante<\/td>\n<td class=\"et3\" style=\"width: 167.10pt;\" width=\"167\">Fruta de la suerte<\/td>\n<\/tr>\n<tr style=\"height: 17.60pt;\">\n<td class=\"et3\" style=\"height: 17.60pt;\" height=\"17\">N\u00ba DE MODELO<\/td>\n<td class=\"et3\">JXG17<\/td>\n<\/tr>\n<tr style=\"height: 17.60pt;\">\n<td class=\"et3\" style=\"height: 17.60pt;\" height=\"17\">Tipo<\/td>\n<td class=\"et3\">Bombones de chocolate<\/td>\n<\/tr>\n<tr style=\"height: 17.60pt;\">\n<td class=\"et3\" style=\"height: 17.60pt;\" height=\"17\">Embalaje<\/td>\n<td class=\"et3\">Embalaje en cajas<\/td>\n<\/tr>\n<tr style=\"height: 17.60pt;\">\n<td class=\"et3\" style=\"height: 17.60pt;\" height=\"17\">Especificaci\u00f3n<\/td>\n<td class=\"et3\">20 bolsas*12 cajas<\/td>\n<\/tr>\n<tr style=\"height: 17.60pt;\">\n<td class=\"et3\" style=\"height: 17.60pt;\" height=\"17\">Tama\u00f1o de la caja<\/td>\n<td class=\"et3\">61,5*27*17,5 cm<\/td>\n<\/tr>\n<tr style=\"height: 17.60pt;\">\n<td class=\"et3\" style=\"height: 17.60pt;\" height=\"17\">N.W \/SET<\/td>\n<td class=\"et3\">12g*20bolsas*12cajas<\/td>\n<\/tr>\n<tr style=\"height: 17.60pt;\">\n<td class=\"et3\" style=\"height: 17.60pt;\" height=\"17\">Color<\/td>\n<td class=\"et3\">Rojo<\/td>\n<\/tr>\n<tr style=\"height: 17.60pt;\">\n<td class=\"et3\" style=\"height: 17.60pt;\" height=\"17\">MOQ<\/td>\n<td class=\"et3\">500 cajas<\/td>\n<\/tr>\n<tr style=\"height: 17.60pt;\">\n<td class=\"et3\" style=\"height: 17.60pt;\" height=\"17\">Personalizaci\u00f3n<\/td>\n<td class=\"et3\">Embalaje\/LOGO<\/td>\n<\/tr>\n<\/tbody>\n<\/table>","protected":false},"featured_media":27437,"comment_status":"closed","ping_status":"closed","template":"","meta":[],"product_cat":[76],"product_tag":[],"class_list":{"0":"post-27435","1":"product","2":"type-product","3":"status-publish","4":"has-post-thumbnail","6":"product_cat-wholesale-popping-candy-chocolate","8":"first","9":"instock","10":"shipping-taxable","11":"product-type-simple"},"_links":{"self":[{"href":"https:\/\/jxgchocolate.com\/es\/wp-json\/wp\/v2\/product\/27435","targetHints":{"allow":["GET"]}}],"collection":[{"href":"https:\/\/jxgchocolate.com\/es\/wp-json\/wp\/v2\/product"}],"about":[{"href":"https:\/\/jxgchocolate.com\/es\/wp-json\/wp\/v2\/types\/product"}],"replies":[{"embeddable":true,"href":"https:\/\/jxgchocolate.com\/es\/wp-json\/wp\/v2\/comments?post=27435"}],"version-history":[{"count":2,"href":"https:\/\/jxgchocolate.com\/es\/wp-json\/wp\/v2\/product\/27435\/revisions"}],"predecessor-version":[{"id":29119,"href":"https:\/\/jxgchocolate.com\/es\/wp-json\/wp\/v2\/product\/27435\/revisions\/29119"}],"wp:featuredmedia":[{"embeddable":true,"href":"https:\/\/jxgchocolate.com\/es\/wp-json\/wp\/v2\/media\/27437"}],"wp:attachment":[{"href":"https:\/\/jxgchocolate.com\/es\/wp-json\/wp\/v2\/media?parent=27435"}],"wp:term":[{"taxonomy":"product_cat","embeddable":true,"href":"https:\/\/jxgchocolate.com\/es\/wp-json\/wp\/v2\/product_cat?post=27435"},{"taxonomy":"product_tag","embeddable":true,"href":"https:\/\/jxgchocolate.com\/es\/wp-json\/wp\/v2\/product_tag?post=27435"}],"curies":[{"name":"wp","href":"https:\/\/api.w.org\/{rel}","templated":true}]}}