{"id":27441,"date":"2024-04-27T10:02:50","date_gmt":"2024-04-27T10:02:50","guid":{"rendered":"https:\/\/jxgchocolate.com\/?post_type=product&#038;p=27441"},"modified":"2025-03-08T02:43:48","modified_gmt":"2025-03-08T02:43:48","slug":"wholesale-chocolate-popping-candy","status":"publish","type":"product","link":"https:\/\/jxgchocolate.com\/es\/producto\/wholesale-chocolate-popping-candy\/","title":{"rendered":"Sabrosos caramelos de chocolate al por mayor en envases personalizados"},"content":{"rendered":"<div class=\"wp-block-columns is-layout-flex wp-container-core-columns-is-layout-9d6595d7 wp-block-columns-is-layout-flex\">\n<div class=\"wp-block-column is-vertically-aligned-center is-layout-flow wp-block-column-is-layout-flow\">\n<h3 class=\"wp-block-heading\">Caramelos de chocolate al por mayor de primera calidad Caracter\u00edsticas:<\/h3>\n\n\n\n<ul class=\"wp-block-list\">\n<li><strong>Irresistible combinaci\u00f3n de sabores:<\/strong>Saboree la riqueza y cremosidad del chocolate junto con el emocionante estallido de los caramelos. La deliciosa sensaci\u00f3n que ofrecen los caramelos de chocolate al por mayor har\u00e1 que los clientes vuelvan en masa.<\/li>\n\n\n\n<li><strong>Textura divertida y emocionante:<\/strong> Textura: Llevando la diversi\u00f3n de hacer estallar caramelos en la boca con cada crujido y estallido en la boca, nuestros caramelos de chocolate a granel a\u00f1aden un nivel extra de emoci\u00f3n a la bondad del chocolate.<\/li>\n\n\n\n<li><strong>Embalaje a granel para mayor comodidad: <\/strong>Nuestros caramelos de chocolate al por mayor se presentan en pr\u00e1cticos envases a granel, muy adecuados para minoristas, organizadores de eventos y empresas que buscan grandes cantidades de esta popular golosina para satisfacer la demanda de los clientes.<\/li>\n\n\n\n<li><strong>Elecci\u00f3n de aperitivos populares: <\/strong>Los caramelos de chocolate a granel son uno de los dulces favoritos de personas de todas las edades. Para cualquier empresa, es muy importante que este art\u00edculo est\u00e9 disponible para los clientes cuando necesiten opciones de tentempi\u00e9s \u00fanicas y emocionantes.<\/li>\n<\/ul>\n<\/div>\n\n\n\n<div class=\"wp-block-column is-layout-flow wp-block-column-is-layout-flow\">\n<figure class=\"wp-block-image size-full\"><img fetchpriority=\"high\" decoding=\"async\" width=\"568\" height=\"568\" src=\"https:\/\/jxgchocolate.com\/wp-content\/uploads\/2024\/04\/29c3788d0b874d25daa266923e2d6649.png\" alt=\"venta al por mayor de caramelos de chocolate-4\" class=\"wp-image-27446\" srcset=\"https:\/\/jxgchocolate.com\/wp-content\/uploads\/2024\/04\/29c3788d0b874d25daa266923e2d6649.png 568w, https:\/\/jxgchocolate.com\/wp-content\/uploads\/2024\/04\/29c3788d0b874d25daa266923e2d6649-300x300.png 300w, https:\/\/jxgchocolate.com\/wp-content\/uploads\/2024\/04\/29c3788d0b874d25daa266923e2d6649-150x150.png 150w, https:\/\/jxgchocolate.com\/wp-content\/uploads\/2024\/04\/29c3788d0b874d25daa266923e2d6649-430x430.png 430w\" sizes=\"(max-width: 568px) 100vw, 568px\" \/><\/figure>\n<\/div>\n<\/div>","protected":false},"excerpt":{"rendered":"<p>Bienvenido a comprar <span class=\"___SText_anxqe-kmt_\" data-ui-name=\"Link.Text\">caramelos de chocolate. <\/span>Nuestro delicioso caramelo de chocolate al por mayor viene con una irresistible combinaci\u00f3n de sabores con divertidas sensaciones de estallido que son sin duda deliciosas. Debido a su naturaleza altamente utilizada por la gente de muchas maneras, ser\u00e1 una opci\u00f3n ideal para aquellas empresas que quieren dar merienda memorable a sus clientes.<\/p>\n<table style=\"border-collapse: collapse; width: 275.02pt;\" border=\"0\" width=\"275\" cellspacing=\"0\" cellpadding=\"0\">\n<tbody>\n<tr style=\"height: 17.60pt;\">\n<td class=\"et3\" style=\"height: 17.60pt; width: 108.35pt;\" width=\"108\" height=\"17\">Fabricante<\/td>\n<td class=\"et3\" style=\"width: 167.10pt;\" width=\"167\">Fruta de la suerte<\/td>\n<\/tr>\n<tr style=\"height: 17.60pt;\">\n<td class=\"et3\" style=\"height: 17.60pt;\" height=\"17\">N\u00ba DE MODELO<\/td>\n<td class=\"et3\">JXG18<\/td>\n<\/tr>\n<tr style=\"height: 17.60pt;\">\n<td class=\"et3\" style=\"height: 17.60pt;\" height=\"17\">Tipo<\/td>\n<td class=\"et3\">Bombones de chocolate<\/td>\n<\/tr>\n<tr style=\"height: 17.60pt;\">\n<td class=\"et3\" style=\"height: 17.60pt;\" height=\"17\">Embalaje<\/td>\n<td class=\"et3\">Embalaje en cajas<\/td>\n<\/tr>\n<tr style=\"height: 17.60pt;\">\n<td class=\"et3\" style=\"height: 17.60pt;\" height=\"17\">Especificaci\u00f3n<\/td>\n<td class=\"et3\">20 bolsas*12 cajas<\/td>\n<\/tr>\n<tr style=\"height: 17.60pt;\">\n<td class=\"et3\" style=\"height: 17.60pt;\" height=\"17\">Tama\u00f1o de la caja<\/td>\n<td class=\"et3\">61,5*27*17,5 cm<\/td>\n<\/tr>\n<tr style=\"height: 17.60pt;\">\n<td class=\"et3\" style=\"height: 17.60pt;\" height=\"17\">N.W \/SET<\/td>\n<td class=\"et3\">12g*20bolsas*12cajas<\/td>\n<\/tr>\n<tr style=\"height: 17.60pt;\">\n<td class=\"et3\" style=\"height: 17.60pt;\" height=\"17\">Color<\/td>\n<td class=\"et3\">Oscuro<\/td>\n<\/tr>\n<tr style=\"height: 17.60pt;\">\n<td class=\"et3\" style=\"height: 17.60pt;\" height=\"17\">MOQ<\/td>\n<td class=\"et3\">500 cajas<\/td>\n<\/tr>\n<tr style=\"height: 17.60pt;\">\n<td class=\"et3\" style=\"height: 17.60pt;\" height=\"17\">Personalizaci\u00f3n<\/td>\n<td class=\"et3\">Embalaje\/LOGO<\/td>\n<\/tr>\n<\/tbody>\n<\/table>","protected":false},"featured_media":27443,"comment_status":"closed","ping_status":"closed","template":"","meta":[],"product_cat":[76],"product_tag":[],"class_list":{"0":"post-27441","1":"product","2":"type-product","3":"status-publish","4":"has-post-thumbnail","6":"product_cat-wholesale-popping-candy-chocolate","8":"first","9":"instock","10":"shipping-taxable","11":"product-type-simple"},"_links":{"self":[{"href":"https:\/\/jxgchocolate.com\/es\/wp-json\/wp\/v2\/product\/27441","targetHints":{"allow":["GET"]}}],"collection":[{"href":"https:\/\/jxgchocolate.com\/es\/wp-json\/wp\/v2\/product"}],"about":[{"href":"https:\/\/jxgchocolate.com\/es\/wp-json\/wp\/v2\/types\/product"}],"replies":[{"embeddable":true,"href":"https:\/\/jxgchocolate.com\/es\/wp-json\/wp\/v2\/comments?post=27441"}],"version-history":[{"count":4,"href":"https:\/\/jxgchocolate.com\/es\/wp-json\/wp\/v2\/product\/27441\/revisions"}],"predecessor-version":[{"id":29590,"href":"https:\/\/jxgchocolate.com\/es\/wp-json\/wp\/v2\/product\/27441\/revisions\/29590"}],"wp:featuredmedia":[{"embeddable":true,"href":"https:\/\/jxgchocolate.com\/es\/wp-json\/wp\/v2\/media\/27443"}],"wp:attachment":[{"href":"https:\/\/jxgchocolate.com\/es\/wp-json\/wp\/v2\/media?parent=27441"}],"wp:term":[{"taxonomy":"product_cat","embeddable":true,"href":"https:\/\/jxgchocolate.com\/es\/wp-json\/wp\/v2\/product_cat?post=27441"},{"taxonomy":"product_tag","embeddable":true,"href":"https:\/\/jxgchocolate.com\/es\/wp-json\/wp\/v2\/product_tag?post=27441"}],"curies":[{"name":"wp","href":"https:\/\/api.w.org\/{rel}","templated":true}]}}