{"id":27459,"date":"2024-04-27T10:22:42","date_gmt":"2024-04-27T10:22:42","guid":{"rendered":"https:\/\/jxgchocolate.com\/?post_type=product&#038;p=27459"},"modified":"2024-11-11T06:44:24","modified_gmt":"2024-11-11T06:44:24","slug":"wholesale-chili-peanuts-with-tangerine-peel","status":"publish","type":"product","link":"https:\/\/jxgchocolate.com\/es\/producto\/wholesale-chili-peanuts-with-tangerine-peel\/","title":{"rendered":"Cacahuetes con c\u00e1scara de mandarina al por mayor"},"content":{"rendered":"<div class=\"wp-block-columns is-layout-flex wp-container-core-columns-is-layout-9d6595d7 wp-block-columns-is-layout-flex\">\n<div class=\"wp-block-column is-vertically-aligned-center is-layout-flow wp-block-column-is-layout-flow\">\n<h3 class=\"wp-block-heading\">Cacahuetes con chile al por mayor de primera calidad Caracter\u00edsticas:<\/h3>\n\n\n\n<ol class=\"wp-block-list\">\n<li><strong>Combinaci\u00f3n \u00fanica de sabores: <\/strong>Nuestros cacahuetes con chile y c\u00e1scara de mandarina al por mayor tienen algo inigualable en el mercado: el picante ardiente del chile se combina con una explosi\u00f3n de c\u00edtricos de la c\u00e1scara de mandarina, creando una sobrecarga sensorial incomparable a la de otros aperitivos normales.<\/li>\n\n\n\n<li><strong>Picante y picante: <\/strong>Bien equilibrados entre el picante del chile y el sabor \u00fanico de la c\u00e1scara de mandarina, nuestros cacahuetes picantes a granel crean una sensaci\u00f3n en la boca que s\u00f3lo quiere explotar de sabor y perdurar en el retrogusto.<\/li>\n\n\n\n<li><strong>Ingredientes de alta calidad:<\/strong> Elaborados con cacahuetes superiores de alta calidad y c\u00e1scara de mandarina, cada uno de nuestros cacahuetes con chile al por mayor se elabora cuidadosamente para garantizar un gran sabor y frescura para la satisfacci\u00f3n del cliente en cada bocado.<\/li>\n\n\n\n<li><strong>Ideal para reventa:<\/strong> El c\u00f3modo envase a granel de nuestros cacahuetes picantes con piel de mandarina a granel los hace ideales para su reventa en comercios minoristas, tiendas especializadas y tiendas en l\u00ednea.<\/li>\n<\/ol>\n<\/div>\n\n\n\n<div class=\"wp-block-column is-layout-flow wp-block-column-is-layout-flow\">\n<figure class=\"wp-block-image size-full\"><img fetchpriority=\"high\" decoding=\"async\" width=\"750\" height=\"750\" src=\"https:\/\/jxgchocolate.com\/wp-content\/uploads\/2024\/06\/wholesale-snacks-wholesale-cracker-peanuts_\u526f\u672c.webp\" alt=\"fabricante de aperitivos mayorista de cacahuetes con c\u00e1scara de mandarina mayorista de aperitivos mayorista de cacahuetes con c\u00e1scara de mandarina\" class=\"wp-image-28382\" srcset=\"https:\/\/jxgchocolate.com\/wp-content\/uploads\/2024\/06\/wholesale-snacks-wholesale-cracker-peanuts_\u526f\u672c.webp 750w, https:\/\/jxgchocolate.com\/wp-content\/uploads\/2024\/06\/wholesale-snacks-wholesale-cracker-peanuts_\u526f\u672c-300x300.webp 300w, https:\/\/jxgchocolate.com\/wp-content\/uploads\/2024\/06\/wholesale-snacks-wholesale-cracker-peanuts_\u526f\u672c-150x150.webp 150w, https:\/\/jxgchocolate.com\/wp-content\/uploads\/2024\/06\/wholesale-snacks-wholesale-cracker-peanuts_\u526f\u672c-430x430.webp 430w, https:\/\/jxgchocolate.com\/wp-content\/uploads\/2024\/06\/wholesale-snacks-wholesale-cracker-peanuts_\u526f\u672c-700x700.webp 700w\" sizes=\"(max-width: 750px) 100vw, 750px\" \/><\/figure>\n<\/div>\n<\/div>","protected":false},"excerpt":{"rendered":"<p>Bienvenido a comprar cacahuetes picantes al por mayor. Nuestros cacahuetes picantes con c\u00e1scara de mandarina al por mayor son una opci\u00f3n de aperitivo \u00fanica y sabrosa en la que el picante del chile se combina con el sabor \u00e1cido de la c\u00e1scara de mandarina. Al estar elaborado con ingredientes de alta calidad, ser vers\u00e1til y poseer un perfil de sabor distintivo, el producto deber\u00eda convertirse en un \u00e9xito de ventas entre los clientes que buscan una opci\u00f3n atrevida y memorable para saciar sus necesidades de tentempi\u00e9.<\/p>\n<table style=\"border-collapse: collapse; width: 275.02pt;\" border=\"0\" width=\"275\" cellspacing=\"0\" cellpadding=\"0\">\n<tbody>\n<tr style=\"height: 17.60pt;\">\n<td class=\"et3\" style=\"height: 17.60pt; width: 108.35pt;\" width=\"108\" height=\"17\">Fabricante<\/td>\n<td class=\"et3\" style=\"width: 167.10pt;\" width=\"167\">Fruta de la suerte<\/td>\n<\/tr>\n<tr style=\"height: 17.60pt;\">\n<td class=\"et3\" style=\"height: 17.60pt;\" height=\"17\">N\u00ba DE MODELO<\/td>\n<td class=\"et3\">JXG19<\/td>\n<\/tr>\n<tr style=\"height: 17.60pt;\">\n<td class=\"et3\" style=\"height: 17.60pt;\" height=\"17\">Tipo<\/td>\n<td class=\"et3\">Cacahuetes tostados<\/td>\n<\/tr>\n<tr style=\"height: 17.60pt;\">\n<td class=\"et3\" style=\"height: 17.60pt;\" height=\"17\">Embalaje<\/td>\n<td class=\"et3\">Embalaje en cajas<\/td>\n<\/tr>\n<tr style=\"height: 17.60pt;\">\n<td class=\"et3\" style=\"height: 17.60pt;\" height=\"17\">Especificaci\u00f3n<\/td>\n<td class=\"et3\">20 bolsas*12 cajas<\/td>\n<\/tr>\n<tr style=\"height: 17.60pt;\">\n<td class=\"et3\" style=\"height: 17.60pt;\" height=\"17\">Tama\u00f1o de la caja<\/td>\n<td class=\"et3\">46*36,5*35 cm<\/td>\n<\/tr>\n<tr style=\"height: 17.60pt;\">\n<td class=\"et3\" style=\"height: 17.60pt;\" height=\"17\">N.W \/SET<\/td>\n<td class=\"et3\">28g*20bolsas*12cajas<\/td>\n<\/tr>\n<tr style=\"height: 17.60pt;\">\n<td class=\"et3\" style=\"height: 17.60pt;\" height=\"17\">Color<\/td>\n<td class=\"et3\">\/<\/td>\n<\/tr>\n<tr style=\"height: 17.60pt;\">\n<td class=\"et3\" style=\"height: 17.60pt;\" height=\"17\">MOQ<\/td>\n<td class=\"et3\">500 cajas<\/td>\n<\/tr>\n<tr style=\"height: 17.60pt;\">\n<td class=\"et3\" style=\"height: 17.60pt;\" height=\"17\">Personalizaci\u00f3n<\/td>\n<td class=\"et3\">Embalaje\/LOGO<\/td>\n<\/tr>\n<\/tbody>\n<\/table>","protected":false},"featured_media":28423,"comment_status":"closed","ping_status":"closed","template":"","meta":[],"product_cat":[77],"product_tag":[],"class_list":{"0":"post-27459","1":"product","2":"type-product","3":"status-publish","4":"has-post-thumbnail","6":"product_cat-wholesale-roasted-peanuts","8":"first","9":"instock","10":"shipping-taxable","11":"product-type-simple"},"_links":{"self":[{"href":"https:\/\/jxgchocolate.com\/es\/wp-json\/wp\/v2\/product\/27459","targetHints":{"allow":["GET"]}}],"collection":[{"href":"https:\/\/jxgchocolate.com\/es\/wp-json\/wp\/v2\/product"}],"about":[{"href":"https:\/\/jxgchocolate.com\/es\/wp-json\/wp\/v2\/types\/product"}],"replies":[{"embeddable":true,"href":"https:\/\/jxgchocolate.com\/es\/wp-json\/wp\/v2\/comments?post=27459"}],"version-history":[{"count":0,"href":"https:\/\/jxgchocolate.com\/es\/wp-json\/wp\/v2\/product\/27459\/revisions"}],"wp:featuredmedia":[{"embeddable":true,"href":"https:\/\/jxgchocolate.com\/es\/wp-json\/wp\/v2\/media\/28423"}],"wp:attachment":[{"href":"https:\/\/jxgchocolate.com\/es\/wp-json\/wp\/v2\/media?parent=27459"}],"wp:term":[{"taxonomy":"product_cat","embeddable":true,"href":"https:\/\/jxgchocolate.com\/es\/wp-json\/wp\/v2\/product_cat?post=27459"},{"taxonomy":"product_tag","embeddable":true,"href":"https:\/\/jxgchocolate.com\/es\/wp-json\/wp\/v2\/product_tag?post=27459"}],"curies":[{"name":"wp","href":"https:\/\/api.w.org\/{rel}","templated":true}]}}