{"id":28324,"date":"2024-06-22T00:45:27","date_gmt":"2024-06-22T00:45:27","guid":{"rendered":"https:\/\/jxgchocolate.com\/?post_type=product&#038;p=28324"},"modified":"2024-11-11T03:04:53","modified_gmt":"2024-11-11T03:04:53","slug":"wholesale-chocolate-gummy-mango-flavor","status":"publish","type":"product","link":"https:\/\/jxgchocolate.com\/es\/producto\/wholesale-chocolate-gummy-mango-flavor\/","title":{"rendered":"Deliciosa Gominola de Chocolate al por Mayor con Sabor a Mango"},"content":{"rendered":"<div class=\"wp-block-columns is-layout-flex wp-container-core-columns-is-layout-9d6595d7 wp-block-columns-is-layout-flex\">\n<div class=\"wp-block-column is-vertically-aligned-center is-layout-flow wp-block-column-is-layout-flow\">\n<h3 class=\"wp-block-heading\">Gominolas de chocolate al por mayor de primera calidad Caracter\u00edsticas:<\/h3>\n\n\n\n<ol class=\"wp-block-list\">\n<li><strong>Combinaci\u00f3n \u00fanica de sabores:<\/strong> Nuestra gominola de chocolate al por mayor s una novedad de chocolate mezclado con gominola de mango, frutas tropicales refrescantes, chocolate dulce desprende una experiencia encantadora en doble sabor.<\/li>\n\n\n\n<li><strong>Aroma Natural de Mango: <\/strong>Estas gominolas de chocolate a granel est\u00e1n elaboradas con esencia natural de mango; existe una rica fragancia de mango en este alimento para equilibrar el dulzor del chocolate, que no se puede resistir.<\/li>\n\n\n\n<li><strong>Ingredientes de alta calidad: <\/strong>Las gominolas de chocolate al por mayor mencionadas ser\u00e1n de ingredientes de primera calidad para chocolates, junto con componentes de gominolas de primera calidad para asegurarse de que cada bocado sea lo suficientemente sano y delicioso para la confianza y satisfacci\u00f3n de los consumidores.<\/li>\n\n\n\n<li><strong>Personalizaci\u00f3n flexible al por mayor:<\/strong> Adem\u00e1s de ofrecer gominolas de chocolate a granel, tambi\u00e9n se ofrecer\u00e1 una variedad de opciones de envasado de aperitivos para satisfacer las distintas demandas del mercado y de los clientes y ayudar a aumentar las ventas con mayor rapidez.<\/li>\n<\/ol>\n<\/div>\n\n\n\n<div class=\"wp-block-column is-layout-flow wp-block-column-is-layout-flow\">\n<figure class=\"wp-block-image size-full\"><img fetchpriority=\"high\" decoding=\"async\" width=\"750\" height=\"750\" src=\"https:\/\/jxgchocolate.com\/wp-content\/uploads\/2024\/04\/wholesale-snacks-wholesale-gummy-choco-wholesale-gummy-chocolate-candies.webp\" alt=\"wholesale-snacks-wholesale-gummy-choco-wholesale-chocolate-gummy-candy-wholesale\" class=\"wp-image-27284\" srcset=\"https:\/\/jxgchocolate.com\/wp-content\/uploads\/2024\/04\/wholesale-snacks-wholesale-gummy-choco-wholesale-gummy-chocolate-candies.webp 750w, https:\/\/jxgchocolate.com\/wp-content\/uploads\/2024\/04\/wholesale-snacks-wholesale-gummy-choco-wholesale-gummy-chocolate-candies-300x300.webp 300w, https:\/\/jxgchocolate.com\/wp-content\/uploads\/2024\/04\/wholesale-snacks-wholesale-gummy-choco-wholesale-gummy-chocolate-candies-150x150.webp 150w, https:\/\/jxgchocolate.com\/wp-content\/uploads\/2024\/04\/wholesale-snacks-wholesale-gummy-choco-wholesale-gummy-chocolate-candies-430x430.webp 430w, https:\/\/jxgchocolate.com\/wp-content\/uploads\/2024\/04\/wholesale-snacks-wholesale-gummy-choco-wholesale-gummy-chocolate-candies-700x700.webp 700w\" sizes=\"(max-width: 750px) 100vw, 750px\" \/><\/figure>\n<\/div>\n<\/div>","protected":false},"excerpt":{"rendered":"<p>Bienvenido a comprar gominolas de chocolate al por mayor. Nuestra gominola de chocolate al por mayor con sabor a mango combina el sabor \u00fanico del mango tropical con el dulce chocolate. Elaboradas con esencia de mango natural y de alta calidad, su sabor es irresistible. La personalizaci\u00f3n flexible a granel y las diversas opciones de envasado le ayudar\u00e1n a aumentar sus ventas.<\/p>\n<table style=\"border-collapse: collapse; width: 275.02pt;\" border=\"0\" width=\"275\" cellspacing=\"0\" cellpadding=\"0\">\n<tbody>\n<tr style=\"height: 17.60pt;\">\n<td class=\"et3\" style=\"height: 17.60pt; width: 108.35pt;\" width=\"108\" height=\"17\">Fabricante<\/td>\n<td class=\"et3\" style=\"width: 167.10pt;\" width=\"167\">Fruta de la suerte<\/td>\n<\/tr>\n<tr style=\"height: 17.60pt;\">\n<td class=\"et3\" style=\"height: 17.60pt;\" height=\"17\">N\u00ba DE MODELO<\/td>\n<td class=\"et3\">JXG16-3<\/td>\n<\/tr>\n<tr style=\"height: 17.60pt;\">\n<td class=\"et3\" style=\"height: 17.60pt;\" height=\"17\">Tipo<\/td>\n<td class=\"et3\">Gominolas de chocolate<\/td>\n<\/tr>\n<tr style=\"height: 17.60pt;\">\n<td class=\"et3\" style=\"height: 17.60pt;\" height=\"17\">Embalaje<\/td>\n<td class=\"et3\">Embalaje en cajas<\/td>\n<\/tr>\n<tr style=\"height: 17.60pt;\">\n<td class=\"et3\" style=\"height: 17.60pt;\" height=\"17\">Especificaci\u00f3n<\/td>\n<td class=\"et3\">20 bolsas*12 cajas<\/td>\n<\/tr>\n<tr style=\"height: 17.60pt;\">\n<td class=\"et3\" style=\"height: 17.60pt;\" height=\"17\">Tama\u00f1o de la caja<\/td>\n<td class=\"et3\">45,5*33*37,5 cm<\/td>\n<\/tr>\n<tr style=\"height: 17.60pt;\">\n<td class=\"et3\" style=\"height: 17.60pt;\" height=\"17\">N.W \/SET<\/td>\n<td class=\"et3\">14g\uff087pcs\uff0920bags*12boxes<\/td>\n<\/tr>\n<tr style=\"height: 17.60pt;\">\n<td class=\"et3\" style=\"height: 17.60pt;\" height=\"17\">Color<\/td>\n<td class=\"et3\">Oscuro<\/td>\n<\/tr>\n<tr style=\"height: 17.60pt;\">\n<td class=\"et3\" style=\"height: 17.60pt;\" height=\"17\">MOQ<\/td>\n<td class=\"et3\">500 cajas<\/td>\n<\/tr>\n<tr style=\"height: 17.60pt;\">\n<td class=\"et3\" style=\"height: 17.60pt;\" height=\"17\">Personalizaci\u00f3n<\/td>\n<td class=\"et3\">Embalaje\/LOGO<\/td>\n<\/tr>\n<\/tbody>\n<\/table>","protected":false},"featured_media":27452,"comment_status":"closed","ping_status":"closed","template":"","meta":[],"product_cat":[75],"product_tag":[],"class_list":{"0":"post-28324","1":"product","2":"type-product","3":"status-publish","4":"has-post-thumbnail","6":"product_cat-wholesale-gummy-chocolate","8":"first","9":"instock","10":"shipping-taxable","11":"product-type-simple"},"_links":{"self":[{"href":"https:\/\/jxgchocolate.com\/es\/wp-json\/wp\/v2\/product\/28324","targetHints":{"allow":["GET"]}}],"collection":[{"href":"https:\/\/jxgchocolate.com\/es\/wp-json\/wp\/v2\/product"}],"about":[{"href":"https:\/\/jxgchocolate.com\/es\/wp-json\/wp\/v2\/types\/product"}],"replies":[{"embeddable":true,"href":"https:\/\/jxgchocolate.com\/es\/wp-json\/wp\/v2\/comments?post=28324"}],"version-history":[{"count":0,"href":"https:\/\/jxgchocolate.com\/es\/wp-json\/wp\/v2\/product\/28324\/revisions"}],"wp:featuredmedia":[{"embeddable":true,"href":"https:\/\/jxgchocolate.com\/es\/wp-json\/wp\/v2\/media\/27452"}],"wp:attachment":[{"href":"https:\/\/jxgchocolate.com\/es\/wp-json\/wp\/v2\/media?parent=28324"}],"wp:term":[{"taxonomy":"product_cat","embeddable":true,"href":"https:\/\/jxgchocolate.com\/es\/wp-json\/wp\/v2\/product_cat?post=28324"},{"taxonomy":"product_tag","embeddable":true,"href":"https:\/\/jxgchocolate.com\/es\/wp-json\/wp\/v2\/product_tag?post=28324"}],"curies":[{"name":"wp","href":"https:\/\/api.w.org\/{rel}","templated":true}]}}