{"id":28331,"date":"2024-06-22T01:08:06","date_gmt":"2024-06-22T01:08:06","guid":{"rendered":"https:\/\/jxgchocolate.com\/?post_type=product&#038;p=28331"},"modified":"2024-11-11T06:36:44","modified_gmt":"2024-11-11T06:36:44","slug":"salty-bulk-roasted-peanuts","status":"publish","type":"product","link":"https:\/\/jxgchocolate.com\/es\/producto\/salty-bulk-roasted-peanuts\/","title":{"rendered":"Cacahuetes tostados salados a granel con envase personalizable"},"content":{"rendered":"<div class=\"wp-block-columns is-layout-flex wp-container-core-columns-is-layout-9d6595d7 wp-block-columns-is-layout-flex\">\n<div class=\"wp-block-column is-vertically-aligned-center is-layout-flow wp-block-column-is-layout-flow\">\n<h3 class=\"wp-block-heading\">Cacahuetes tostados a granel de primera calidad Caracter\u00edsticas:<\/h3>\n\n\n\n<ol class=\"wp-block-list\">\n<li><strong>Rico sabor: <\/strong>Sabroso sabor de nuestros cacahuetes tostados a granel, tostados a la perfecci\u00f3n por expertos y ligeramente salados, que ofrecen un sabroso tentempi\u00e9 que sacia los antojos.<\/li>\n\n\n\n<li><strong>Cacahuetes de alta calidad:<\/strong> Procedentes de proveedores de cacahuetes de primera calidad, lo que garantiza que nuestros cacahuetes tostados al por mayor tendr\u00e1n frescura, textura crujiente y un sabor superior en cada bocado.<\/li>\n\n\n\n<li><strong>Beneficios para la salud: <\/strong>Nuestros cacahuetes tostados a granel son potentes y contienen una cantidad perfecta de prote\u00ednas, fibra y otros nutrientes esenciales, por lo que son una de las opciones de tentempi\u00e9s nutritivos m\u00e1s saludables.<\/li>\n\n\n\n<li><strong>Embalaje personalizable: <\/strong>Lucky Fruit ofrece cacahuetes tostados al por mayor, acompa\u00f1ados de variadas soluciones de envasado para adaptar el producto a su marca y a los requisitos del mercado que hacen m\u00e1s atractivo su negocio.<\/li>\n<\/ol>\n<\/div>\n\n\n\n<div class=\"wp-block-column is-layout-flow wp-block-column-is-layout-flow\">\n<figure class=\"wp-block-image size-full\"><img fetchpriority=\"high\" decoding=\"async\" width=\"750\" height=\"750\" src=\"https:\/\/jxgchocolate.com\/wp-content\/uploads\/2024\/06\/bulk-roasted-peanuts-wholesale-roasted-peanuts-in-bulk-4.webp\" alt=\"cacahuetes tostados al por mayor cacahuetes tostados a granel-4\" class=\"wp-image-28335\" srcset=\"https:\/\/jxgchocolate.com\/wp-content\/uploads\/2024\/06\/bulk-roasted-peanuts-wholesale-roasted-peanuts-in-bulk-4.webp 750w, https:\/\/jxgchocolate.com\/wp-content\/uploads\/2024\/06\/bulk-roasted-peanuts-wholesale-roasted-peanuts-in-bulk-4-300x300.webp 300w, https:\/\/jxgchocolate.com\/wp-content\/uploads\/2024\/06\/bulk-roasted-peanuts-wholesale-roasted-peanuts-in-bulk-4-150x150.webp 150w, https:\/\/jxgchocolate.com\/wp-content\/uploads\/2024\/06\/bulk-roasted-peanuts-wholesale-roasted-peanuts-in-bulk-4-430x430.webp 430w, https:\/\/jxgchocolate.com\/wp-content\/uploads\/2024\/06\/bulk-roasted-peanuts-wholesale-roasted-peanuts-in-bulk-4-700x700.webp 700w\" sizes=\"(max-width: 750px) 100vw, 750px\" \/><\/figure>\n<\/div>\n<\/div>","protected":false},"excerpt":{"rendered":"<p>Bienvenido a comprar cacahuetes tostados al por mayor. Nuestros cacahuetes tostados salados al por mayor ofrecen un sabor completo y sabroso con cacahuetes frescos y de alta calidad. Contienen muchas prote\u00ednas y otros nutrientes vitales, por lo que son un tentempi\u00e9 muy saludable. Dado que el envasado se realiza bajo pedido, puede personalizarlo seg\u00fan los requisitos de su marca y su mercado objetivo, lo que a\u00f1ade un gran valor a su negocio.<\/p>\n<table style=\"border-collapse: collapse; width: 275.02pt;\" border=\"0\" width=\"275\" cellspacing=\"0\" cellpadding=\"0\">\n<tbody>\n<tr style=\"height: 17.60pt;\">\n<td class=\"et3\" style=\"height: 17.60pt; width: 108.35pt;\" width=\"108\" height=\"17\">Fabricante<\/td>\n<td class=\"et3\" style=\"width: 167.10pt;\" width=\"167\">Fruta de la suerte<\/td>\n<\/tr>\n<tr style=\"height: 17.60pt;\">\n<td class=\"et3\" style=\"height: 17.60pt;\" height=\"17\">N\u00ba DE MODELO<\/td>\n<td class=\"et3\">JXG20<\/td>\n<\/tr>\n<tr style=\"height: 17.60pt;\">\n<td class=\"et3\" style=\"height: 17.60pt;\" height=\"17\">Tipo<\/td>\n<td class=\"et3\">Cacahuetes tostados<\/td>\n<\/tr>\n<tr style=\"height: 17.60pt;\">\n<td class=\"et3\" style=\"height: 17.60pt;\" height=\"17\">Embalaje<\/td>\n<td class=\"et3\">Embalaje en cajas<\/td>\n<\/tr>\n<tr style=\"height: 17.60pt;\">\n<td class=\"et3\" style=\"height: 17.60pt;\" height=\"17\">Especificaci\u00f3n<\/td>\n<td class=\"et3\">20pcs*24bolsas<\/td>\n<\/tr>\n<tr style=\"height: 17.60pt;\">\n<td class=\"et3\" style=\"height: 17.60pt;\" height=\"17\">Tama\u00f1o de la caja<\/td>\n<td class=\"et3\">\n<p class=\"p1\">58*37*36cm<\/p>\n<\/td>\n<\/tr>\n<tr style=\"height: 17.60pt;\">\n<td class=\"et3\" style=\"height: 17.60pt;\" height=\"17\">N.W \/SET<\/td>\n<td class=\"et3\">\n<p class=\"p1\">16g*20pcs*24bolsas<\/p>\n<\/td>\n<\/tr>\n<tr style=\"height: 17.60pt;\">\n<td class=\"et3\" style=\"height: 17.60pt;\" height=\"17\">Color<\/td>\n<td class=\"et3\">\/<\/td>\n<\/tr>\n<tr style=\"height: 17.60pt;\">\n<td class=\"et3\" style=\"height: 17.60pt;\" height=\"17\">MOQ<\/td>\n<td class=\"et3\">500 cajas<\/td>\n<\/tr>\n<tr style=\"height: 17.60pt;\">\n<td class=\"et3\" style=\"height: 17.60pt;\" height=\"17\">Personalizaci\u00f3n<\/td>\n<td class=\"et3\">Embalaje\/LOGO<\/td>\n<\/tr>\n<\/tbody>\n<\/table>","protected":false},"featured_media":28426,"comment_status":"closed","ping_status":"closed","template":"","meta":[],"product_cat":[77],"product_tag":[],"class_list":{"0":"post-28331","1":"product","2":"type-product","3":"status-publish","4":"has-post-thumbnail","6":"product_cat-wholesale-roasted-peanuts","8":"first","9":"instock","10":"shipping-taxable","11":"product-type-simple"},"_links":{"self":[{"href":"https:\/\/jxgchocolate.com\/es\/wp-json\/wp\/v2\/product\/28331","targetHints":{"allow":["GET"]}}],"collection":[{"href":"https:\/\/jxgchocolate.com\/es\/wp-json\/wp\/v2\/product"}],"about":[{"href":"https:\/\/jxgchocolate.com\/es\/wp-json\/wp\/v2\/types\/product"}],"replies":[{"embeddable":true,"href":"https:\/\/jxgchocolate.com\/es\/wp-json\/wp\/v2\/comments?post=28331"}],"version-history":[{"count":0,"href":"https:\/\/jxgchocolate.com\/es\/wp-json\/wp\/v2\/product\/28331\/revisions"}],"wp:featuredmedia":[{"embeddable":true,"href":"https:\/\/jxgchocolate.com\/es\/wp-json\/wp\/v2\/media\/28426"}],"wp:attachment":[{"href":"https:\/\/jxgchocolate.com\/es\/wp-json\/wp\/v2\/media?parent=28331"}],"wp:term":[{"taxonomy":"product_cat","embeddable":true,"href":"https:\/\/jxgchocolate.com\/es\/wp-json\/wp\/v2\/product_cat?post=28331"},{"taxonomy":"product_tag","embeddable":true,"href":"https:\/\/jxgchocolate.com\/es\/wp-json\/wp\/v2\/product_tag?post=28331"}],"curies":[{"name":"wp","href":"https:\/\/api.w.org\/{rel}","templated":true}]}}