{"id":28350,"date":"2024-06-22T02:02:36","date_gmt":"2024-06-22T02:02:36","guid":{"rendered":"https:\/\/jxgchocolate.com\/?post_type=product&#038;p=28350"},"modified":"2024-11-02T08:32:34","modified_gmt":"2024-11-02T08:32:34","slug":"milk-chocolate-sunflower-seeds-bulk","status":"publish","type":"product","link":"https:\/\/jxgchocolate.com\/es\/producto\/milk-chocolate-sunflower-seeds-bulk\/","title":{"rendered":"Semillas de girasol con chocolate con leche a granel con envase personalizado"},"content":{"rendered":"<div class=\"wp-block-columns is-layout-flex wp-container-core-columns-is-layout-9d6595d7 wp-block-columns-is-layout-flex\">\n<div class=\"wp-block-column is-layout-flow wp-block-column-is-layout-flow\">\n<h2 class=\"wp-block-heading\">Semillas de Girasol Premium de Chocolate con Leche a Granel Caracter\u00edsticas:<\/h2>\n\n\n\n<ul class=\"wp-block-list\">\n<li><strong>Mezclar y mezclarse: <\/strong>La frescura de la cremosidad del chocolate con leche combinada con el crujido de las pipas de girasol tostadas, este granel de pipas de girasol con chocolate con leche realmente despierta el gusto de una persona por una delicia satisfactoria.<\/li>\n\n\n\n<li><strong>Los mejores ingredientes:<\/strong> Nuestras pipas de girasol cubiertas de chocolate a granel presentan versiones m\u00e1s finas de chocolate con leche y pipas de girasol de primera calidad.<\/li>\n\n\n\n<li><strong>Merienda sana: <\/strong>Con un aporte saludable de prote\u00ednas, fibra y grasas saludables derivadas de las semillas de girasol, este , este chocolate con leche y semillas de girasol a granel es realmente una opci\u00f3n de tentempi\u00e9 saludable.<\/li>\n\n\n\n<li><strong>Embalaje a granel disponible: <\/strong>Adem\u00e1s del envasado a granel, podemos personalizar nuestras pipas de girasol recubiertas de chocolate a granel seg\u00fan las necesidades de su marca y mercado para a\u00f1adir m\u00e1s atractivo a su negocio.<\/li>\n<\/ul>\n<\/div>\n\n\n\n<div class=\"wp-block-column is-layout-flow wp-block-column-is-layout-flow\">\n<figure class=\"wp-block-image size-full\"><img fetchpriority=\"high\" decoding=\"async\" width=\"4480\" height=\"4649\" src=\"https:\/\/jxgchocolate.com\/wp-content\/uploads\/2024\/06\/milk-chocolate-sunflower-seeds-bulk-1.webp\" alt=\"leche-chocolate-sunflower-seeds-bulk-1\" class=\"wp-image-28351\" srcset=\"https:\/\/jxgchocolate.com\/wp-content\/uploads\/2024\/06\/milk-chocolate-sunflower-seeds-bulk-1.webp 4480w, https:\/\/jxgchocolate.com\/wp-content\/uploads\/2024\/06\/milk-chocolate-sunflower-seeds-bulk-1-289x300.webp 289w, https:\/\/jxgchocolate.com\/wp-content\/uploads\/2024\/06\/milk-chocolate-sunflower-seeds-bulk-1-768x797.webp 768w, https:\/\/jxgchocolate.com\/wp-content\/uploads\/2024\/06\/milk-chocolate-sunflower-seeds-bulk-1-430x446.webp 430w, https:\/\/jxgchocolate.com\/wp-content\/uploads\/2024\/06\/milk-chocolate-sunflower-seeds-bulk-1-700x726.webp 700w, https:\/\/jxgchocolate.com\/wp-content\/uploads\/2024\/06\/milk-chocolate-sunflower-seeds-bulk-1-150x156.webp 150w\" sizes=\"(max-width: 4480px) 100vw, 4480px\" \/><\/figure>\n<\/div>\n<\/div>","protected":false},"excerpt":{"rendered":"<p>Comprar pipas de girasol con chocolate con leche a granel, un tentempi\u00e9 adictivo. Cada una de ellas contiene ingredientes de primera calidad, elementos esenciales nutritivos y golosinas saludables. El envase puede personalizarse seg\u00fan su marca y las necesidades del mercado.<\/p>\n<table width=\"275\">\n<tbody>\n<tr>\n<td width=\"108\">Fabricante<\/td>\n<td width=\"167\">Fruta de la suerte<\/td>\n<\/tr>\n<tr>\n<td>N\u00ba DE MODELO<\/td>\n<td>JXG22<\/td>\n<\/tr>\n<tr>\n<td>Tipo<\/td>\n<td>Semillas de girasol Chocolate\u00a0<\/td>\n<\/tr>\n<tr>\n<td>Embalaje<\/td>\n<td>Embalaje en bolsas<\/td>\n<\/tr>\n<tr>\n<td>Especificaci\u00f3n<\/td>\n<td>24 bolsas<\/td>\n<\/tr>\n<tr>\n<td>Tama\u00f1o de la caja<\/td>\n<td>44*29*27,5 cm<\/td>\n<\/tr>\n<tr>\n<td>N.W \/SET<\/td>\n<td>158g*24bolsas<\/td>\n<\/tr>\n<tr>\n<td>Color<\/td>\n<td>Blanco<\/td>\n<\/tr>\n<tr>\n<td>MOQ<\/td>\n<td>500 cajas<\/td>\n<\/tr>\n<tr>\n<td>Personalizaci\u00f3n<\/td>\n<td>Embalaje\/LOGO<\/td>\n<\/tr>\n<\/tbody>\n<\/table>","protected":false},"featured_media":28429,"comment_status":"closed","ping_status":"closed","template":"","meta":[],"product_cat":[72],"product_tag":[],"class_list":{"0":"post-28350","1":"product","2":"type-product","3":"status-publish","4":"has-post-thumbnail","6":"product_cat-wholesale-chocolate-covered-sunflower-seeds","8":"first","9":"instock","10":"shipping-taxable","11":"product-type-simple"},"_links":{"self":[{"href":"https:\/\/jxgchocolate.com\/es\/wp-json\/wp\/v2\/product\/28350","targetHints":{"allow":["GET"]}}],"collection":[{"href":"https:\/\/jxgchocolate.com\/es\/wp-json\/wp\/v2\/product"}],"about":[{"href":"https:\/\/jxgchocolate.com\/es\/wp-json\/wp\/v2\/types\/product"}],"replies":[{"embeddable":true,"href":"https:\/\/jxgchocolate.com\/es\/wp-json\/wp\/v2\/comments?post=28350"}],"version-history":[{"count":0,"href":"https:\/\/jxgchocolate.com\/es\/wp-json\/wp\/v2\/product\/28350\/revisions"}],"wp:featuredmedia":[{"embeddable":true,"href":"https:\/\/jxgchocolate.com\/es\/wp-json\/wp\/v2\/media\/28429"}],"wp:attachment":[{"href":"https:\/\/jxgchocolate.com\/es\/wp-json\/wp\/v2\/media?parent=28350"}],"wp:term":[{"taxonomy":"product_cat","embeddable":true,"href":"https:\/\/jxgchocolate.com\/es\/wp-json\/wp\/v2\/product_cat?post=28350"},{"taxonomy":"product_tag","embeddable":true,"href":"https:\/\/jxgchocolate.com\/es\/wp-json\/wp\/v2\/product_tag?post=28350"}],"curies":[{"name":"wp","href":"https:\/\/api.w.org\/{rel}","templated":true}]}}