{"id":28357,"date":"2024-06-22T02:12:32","date_gmt":"2024-06-22T02:12:32","guid":{"rendered":"https:\/\/jxgchocolate.com\/?post_type=product&#038;p=28357"},"modified":"2024-11-02T08:42:19","modified_gmt":"2024-11-02T08:42:19","slug":"dark-chocolate-sunflower-seeds-bulk","status":"publish","type":"product","link":"https:\/\/jxgchocolate.com\/es\/producto\/dark-chocolate-sunflower-seeds-bulk\/","title":{"rendered":"Semillas de girasol de chocolate negro a granel con envase personalizado"},"content":{"rendered":"<div class=\"wp-block-columns is-layout-flex wp-container-core-columns-is-layout-9d6595d7 wp-block-columns-is-layout-flex\">\n<div class=\"wp-block-column is-layout-flow wp-block-column-is-layout-flow\">\n<h2 class=\"wp-block-heading\">Semillas de girasol de chocolate negro premium a granel Caracter\u00edsticas:<\/h2>\n\n\n\n<ul class=\"wp-block-list\">\n<li><strong>Rico sabor: <\/strong>La combinaci\u00f3n del suave sabor del chocolate negro con la textura crujiente de las pipas de girasol tostadas, \u00bfqu\u00e9 se puede decir? Estas pipas de girasol de chocolate negro a granel son una delicia realmente sofisticada y deliciosa.<\/li>\n\n\n\n<li><strong>Ingredientes de alta calidad: <\/strong>Nuestras pipas de girasol cubiertas de chocolate a granel combinan el chocolate negro de la mejor calidad con pipas de girasol de primera clase para que cada bocado sea delicioso y de calidad superior.<\/li>\n\n\n\n<li><strong>Opci\u00f3n de tentempi\u00e9 saludable:<\/strong> Con toda la nutrici\u00f3n esencial de prote\u00ednas, fibra y antioxidantes de nuestras semillas de girasol con chocolate negro a granel, es realmente un capricho saludable.<\/li>\n\n\n\n<li><strong>Paquete personalizable: <\/strong>Suministramos pipas de girasol ba\u00f1adas en chocolate a granel y ofrecemos opciones de envasado flexibles. Ser\u00e1 muy f\u00e1cil adaptar sus pipas de girasol ba\u00f1adas en chocolate a su marca y a su mercado actual para facilitar la promoci\u00f3n, lo que aumentar\u00e1 la accesibilidad de su producto.<\/li>\n<\/ul>\n<\/div>\n\n\n\n<div class=\"wp-block-column is-layout-flow wp-block-column-is-layout-flow\">\n<figure class=\"wp-block-image size-full\"><img fetchpriority=\"high\" decoding=\"async\" width=\"4480\" height=\"4480\" src=\"https:\/\/jxgchocolate.com\/wp-content\/uploads\/2024\/06\/dark-chocolate-sunflower-seeds-bulk-4.webp\" alt=\"chocolate negro-girasol-semillas-granel-4\" class=\"wp-image-28361\" srcset=\"https:\/\/jxgchocolate.com\/wp-content\/uploads\/2024\/06\/dark-chocolate-sunflower-seeds-bulk-4.webp 4480w, https:\/\/jxgchocolate.com\/wp-content\/uploads\/2024\/06\/dark-chocolate-sunflower-seeds-bulk-4-300x300.webp 300w, https:\/\/jxgchocolate.com\/wp-content\/uploads\/2024\/06\/dark-chocolate-sunflower-seeds-bulk-4-150x150.webp 150w, https:\/\/jxgchocolate.com\/wp-content\/uploads\/2024\/06\/dark-chocolate-sunflower-seeds-bulk-4-768x768.webp 768w, https:\/\/jxgchocolate.com\/wp-content\/uploads\/2024\/06\/dark-chocolate-sunflower-seeds-bulk-4-430x430.webp 430w, https:\/\/jxgchocolate.com\/wp-content\/uploads\/2024\/06\/dark-chocolate-sunflower-seeds-bulk-4-700x700.webp 700w\" sizes=\"(max-width: 4480px) 100vw, 4480px\" \/><\/figure>\n<\/div>\n<\/div>","protected":false},"excerpt":{"rendered":"<p>Bienvenido a comprar snacks de chocolate de Lucky Fruit. Nuestras pipas de girasol con chocolate negro a granel combinan el sabor rico y meloso del chocolate negro con la textura crujiente de las pipas de girasol tostadas. Est\u00e1n preparadas con una fina selecci\u00f3n de ingredientes para proporcionar un snack saludable lleno de nutrientes esenciales. Puede hacer el paquete seg\u00fan sus necesidades.<\/p>\n<table width=\"275\">\n<tbody>\n<tr>\n<td width=\"108\">Fabricante<\/td>\n<td width=\"167\">Fruta de la suerte<\/td>\n<\/tr>\n<tr>\n<td>N\u00ba DE MODELO<\/td>\n<td>JXG23<\/td>\n<\/tr>\n<tr>\n<td>Tipo<\/td>\n<td>Semillas de girasol Chocolate\u00a0<\/td>\n<\/tr>\n<tr>\n<td>Embalaje<\/td>\n<td>Embalaje en bolsas<\/td>\n<\/tr>\n<tr>\n<td>Especificaci\u00f3n<\/td>\n<td>24 bolsas<\/td>\n<\/tr>\n<tr>\n<td>Tama\u00f1o de la caja<\/td>\n<td>44*29*27,5 cm<\/td>\n<\/tr>\n<tr>\n<td>N.W \/SET<\/td>\n<td>158g*24bolsas<\/td>\n<\/tr>\n<tr>\n<td>Color<\/td>\n<td>Oscuro<\/td>\n<\/tr>\n<tr>\n<td>MOQ<\/td>\n<td>500 cajas<\/td>\n<\/tr>\n<tr>\n<td>Personalizaci\u00f3n<\/td>\n<td>Embalaje\/LOGO<\/td>\n<\/tr>\n<\/tbody>\n<\/table>","protected":false},"featured_media":28430,"comment_status":"closed","ping_status":"closed","template":"","meta":[],"product_cat":[72],"product_tag":[],"class_list":{"0":"post-28357","1":"product","2":"type-product","3":"status-publish","4":"has-post-thumbnail","6":"product_cat-wholesale-chocolate-covered-sunflower-seeds","8":"first","9":"instock","10":"shipping-taxable","11":"product-type-simple"},"_links":{"self":[{"href":"https:\/\/jxgchocolate.com\/es\/wp-json\/wp\/v2\/product\/28357","targetHints":{"allow":["GET"]}}],"collection":[{"href":"https:\/\/jxgchocolate.com\/es\/wp-json\/wp\/v2\/product"}],"about":[{"href":"https:\/\/jxgchocolate.com\/es\/wp-json\/wp\/v2\/types\/product"}],"replies":[{"embeddable":true,"href":"https:\/\/jxgchocolate.com\/es\/wp-json\/wp\/v2\/comments?post=28357"}],"version-history":[{"count":0,"href":"https:\/\/jxgchocolate.com\/es\/wp-json\/wp\/v2\/product\/28357\/revisions"}],"wp:featuredmedia":[{"embeddable":true,"href":"https:\/\/jxgchocolate.com\/es\/wp-json\/wp\/v2\/media\/28430"}],"wp:attachment":[{"href":"https:\/\/jxgchocolate.com\/es\/wp-json\/wp\/v2\/media?parent=28357"}],"wp:term":[{"taxonomy":"product_cat","embeddable":true,"href":"https:\/\/jxgchocolate.com\/es\/wp-json\/wp\/v2\/product_cat?post=28357"},{"taxonomy":"product_tag","embeddable":true,"href":"https:\/\/jxgchocolate.com\/es\/wp-json\/wp\/v2\/product_tag?post=28357"}],"curies":[{"name":"wp","href":"https:\/\/api.w.org\/{rel}","templated":true}]}}