{"id":28365,"date":"2024-06-22T02:25:03","date_gmt":"2024-06-22T02:25:03","guid":{"rendered":"https:\/\/jxgchocolate.com\/?post_type=product&#038;p=28365"},"modified":"2025-03-08T05:45:57","modified_gmt":"2025-03-08T05:45:57","slug":"bulk-milk-chocolate-covered-peanuts","status":"publish","type":"product","link":"https:\/\/jxgchocolate.com\/es\/producto\/bulk-milk-chocolate-covered-peanuts\/","title":{"rendered":"Cacahuetes a granel recubiertos de chocolate con leche en envases individuales"},"content":{"rendered":"<div class=\"wp-block-columns is-layout-flex wp-container-core-columns-is-layout-9d6595d7 wp-block-columns-is-layout-flex\">\n<div class=\"wp-block-column is-layout-flow wp-block-column-is-layout-flow\">\n<h2 class=\"wp-block-heading\">Cacahuetes recubiertos de chocolate con leche a granel de primera calidad Caracter\u00edsticas:<\/h2>\n\n\n\n<ul class=\"wp-block-list\">\n<li><strong>Sabor intenso y rico: <\/strong>Nuestros cacahuetes recubiertos de chocolate con leche a granel est\u00e1n recubiertos de una suave capa de chocolate con leche de primera calidad. Aporta un doble sabor: el suave dulzor del chocolate y el crujiente sabor de los cacahuetes, que se mezclan perfectamente en la boca.<\/li>\n\n\n\n<li><strong>Seleccione ingredientes de alta calidad: <\/strong>Seleccionamos los cacahuetes m\u00e1s finos, completamente frescos y de alta calidad y luego los fundimos en suave chocolate con leche de alta calidad para perfeccionar la frescura necesaria para equilibrar cada cacahuete a granel recubierto de doble ba\u00f1o de chocolate con crujiente y rico sabor a chocolate.<\/li>\n\n\n\n<li><strong>Envases flexibles personalizados: <\/strong>Para los cacahuetes recubiertos de chocolate con leche a granel, disponemos de una gama de envases personalizados, como cajas de regalo, peque\u00f1os envases individuales y a granel, que contribuyen a satisfacer las distintas necesidades de marcas y clientes. Ya sea para envases de venta al por menor o personalizaci\u00f3n de regalos para ocasiones especiales, puede dise\u00f1ar una forma \u00fanica de envasado basada en el posicionamiento de su marca y las necesidades del mercado.<\/li>\n\n\n\n<li><strong>Suministro a granel, adecuado para diversos usos comerciales: <\/strong>Nuestros cacahuetes ba\u00f1ados en chocolate a granel permiten la compra al por mayor. Si usted es un supermercado, una tienda de regalos o un minorista de alimentos, nuestros productos le permitir\u00e1n tener un suministro estable y un servicio eficiente, satisfaciendo las compras a gran escala.<\/li>\n<\/ul>\n<\/div>\n\n\n\n<div class=\"wp-block-column is-layout-flow wp-block-column-is-layout-flow\">\n<figure class=\"wp-block-image size-full\"><img fetchpriority=\"high\" decoding=\"async\" width=\"3873\" height=\"3873\" src=\"https:\/\/jxgchocolate.com\/wp-content\/uploads\/2024\/06\/bulk-milk-chocolate-covered-peanuts-2.webp\" alt=\"cacahuetes recubiertos de chocolate con leche a granel-2\" class=\"wp-image-28367\" srcset=\"https:\/\/jxgchocolate.com\/wp-content\/uploads\/2024\/06\/bulk-milk-chocolate-covered-peanuts-2.webp 3873w, https:\/\/jxgchocolate.com\/wp-content\/uploads\/2024\/06\/bulk-milk-chocolate-covered-peanuts-2-300x300.webp 300w, https:\/\/jxgchocolate.com\/wp-content\/uploads\/2024\/06\/bulk-milk-chocolate-covered-peanuts-2-150x150.webp 150w, https:\/\/jxgchocolate.com\/wp-content\/uploads\/2024\/06\/bulk-milk-chocolate-covered-peanuts-2-768x768.webp 768w, https:\/\/jxgchocolate.com\/wp-content\/uploads\/2024\/06\/bulk-milk-chocolate-covered-peanuts-2-430x430.webp 430w, https:\/\/jxgchocolate.com\/wp-content\/uploads\/2024\/06\/bulk-milk-chocolate-covered-peanuts-2-700x700.webp 700w\" sizes=\"(max-width: 3873px) 100vw, 3873px\" \/><\/figure>\n<\/div>\n<\/div>\n\n\n\n<p><\/p>","protected":false},"excerpt":{"rendered":"<p>Comprar cacahuetes con chocolate a granel. Nuestros cacahuetes recubiertos de chocolate con leche a granel mezclan a la perfecci\u00f3n los crujientes cacahuetes con el suave chocolate con leche, ofreci\u00e9ndole un doble y delicioso placer. Adquisici\u00f3n al por mayor se apoya, personalizaci\u00f3n de embalaje flexible se puede realizar, que es adecuado para la venta al por menor, regalos, compras de la empresa, que le ayuda a destacar en diferentes ocasiones de negocios.<\/p>\n<table width=\"275\">\n<tbody>\n<tr>\n<td width=\"108\">Fabricante<\/td>\n<td width=\"167\">Fruta de la suerte<\/td>\n<\/tr>\n<tr>\n<td>N\u00ba DE MODELO<\/td>\n<td>JXG24<\/td>\n<\/tr>\n<tr>\n<td>Tipo<\/td>\n<td>Cacahuetes con chocolate<\/td>\n<\/tr>\n<tr>\n<td>Embalaje<\/td>\n<td>Embalaje en bolsas<\/td>\n<\/tr>\n<tr>\n<td>Especificaci\u00f3n<\/td>\n<td>24 bolsas<\/td>\n<\/tr>\n<tr>\n<td>Tama\u00f1o de la caja<\/td>\n<td>44*29*27,5 cm<\/td>\n<\/tr>\n<tr>\n<td>N.W \/SET<\/td>\n<td>158g*24bolsas<\/td>\n<\/tr>\n<tr>\n<td>Color<\/td>\n<td>Blanco<\/td>\n<\/tr>\n<tr>\n<td>MOQ<\/td>\n<td>500 cajas<\/td>\n<\/tr>\n<tr>\n<td>Personalizaci\u00f3n<\/td>\n<td>Embalaje\/LOGO<\/td>\n<\/tr>\n<\/tbody>\n<\/table>","protected":false},"featured_media":28428,"comment_status":"closed","ping_status":"closed","template":"","meta":[],"product_cat":[73],"product_tag":[],"class_list":{"0":"post-28365","1":"product","2":"type-product","3":"status-publish","4":"has-post-thumbnail","6":"product_cat-wholesale-chocolate-covered-peanuts","8":"first","9":"instock","10":"shipping-taxable","11":"product-type-simple"},"_links":{"self":[{"href":"https:\/\/jxgchocolate.com\/es\/wp-json\/wp\/v2\/product\/28365","targetHints":{"allow":["GET"]}}],"collection":[{"href":"https:\/\/jxgchocolate.com\/es\/wp-json\/wp\/v2\/product"}],"about":[{"href":"https:\/\/jxgchocolate.com\/es\/wp-json\/wp\/v2\/types\/product"}],"replies":[{"embeddable":true,"href":"https:\/\/jxgchocolate.com\/es\/wp-json\/wp\/v2\/comments?post=28365"}],"version-history":[{"count":5,"href":"https:\/\/jxgchocolate.com\/es\/wp-json\/wp\/v2\/product\/28365\/revisions"}],"predecessor-version":[{"id":29616,"href":"https:\/\/jxgchocolate.com\/es\/wp-json\/wp\/v2\/product\/28365\/revisions\/29616"}],"wp:featuredmedia":[{"embeddable":true,"href":"https:\/\/jxgchocolate.com\/es\/wp-json\/wp\/v2\/media\/28428"}],"wp:attachment":[{"href":"https:\/\/jxgchocolate.com\/es\/wp-json\/wp\/v2\/media?parent=28365"}],"wp:term":[{"taxonomy":"product_cat","embeddable":true,"href":"https:\/\/jxgchocolate.com\/es\/wp-json\/wp\/v2\/product_cat?post=28365"},{"taxonomy":"product_tag","embeddable":true,"href":"https:\/\/jxgchocolate.com\/es\/wp-json\/wp\/v2\/product_tag?post=28365"}],"curies":[{"name":"wp","href":"https:\/\/api.w.org\/{rel}","templated":true}]}}