{"id":28432,"date":"2024-06-29T07:19:36","date_gmt":"2024-06-29T07:19:36","guid":{"rendered":"https:\/\/jxgchocolate.com\/?post_type=product&#038;p=28432"},"modified":"2024-11-02T08:54:54","modified_gmt":"2024-11-02T08:54:54","slug":"bulk-chocolate-covered-sunflower-seeds","status":"publish","type":"product","link":"https:\/\/jxgchocolate.com\/es\/producto\/bulk-chocolate-covered-sunflower-seeds\/","title":{"rendered":"Semillas de girasol recubiertas de chocolate a granel multicolor"},"content":{"rendered":"<div class=\"wp-block-columns is-layout-flex wp-container-core-columns-is-layout-9d6595d7 wp-block-columns-is-layout-flex\">\n<div class=\"wp-block-column is-layout-flow wp-block-column-is-layout-flow\">\n<h2 class=\"wp-block-heading\">Semillas de Girasol Premium a Granel Cubiertas de Chocolate Caracter\u00edsticas:<\/h2>\n\n\n\n<ul class=\"wp-block-list\">\n<li><strong>Variedad de colores: <\/strong>Deslumbrantes recubrimientos multicolores surtidos adornan nuestras pipas de girasol cubiertas de chocolate a granel, que resultan agradables a la vista.<\/li>\n\n\n\n<li><strong>Gran sabor y saludable:<\/strong> Nuestras pipas de girasol con chocolate al por mayor combinan el crujiente de las pipas de girasol con el suave chocolate, una combinaci\u00f3n sabrosa y saludable.<\/li>\n\n\n\n<li><strong>Un capricho perfecto:<\/strong> Desde fiestas y bodas hasta eventos corporativos, estas coloridas golosinas de pipas de girasol cubiertas de chocolate a granel a\u00f1aden diversi\u00f3n y festividad a cualquier tipo de reuni\u00f3n.<\/li>\n\n\n\n<li><strong>Paquete de aperitivos personalizado:<\/strong> Este es un paquete a granel de semillas de girasol de chocolate al por mayor que le mantendr\u00e1 completamente abastecido para que nunca se quede sin ellas, ya sea en negocios de gran volumen, catering, eventos o venta al por mayor.<\/li>\n<\/ul>\n<\/div>\n\n\n\n<div class=\"wp-block-column is-layout-flow wp-block-column-is-layout-flow\">\n<figure class=\"wp-block-image size-full\"><img fetchpriority=\"high\" decoding=\"async\" width=\"1696\" height=\"1696\" src=\"https:\/\/jxgchocolate.com\/wp-content\/uploads\/2024\/06\/bulk-chocolate-covered-sunflower-seeds-3.webp\" alt=\"semillas de girasol recubiertas de chocolate a granel-3\" class=\"wp-image-28435\" srcset=\"https:\/\/jxgchocolate.com\/wp-content\/uploads\/2024\/06\/bulk-chocolate-covered-sunflower-seeds-3.webp 1696w, https:\/\/jxgchocolate.com\/wp-content\/uploads\/2024\/06\/bulk-chocolate-covered-sunflower-seeds-3-300x300.webp 300w, https:\/\/jxgchocolate.com\/wp-content\/uploads\/2024\/06\/bulk-chocolate-covered-sunflower-seeds-3-150x150.webp 150w, https:\/\/jxgchocolate.com\/wp-content\/uploads\/2024\/06\/bulk-chocolate-covered-sunflower-seeds-3-768x768.webp 768w, https:\/\/jxgchocolate.com\/wp-content\/uploads\/2024\/06\/bulk-chocolate-covered-sunflower-seeds-3-430x430.webp 430w, https:\/\/jxgchocolate.com\/wp-content\/uploads\/2024\/06\/bulk-chocolate-covered-sunflower-seeds-3-700x700.webp 700w\" sizes=\"(max-width: 1696px) 100vw, 1696px\" \/><\/figure>\n<\/div>\n<\/div>\n\n\n\n<p><\/p>","protected":false},"excerpt":{"rendered":"<p>Compre semillas de girasol con chocolate al por mayor de f\u00e1brica. Endulzadas con la riqueza y suavidad del chocolate, nuestras pipas de girasol cubiertas de chocolate al por mayor a\u00f1aden una textura crujiente gracias a las pipas de girasol tostadas. Elaboradas con ingredientes de alta calidad, son un snack saludable repleto de nutrientes vitales.<\/p>\n<table width=\"275\">\n<tbody>\n<tr>\n<td width=\"108\">Fabricante<\/td>\n<td width=\"167\">Fruta de la suerte<\/td>\n<\/tr>\n<tr>\n<td>N\u00ba DE MODELO<\/td>\n<td>JXG26<\/td>\n<\/tr>\n<tr>\n<td>Tipo<\/td>\n<td>Semillas de girasol Chocolate\u00a0<\/td>\n<\/tr>\n<tr>\n<td>Embalaje<\/td>\n<td>Embalaje en bolsas<\/td>\n<\/tr>\n<tr>\n<td>Especificaci\u00f3n<\/td>\n<td>20 bolsas*12 cajas<\/td>\n<\/tr>\n<tr>\n<td>Tama\u00f1o de la caja<\/td>\n<td>55*23*36cm<\/td>\n<\/tr>\n<tr>\n<td>N.W \/SET<\/td>\n<td>28g*20bolsas*12cajas<\/td>\n<\/tr>\n<tr>\n<td>Color<\/td>\n<td>Varios colores<\/td>\n<\/tr>\n<tr>\n<td>MOQ<\/td>\n<td>500 cajas<\/td>\n<\/tr>\n<tr>\n<td>Personalizaci\u00f3n<\/td>\n<td>Embalaje\/LOGO<\/td>\n<\/tr>\n<\/tbody>\n<\/table>","protected":false},"featured_media":28433,"comment_status":"closed","ping_status":"closed","template":"","meta":[],"product_cat":[72],"product_tag":[],"class_list":{"0":"post-28432","1":"product","2":"type-product","3":"status-publish","4":"has-post-thumbnail","6":"product_cat-wholesale-chocolate-covered-sunflower-seeds","8":"first","9":"instock","10":"shipping-taxable","11":"product-type-simple"},"_links":{"self":[{"href":"https:\/\/jxgchocolate.com\/es\/wp-json\/wp\/v2\/product\/28432","targetHints":{"allow":["GET"]}}],"collection":[{"href":"https:\/\/jxgchocolate.com\/es\/wp-json\/wp\/v2\/product"}],"about":[{"href":"https:\/\/jxgchocolate.com\/es\/wp-json\/wp\/v2\/types\/product"}],"replies":[{"embeddable":true,"href":"https:\/\/jxgchocolate.com\/es\/wp-json\/wp\/v2\/comments?post=28432"}],"version-history":[{"count":5,"href":"https:\/\/jxgchocolate.com\/es\/wp-json\/wp\/v2\/product\/28432\/revisions"}],"predecessor-version":[{"id":29018,"href":"https:\/\/jxgchocolate.com\/es\/wp-json\/wp\/v2\/product\/28432\/revisions\/29018"}],"wp:featuredmedia":[{"embeddable":true,"href":"https:\/\/jxgchocolate.com\/es\/wp-json\/wp\/v2\/media\/28433"}],"wp:attachment":[{"href":"https:\/\/jxgchocolate.com\/es\/wp-json\/wp\/v2\/media?parent=28432"}],"wp:term":[{"taxonomy":"product_cat","embeddable":true,"href":"https:\/\/jxgchocolate.com\/es\/wp-json\/wp\/v2\/product_cat?post=28432"},{"taxonomy":"product_tag","embeddable":true,"href":"https:\/\/jxgchocolate.com\/es\/wp-json\/wp\/v2\/product_tag?post=28432"}],"curies":[{"name":"wp","href":"https:\/\/api.w.org\/{rel}","templated":true}]}}