{"id":28443,"date":"2024-06-29T07:47:26","date_gmt":"2024-06-29T07:47:26","guid":{"rendered":"https:\/\/jxgchocolate.com\/?post_type=product&#038;p=28443"},"modified":"2024-11-11T02:57:16","modified_gmt":"2024-11-11T02:57:16","slug":"chocolate-gummy-wholesale","status":"publish","type":"product","link":"https:\/\/jxgchocolate.com\/es\/producto\/chocolate-gummy-wholesale\/","title":{"rendered":"Gominolas de chocolate sabor melocot\u00f3n al por mayor con envase de barril"},"content":{"rendered":"<div class=\"wp-block-columns is-layout-flex wp-container-core-columns-is-layout-9d6595d7 wp-block-columns-is-layout-flex\">\n<div class=\"wp-block-column is-vertically-aligned-center is-layout-flow wp-block-column-is-layout-flow\">\n<h3 class=\"wp-block-heading\">Gominolas de chocolate Premium al por mayor Caracter\u00edsticas:<\/h3>\n\n\n\n<ol class=\"wp-block-list\">\n<li><strong>Combinaci\u00f3n \u00fanica de sabores: <\/strong>Satisfaga la tentaci\u00f3n con la ineludible combinaci\u00f3n de jugoso sabor a melocot\u00f3n y rico chocolate. Esta gominola de chocolate al por mayor ofrece algo que ninguna otra gominola del mercado puede ofrecer.<\/li>\n\n\n\n<li><strong>Atractivo envase de barril: <\/strong>Todas nuestras bolas de chocolate de gominola al por mayor se presentan en un c\u00f3modo y atractivo envase de barril, listo para un f\u00e1cil almacenamiento y como pieza de exposici\u00f3n en cualquier entorno minorista.<\/li>\n\n\n\n<li><strong>Opciones de venta al por mayor: <\/strong>Perfecto para empresas, nuestro mayorista de gominolas de chocolate se asegura de que, con una demanda tan alta de estos caramelos, pueda abastecerse y hacerlo a un precio estupendo.<\/li>\n\n\n\n<li><strong>Perfecto para todas las ocasiones:<\/strong> Perfectas para fiestas, regalos o para alegrar el d\u00eda a cualquiera, estas gominolas de chocolate al por mayor con sabor a melocot\u00f3n son perfectas para cualquier ocasi\u00f3n.<\/li>\n<\/ol>\n<\/div>\n\n\n\n<div class=\"wp-block-column is-layout-flow wp-block-column-is-layout-flow\">\n<figure class=\"wp-block-image size-full\"><img fetchpriority=\"high\" decoding=\"async\" width=\"1500\" height=\"1500\" src=\"https:\/\/jxgchocolate.com\/wp-content\/uploads\/2024\/06\/1.webp\" alt=\"gominolas de chocolate sabor melocot\u00f3n-envasadas al por mayor\" class=\"wp-image-28444\" srcset=\"https:\/\/jxgchocolate.com\/wp-content\/uploads\/2024\/06\/1.webp 1500w, https:\/\/jxgchocolate.com\/wp-content\/uploads\/2024\/06\/1-300x300.webp 300w, https:\/\/jxgchocolate.com\/wp-content\/uploads\/2024\/06\/1-150x150.webp 150w, https:\/\/jxgchocolate.com\/wp-content\/uploads\/2024\/06\/1-768x768.webp 768w, https:\/\/jxgchocolate.com\/wp-content\/uploads\/2024\/06\/1-430x430.webp 430w, https:\/\/jxgchocolate.com\/wp-content\/uploads\/2024\/06\/1-700x700.webp 700w\" sizes=\"(max-width: 1500px) 100vw, 1500px\" \/><\/figure>\n<\/div>\n<\/div>","protected":false},"excerpt":{"rendered":"<p>Bienvenido a comprar bolitas de chocolate de gominola al por mayor. Nuestras gominolas de chocolate al por mayor sabor melocot\u00f3n combinan el jugoso melocot\u00f3n con el rico chocolate en un llamativo envase de barril. Ideal para la venta al por mayor, que ofrecen un tratamiento \u00fanico perfecto para la exhibici\u00f3n al por menor, favores del partido, y regalos.<\/p>\n<table style=\"border-collapse: collapse; width: 275.02pt;\" border=\"0\" width=\"275\" cellspacing=\"0\" cellpadding=\"0\">\n<tbody>\n<tr style=\"height: 17.60pt;\">\n<td class=\"et3\" style=\"height: 17.60pt; width: 108.35pt;\" width=\"108\" height=\"17\">Fabricante<\/td>\n<td class=\"et3\" style=\"width: 167.10pt;\" width=\"167\">Fruta de la suerte<\/td>\n<\/tr>\n<tr style=\"height: 17.60pt;\">\n<td class=\"et3\" style=\"height: 17.60pt;\" height=\"17\">N\u00ba DE MODELO<\/td>\n<td class=\"et3\">JXG27<\/td>\n<\/tr>\n<tr style=\"height: 17.60pt;\">\n<td class=\"et3\" style=\"height: 17.60pt;\" height=\"17\">Tipo<\/td>\n<td class=\"et3\">Gominolas de chocolate<\/td>\n<\/tr>\n<tr style=\"height: 17.60pt;\">\n<td class=\"et3\" style=\"height: 17.60pt;\" height=\"17\">Embalaje<\/td>\n<td class=\"et3\">Embalaje de barriles<\/td>\n<\/tr>\n<tr style=\"height: 17.60pt;\">\n<td class=\"et3\" style=\"height: 17.60pt;\" height=\"17\">Especificaci\u00f3n<\/td>\n<td class=\"et3\">24 botellas<\/td>\n<\/tr>\n<tr style=\"height: 17.60pt;\">\n<td class=\"et3\" style=\"height: 17.60pt;\" height=\"17\">Tama\u00f1o de la caja<\/td>\n<td class=\"et3\">43*32.5*35.5cm<\/td>\n<\/tr>\n<tr style=\"height: 17.60pt;\">\n<td class=\"et3\" style=\"height: 17.60pt;\" height=\"17\">N.W \/SET<\/td>\n<td class=\"et3\">180g<\/td>\n<\/tr>\n<tr style=\"height: 17.60pt;\">\n<td class=\"et3\" style=\"height: 17.60pt;\" height=\"17\">Color<\/td>\n<td class=\"et3\">Oscuro<\/td>\n<\/tr>\n<tr style=\"height: 17.60pt;\">\n<td class=\"et3\" style=\"height: 17.60pt;\" height=\"17\">MOQ<\/td>\n<td class=\"et3\">500 cajas<\/td>\n<\/tr>\n<tr style=\"height: 17.60pt;\">\n<td class=\"et3\" style=\"height: 17.60pt;\" height=\"17\">Personalizaci\u00f3n<\/td>\n<td class=\"et3\">Embalaje\/LOGO<\/td>\n<\/tr>\n<\/tbody>\n<\/table>","protected":false},"featured_media":28454,"comment_status":"closed","ping_status":"closed","template":"","meta":[],"product_cat":[75],"product_tag":[],"class_list":{"0":"post-28443","1":"product","2":"type-product","3":"status-publish","4":"has-post-thumbnail","6":"product_cat-wholesale-gummy-chocolate","8":"first","9":"instock","10":"shipping-taxable","11":"product-type-simple"},"_links":{"self":[{"href":"https:\/\/jxgchocolate.com\/es\/wp-json\/wp\/v2\/product\/28443","targetHints":{"allow":["GET"]}}],"collection":[{"href":"https:\/\/jxgchocolate.com\/es\/wp-json\/wp\/v2\/product"}],"about":[{"href":"https:\/\/jxgchocolate.com\/es\/wp-json\/wp\/v2\/types\/product"}],"replies":[{"embeddable":true,"href":"https:\/\/jxgchocolate.com\/es\/wp-json\/wp\/v2\/comments?post=28443"}],"version-history":[{"count":4,"href":"https:\/\/jxgchocolate.com\/es\/wp-json\/wp\/v2\/product\/28443\/revisions"}],"predecessor-version":[{"id":29108,"href":"https:\/\/jxgchocolate.com\/es\/wp-json\/wp\/v2\/product\/28443\/revisions\/29108"}],"wp:featuredmedia":[{"embeddable":true,"href":"https:\/\/jxgchocolate.com\/es\/wp-json\/wp\/v2\/media\/28454"}],"wp:attachment":[{"href":"https:\/\/jxgchocolate.com\/es\/wp-json\/wp\/v2\/media?parent=28443"}],"wp:term":[{"taxonomy":"product_cat","embeddable":true,"href":"https:\/\/jxgchocolate.com\/es\/wp-json\/wp\/v2\/product_cat?post=28443"},{"taxonomy":"product_tag","embeddable":true,"href":"https:\/\/jxgchocolate.com\/es\/wp-json\/wp\/v2\/product_tag?post=28443"}],"curies":[{"name":"wp","href":"https:\/\/api.w.org\/{rel}","templated":true}]}}