{"id":28464,"date":"2024-06-29T08:17:25","date_gmt":"2024-06-29T08:17:25","guid":{"rendered":"https:\/\/jxgchocolate.com\/?post_type=product&#038;p=28464"},"modified":"2024-11-11T02:46:02","modified_gmt":"2024-11-11T02:46:02","slug":"wholesale-gummy-chocolate-candy-2","status":"publish","type":"product","link":"https:\/\/jxgchocolate.com\/es\/producto\/wholesale-gummy-chocolate-candy-2\/","title":{"rendered":"Caramelos de goma de chocolate con fresa al por mayor con precio al por mayor"},"content":{"rendered":"<div class=\"wp-block-columns is-layout-flex wp-container-core-columns-is-layout-9d6595d7 wp-block-columns-is-layout-flex\">\n<div class=\"wp-block-column is-vertically-aligned-center is-layout-flow wp-block-column-is-layout-flow\">\n<h3 class=\"wp-block-heading\">Caramelos de goma de chocolate al por mayor de primera calidad Caracter\u00edsticas:<\/h3>\n\n\n\n<ol class=\"wp-block-list\">\n<li><strong>Combinaci\u00f3n de sabores:<\/strong> Este caramelo de goma choco al por mayor funciona a la perfecci\u00f3n proporcionando una dulce combinaci\u00f3n de sabor a fresa con chocolate, creando un sabor especialmente fant\u00e1stico.<\/li>\n\n\n\n<li><strong>Venta al por mayor de gran volumen: <\/strong>Esta gominola de chocolate al por mayor est\u00e1 envasada en grandes cantidades y est\u00e1 disponible a precio de mayorista para todo tipo de negocios o grandes eventos que requieran este art\u00edculo al por mayor.<\/li>\n\n\n\n<li><strong>Ingredientes de alta calidad:<\/strong> Nuestros caramelos de goma de chocolate al por mayor utilizan excelentes ingredientes para la calidad y el sabor de cada caramelo de goma.<\/li>\n\n\n\n<li><strong>Polivalente: <\/strong>Una gran variedad de usos incluyen expositores de venta al por menor, recuerdos para fiestas y golosinas para el d\u00eda a d\u00eda, por lo que nuestras gominolas de chocolate al por mayor pueden satisfacer las necesidades de innumerables ocasiones.<\/li>\n<\/ol>\n<\/div>\n\n\n\n<div class=\"wp-block-column is-layout-flow wp-block-column-is-layout-flow\">\n<figure class=\"wp-block-image size-full\"><img fetchpriority=\"high\" decoding=\"async\" width=\"1500\" height=\"1500\" src=\"https:\/\/jxgchocolate.com\/wp-content\/uploads\/2024\/06\/6.webp\" alt=\"caramelos-de-chocolate-de-fresa-al-mayor-con-precio-bulto\" class=\"wp-image-28449\" srcset=\"https:\/\/jxgchocolate.com\/wp-content\/uploads\/2024\/06\/6.webp 1500w, https:\/\/jxgchocolate.com\/wp-content\/uploads\/2024\/06\/6-300x300.webp 300w, https:\/\/jxgchocolate.com\/wp-content\/uploads\/2024\/06\/6-150x150.webp 150w, https:\/\/jxgchocolate.com\/wp-content\/uploads\/2024\/06\/6-768x768.webp 768w, https:\/\/jxgchocolate.com\/wp-content\/uploads\/2024\/06\/6-430x430.webp 430w, https:\/\/jxgchocolate.com\/wp-content\/uploads\/2024\/06\/6-700x700.webp 700w\" sizes=\"(max-width: 1500px) 100vw, 1500px\" \/><\/figure>\n<\/div>\n<\/div>","protected":false},"excerpt":{"rendered":"<p>Bienvenido a comprar gummy choco al por mayor. Las materias primas de alta calidad de los caramelos de chocolate de gominola al por mayor con sabor a fresa, y el sabor \u00fanico son favorecidos por los consumidores. Precio competitivo, vers\u00e1til, pr\u00e1ctico y adecuado para la venta al por menor y una variedad de actividades.<\/p>\n<table style=\"border-collapse: collapse; width: 275.02pt;\" border=\"0\" width=\"275\" cellspacing=\"0\" cellpadding=\"0\">\n<tbody>\n<tr style=\"height: 17.60pt;\">\n<td class=\"et3\" style=\"height: 17.60pt; width: 108.35pt;\" width=\"108\" height=\"17\">Fabricante<\/td>\n<td class=\"et3\" style=\"width: 167.10pt;\" width=\"167\">Fruta de la suerte<\/td>\n<\/tr>\n<tr style=\"height: 17.60pt;\">\n<td class=\"et3\" style=\"height: 17.60pt;\" height=\"17\">N\u00ba DE MODELO<\/td>\n<td class=\"et3\">JXG29<\/td>\n<\/tr>\n<tr style=\"height: 17.60pt;\">\n<td class=\"et3\" style=\"height: 17.60pt;\" height=\"17\">Tipo<\/td>\n<td class=\"et3\">Gominolas de chocolate<\/td>\n<\/tr>\n<tr style=\"height: 17.60pt;\">\n<td class=\"et3\" style=\"height: 17.60pt;\" height=\"17\">Embalaje<\/td>\n<td class=\"et3\">Embalaje de barriles<\/td>\n<\/tr>\n<tr style=\"height: 17.60pt;\">\n<td class=\"et3\" style=\"height: 17.60pt;\" height=\"17\">Especificaci\u00f3n<\/td>\n<td class=\"et3\">24 botellas<\/td>\n<\/tr>\n<tr style=\"height: 17.60pt;\">\n<td class=\"et3\" style=\"height: 17.60pt;\" height=\"17\">Tama\u00f1o de la caja<\/td>\n<td class=\"et3\">43*32.5*35.5cm<\/td>\n<\/tr>\n<tr style=\"height: 17.60pt;\">\n<td class=\"et3\" style=\"height: 17.60pt;\" height=\"17\">N.W \/SET<\/td>\n<td class=\"et3\">180g<\/td>\n<\/tr>\n<tr style=\"height: 17.60pt;\">\n<td class=\"et3\" style=\"height: 17.60pt;\" height=\"17\">Color<\/td>\n<td class=\"et3\">Oscuro<\/td>\n<\/tr>\n<tr style=\"height: 17.60pt;\">\n<td class=\"et3\" style=\"height: 17.60pt;\" height=\"17\">MOQ<\/td>\n<td class=\"et3\">500 cajas<\/td>\n<\/tr>\n<tr style=\"height: 17.60pt;\">\n<td class=\"et3\" style=\"height: 17.60pt;\" height=\"17\">Personalizaci\u00f3n<\/td>\n<td class=\"et3\">Embalaje\/LOGO<\/td>\n<\/tr>\n<\/tbody>\n<\/table>","protected":false},"featured_media":28458,"comment_status":"closed","ping_status":"closed","template":"","meta":[],"product_cat":[75],"product_tag":[],"class_list":{"0":"post-28464","1":"product","2":"type-product","3":"status-publish","4":"has-post-thumbnail","6":"product_cat-wholesale-gummy-chocolate","8":"first","9":"instock","10":"shipping-taxable","11":"product-type-simple"},"_links":{"self":[{"href":"https:\/\/jxgchocolate.com\/es\/wp-json\/wp\/v2\/product\/28464","targetHints":{"allow":["GET"]}}],"collection":[{"href":"https:\/\/jxgchocolate.com\/es\/wp-json\/wp\/v2\/product"}],"about":[{"href":"https:\/\/jxgchocolate.com\/es\/wp-json\/wp\/v2\/types\/product"}],"replies":[{"embeddable":true,"href":"https:\/\/jxgchocolate.com\/es\/wp-json\/wp\/v2\/comments?post=28464"}],"version-history":[{"count":4,"href":"https:\/\/jxgchocolate.com\/es\/wp-json\/wp\/v2\/product\/28464\/revisions"}],"predecessor-version":[{"id":29102,"href":"https:\/\/jxgchocolate.com\/es\/wp-json\/wp\/v2\/product\/28464\/revisions\/29102"}],"wp:featuredmedia":[{"embeddable":true,"href":"https:\/\/jxgchocolate.com\/es\/wp-json\/wp\/v2\/media\/28458"}],"wp:attachment":[{"href":"https:\/\/jxgchocolate.com\/es\/wp-json\/wp\/v2\/media?parent=28464"}],"wp:term":[{"taxonomy":"product_cat","embeddable":true,"href":"https:\/\/jxgchocolate.com\/es\/wp-json\/wp\/v2\/product_cat?post=28464"},{"taxonomy":"product_tag","embeddable":true,"href":"https:\/\/jxgchocolate.com\/es\/wp-json\/wp\/v2\/product_tag?post=28464"}],"curies":[{"name":"wp","href":"https:\/\/api.w.org\/{rel}","templated":true}]}}