{"id":28619,"date":"2024-08-31T03:51:34","date_gmt":"2024-08-31T03:51:34","guid":{"rendered":"https:\/\/jxgchocolate.com\/?post_type=product&#038;p=28619"},"modified":"2024-11-02T09:04:26","modified_gmt":"2024-11-02T09:04:26","slug":"multicolor-chocolate-sunflower-seeds-bulk","status":"publish","type":"product","link":"https:\/\/jxgchocolate.com\/es\/producto\/multicolor-chocolate-sunflower-seeds-bulk\/","title":{"rendered":"Semillas de girasol de chocolate multicolor a granel, Snacks al por mayor"},"content":{"rendered":"<div class=\"wp-block-columns is-layout-flex wp-container-core-columns-is-layout-9d6595d7 wp-block-columns-is-layout-flex\">\n<div class=\"wp-block-column is-layout-flow wp-block-column-is-layout-flow\">\n<h2 class=\"wp-block-heading\">Semillas de Girasol de Chocolate Premium a Granel Caracter\u00edsticas:<\/h2>\n\n\n\n<ul class=\"wp-block-list\">\n<li><strong>Aspecto colorido: <\/strong>Cada una de nuestras pipas de girasol de chocolate a granel est\u00e1 envuelta en az\u00facar de colores, lo que le da un aspecto muy atractivo. Es capaz de decorar o embellecer diferentes ocasiones, a\u00f1adiendo un ambiente festivo.<\/li>\n\n\n\n<li><strong>Sabroso: <\/strong>Seleccione semillas de girasol de alta calidad con chocolate sedoso en el exterior, y el sabor es rico. Cada bocado de nuestras semillas de girasol de chocolate al por mayor aporta un rico sabor a chocolate y un crujiente sabor a semillas de girasol.<\/li>\n\n\n\n<li><strong>Aperitivos saludables:<\/strong> Nuestras pipas de girasol con chocolate a granel son ricas en componentes nutritivos como la vitamina E, prote\u00ednas y grasas saludables que las han convertido en una apetitosa y saludable opci\u00f3n de tentempi\u00e9 para el consumo diario.<\/li>\n\n\n\n<li><strong>Descuento por compra a granel: <\/strong>Minoristas, organizadores de fiestas y clientes corporativos pueden comprar al por mayor grandes cantidades de nuestras pipas de girasol con chocolate a un precio m\u00e1s razonable para satisfacer todo tipo de necesidades.<\/li>\n<\/ul>\n<\/div>\n\n\n\n<div class=\"wp-block-column is-layout-flow wp-block-column-is-layout-flow\">\n<figure class=\"wp-block-image size-full\"><img fetchpriority=\"high\" decoding=\"async\" width=\"770\" height=\"581\" src=\"https:\/\/jxgchocolate.com\/wp-content\/uploads\/2024\/08\/Multi-Color-Chocolate-Sunflower-Seeds-Bulk-Wholesale-Snacks-1.webp\" alt=\"Semillas de girasol de chocolate multicolor a granel, Snacks al por mayor-1\" class=\"wp-image-28620\" srcset=\"https:\/\/jxgchocolate.com\/wp-content\/uploads\/2024\/08\/Multi-Color-Chocolate-Sunflower-Seeds-Bulk-Wholesale-Snacks-1.webp 770w, https:\/\/jxgchocolate.com\/wp-content\/uploads\/2024\/08\/Multi-Color-Chocolate-Sunflower-Seeds-Bulk-Wholesale-Snacks-1-398x300.webp 398w, https:\/\/jxgchocolate.com\/wp-content\/uploads\/2024\/08\/Multi-Color-Chocolate-Sunflower-Seeds-Bulk-Wholesale-Snacks-1-768x579.webp 768w, https:\/\/jxgchocolate.com\/wp-content\/uploads\/2024\/08\/Multi-Color-Chocolate-Sunflower-Seeds-Bulk-Wholesale-Snacks-1-16x12.webp 16w, https:\/\/jxgchocolate.com\/wp-content\/uploads\/2024\/08\/Multi-Color-Chocolate-Sunflower-Seeds-Bulk-Wholesale-Snacks-1-430x324.webp 430w, https:\/\/jxgchocolate.com\/wp-content\/uploads\/2024\/08\/Multi-Color-Chocolate-Sunflower-Seeds-Bulk-Wholesale-Snacks-1-700x528.webp 700w, https:\/\/jxgchocolate.com\/wp-content\/uploads\/2024\/08\/Multi-Color-Chocolate-Sunflower-Seeds-Bulk-Wholesale-Snacks-1-150x113.webp 150w\" sizes=\"(max-width: 770px) 100vw, 770px\" \/><\/figure>\n<\/div>\n<\/div>","protected":false},"excerpt":{"rendered":"<p>Compre semillas de girasol de chocolate al por mayor de f\u00e1brica. Nuestras semillas de girasol de chocolate a granel es delicioso y saludable, junto con colores brillantes para mantenerlos en forma para diferentes ocasiones. Cada semilla de girasol se recubre con chocolate sedoso rico en sabores y valor nutricional.<\/p>\n<table width=\"275\">\n<tbody>\n<tr>\n<td width=\"108\">Fabricante<\/td>\n<td width=\"167\">Fruta de la suerte<\/td>\n<\/tr>\n<tr>\n<td>N\u00ba DE MODELO<\/td>\n<td>JXG32<\/td>\n<\/tr>\n<tr>\n<td>Tipo<\/td>\n<td>Semillas de girasol Chocolate\u00a0<\/td>\n<\/tr>\n<tr>\n<td>Embalaje<\/td>\n<td>Embalaje en cajas<\/td>\n<\/tr>\n<tr>\n<td>Especificaci\u00f3n<\/td>\n<td>24 cajas<\/td>\n<\/tr>\n<tr>\n<td>Tama\u00f1o de la caja<\/td>\n<td>16*13*9cm<\/td>\n<\/tr>\n<tr>\n<td>N.W \/SET<\/td>\n<td>24cajas*14g*30Unidades<\/td>\n<\/tr>\n<tr>\n<td>Color<\/td>\n<td>Como imagen<\/td>\n<\/tr>\n<tr>\n<td>MOQ<\/td>\n<td>500 cajas<\/td>\n<\/tr>\n<tr>\n<td>Personalizaci\u00f3n<\/td>\n<td>Embalaje\/LOGO<\/td>\n<\/tr>\n<\/tbody>\n<\/table>","protected":false},"featured_media":28622,"comment_status":"closed","ping_status":"closed","template":"","meta":[],"product_cat":[72],"product_tag":[],"class_list":{"0":"post-28619","1":"product","2":"type-product","3":"status-publish","4":"has-post-thumbnail","6":"product_cat-wholesale-chocolate-covered-sunflower-seeds","8":"first","9":"instock","10":"shipping-taxable","11":"product-type-simple"},"_links":{"self":[{"href":"https:\/\/jxgchocolate.com\/es\/wp-json\/wp\/v2\/product\/28619","targetHints":{"allow":["GET"]}}],"collection":[{"href":"https:\/\/jxgchocolate.com\/es\/wp-json\/wp\/v2\/product"}],"about":[{"href":"https:\/\/jxgchocolate.com\/es\/wp-json\/wp\/v2\/types\/product"}],"replies":[{"embeddable":true,"href":"https:\/\/jxgchocolate.com\/es\/wp-json\/wp\/v2\/comments?post=28619"}],"version-history":[{"count":0,"href":"https:\/\/jxgchocolate.com\/es\/wp-json\/wp\/v2\/product\/28619\/revisions"}],"wp:featuredmedia":[{"embeddable":true,"href":"https:\/\/jxgchocolate.com\/es\/wp-json\/wp\/v2\/media\/28622"}],"wp:attachment":[{"href":"https:\/\/jxgchocolate.com\/es\/wp-json\/wp\/v2\/media?parent=28619"}],"wp:term":[{"taxonomy":"product_cat","embeddable":true,"href":"https:\/\/jxgchocolate.com\/es\/wp-json\/wp\/v2\/product_cat?post=28619"},{"taxonomy":"product_tag","embeddable":true,"href":"https:\/\/jxgchocolate.com\/es\/wp-json\/wp\/v2\/product_tag?post=28619"}],"curies":[{"name":"wp","href":"https:\/\/api.w.org\/{rel}","templated":true}]}}