{"id":28628,"date":"2024-08-31T05:31:05","date_gmt":"2024-08-31T05:31:05","guid":{"rendered":"https:\/\/jxgchocolate.com\/?post_type=product&#038;p=28628"},"modified":"2024-11-02T09:12:38","modified_gmt":"2024-11-02T09:12:38","slug":"bulk-chocolate-sunflower-seeds","status":"publish","type":"product","link":"https:\/\/jxgchocolate.com\/es\/producto\/bulk-chocolate-sunflower-seeds\/","title":{"rendered":"Semillas de girasol de chocolate a granel, Snacks de chocolate al por mayor"},"content":{"rendered":"<div class=\"wp-block-columns is-layout-flex wp-container-core-columns-is-layout-9d6595d7 wp-block-columns-is-layout-flex\">\n<div class=\"wp-block-column is-layout-flow wp-block-column-is-layout-flow\">\n<h2 class=\"wp-block-heading\">Semillas de girasol de chocolate a granel Premium Caracter\u00edsticas:<\/h2>\n\n\n\n<ul class=\"wp-block-list\">\n<li><strong>Rico sabor:<\/strong> Ingrediente de alta calidad, las pipas de girasol de chocolate a granel se elaboran con pipas de girasol de alta calidad ba\u00f1adas en sedoso chocolate, aportando un rico sabor dual. El dulce del chocolate y el crujiente de las pipas de girasol se combinan a la perfecci\u00f3n, proporcionando a los consumidores un disfrute \u00fanico y delicioso.<\/li>\n\n\n\n<li><strong>Aperitivos saludables:<\/strong> Combinando el placer del chocolate con el valor de los frutos secos, nuestras semillas de girasol recubiertas de chocolate al por mayor poseen una alta concentraci\u00f3n de vitamina E, magnesio, fibra y grasas saludables. Es un tentempi\u00e9 delicioso y saludable para los clientes que buscan nutrici\u00f3n y sabor.<\/li>\n\n\n\n<li><strong>Paquete diversificado para distintos escenarios: <\/strong>Para las pipas de girasol de chocolate a granel, estableceremos una serie de especificaciones de envasado que ser\u00e1n adecuadas para aperitivos personales, para compartir en fiestas o para regalos de festivales. Es f\u00e1cil de vender en restaurantes, cafeter\u00edas, cines y otros lugares, satisfaciendo diferentes necesidades del mercado.<\/li>\n\n\n\n<li><strong>Sabor personalizado: <\/strong>Nuestras semillas de girasol recubiertas de chocolate a granel permiten varios sabores de chocolate seg\u00fan las necesidades, como chocolate negro, chocolate con leche, etc., y aromatizantes de semillas de girasol de diferentes sabores para satisfacer las necesidades personalizadas de marcas y clientes y aumentar el car\u00e1cter distintivo de la marca.<\/li>\n\n\n\n<li><strong>Frescura a largo plazo: <\/strong>Se ha utilizado un envase sellado avanzado para prolongar el tiempo de conservaci\u00f3n de estas pipas de girasol con chocolate a granel. El crujiente sabor de las pipas de girasol y el rico aroma del chocolate permanecen inalterados. Adecuado para la venta al por mayor, este producto es f\u00e1cil de almacenar y transportar.<\/li>\n<\/ul>\n<\/div>\n\n\n\n<div class=\"wp-block-column is-layout-flow wp-block-column-is-layout-flow\">\n<figure class=\"wp-block-image size-full\"><img fetchpriority=\"high\" decoding=\"async\" width=\"770\" height=\"683\" src=\"https:\/\/jxgchocolate.com\/wp-content\/uploads\/2024\/08\/Bulk-Chocolate-Sunflower-Seeds-Wholesale-Chocolate-Snacks-2.webp\" alt=\"Semillas de girasol de chocolate a granel, Snacks de chocolate al por mayor-2\" class=\"wp-image-28630\" srcset=\"https:\/\/jxgchocolate.com\/wp-content\/uploads\/2024\/08\/Bulk-Chocolate-Sunflower-Seeds-Wholesale-Chocolate-Snacks-2.webp 770w, https:\/\/jxgchocolate.com\/wp-content\/uploads\/2024\/08\/Bulk-Chocolate-Sunflower-Seeds-Wholesale-Chocolate-Snacks-2-338x300.webp 338w, https:\/\/jxgchocolate.com\/wp-content\/uploads\/2024\/08\/Bulk-Chocolate-Sunflower-Seeds-Wholesale-Chocolate-Snacks-2-768x681.webp 768w, https:\/\/jxgchocolate.com\/wp-content\/uploads\/2024\/08\/Bulk-Chocolate-Sunflower-Seeds-Wholesale-Chocolate-Snacks-2-14x12.webp 14w, https:\/\/jxgchocolate.com\/wp-content\/uploads\/2024\/08\/Bulk-Chocolate-Sunflower-Seeds-Wholesale-Chocolate-Snacks-2-430x381.webp 430w, https:\/\/jxgchocolate.com\/wp-content\/uploads\/2024\/08\/Bulk-Chocolate-Sunflower-Seeds-Wholesale-Chocolate-Snacks-2-700x621.webp 700w, https:\/\/jxgchocolate.com\/wp-content\/uploads\/2024\/08\/Bulk-Chocolate-Sunflower-Seeds-Wholesale-Chocolate-Snacks-2-150x133.webp 150w\" sizes=\"(max-width: 770px) 100vw, 770px\" \/><\/figure>\n<\/div>\n<\/div>","protected":false},"excerpt":{"rendered":"<p>Compre pipas de girasol de chocolate de f\u00e1brica. Nuestras semillas de girasol de chocolate a granel al por mayor es crujiente y dulce, una opci\u00f3n ideal para aperitivos que son saludables y deliciosos. Ofrece una variedad de especificaciones de envasado, y se admiten sabores personalizados. El producto es un \u00e9xito de ventas en muchos puntos de venta.<\/p>\n<table width=\"275\">\n<tbody>\n<tr>\n<td width=\"108\">Fabricante<\/td>\n<td width=\"167\">Fruta de la suerte<\/td>\n<\/tr>\n<tr>\n<td>N\u00ba DE MODELO<\/td>\n<td>JXG33<\/td>\n<\/tr>\n<tr>\n<td>Tipo<\/td>\n<td>Semillas de girasol Chocolate\u00a0<\/td>\n<\/tr>\n<tr>\n<td>Embalaje<\/td>\n<td>Embalaje en bolsas<\/td>\n<\/tr>\n<tr>\n<td>Especificaci\u00f3n<\/td>\n<td>50 bolsas<\/td>\n<\/tr>\n<tr>\n<td>Tama\u00f1o de la caja<\/td>\n<td>14*5*18cm<\/td>\n<\/tr>\n<tr>\n<td>N.W \/SET<\/td>\n<td>60g*50bolsas<\/td>\n<\/tr>\n<tr>\n<td>Color<\/td>\n<td>Como imagen<\/td>\n<\/tr>\n<tr>\n<td>MOQ<\/td>\n<td>500 cajas<\/td>\n<\/tr>\n<tr>\n<td>Personalizaci\u00f3n<\/td>\n<td>Embalaje\/LOGO<\/td>\n<\/tr>\n<\/tbody>\n<\/table>","protected":false},"featured_media":28629,"comment_status":"closed","ping_status":"closed","template":"","meta":[],"product_cat":[72],"product_tag":[],"class_list":{"0":"post-28628","1":"product","2":"type-product","3":"status-publish","4":"has-post-thumbnail","6":"product_cat-wholesale-chocolate-covered-sunflower-seeds","8":"first","9":"instock","10":"shipping-taxable","11":"product-type-simple"},"_links":{"self":[{"href":"https:\/\/jxgchocolate.com\/es\/wp-json\/wp\/v2\/product\/28628","targetHints":{"allow":["GET"]}}],"collection":[{"href":"https:\/\/jxgchocolate.com\/es\/wp-json\/wp\/v2\/product"}],"about":[{"href":"https:\/\/jxgchocolate.com\/es\/wp-json\/wp\/v2\/types\/product"}],"replies":[{"embeddable":true,"href":"https:\/\/jxgchocolate.com\/es\/wp-json\/wp\/v2\/comments?post=28628"}],"version-history":[{"count":0,"href":"https:\/\/jxgchocolate.com\/es\/wp-json\/wp\/v2\/product\/28628\/revisions"}],"wp:featuredmedia":[{"embeddable":true,"href":"https:\/\/jxgchocolate.com\/es\/wp-json\/wp\/v2\/media\/28629"}],"wp:attachment":[{"href":"https:\/\/jxgchocolate.com\/es\/wp-json\/wp\/v2\/media?parent=28628"}],"wp:term":[{"taxonomy":"product_cat","embeddable":true,"href":"https:\/\/jxgchocolate.com\/es\/wp-json\/wp\/v2\/product_cat?post=28628"},{"taxonomy":"product_tag","embeddable":true,"href":"https:\/\/jxgchocolate.com\/es\/wp-json\/wp\/v2\/product_tag?post=28628"}],"curies":[{"name":"wp","href":"https:\/\/api.w.org\/{rel}","templated":true}]}}