{"id":28633,"date":"2024-08-31T05:42:34","date_gmt":"2024-08-31T05:42:34","guid":{"rendered":"https:\/\/jxgchocolate.com\/?post_type=product&#038;p=28633"},"modified":"2024-08-31T06:43:46","modified_gmt":"2024-08-31T06:43:46","slug":"wholesale-chocolate-sunflower-seeds","status":"publish","type":"product","link":"https:\/\/jxgchocolate.com\/es\/producto\/wholesale-chocolate-sunflower-seeds\/","title":{"rendered":"Semillas de girasol de chocolate al por mayor a granel"},"content":{"rendered":"<div class=\"wp-block-columns is-layout-flex wp-container-core-columns-is-layout-9d6595d7 wp-block-columns-is-layout-flex\">\n<div class=\"wp-block-column is-layout-flow wp-block-column-is-layout-flow\">\n<h2 class=\"wp-block-heading\">Semillas de girasol de chocolate al por mayor de primera calidad Caracter\u00edsticas:<\/h2>\n\n\n\n<ol class=\"wp-block-list\">\n<li><strong>Suministro directo de f\u00e1brica:<\/strong> Compre semillas de girasol de chocolate al por mayor al fabricante para garantizar una calidad del producto estable y fiable, al tiempo que reduce los costes intermedios y proporciona a los clientes semillas de girasol de chocolate rentables.<\/li>\n\n\n\n<li><strong>Materias primas de alta calidad: <\/strong>Nuestras semillas de girasol cubiertas de chocolate a granel seleccionan semillas de girasol de alta calidad y chocolate de alta calidad para garantizar que cada semilla de girasol tenga el mejor sabor y un rico aroma a chocolate.<\/li>\n\n\n\n<li><strong>Suministro a granel: <\/strong>Nuestras semillas de girasol con chocolate al por mayor permiten la adquisici\u00f3n a granel para satisfacer diversas necesidades empresariales. Ya se trate de minoristas, mayoristas o proveedores de servicios de catering, pueden obtener f\u00e1cilmente el inventario necesario.<\/li>\n\n\n\n<li><strong>Amplia aplicaci\u00f3n: <\/strong>Nuestras semillas de girasol recubiertas de chocolate a granel son adecuadas para la venta al por menor de aperitivos, fiestas y decoraci\u00f3n de postres para catering. Es una opci\u00f3n ideal para el sector de los aperitivos informales y la restauraci\u00f3n.<\/li>\n<\/ol>\n<\/div>\n\n\n\n<div class=\"wp-block-column is-layout-flow wp-block-column-is-layout-flow\">\n<figure class=\"wp-block-image size-full\"><img fetchpriority=\"high\" decoding=\"async\" width=\"750\" height=\"750\" src=\"https:\/\/jxgchocolate.com\/wp-content\/uploads\/2024\/08\/Factory-Supply-Wholesale-Chocolate-Sunflower-Seeds-in-Bulk-5.webp\" alt=\"F\u00e1brica de semillas de girasol de chocolate al por mayor a granel-5\" class=\"wp-image-28652\" srcset=\"https:\/\/jxgchocolate.com\/wp-content\/uploads\/2024\/08\/Factory-Supply-Wholesale-Chocolate-Sunflower-Seeds-in-Bulk-5.webp 750w, https:\/\/jxgchocolate.com\/wp-content\/uploads\/2024\/08\/Factory-Supply-Wholesale-Chocolate-Sunflower-Seeds-in-Bulk-5-300x300.webp 300w, https:\/\/jxgchocolate.com\/wp-content\/uploads\/2024\/08\/Factory-Supply-Wholesale-Chocolate-Sunflower-Seeds-in-Bulk-5-150x150.webp 150w, https:\/\/jxgchocolate.com\/wp-content\/uploads\/2024\/08\/Factory-Supply-Wholesale-Chocolate-Sunflower-Seeds-in-Bulk-5-12x12.webp 12w, https:\/\/jxgchocolate.com\/wp-content\/uploads\/2024\/08\/Factory-Supply-Wholesale-Chocolate-Sunflower-Seeds-in-Bulk-5-430x430.webp 430w, https:\/\/jxgchocolate.com\/wp-content\/uploads\/2024\/08\/Factory-Supply-Wholesale-Chocolate-Sunflower-Seeds-in-Bulk-5-700x700.webp 700w\" sizes=\"(max-width: 750px) 100vw, 750px\" \/><\/figure>\n<\/div>\n<\/div>","protected":false},"excerpt":{"rendered":"<p>Compre semillas de girasol de chocolate al por mayor del fabricante, con un rico sabor a chocolate y un gusto crujiente. El suministro a granel ofrece a minoristas y proveedores de servicios de catering opciones fiables de alta calidad para satisfacer diversas necesidades empresariales.<\/p>\n<table width=\"275\">\n<tbody>\n<tr>\n<td width=\"108\">Fabricante<\/td>\n<td width=\"167\">Fruta de la suerte<\/td>\n<\/tr>\n<tr>\n<td>N\u00ba DE MODELO<\/td>\n<td>JXG34<\/td>\n<\/tr>\n<tr>\n<td>Tipo<\/td>\n<td>Semillas de girasol Chocolate\u00a0<\/td>\n<\/tr>\n<tr>\n<td>Embalaje<\/td>\n<td>Embalaje en bolsas<\/td>\n<\/tr>\n<tr>\n<td>Especificaci\u00f3n<\/td>\n<td>12 bolsas<\/td>\n<\/tr>\n<tr>\n<td>Tama\u00f1o de la caja<\/td>\n<td>18*7*25cm<\/td>\n<\/tr>\n<tr>\n<td>N.W \/SET<\/td>\n<td>1KG*12 bolsas<\/td>\n<\/tr>\n<tr>\n<td>Color<\/td>\n<td>Como imagen<\/td>\n<\/tr>\n<tr>\n<td>MOQ<\/td>\n<td>500 cajas<\/td>\n<\/tr>\n<tr>\n<td>Personalizaci\u00f3n<\/td>\n<td>Embalaje\/LOGO<\/td>\n<\/tr>\n<\/tbody>\n<\/table>","protected":false},"featured_media":28649,"comment_status":"closed","ping_status":"closed","template":"","meta":[],"product_cat":[72],"product_tag":[],"class_list":{"0":"post-28633","1":"product","2":"type-product","3":"status-publish","4":"has-post-thumbnail","6":"product_cat-wholesale-chocolate-covered-sunflower-seeds","8":"first","9":"instock","10":"shipping-taxable","11":"product-type-simple"},"_links":{"self":[{"href":"https:\/\/jxgchocolate.com\/es\/wp-json\/wp\/v2\/product\/28633","targetHints":{"allow":["GET"]}}],"collection":[{"href":"https:\/\/jxgchocolate.com\/es\/wp-json\/wp\/v2\/product"}],"about":[{"href":"https:\/\/jxgchocolate.com\/es\/wp-json\/wp\/v2\/types\/product"}],"replies":[{"embeddable":true,"href":"https:\/\/jxgchocolate.com\/es\/wp-json\/wp\/v2\/comments?post=28633"}],"version-history":[{"count":0,"href":"https:\/\/jxgchocolate.com\/es\/wp-json\/wp\/v2\/product\/28633\/revisions"}],"wp:featuredmedia":[{"embeddable":true,"href":"https:\/\/jxgchocolate.com\/es\/wp-json\/wp\/v2\/media\/28649"}],"wp:attachment":[{"href":"https:\/\/jxgchocolate.com\/es\/wp-json\/wp\/v2\/media?parent=28633"}],"wp:term":[{"taxonomy":"product_cat","embeddable":true,"href":"https:\/\/jxgchocolate.com\/es\/wp-json\/wp\/v2\/product_cat?post=28633"},{"taxonomy":"product_tag","embeddable":true,"href":"https:\/\/jxgchocolate.com\/es\/wp-json\/wp\/v2\/product_tag?post=28633"}],"curies":[{"name":"wp","href":"https:\/\/api.w.org\/{rel}","templated":true}]}}