{"id":28641,"date":"2024-08-31T05:54:03","date_gmt":"2024-08-31T05:54:03","guid":{"rendered":"https:\/\/jxgchocolate.com\/?post_type=product&#038;p=28641"},"modified":"2025-03-08T03:43:18","modified_gmt":"2025-03-08T03:43:18","slug":"chocolate-sunflower-seeds-in-bulk","status":"publish","type":"product","link":"https:\/\/jxgchocolate.com\/es\/producto\/chocolate-sunflower-seeds-in-bulk\/","title":{"rendered":"Comprar semillas de girasol con chocolate a granel al mejor precio"},"content":{"rendered":"<div class=\"wp-block-columns is-layout-flex wp-container-core-columns-is-layout-9d6595d7 wp-block-columns-is-layout-flex\">\n<div class=\"wp-block-column is-layout-flow wp-block-column-is-layout-flow\">\n<h2 class=\"wp-block-heading\">Semillas de Girasol de Chocolate Premium a Granel Caracter\u00edsticas:<\/h2>\n\n\n\n<ul class=\"wp-block-list\">\n<li><strong>Rico sabor: <\/strong>Nuestras pipas de girasol de chocolate a granel utilizan chocolate negro de primera calidad para recubrir todas las pipas de girasol, proporcionando un rico sabor a chocolate y un sabor intenso, perfecto para las personas que requieren el sabor de la mejor calidad.<\/li>\n\n\n\n<li><strong>Merienda saludable: <\/strong>El chocolate negro tiene antioxidantes, y las pipas de girasol vitamina E y grasas buenas. Nuestras pipas de girasol con chocolate al por mayor no solo son deliciosas, sino tambi\u00e9n un tentempi\u00e9 saludable.<\/li>\n\n\n\n<li><strong>Aperitivo multiusos: <\/strong>Estas pipas de girasol de chocolate a granel pueden consumirse como tentempi\u00e9 directamente de la bolsa o utilizarse como cobertura de postres como pasteles, galletas y helados. Es una opci\u00f3n deliciosa para cualquier ocasi\u00f3n.<\/li>\n\n\n\n<li><strong>Oferta de compra al por mayor: <\/strong>Nuestras pipas de girasol cubiertas de chocolate al por mayor son las mejores para mayoristas, restaurantes y ocasiones multitudinarias, para garantizarle el acceso a productos de calidad a precios al por mayor.<\/li>\n<\/ul>\n<\/div>\n\n\n\n<div class=\"wp-block-column is-layout-flow wp-block-column-is-layout-flow\">\n<figure class=\"wp-block-image size-full\"><img fetchpriority=\"high\" decoding=\"async\" width=\"750\" height=\"750\" src=\"https:\/\/jxgchocolate.com\/wp-content\/uploads\/2024\/08\/Dark-Chocolate-Sunflower-Seeds-in-Bulk-Wholesale-Snacks-6.webp\" alt=\"Semillas de girasol con chocolate negro a granel, Snacks al por mayor-6\" class=\"wp-image-28647\" srcset=\"https:\/\/jxgchocolate.com\/wp-content\/uploads\/2024\/08\/Dark-Chocolate-Sunflower-Seeds-in-Bulk-Wholesale-Snacks-6.webp 750w, https:\/\/jxgchocolate.com\/wp-content\/uploads\/2024\/08\/Dark-Chocolate-Sunflower-Seeds-in-Bulk-Wholesale-Snacks-6-300x300.webp 300w, https:\/\/jxgchocolate.com\/wp-content\/uploads\/2024\/08\/Dark-Chocolate-Sunflower-Seeds-in-Bulk-Wholesale-Snacks-6-150x150.webp 150w, https:\/\/jxgchocolate.com\/wp-content\/uploads\/2024\/08\/Dark-Chocolate-Sunflower-Seeds-in-Bulk-Wholesale-Snacks-6-12x12.webp 12w, https:\/\/jxgchocolate.com\/wp-content\/uploads\/2024\/08\/Dark-Chocolate-Sunflower-Seeds-in-Bulk-Wholesale-Snacks-6-430x430.webp 430w, https:\/\/jxgchocolate.com\/wp-content\/uploads\/2024\/08\/Dark-Chocolate-Sunflower-Seeds-in-Bulk-Wholesale-Snacks-6-700x700.webp 700w\" sizes=\"(max-width: 750px) 100vw, 750px\" \/><\/figure>\n<\/div>\n<\/div>\n\n\n\n<p><\/p>","protected":false},"excerpt":{"rendered":"<p>Bienvenido a pedir al por mayor pipas de girasol recubiertas de chocolate. Nuestras semillas de girasol con chocolate al por mayor est\u00e1n recubiertas de chocolate negro puro, con un sabor profundo y una nutrici\u00f3n densa. Es de importancia ya sea como alimento saludable o para decorar postres.<\/p>\n<table width=\"275\">\n<tbody>\n<tr>\n<td width=\"108\">Fabricante<\/td>\n<td width=\"167\">Fruta de la suerte<\/td>\n<\/tr>\n<tr>\n<td>N\u00ba DE MODELO<\/td>\n<td>JXG35<\/td>\n<\/tr>\n<tr>\n<td>Tipo<\/td>\n<td>Semillas de girasol Chocolate\u00a0<\/td>\n<\/tr>\n<tr>\n<td>Embalaje<\/td>\n<td>Embalaje en bolsas<\/td>\n<\/tr>\n<tr>\n<td>Especificaci\u00f3n<\/td>\n<td>2 bolsas<\/td>\n<\/tr>\n<tr>\n<td>Tama\u00f1o de la caja<\/td>\n<td>20*31*18cm<\/td>\n<\/tr>\n<tr>\n<td>N.W \/SET<\/td>\n<td>25g*100Pcs*2bolsas<\/td>\n<\/tr>\n<tr>\n<td>Color<\/td>\n<td>Como imagen<\/td>\n<\/tr>\n<tr>\n<td>MOQ<\/td>\n<td>500 cajas<\/td>\n<\/tr>\n<tr>\n<td>Personalizaci\u00f3n<\/td>\n<td>Embalaje\/LOGO<\/td>\n<\/tr>\n<\/tbody>\n<\/table>","protected":false},"featured_media":28642,"comment_status":"closed","ping_status":"closed","template":"","meta":[],"product_cat":[72],"product_tag":[],"class_list":{"0":"post-28641","1":"product","2":"type-product","3":"status-publish","4":"has-post-thumbnail","6":"product_cat-wholesale-chocolate-covered-sunflower-seeds","8":"first","9":"instock","10":"shipping-taxable","11":"product-type-simple"},"_links":{"self":[{"href":"https:\/\/jxgchocolate.com\/es\/wp-json\/wp\/v2\/product\/28641","targetHints":{"allow":["GET"]}}],"collection":[{"href":"https:\/\/jxgchocolate.com\/es\/wp-json\/wp\/v2\/product"}],"about":[{"href":"https:\/\/jxgchocolate.com\/es\/wp-json\/wp\/v2\/types\/product"}],"replies":[{"embeddable":true,"href":"https:\/\/jxgchocolate.com\/es\/wp-json\/wp\/v2\/comments?post=28641"}],"version-history":[{"count":0,"href":"https:\/\/jxgchocolate.com\/es\/wp-json\/wp\/v2\/product\/28641\/revisions"}],"wp:featuredmedia":[{"embeddable":true,"href":"https:\/\/jxgchocolate.com\/es\/wp-json\/wp\/v2\/media\/28642"}],"wp:attachment":[{"href":"https:\/\/jxgchocolate.com\/es\/wp-json\/wp\/v2\/media?parent=28641"}],"wp:term":[{"taxonomy":"product_cat","embeddable":true,"href":"https:\/\/jxgchocolate.com\/es\/wp-json\/wp\/v2\/product_cat?post=28641"},{"taxonomy":"product_tag","embeddable":true,"href":"https:\/\/jxgchocolate.com\/es\/wp-json\/wp\/v2\/product_tag?post=28641"}],"curies":[{"name":"wp","href":"https:\/\/api.w.org\/{rel}","templated":true}]}}