{"id":28657,"date":"2024-08-31T06:22:40","date_gmt":"2024-08-31T06:22:40","guid":{"rendered":"https:\/\/jxgchocolate.com\/?post_type=product&#038;p=28657"},"modified":"2024-11-02T09:23:42","modified_gmt":"2024-11-02T09:23:42","slug":"chocolate-sunflower-seeds-wholesale","status":"publish","type":"product","link":"https:\/\/jxgchocolate.com\/es\/producto\/chocolate-sunflower-seeds-wholesale\/","title":{"rendered":"Bolsa de semillas de girasol de chocolate al por mayor, Snacks de chocolate a granel"},"content":{"rendered":"<div class=\"wp-block-columns is-layout-flex wp-container-core-columns-is-layout-9d6595d7 wp-block-columns-is-layout-flex\">\n<div class=\"wp-block-column is-layout-flow wp-block-column-is-layout-flow\">\n<h2 class=\"wp-block-heading\">Semillas de Girasol de Chocolate Premium al por mayor Caracter\u00edsticas:<\/h2>\n\n\n\n<ul class=\"wp-block-list\">\n<li><strong>C\u00f3modo dise\u00f1o del envase: <\/strong>Nuestras pipas de girasol con chocolate al por mayor se presentan en bolsas, c\u00f3modas de llevar y almacenar. Es adecuado para los aperitivos diarios, viajes, o simplemente comer en el camino al trabajo; que va a satisfacer las demandas de los consumidores en cualquier momento y en cualquier lugar.<\/li>\n\n\n\n<li><strong>Selecci\u00f3n de ingredientes de alta calidad: <\/strong>En la fabricaci\u00f3n de pipas de girasol con chocolate al por mayor, se tiene en cuenta la mezcla de pipas de girasol de alta calidad con chocolate de alta calidad. Por lo tanto, cada una de las semillas de girasol cubiertas de chocolate a granel tiene un fuerte sabor a chocolate y un gusto crujiente, lo que proporciona una alta calidad en el disfrute del sabor.<\/li>\n\n\n\n<li><strong>Una elecci\u00f3n sana y saludable: <\/strong>Las pipas de girasol son ricas en vitamina E, prote\u00ednas y grasas saludables, mientras que el chocolate est\u00e1 lleno de antioxidantes. Combinadas a la perfecci\u00f3n y de forma deliciosa, nuestras pipas de girasol de chocolate al por mayor constituyen una opci\u00f3n de aperitivo mucho m\u00e1s saludable para el consumidor.<\/li>\n\n\n\n<li><strong>Ventaja del suministro al por mayor: <\/strong>Proporcionaremos semillas de girasol recubiertas de chocolate a granel, esto ser\u00e1 para mayoristas, minoristas de supermercados y grandes organizadores de eventos. Cuantos m\u00e1s pedidos nos haga, m\u00e1s favorable ser\u00e1 el precio, al tiempo que podemos garantizar el suministro a largo plazo.<\/li>\n<\/ul>\n<\/div>\n\n\n\n<div class=\"wp-block-column is-layout-flow wp-block-column-is-layout-flow\">\n<figure class=\"wp-block-image size-full\"><img fetchpriority=\"high\" decoding=\"async\" width=\"3648\" height=\"3648\" src=\"https:\/\/jxgchocolate.com\/wp-content\/uploads\/2024\/08\/Bag-Pack-Chocolate-Sunflower-Seeds-Wholesale-Bulk-Snacks-2.webp\" alt=\"Bolsa de Semillas de Girasol de Chocolate al por mayor, Snacks a granel-2\" class=\"wp-image-28659\" srcset=\"https:\/\/jxgchocolate.com\/wp-content\/uploads\/2024\/08\/Bag-Pack-Chocolate-Sunflower-Seeds-Wholesale-Bulk-Snacks-2.webp 3648w, https:\/\/jxgchocolate.com\/wp-content\/uploads\/2024\/08\/Bag-Pack-Chocolate-Sunflower-Seeds-Wholesale-Bulk-Snacks-2-300x300.webp 300w, https:\/\/jxgchocolate.com\/wp-content\/uploads\/2024\/08\/Bag-Pack-Chocolate-Sunflower-Seeds-Wholesale-Bulk-Snacks-2-150x150.webp 150w, https:\/\/jxgchocolate.com\/wp-content\/uploads\/2024\/08\/Bag-Pack-Chocolate-Sunflower-Seeds-Wholesale-Bulk-Snacks-2-768x768.webp 768w, https:\/\/jxgchocolate.com\/wp-content\/uploads\/2024\/08\/Bag-Pack-Chocolate-Sunflower-Seeds-Wholesale-Bulk-Snacks-2-12x12.webp 12w, https:\/\/jxgchocolate.com\/wp-content\/uploads\/2024\/08\/Bag-Pack-Chocolate-Sunflower-Seeds-Wholesale-Bulk-Snacks-2-430x430.webp 430w, https:\/\/jxgchocolate.com\/wp-content\/uploads\/2024\/08\/Bag-Pack-Chocolate-Sunflower-Seeds-Wholesale-Bulk-Snacks-2-700x700.webp 700w\" sizes=\"(max-width: 3648px) 100vw, 3648px\" \/><\/figure>\n<\/div>\n<\/div>\n\n\n\n<p><\/p>","protected":false},"excerpt":{"rendered":"<p>Compre semillas de girasol recubiertas de chocolate al por mayor de f\u00e1brica. Estas semillas de girasol de chocolate al por mayor tienen un dise\u00f1o de bolsa muy conveniente, f\u00e1cil de llevar y ajustado para aperitivos diarios o viajes. Con la selecci\u00f3n de ingredientes de alta calidad, pueden asegurar que cada pieza tiene rico sabor a chocolate y valor nutricional.<\/p>\n<table width=\"275\">\n<tbody>\n<tr>\n<td width=\"108\">Fabricante<\/td>\n<td width=\"167\">Fruta de la suerte<\/td>\n<\/tr>\n<tr>\n<td>N\u00ba DE MODELO<\/td>\n<td>JXG36<\/td>\n<\/tr>\n<tr>\n<td>Tipo<\/td>\n<td>Semillas de girasol Chocolate\u00a0<\/td>\n<\/tr>\n<tr>\n<td>Embalaje<\/td>\n<td>Embalaje en bolsas<\/td>\n<\/tr>\n<tr>\n<td>Especificaci\u00f3n<\/td>\n<td>24 cajas<\/td>\n<\/tr>\n<tr>\n<td>Tama\u00f1o de la caja<\/td>\n<td>15*13*9cm<\/td>\n<\/tr>\n<tr>\n<td>N.W \/SET<\/td>\n<td>14g*30Pcs*24cajas<\/td>\n<\/tr>\n<tr>\n<td>Color<\/td>\n<td>Como imagen<\/td>\n<\/tr>\n<tr>\n<td>MOQ<\/td>\n<td>500 cajas<\/td>\n<\/tr>\n<tr>\n<td>Personalizaci\u00f3n<\/td>\n<td>Embalaje\/LOGO<\/td>\n<\/tr>\n<\/tbody>\n<\/table>","protected":false},"featured_media":28661,"comment_status":"closed","ping_status":"closed","template":"","meta":[],"product_cat":[72],"product_tag":[],"class_list":{"0":"post-28657","1":"product","2":"type-product","3":"status-publish","4":"has-post-thumbnail","6":"product_cat-wholesale-chocolate-covered-sunflower-seeds","8":"first","9":"instock","10":"shipping-taxable","11":"product-type-simple"},"_links":{"self":[{"href":"https:\/\/jxgchocolate.com\/es\/wp-json\/wp\/v2\/product\/28657","targetHints":{"allow":["GET"]}}],"collection":[{"href":"https:\/\/jxgchocolate.com\/es\/wp-json\/wp\/v2\/product"}],"about":[{"href":"https:\/\/jxgchocolate.com\/es\/wp-json\/wp\/v2\/types\/product"}],"replies":[{"embeddable":true,"href":"https:\/\/jxgchocolate.com\/es\/wp-json\/wp\/v2\/comments?post=28657"}],"version-history":[{"count":0,"href":"https:\/\/jxgchocolate.com\/es\/wp-json\/wp\/v2\/product\/28657\/revisions"}],"wp:featuredmedia":[{"embeddable":true,"href":"https:\/\/jxgchocolate.com\/es\/wp-json\/wp\/v2\/media\/28661"}],"wp:attachment":[{"href":"https:\/\/jxgchocolate.com\/es\/wp-json\/wp\/v2\/media?parent=28657"}],"wp:term":[{"taxonomy":"product_cat","embeddable":true,"href":"https:\/\/jxgchocolate.com\/es\/wp-json\/wp\/v2\/product_cat?post=28657"},{"taxonomy":"product_tag","embeddable":true,"href":"https:\/\/jxgchocolate.com\/es\/wp-json\/wp\/v2\/product_tag?post=28657"}],"curies":[{"name":"wp","href":"https:\/\/api.w.org\/{rel}","templated":true}]}}