{"id":28684,"date":"2024-09-02T01:47:43","date_gmt":"2024-09-02T01:47:43","guid":{"rendered":"https:\/\/jxgchocolate.com\/?post_type=product&#038;p=28684"},"modified":"2025-03-08T06:11:09","modified_gmt":"2025-03-08T06:11:09","slug":"chocolate-peanuts-wholesale","status":"publish","type":"product","link":"https:\/\/jxgchocolate.com\/es\/producto\/chocolate-peanuts-wholesale\/","title":{"rendered":"Clear Pack Cacahuetes de Chocolate al por mayor, Bolas de chocolate a granel"},"content":{"rendered":"<div class=\"wp-block-columns is-layout-flex wp-container-core-columns-is-layout-9d6595d7 wp-block-columns-is-layout-flex\">\n<div class=\"wp-block-column is-layout-flow wp-block-column-is-layout-flow\">\n<h2 class=\"wp-block-heading\">Cacahuetes de chocolate Premium al por mayor Caracter\u00edsticas:<\/h2>\n\n\n\n<ul class=\"wp-block-list\">\n<li><strong>F\u00e1cil de transportar: <\/strong>Nuestros cacahuetes de chocolate al por mayor son de dise\u00f1o de bolsa independiente, de tama\u00f1o peque\u00f1o y peso ligero, aptos para consumir en cualquier momento y lugar. Ya sea en el trabajo, de viaje, de descanso despu\u00e9s de hacer ejercicio, o como un bocadillo saludable para los ni\u00f1os, es tan conveniente para tomar.<\/li>\n\n\n\n<li><strong>Delicioso y nutritivo: <\/strong>Nuestros cacahuetes recubiertos de chocolate a granel se seleccionan a partir de cacahuetes de primera calidad, y su capa exterior es rica en suave chocolate. Cada bocado es perfectamente crujiente y dulce. El rico sabor a chocolate se mezcla con el crujiente sabor a cacahuete y despierta las papilas gustativas, aportando una buena dosis de prote\u00ednas y energ\u00eda.<\/li>\n\n\n\n<li><strong>Aperitivos multiusos: <\/strong>Nuestros cacahuetes de chocolate al por mayor pueden utilizarse en diversas fiestas, eventos al aire libre y otras reuniones para potenciar las energ\u00edas de quienes les rodean y dar m\u00e1s atractivo a su deseo de dulces. Tambi\u00e9n pueden utilizarse como ingredientes de aperitivos horneados para a\u00f1adir sabor y gusto.<\/li>\n\n\n\n<li><strong>Ventajas de la venta al por mayor: <\/strong>Lucky Fruit suministra cacahuetes recubiertos de chocolate al por mayor a granel a minoristas y mayoristas a precios razonables, lo que satisface su demanda. El uso de chocolate y cacahuetes de alta calidad puede suponer una experiencia satisfactoria para el consumidor.<\/li>\n<\/ul>\n<\/div>\n\n\n\n<div class=\"wp-block-column is-layout-flow wp-block-column-is-layout-flow\">\n<figure class=\"wp-block-image size-full\"><img fetchpriority=\"high\" decoding=\"async\" width=\"750\" height=\"750\" src=\"https:\/\/jxgchocolate.com\/wp-content\/uploads\/2024\/09\/Bag-Pack-Chocolate-Peanuts-Wholesale-Bulk-Chocolate-Snacks-5.webp\" alt=\"Bolsa de cacahuetes de chocolate al por mayor, Snacks de chocolate a granel-5\" class=\"wp-image-28691\" srcset=\"https:\/\/jxgchocolate.com\/wp-content\/uploads\/2024\/09\/Bag-Pack-Chocolate-Peanuts-Wholesale-Bulk-Chocolate-Snacks-5.webp 750w, https:\/\/jxgchocolate.com\/wp-content\/uploads\/2024\/09\/Bag-Pack-Chocolate-Peanuts-Wholesale-Bulk-Chocolate-Snacks-5-300x300.webp 300w, https:\/\/jxgchocolate.com\/wp-content\/uploads\/2024\/09\/Bag-Pack-Chocolate-Peanuts-Wholesale-Bulk-Chocolate-Snacks-5-150x150.webp 150w, https:\/\/jxgchocolate.com\/wp-content\/uploads\/2024\/09\/Bag-Pack-Chocolate-Peanuts-Wholesale-Bulk-Chocolate-Snacks-5-12x12.webp 12w, https:\/\/jxgchocolate.com\/wp-content\/uploads\/2024\/09\/Bag-Pack-Chocolate-Peanuts-Wholesale-Bulk-Chocolate-Snacks-5-430x430.webp 430w, https:\/\/jxgchocolate.com\/wp-content\/uploads\/2024\/09\/Bag-Pack-Chocolate-Peanuts-Wholesale-Bulk-Chocolate-Snacks-5-700x700.webp 700w\" sizes=\"(max-width: 750px) 100vw, 750px\" \/><\/figure>\n<\/div>\n<\/div>","protected":false},"excerpt":{"rendered":"<p>Bienvenido a comprar cacahuetes recubiertos de chocolate al por mayor. Nuestros cacahuetes de chocolate al por mayor son c\u00f3modos de comer, deliciosos, nutritivos y se pueden consumir en cualquier momento y lugar. Ya sea trabajando, viajando o jugando, o simplemente como aperitivo para fiestas, este tentempi\u00e9 es perfecto para diversas ocasiones.<\/p>\n<table style=\"border-collapse: collapse; width: 275.02pt;\" border=\"0\" width=\"275\" cellspacing=\"0\" cellpadding=\"0\">\n<tbody>\n<tr style=\"height: 17.60pt;\">\n<td class=\"et3\" style=\"height: 17.60pt; width: 108.35pt;\" width=\"108\" height=\"17\">Fabricante<\/td>\n<td class=\"et3\" style=\"width: 167.10pt;\" width=\"167\">Fruta de la suerte<\/td>\n<\/tr>\n<tr style=\"height: 17.60pt;\">\n<td class=\"et3\" style=\"height: 17.60pt;\" height=\"17\">N\u00ba DE MODELO<\/td>\n<td class=\"et3\">JXG38<\/td>\n<\/tr>\n<tr style=\"height: 17.60pt;\">\n<td class=\"et3\" style=\"height: 17.60pt;\" height=\"17\">Tipo<\/td>\n<td class=\"et3\">Cacahuetes con chocolate<\/td>\n<\/tr>\n<tr style=\"height: 17.60pt;\">\n<td class=\"et3\" style=\"height: 17.60pt;\" height=\"17\">Embalaje<\/td>\n<td class=\"et3\">Embalaje en bolsas<\/td>\n<\/tr>\n<tr style=\"height: 17.60pt;\">\n<td class=\"et3\" style=\"height: 17.60pt;\" height=\"17\">Especificaci\u00f3n<\/td>\n<td class=\"et3\">2 bolsas<\/td>\n<\/tr>\n<tr style=\"height: 17.60pt;\">\n<td class=\"et3\" style=\"height: 17.60pt;\" height=\"17\">Tama\u00f1o de la caja<\/td>\n<td class=\"et3\">19*3*18 cm<\/td>\n<\/tr>\n<tr style=\"height: 17.60pt;\">\n<td class=\"et3\" style=\"height: 17.60pt;\" height=\"17\">N.W \/SET<\/td>\n<td class=\"et3\">25g*100Pcs*2bolsas<\/td>\n<\/tr>\n<tr style=\"height: 17.60pt;\">\n<td class=\"et3\" style=\"height: 17.60pt;\" height=\"17\">Color<\/td>\n<td class=\"et3\">Como imagen<\/td>\n<\/tr>\n<tr style=\"height: 17.60pt;\">\n<td class=\"et3\" style=\"height: 17.60pt;\" height=\"17\">MOQ<\/td>\n<td class=\"et3\">500 cajas<\/td>\n<\/tr>\n<tr style=\"height: 17.60pt;\">\n<td class=\"et3\" style=\"height: 17.60pt;\" height=\"17\">Personalizaci\u00f3n<\/td>\n<td class=\"et3\">Embalaje\/LOGO<\/td>\n<\/tr>\n<\/tbody>\n<\/table>","protected":false},"featured_media":28687,"comment_status":"closed","ping_status":"closed","template":"","meta":[],"product_cat":[73],"product_tag":[],"class_list":{"0":"post-28684","1":"product","2":"type-product","3":"status-publish","4":"has-post-thumbnail","6":"product_cat-wholesale-chocolate-covered-peanuts","8":"first","9":"instock","10":"shipping-taxable","11":"product-type-simple"},"_links":{"self":[{"href":"https:\/\/jxgchocolate.com\/es\/wp-json\/wp\/v2\/product\/28684","targetHints":{"allow":["GET"]}}],"collection":[{"href":"https:\/\/jxgchocolate.com\/es\/wp-json\/wp\/v2\/product"}],"about":[{"href":"https:\/\/jxgchocolate.com\/es\/wp-json\/wp\/v2\/types\/product"}],"replies":[{"embeddable":true,"href":"https:\/\/jxgchocolate.com\/es\/wp-json\/wp\/v2\/comments?post=28684"}],"version-history":[{"count":8,"href":"https:\/\/jxgchocolate.com\/es\/wp-json\/wp\/v2\/product\/28684\/revisions"}],"predecessor-version":[{"id":29627,"href":"https:\/\/jxgchocolate.com\/es\/wp-json\/wp\/v2\/product\/28684\/revisions\/29627"}],"wp:featuredmedia":[{"embeddable":true,"href":"https:\/\/jxgchocolate.com\/es\/wp-json\/wp\/v2\/media\/28687"}],"wp:attachment":[{"href":"https:\/\/jxgchocolate.com\/es\/wp-json\/wp\/v2\/media?parent=28684"}],"wp:term":[{"taxonomy":"product_cat","embeddable":true,"href":"https:\/\/jxgchocolate.com\/es\/wp-json\/wp\/v2\/product_cat?post=28684"},{"taxonomy":"product_tag","embeddable":true,"href":"https:\/\/jxgchocolate.com\/es\/wp-json\/wp\/v2\/product_tag?post=28684"}],"curies":[{"name":"wp","href":"https:\/\/api.w.org\/{rel}","templated":true}]}}