{"id":28694,"date":"2024-09-02T03:01:56","date_gmt":"2024-09-02T03:01:56","guid":{"rendered":"https:\/\/jxgchocolate.com\/?post_type=product&#038;p=28694"},"modified":"2025-03-08T03:03:10","modified_gmt":"2025-03-08T03:03:10","slug":"bulk-chocolate-coated-peanuts","status":"publish","type":"product","link":"https:\/\/jxgchocolate.com\/es\/producto\/bulk-chocolate-coated-peanuts\/","title":{"rendered":"Cacahuetes cubiertos chocolate a granel de la fuente de la f\u00e1brica en el gran precio"},"content":{"rendered":"<div class=\"wp-block-columns is-layout-flex wp-container-core-columns-is-layout-9d6595d7 wp-block-columns-is-layout-flex\">\n<div class=\"wp-block-column is-layout-flow wp-block-column-is-layout-flow\">\n<h2 class=\"wp-block-heading\">Cacahuetes recubiertos de chocolate a granel de primera calidad Caracter\u00edsticas:<\/h2>\n\n\n\n<ul class=\"wp-block-list\">\n<li><strong>Suministro a granel: <\/strong>Nuestros cacahuetes recubiertos de chocolate a granel se adaptan a todo tipo de necesidades, desde la gran distribuci\u00f3n hasta el catering. Desde compras corporativas hasta grandes eventos, podemos garantizar un suministro constante.<\/li>\n\n\n\n<li><strong>Cobertura de chocolate de primera calidad: <\/strong>Cada uno de nuestros cacahuetes recubiertos de chocolate al por mayor se selecciona cuidadosamente y se recubre con el mejor chocolate para que cada bocado est\u00e9 cargado de un profundo sabor a chocolate. El suave sabor del chocolate combina a la perfecci\u00f3n con el crujiente de los cacahuetes.<\/li>\n\n\n\n<li><strong>Personalizaci\u00f3n total: <\/strong>Apoyamos la personalizaci\u00f3n de cacahuetes recubiertos de chocolate a granel seg\u00fan las necesidades del cliente, desde el dise\u00f1o del envase, los tipos de chocolate y el saborizante, si se trata de un regalo para un evento concreto o de un producto personalizado para la activaci\u00f3n de la marca.<\/li>\n\n\n\n<li><strong>Sano y delicioso:<\/strong> No s\u00f3lo deliciosos, sino tambi\u00e9n sanos y ricos en prote\u00ednas y nutrientes especiales presentes en los cacahuetes, nuestros cacahuetes recubiertos de chocolate al por mayor est\u00e1n regulados en cuanto a niveles de az\u00facar y grasa para ser un aperitivo saludable que sea agradable al paladar y tenga en cuenta la salud.<\/li>\n<\/ul>\n<\/div>\n\n\n\n<div class=\"wp-block-column is-layout-flow wp-block-column-is-layout-flow\">\n<figure class=\"wp-block-image size-full\"><img fetchpriority=\"high\" decoding=\"async\" width=\"750\" height=\"750\" src=\"https:\/\/jxgchocolate.com\/wp-content\/uploads\/2024\/09\/Factory-Supply-Bulk-Chocolate-Coated-Peanuts-Custom-Snack-2.webp\" alt=\"Suministro de f\u00e1brica a granel de cacahuetes recubiertos de chocolate, Snack personalizado-2\" class=\"wp-image-28696\" srcset=\"https:\/\/jxgchocolate.com\/wp-content\/uploads\/2024\/09\/Factory-Supply-Bulk-Chocolate-Coated-Peanuts-Custom-Snack-2.webp 750w, https:\/\/jxgchocolate.com\/wp-content\/uploads\/2024\/09\/Factory-Supply-Bulk-Chocolate-Coated-Peanuts-Custom-Snack-2-300x300.webp 300w, https:\/\/jxgchocolate.com\/wp-content\/uploads\/2024\/09\/Factory-Supply-Bulk-Chocolate-Coated-Peanuts-Custom-Snack-2-150x150.webp 150w, https:\/\/jxgchocolate.com\/wp-content\/uploads\/2024\/09\/Factory-Supply-Bulk-Chocolate-Coated-Peanuts-Custom-Snack-2-12x12.webp 12w, https:\/\/jxgchocolate.com\/wp-content\/uploads\/2024\/09\/Factory-Supply-Bulk-Chocolate-Coated-Peanuts-Custom-Snack-2-430x430.webp 430w, https:\/\/jxgchocolate.com\/wp-content\/uploads\/2024\/09\/Factory-Supply-Bulk-Chocolate-Coated-Peanuts-Custom-Snack-2-700x700.webp 700w\" sizes=\"(max-width: 750px) 100vw, 750px\" \/><\/figure>\n<\/div>\n<\/div>\n\n\n\n<p><\/p>","protected":false},"excerpt":{"rendered":"<p>Bienvenido a comprar cacahuetes con chocolate. Nuestros cacahuetes recubiertos de chocolate a granel son cacahuetes cuidadosamente seleccionados, y cada bocado est\u00e1 lleno de sabor intenso y sabor \u00fanico. Ofrecemos personalizaci\u00f3n personalizada para satisfacer las necesidades de diferentes marcas.<\/p>\n<table style=\"border-collapse: collapse; width: 275.02pt;\" border=\"0\" width=\"275\" cellspacing=\"0\" cellpadding=\"0\">\n<tbody>\n<tr style=\"height: 17.60pt;\">\n<td class=\"et3\" style=\"height: 17.60pt; width: 108.35pt;\" width=\"108\" height=\"17\">Fabricante<\/td>\n<td class=\"et3\" style=\"width: 167.10pt;\" width=\"167\">Fruta de la suerte<\/td>\n<\/tr>\n<tr style=\"height: 17.60pt;\">\n<td class=\"et3\" style=\"height: 17.60pt;\" height=\"17\">N\u00ba DE MODELO<\/td>\n<td class=\"et3\">JXG39<\/td>\n<\/tr>\n<tr style=\"height: 17.60pt;\">\n<td class=\"et3\" style=\"height: 17.60pt;\" height=\"17\">Tipo<\/td>\n<td class=\"et3\">Cacahuetes con chocolate<\/td>\n<\/tr>\n<tr style=\"height: 17.60pt;\">\n<td class=\"et3\" style=\"height: 17.60pt;\" height=\"17\">Embalaje<\/td>\n<td class=\"et3\">Embalaje en bolsas<\/td>\n<\/tr>\n<tr style=\"height: 17.60pt;\">\n<td class=\"et3\" style=\"height: 17.60pt;\" height=\"17\">Especificaci\u00f3n<\/td>\n<td class=\"et3\">30 bolsas<\/td>\n<\/tr>\n<tr style=\"height: 17.60pt;\">\n<td class=\"et3\" style=\"height: 17.60pt;\" height=\"17\">Tama\u00f1o de la caja<\/td>\n<td class=\"et3\">15*4*22 cm<\/td>\n<\/tr>\n<tr style=\"height: 17.60pt;\">\n<td class=\"et3\" style=\"height: 17.60pt;\" height=\"17\">N.W \/SET<\/td>\n<td class=\"et3\">58g*30bolsas<\/td>\n<\/tr>\n<tr style=\"height: 17.60pt;\">\n<td class=\"et3\" style=\"height: 17.60pt;\" height=\"17\">Color<\/td>\n<td class=\"et3\">Como imagen<\/td>\n<\/tr>\n<tr style=\"height: 17.60pt;\">\n<td class=\"et3\" style=\"height: 17.60pt;\" height=\"17\">MOQ<\/td>\n<td class=\"et3\">500 cajas<\/td>\n<\/tr>\n<tr style=\"height: 17.60pt;\">\n<td class=\"et3\" style=\"height: 17.60pt;\" height=\"17\">Personalizaci\u00f3n<\/td>\n<td class=\"et3\">Embalaje\/LOGO<\/td>\n<\/tr>\n<\/tbody>\n<\/table>","protected":false},"featured_media":28695,"comment_status":"closed","ping_status":"closed","template":"","meta":[],"product_cat":[73],"product_tag":[],"class_list":{"0":"post-28694","1":"product","2":"type-product","3":"status-publish","4":"has-post-thumbnail","6":"product_cat-wholesale-chocolate-covered-peanuts","8":"first","9":"instock","10":"shipping-taxable","11":"product-type-simple"},"_links":{"self":[{"href":"https:\/\/jxgchocolate.com\/es\/wp-json\/wp\/v2\/product\/28694","targetHints":{"allow":["GET"]}}],"collection":[{"href":"https:\/\/jxgchocolate.com\/es\/wp-json\/wp\/v2\/product"}],"about":[{"href":"https:\/\/jxgchocolate.com\/es\/wp-json\/wp\/v2\/types\/product"}],"replies":[{"embeddable":true,"href":"https:\/\/jxgchocolate.com\/es\/wp-json\/wp\/v2\/comments?post=28694"}],"version-history":[{"count":4,"href":"https:\/\/jxgchocolate.com\/es\/wp-json\/wp\/v2\/product\/28694\/revisions"}],"predecessor-version":[{"id":29596,"href":"https:\/\/jxgchocolate.com\/es\/wp-json\/wp\/v2\/product\/28694\/revisions\/29596"}],"wp:featuredmedia":[{"embeddable":true,"href":"https:\/\/jxgchocolate.com\/es\/wp-json\/wp\/v2\/media\/28695"}],"wp:attachment":[{"href":"https:\/\/jxgchocolate.com\/es\/wp-json\/wp\/v2\/media?parent=28694"}],"wp:term":[{"taxonomy":"product_cat","embeddable":true,"href":"https:\/\/jxgchocolate.com\/es\/wp-json\/wp\/v2\/product_cat?post=28694"},{"taxonomy":"product_tag","embeddable":true,"href":"https:\/\/jxgchocolate.com\/es\/wp-json\/wp\/v2\/product_tag?post=28694"}],"curies":[{"name":"wp","href":"https:\/\/api.w.org\/{rel}","templated":true}]}}