{"id":28705,"date":"2024-09-02T03:42:59","date_gmt":"2024-09-02T03:42:59","guid":{"rendered":"https:\/\/jxgchocolate.com\/?post_type=product&#038;p=28705"},"modified":"2025-03-08T03:31:54","modified_gmt":"2025-03-08T03:31:54","slug":"chocolate-covered-peanuts-bulk","status":"publish","type":"product","link":"https:\/\/jxgchocolate.com\/es\/producto\/chocolate-covered-peanuts-bulk\/","title":{"rendered":"Cacahuetes recubiertos de chocolate a granel, Cacahuetes con chocolate al por mayor"},"content":{"rendered":"<div class=\"wp-block-columns is-layout-flex wp-container-core-columns-is-layout-9d6595d7 wp-block-columns-is-layout-flex\">\n<div class=\"wp-block-column is-layout-flow wp-block-column-is-layout-flow\">\n<h2 class=\"wp-block-heading\">Cacahuetes Premium Cubiertos de Chocolate a Granel Caracter\u00edsticas:<\/h2>\n\n\n\n<ul class=\"wp-block-list\">\n<li><strong>Doble cobertura de chocolate:<\/strong> Nuestro cacahuete cubierto de chocolate a granel est\u00e1 envuelto en dos capas de rico chocolate, creando un chocolate m\u00e1s rico y espeso con un sabor a\u00fan mejor en cada bocado. La textura en dos capas del chocolate optimiza el aroma y el sabor de cada cacahuete.<\/li>\n\n\n\n<li><strong>Ingredientes de alta calidad: <\/strong>Nuestros cacahuetes de chocolate al por mayor se fabrican con mejor chocolate y cacahuetes de mejor calidad para garantizar la alta calidad del producto. Los cacahuetes especiales son crujientes y regordetes, y la cobertura de chocolate es suave, por lo que cada cacahuete de chocolate tiene un sabor perfecto.<\/li>\n\n\n\n<li><strong>Aperitivos multiusos:<\/strong> Estos cacahuetes recubiertos de chocolate a granel pueden aplicarse a diferentes ocasiones, como la vida cotidiana, fiestas, pausas para el t\u00e9 de empresa o como regalo festivo. Ya sea como tentempi\u00e9 diario o como material de reposter\u00eda, este cacahuete de doble chocolate a granel puede proporcionar una experiencia especial y deliciosa.<\/li>\n\n\n\n<li><strong>Suministro al por mayor: <\/strong>Nuestros cacahuetes de chocolate al por mayor son perfectos para la compra por parte de minoristas y distribuidores. Compre cacahuetes de chocolate de calidad a bajo coste para que los clientes puedan hacer que su oferta de productos sea m\u00e1s competitiva y los compradores est\u00e9n contentos.<\/li>\n<\/ul>\n<\/div>\n\n\n\n<div class=\"wp-block-column is-layout-flow wp-block-column-is-layout-flow\">\n<figure class=\"wp-block-image size-full\"><img fetchpriority=\"high\" decoding=\"async\" width=\"750\" height=\"750\" src=\"https:\/\/jxgchocolate.com\/wp-content\/uploads\/2024\/09\/Chocolate-Covered-Peanuts-Bulk-Wholesale-Double-Dipped-Peanuts-6.webp\" alt=\"Cacahuetes cubiertos de chocolate a granel, Cacahuetes con doble ba\u00f1o al por mayor-6\" class=\"wp-image-28714\" srcset=\"https:\/\/jxgchocolate.com\/wp-content\/uploads\/2024\/09\/Chocolate-Covered-Peanuts-Bulk-Wholesale-Double-Dipped-Peanuts-6.webp 750w, https:\/\/jxgchocolate.com\/wp-content\/uploads\/2024\/09\/Chocolate-Covered-Peanuts-Bulk-Wholesale-Double-Dipped-Peanuts-6-300x300.webp 300w, https:\/\/jxgchocolate.com\/wp-content\/uploads\/2024\/09\/Chocolate-Covered-Peanuts-Bulk-Wholesale-Double-Dipped-Peanuts-6-150x150.webp 150w, https:\/\/jxgchocolate.com\/wp-content\/uploads\/2024\/09\/Chocolate-Covered-Peanuts-Bulk-Wholesale-Double-Dipped-Peanuts-6-12x12.webp 12w, https:\/\/jxgchocolate.com\/wp-content\/uploads\/2024\/09\/Chocolate-Covered-Peanuts-Bulk-Wholesale-Double-Dipped-Peanuts-6-430x430.webp 430w, https:\/\/jxgchocolate.com\/wp-content\/uploads\/2024\/09\/Chocolate-Covered-Peanuts-Bulk-Wholesale-Double-Dipped-Peanuts-6-700x700.webp 700w\" sizes=\"(max-width: 750px) 100vw, 750px\" \/><\/figure>\n<\/div>\n<\/div>","protected":false},"excerpt":{"rendered":"<p>Bienvenido a comprar cacahuetes con chocolate al por mayor. Nuestros cacahuetes recubiertos de chocolate a granel, con composici\u00f3n de doble capa y material de primera calidad, ofrecen un sabor a chocolate m\u00e1s intenso y una sensaci\u00f3n de cacahuete crujiente. Es perfecto para cualquier ocasi\u00f3n y una maravillosa soluci\u00f3n para picar y hornear.<\/p>\n<table style=\"border-collapse: collapse; width: 275.02pt;\" border=\"0\" width=\"275\" cellspacing=\"0\" cellpadding=\"0\">\n<tbody>\n<tr style=\"height: 17.60pt;\">\n<td class=\"et3\" style=\"height: 17.60pt; width: 108.35pt;\" width=\"108\" height=\"17\">Fabricante<\/td>\n<td class=\"et3\" style=\"width: 167.10pt;\" width=\"167\">Fruta de la suerte<\/td>\n<\/tr>\n<tr style=\"height: 17.60pt;\">\n<td class=\"et3\" style=\"height: 17.60pt;\" height=\"17\">N\u00ba DE MODELO<\/td>\n<td class=\"et3\">JXG40<\/td>\n<\/tr>\n<tr style=\"height: 17.60pt;\">\n<td class=\"et3\" style=\"height: 17.60pt;\" height=\"17\">Tipo<\/td>\n<td class=\"et3\">Cacahuetes con chocolate<\/td>\n<\/tr>\n<tr style=\"height: 17.60pt;\">\n<td class=\"et3\" style=\"height: 17.60pt;\" height=\"17\">Embalaje<\/td>\n<td class=\"et3\">Embalaje en bolsas<\/td>\n<\/tr>\n<tr style=\"height: 17.60pt;\">\n<td class=\"et3\" style=\"height: 17.60pt;\" height=\"17\">Especificaci\u00f3n<\/td>\n<td class=\"et3\">24 cajas<\/td>\n<\/tr>\n<tr style=\"height: 17.60pt;\">\n<td class=\"et3\" style=\"height: 17.60pt;\" height=\"17\">Tama\u00f1o de la caja<\/td>\n<td class=\"et3\">17*10*16cm<\/td>\n<\/tr>\n<tr style=\"height: 17.60pt;\">\n<td class=\"et3\" style=\"height: 17.60pt;\" height=\"17\">N.W \/SET<\/td>\n<td class=\"et3\">16g*30bolsas*24cajas<\/td>\n<\/tr>\n<tr style=\"height: 17.60pt;\">\n<td class=\"et3\" style=\"height: 17.60pt;\" height=\"17\">Color<\/td>\n<td class=\"et3\">Como imagen<\/td>\n<\/tr>\n<tr style=\"height: 17.60pt;\">\n<td class=\"et3\" style=\"height: 17.60pt;\" height=\"17\">MOQ<\/td>\n<td class=\"et3\">500 cajas<\/td>\n<\/tr>\n<tr style=\"height: 17.60pt;\">\n<td class=\"et3\" style=\"height: 17.60pt;\" height=\"17\">Personalizaci\u00f3n<\/td>\n<td class=\"et3\">Embalaje\/LOGO<\/td>\n<\/tr>\n<\/tbody>\n<\/table>","protected":false},"featured_media":28709,"comment_status":"closed","ping_status":"closed","template":"","meta":[],"product_cat":[73],"product_tag":[],"class_list":{"0":"post-28705","1":"product","2":"type-product","3":"status-publish","4":"has-post-thumbnail","6":"product_cat-wholesale-chocolate-covered-peanuts","8":"first","9":"instock","10":"shipping-taxable","11":"product-type-simple"},"_links":{"self":[{"href":"https:\/\/jxgchocolate.com\/es\/wp-json\/wp\/v2\/product\/28705","targetHints":{"allow":["GET"]}}],"collection":[{"href":"https:\/\/jxgchocolate.com\/es\/wp-json\/wp\/v2\/product"}],"about":[{"href":"https:\/\/jxgchocolate.com\/es\/wp-json\/wp\/v2\/types\/product"}],"replies":[{"embeddable":true,"href":"https:\/\/jxgchocolate.com\/es\/wp-json\/wp\/v2\/comments?post=28705"}],"version-history":[{"count":0,"href":"https:\/\/jxgchocolate.com\/es\/wp-json\/wp\/v2\/product\/28705\/revisions"}],"wp:featuredmedia":[{"embeddable":true,"href":"https:\/\/jxgchocolate.com\/es\/wp-json\/wp\/v2\/media\/28709"}],"wp:attachment":[{"href":"https:\/\/jxgchocolate.com\/es\/wp-json\/wp\/v2\/media?parent=28705"}],"wp:term":[{"taxonomy":"product_cat","embeddable":true,"href":"https:\/\/jxgchocolate.com\/es\/wp-json\/wp\/v2\/product_cat?post=28705"},{"taxonomy":"product_tag","embeddable":true,"href":"https:\/\/jxgchocolate.com\/es\/wp-json\/wp\/v2\/product_tag?post=28705"}],"curies":[{"name":"wp","href":"https:\/\/api.w.org\/{rel}","templated":true}]}}