{"id":28706,"date":"2024-09-02T10:03:36","date_gmt":"2024-09-02T03:47:11","guid":{"rendered":"https:\/\/jxgchocolate.com\/?post_type=product&#038;p=28706"},"modified":"2024-09-03T01:21:37","modified_gmt":"2024-09-03T01:21:37","slug":"bulk-chocolate-crispy-balls-with-cookies","status":"publish","type":"product","link":"https:\/\/jxgchocolate.com\/es\/producto\/bulk-chocolate-crispy-balls-with-cookies\/","title":{"rendered":"Bolas Crujientes de Chocolate a Granel en Forma de Bollo Peque\u00f1o con Galletas en su Interior"},"content":{"rendered":"<div class=\"wp-block-columns is-layout-flex wp-container-core-columns-is-layout-9d6595d7 wp-block-columns-is-layout-flex\">\n<div class=\"wp-block-column is-vertically-aligned-center is-layout-flow wp-block-column-is-layout-flow\">\n<h3 class=\"wp-block-heading\"> Bolas crujientes de chocolate a granel de primera calidad Caracter\u00edsticas:<\/h3>\n\n\n\n<ol class=\"wp-block-list\">\n<li><strong>Capa exterior crujiente de chocolate: <\/strong>Nuestras bolas crujientes de chocolate a granel bola compacta de chocolate est\u00e1 cubierta con una capa de chocolate crujiente para una textura crujiente que le permite disfrutar del rico sabor a chocolate en un solo bocado.<\/li>\n\n\n\n<li><strong>Peque\u00f1o dise\u00f1o redondeado: <\/strong>Estas bolas crujientes de chocolate al por mayor son peque\u00f1as y redondeadas, f\u00e1ciles de llevar y comer, y perfectas para un postre o tentempi\u00e9 para llevar.<\/li>\n\n\n\n<li><strong>Rico chip de galleta:<\/strong> El interior de estas bolas crujientes de chocolate a granel est\u00e1 relleno de ricas virutas de galleta, que a\u00f1aden capas de sabor y placer al masticar.<\/li>\n\n\n\n<li><strong>Sabor dulce perfecto:<\/strong> Esta bola crujiente de chocolate a granel combina el dulzor del chocolate con el crujido de las galletas, el dulzor y el salado la convierten en un estupendo tentempi\u00e9, perfecto tambi\u00e9n como regalo para amigos y familiares.<\/li>\n<\/ol>\n<\/div>\n\n\n\n<div class=\"wp-block-column is-layout-flow wp-block-column-is-layout-flow\">\n<figure class=\"wp-block-image size-full\"><img fetchpriority=\"high\" decoding=\"async\" width=\"750\" height=\"750\" src=\"https:\/\/jxgchocolate.com\/wp-content\/uploads\/2024\/09\/Bulk-Chocolate-Crispy-Balls-4.webp\" alt=\"Bolas crujientes de chocolate a granel 4\" class=\"wp-image-28728\" srcset=\"https:\/\/jxgchocolate.com\/wp-content\/uploads\/2024\/09\/Bulk-Chocolate-Crispy-Balls-4.webp 750w, https:\/\/jxgchocolate.com\/wp-content\/uploads\/2024\/09\/Bulk-Chocolate-Crispy-Balls-4-300x300.webp 300w, https:\/\/jxgchocolate.com\/wp-content\/uploads\/2024\/09\/Bulk-Chocolate-Crispy-Balls-4-150x150.webp 150w, https:\/\/jxgchocolate.com\/wp-content\/uploads\/2024\/09\/Bulk-Chocolate-Crispy-Balls-4-12x12.webp 12w, https:\/\/jxgchocolate.com\/wp-content\/uploads\/2024\/09\/Bulk-Chocolate-Crispy-Balls-4-430x430.webp 430w, https:\/\/jxgchocolate.com\/wp-content\/uploads\/2024\/09\/Bulk-Chocolate-Crispy-Balls-4-700x700.webp 700w\" sizes=\"(max-width: 750px) 100vw, 750px\" \/><\/figure>\n<\/div>\n<\/div>\n\n\n\n<p><\/p>","protected":false},"excerpt":{"rendered":"<p>Nuestras bolas crujientes de chocolate a granel tienen una capa exterior crujiente y ricas galletas en el interior, que son peque\u00f1as y bonitas con un rico sabor inolvidable. No s\u00f3lo son un delicioso tentempi\u00e9, sino tambi\u00e9n un exquisito regalo.<\/p>\n<table style=\"border-collapse: collapse; width: 275.02pt;\" border=\"0\" width=\"275\" cellspacing=\"0\" cellpadding=\"0\">\n<tbody>\n<tr style=\"height: 17.60pt;\">\n<td class=\"et3\" style=\"height: 17.60pt; width: 108.35pt;\" width=\"108\" height=\"17\">Fabricante<\/td>\n<td class=\"et3\" style=\"width: 167.10pt;\" width=\"167\">Fruta de la suerte<\/td>\n<\/tr>\n<tr style=\"height: 17.60pt;\">\n<td class=\"et3\" style=\"height: 17.60pt;\" height=\"17\">N\u00ba DE MODELO<\/td>\n<td class=\"et3\">JXG41<\/td>\n<\/tr>\n<tr style=\"height: 17.60pt;\">\n<td class=\"et3\" style=\"height: 17.60pt;\" height=\"17\">Tipo<\/td>\n<td class=\"et3\">Bolas crujientes de chocolate<\/td>\n<\/tr>\n<tr style=\"height: 17.60pt;\">\n<td class=\"et3\" style=\"height: 17.60pt;\" height=\"17\">Embalaje<\/td>\n<td class=\"et3\">Embalaje en bolsas<\/td>\n<\/tr>\n<tr style=\"height: 17.60pt;\">\n<td class=\"et3\" style=\"height: 17.60pt;\" height=\"17\">Especificaci\u00f3n<\/td>\n<td class=\"et3\">2 bolsas<\/td>\n<\/tr>\n<tr style=\"height: 17.60pt;\">\n<td class=\"et3\" style=\"height: 17.60pt;\" height=\"17\">Tama\u00f1o de la caja<\/td>\n<td class=\"et3\">19*31*21cm<\/td>\n<\/tr>\n<tr style=\"height: 17.60pt;\">\n<td class=\"et3\" style=\"height: 17.60pt;\" height=\"17\">N.W \/SET<\/td>\n<td class=\"et3\">25g*100Pcs*2bolsas<\/td>\n<\/tr>\n<tr style=\"height: 17.60pt;\">\n<td class=\"et3\" style=\"height: 17.60pt;\" height=\"17\">Color<\/td>\n<td class=\"et3\">Como imagen<\/td>\n<\/tr>\n<tr style=\"height: 17.60pt;\">\n<td class=\"et3\" style=\"height: 17.60pt;\" height=\"17\">MOQ<\/td>\n<td class=\"et3\">500 cajas<\/td>\n<\/tr>\n<tr style=\"height: 17.60pt;\">\n<td class=\"et3\" style=\"height: 17.60pt;\" height=\"17\">Personalizaci\u00f3n<\/td>\n<td class=\"et3\">Embalaje\/LOGO<\/td>\n<\/tr>\n<\/tbody>\n<\/table>","protected":false},"featured_media":28730,"comment_status":"closed","ping_status":"closed","template":"","meta":[],"product_cat":[74],"product_tag":[],"class_list":{"0":"post-28706","1":"product","2":"type-product","3":"status-publish","4":"has-post-thumbnail","6":"product_cat-wholesale-crunchy-chocolate-balls","8":"first","9":"instock","10":"shipping-taxable","11":"product-type-simple"},"_links":{"self":[{"href":"https:\/\/jxgchocolate.com\/es\/wp-json\/wp\/v2\/product\/28706","targetHints":{"allow":["GET"]}}],"collection":[{"href":"https:\/\/jxgchocolate.com\/es\/wp-json\/wp\/v2\/product"}],"about":[{"href":"https:\/\/jxgchocolate.com\/es\/wp-json\/wp\/v2\/types\/product"}],"replies":[{"embeddable":true,"href":"https:\/\/jxgchocolate.com\/es\/wp-json\/wp\/v2\/comments?post=28706"}],"version-history":[{"count":0,"href":"https:\/\/jxgchocolate.com\/es\/wp-json\/wp\/v2\/product\/28706\/revisions"}],"wp:featuredmedia":[{"embeddable":true,"href":"https:\/\/jxgchocolate.com\/es\/wp-json\/wp\/v2\/media\/28730"}],"wp:attachment":[{"href":"https:\/\/jxgchocolate.com\/es\/wp-json\/wp\/v2\/media?parent=28706"}],"wp:term":[{"taxonomy":"product_cat","embeddable":true,"href":"https:\/\/jxgchocolate.com\/es\/wp-json\/wp\/v2\/product_cat?post=28706"},{"taxonomy":"product_tag","embeddable":true,"href":"https:\/\/jxgchocolate.com\/es\/wp-json\/wp\/v2\/product_tag?post=28706"}],"curies":[{"name":"wp","href":"https:\/\/api.w.org\/{rel}","templated":true}]}}