{"id":28735,"date":"2024-09-02T09:54:40","date_gmt":"2024-09-02T07:35:00","guid":{"rendered":"https:\/\/jxgchocolate.com\/?post_type=product&#038;p=28735"},"modified":"2024-09-03T01:34:30","modified_gmt":"2024-09-03T01:34:30","slug":"white-chocolate-crispy-balls-wholesale","status":"publish","type":"product","link":"https:\/\/jxgchocolate.com\/es\/producto\/white-chocolate-crispy-balls-wholesale\/","title":{"rendered":"Bolas Crujientes de Chocolate Blanco al por Mayor, Bolas Crujientes Sabor Yogur al por Mayor"},"content":{"rendered":"<div class=\"wp-block-columns is-layout-flex wp-container-core-columns-is-layout-9d6595d7 wp-block-columns-is-layout-flex\">\n<div class=\"wp-block-column is-vertically-aligned-center is-layout-flow wp-block-column-is-layout-flow\">\n<h3 class=\"wp-block-heading\">Bolas Crujientes de Chocolate Blanco Premium al por mayor Caracter\u00edsticas:<\/h3>\n\n\n\n<ol class=\"wp-block-list\">\n<li><strong>Chocolate blanco meloso, sabor delicado:<\/strong> El chocolate blanco de primera calidad seleccionado crea un rico sabor a chocolate blanco que resulta delicado y suave en cada bocado. La f\u00f3rmula \u00fanica hace que nuestras bolas crujientes de chocolate al por mayor se derritan r\u00e1pidamente en la boca, aportando ricas capas de sabor.<\/li>\n\n\n\n<li><strong>Sabor innovador, disfrute \u00fanico:<\/strong> Nuestras bolas crujientes de chocolate blanco fusionadas al por mayor con sabor a yogur, este novedoso sabor no s\u00f3lo satisface las necesidades de los consumidores de experiencias novedosas, sino que tambi\u00e9n atrae a m\u00e1s clientes curiosos.<\/li>\n\n\n\n<li><strong>Embalaje exquisito, personalizado sin preocupaciones: <\/strong>Proporcionamos servicios profesionales de personalizaci\u00f3n para nuestras bolas crujientes de chocolate al por mayor, que se pueden personalizar seg\u00fan las necesidades de envasado exclusivo de los clientes.<\/li>\n\n\n\n<li><strong>Venta al por mayor al por mayor, muchos descuentos:<\/strong> Para pedidos de gran volumen de nuestras bolas crujientes de chocolate a granel, ofrecemos concesiones de precios muy competitivas y programas de cooperaci\u00f3n flexibles. Le ofrecemos una experiencia de pedido eficiente y rentable.<\/li>\n<\/ol>\n<\/div>\n\n\n\n<div class=\"wp-block-column is-layout-flow wp-block-column-is-layout-flow\">\n<figure class=\"wp-block-image size-full\"><img fetchpriority=\"high\" decoding=\"async\" width=\"750\" height=\"750\" src=\"https:\/\/jxgchocolate.com\/wp-content\/uploads\/2024\/09\/White-Chocolate-Crispy-Balls-Wholesale-1.webp\" alt=\"\" class=\"wp-image-28751\" srcset=\"https:\/\/jxgchocolate.com\/wp-content\/uploads\/2024\/09\/White-Chocolate-Crispy-Balls-Wholesale-1.webp 750w, https:\/\/jxgchocolate.com\/wp-content\/uploads\/2024\/09\/White-Chocolate-Crispy-Balls-Wholesale-1-300x300.webp 300w, https:\/\/jxgchocolate.com\/wp-content\/uploads\/2024\/09\/White-Chocolate-Crispy-Balls-Wholesale-1-150x150.webp 150w, https:\/\/jxgchocolate.com\/wp-content\/uploads\/2024\/09\/White-Chocolate-Crispy-Balls-Wholesale-1-12x12.webp 12w, https:\/\/jxgchocolate.com\/wp-content\/uploads\/2024\/09\/White-Chocolate-Crispy-Balls-Wholesale-1-430x430.webp 430w, https:\/\/jxgchocolate.com\/wp-content\/uploads\/2024\/09\/White-Chocolate-Crispy-Balls-Wholesale-1-700x700.webp 700w\" sizes=\"(max-width: 750px) 100vw, 750px\" \/><\/figure>\n<\/div>\n<\/div>","protected":false},"excerpt":{"rendered":"<p>Nuestras bolas crujientes de chocolate blanco al por mayor con sabor a yogur est\u00e1n elaboradas con el mejor chocolate blanco y yogur fresco, recubiertas de suave chocolate blanco por fuera y crujientes galletas por dentro, proporcionando un sabor rico y refrescante. Perfectas para picar o regalar a amigos y familiares.<\/p>\n<table style=\"border-collapse: collapse; width: 275.02pt;\" border=\"0\" width=\"275\" cellspacing=\"0\" cellpadding=\"0\">\n<tbody>\n<tr style=\"height: 17.60pt;\">\n<td class=\"et3\" style=\"height: 17.60pt; width: 108.35pt;\" width=\"108\" height=\"17\">Fabricante<\/td>\n<td class=\"et3\" style=\"width: 167.10pt;\" width=\"167\">Fruta de la suerte<\/td>\n<\/tr>\n<tr style=\"height: 17.60pt;\">\n<td class=\"et3\" style=\"height: 17.60pt;\" height=\"17\">N\u00ba DE MODELO<\/td>\n<td class=\"et3\">JXG43<\/td>\n<\/tr>\n<tr style=\"height: 17.60pt;\">\n<td class=\"et3\" style=\"height: 17.60pt;\" height=\"17\">Tipo<\/td>\n<td class=\"et3\">Bolas crujientes de chocolate<\/td>\n<\/tr>\n<tr style=\"height: 17.60pt;\">\n<td class=\"et3\" style=\"height: 17.60pt;\" height=\"17\">Embalaje<\/td>\n<td class=\"et3\">Embalaje en cajas<\/td>\n<\/tr>\n<tr style=\"height: 17.60pt;\">\n<td class=\"et3\" style=\"height: 17.60pt;\" height=\"17\">Especificaci\u00f3n<\/td>\n<td class=\"et3\">24 cajas<\/td>\n<\/tr>\n<tr style=\"height: 17.60pt;\">\n<td class=\"et3\" style=\"height: 17.60pt;\" height=\"17\">Tama\u00f1o de la caja<\/td>\n<td class=\"et3\">20*17*9 cm<\/td>\n<\/tr>\n<tr style=\"height: 17.60pt;\">\n<td class=\"et3\" style=\"height: 17.60pt;\" height=\"17\">N.W \/SET<\/td>\n<td class=\"et3\">12g*40bolsas*24cajas<\/td>\n<\/tr>\n<tr style=\"height: 17.60pt;\">\n<td class=\"et3\" style=\"height: 17.60pt;\" height=\"17\">Color<\/td>\n<td class=\"et3\">Como imagen<\/td>\n<\/tr>\n<tr style=\"height: 17.60pt;\">\n<td class=\"et3\" style=\"height: 17.60pt;\" height=\"17\">MOQ<\/td>\n<td class=\"et3\">500 cajas<\/td>\n<\/tr>\n<tr style=\"height: 17.60pt;\">\n<td class=\"et3\" style=\"height: 17.60pt;\" height=\"17\">Personalizaci\u00f3n<\/td>\n<td class=\"et3\">Embalaje\/LOGO<\/td>\n<\/tr>\n<\/tbody>\n<\/table>","protected":false},"featured_media":28754,"comment_status":"closed","ping_status":"closed","template":"","meta":[],"product_cat":[74],"product_tag":[],"class_list":{"0":"post-28735","1":"product","2":"type-product","3":"status-publish","4":"has-post-thumbnail","6":"product_cat-wholesale-crunchy-chocolate-balls","8":"first","9":"instock","10":"shipping-taxable","11":"product-type-simple"},"_links":{"self":[{"href":"https:\/\/jxgchocolate.com\/es\/wp-json\/wp\/v2\/product\/28735","targetHints":{"allow":["GET"]}}],"collection":[{"href":"https:\/\/jxgchocolate.com\/es\/wp-json\/wp\/v2\/product"}],"about":[{"href":"https:\/\/jxgchocolate.com\/es\/wp-json\/wp\/v2\/types\/product"}],"replies":[{"embeddable":true,"href":"https:\/\/jxgchocolate.com\/es\/wp-json\/wp\/v2\/comments?post=28735"}],"version-history":[{"count":12,"href":"https:\/\/jxgchocolate.com\/es\/wp-json\/wp\/v2\/product\/28735\/revisions"}],"predecessor-version":[{"id":28772,"href":"https:\/\/jxgchocolate.com\/es\/wp-json\/wp\/v2\/product\/28735\/revisions\/28772"}],"wp:featuredmedia":[{"embeddable":true,"href":"https:\/\/jxgchocolate.com\/es\/wp-json\/wp\/v2\/media\/28754"}],"wp:attachment":[{"href":"https:\/\/jxgchocolate.com\/es\/wp-json\/wp\/v2\/media?parent=28735"}],"wp:term":[{"taxonomy":"product_cat","embeddable":true,"href":"https:\/\/jxgchocolate.com\/es\/wp-json\/wp\/v2\/product_cat?post=28735"},{"taxonomy":"product_tag","embeddable":true,"href":"https:\/\/jxgchocolate.com\/es\/wp-json\/wp\/v2\/product_tag?post=28735"}],"curies":[{"name":"wp","href":"https:\/\/api.w.org\/{rel}","templated":true}]}}