{"id":28736,"date":"2024-09-02T09:57:28","date_gmt":"2024-09-02T07:35:13","guid":{"rendered":"https:\/\/jxgchocolate.com\/?post_type=product&#038;p=28736"},"modified":"2024-09-03T01:28:00","modified_gmt":"2024-09-03T01:28:00","slug":"factory-supply-chocolate-crisp-balls","status":"publish","type":"product","link":"https:\/\/jxgchocolate.com\/es\/producto\/factory-supply-chocolate-crisp-balls\/","title":{"rendered":"Suministro de f\u00e1brica Bolas crujientes de chocolate con colorido envase personalizado"},"content":{"rendered":"<div class=\"wp-block-columns is-layout-flex wp-container-core-columns-is-layout-9d6595d7 wp-block-columns-is-layout-flex\">\n<div class=\"wp-block-column is-vertically-aligned-center is-layout-flow wp-block-column-is-layout-flow\">\n<h3 class=\"wp-block-heading\">Bolas crujientes de chocolate Premium Factory Supply Caracter\u00edsticas:<\/h3>\n\n\n\n<ol class=\"wp-block-list\">\n<li><strong>Tentaci\u00f3n de colores: <\/strong>Las bolas de chocolate crujiente suministradas por la f\u00e1brica Lucky Fruit est\u00e1n hechas con colorantes naturales para presentar colores vistosos, que son visualmente atractivos, sanos y seguros.<\/li>\n\n\n\n<li><strong>Sabor \u00fanico: <\/strong>Cada una de nuestras bolas crujientes de chocolate a granel se prepara cuidadosamente, combinando una variedad de gustos y sabores que le proporcionar\u00e1n un placer gustativo sin precedentes.<\/li>\n\n\n\n<li><strong>Embalaje personalizado: <\/strong>Ofrecemos servicios de envasado a medida para nuestras bolas crujientes de chocolate suministradas desde f\u00e1brica, y podemos imprimir dise\u00f1os o textos exclusivos seg\u00fan sus necesidades, tanto si se trata de un regalo de empresa como de un regalo personal, y puede mostrar un sabor \u00fanico.<\/li>\n\n\n\n<li><strong>Garant\u00eda de alta calidad: <\/strong>Nuestras bolas crujientes de chocolate a granel cumplen estrictamente las normas internacionales de seguridad alimentaria en la producci\u00f3n, para garantizar que los productos han sido sometidos a rigurosas pruebas de calidad, de modo que usted pueda estar tranquilo.<\/li>\n<\/ol>\n<\/div>\n\n\n\n<div class=\"wp-block-column is-layout-flow wp-block-column-is-layout-flow\">\n<figure class=\"wp-block-image size-full\"><img fetchpriority=\"high\" decoding=\"async\" width=\"776\" height=\"770\" src=\"https:\/\/jxgchocolate.com\/wp-content\/uploads\/2024\/09\/Supply-Chocolate-Crisp-Balls-5.webp\" alt=\"Bolas crujientes de chocolate 5\" class=\"wp-image-28743\" srcset=\"https:\/\/jxgchocolate.com\/wp-content\/uploads\/2024\/09\/Supply-Chocolate-Crisp-Balls-5.webp 776w, https:\/\/jxgchocolate.com\/wp-content\/uploads\/2024\/09\/Supply-Chocolate-Crisp-Balls-5-302x300.webp 302w, https:\/\/jxgchocolate.com\/wp-content\/uploads\/2024\/09\/Supply-Chocolate-Crisp-Balls-5-150x149.webp 150w, https:\/\/jxgchocolate.com\/wp-content\/uploads\/2024\/09\/Supply-Chocolate-Crisp-Balls-5-768x762.webp 768w, https:\/\/jxgchocolate.com\/wp-content\/uploads\/2024\/09\/Supply-Chocolate-Crisp-Balls-5-12x12.webp 12w, https:\/\/jxgchocolate.com\/wp-content\/uploads\/2024\/09\/Supply-Chocolate-Crisp-Balls-5-430x427.webp 430w, https:\/\/jxgchocolate.com\/wp-content\/uploads\/2024\/09\/Supply-Chocolate-Crisp-Balls-5-700x695.webp 700w\" sizes=\"(max-width: 776px) 100vw, 776px\" \/><\/figure>\n<\/div>\n<\/div>","protected":false},"excerpt":{"rendered":"<p>Nuestras bolas crujientes de chocolate suministradas desde f\u00e1brica, seleccionadas a partir de ingredientes de alta calidad, est\u00e1n envueltas en una colorida capa exterior de chocolate con galletas en su interior. Tambi\u00e9n ofrecemos servicios de personalizaci\u00f3n de envases personalizados, que puede ser un regalo de empresa ideal o regalo de vacaciones. \u00a1Bienvenido a pedidos al por mayor!<\/p>\n<table style=\"border-collapse: collapse; width: 275.02pt;\" border=\"0\" width=\"275\" cellspacing=\"0\" cellpadding=\"0\">\n<tbody>\n<tr style=\"height: 17.60pt;\">\n<td class=\"et3\" style=\"height: 17.60pt; width: 108.35pt;\" width=\"108\" height=\"17\">Fabricante<\/td>\n<td class=\"et3\" style=\"width: 167.10pt;\" width=\"167\">Fruta de la suerte<\/td>\n<\/tr>\n<tr style=\"height: 17.60pt;\">\n<td class=\"et3\" style=\"height: 17.60pt;\" height=\"17\">N\u00ba DE MODELO<\/td>\n<td class=\"et3\">JXG42<\/td>\n<\/tr>\n<tr style=\"height: 17.60pt;\">\n<td class=\"et3\" style=\"height: 17.60pt;\" height=\"17\">Tipo<\/td>\n<td class=\"et3\">Bolas crujientes de chocolate<\/td>\n<\/tr>\n<tr style=\"height: 17.60pt;\">\n<td class=\"et3\" style=\"height: 17.60pt;\" height=\"17\">Embalaje<\/td>\n<td class=\"et3\">Embalaje en bolsas<\/td>\n<\/tr>\n<tr style=\"height: 17.60pt;\">\n<td class=\"et3\" style=\"height: 17.60pt;\" height=\"17\">Especificaci\u00f3n<\/td>\n<td class=\"et3\">30 bolsas<\/td>\n<\/tr>\n<tr style=\"height: 17.60pt;\">\n<td class=\"et3\" style=\"height: 17.60pt;\" height=\"17\">Tama\u00f1o de la caja<\/td>\n<td class=\"et3\">21*10*28 cm<\/td>\n<\/tr>\n<tr style=\"height: 17.60pt;\">\n<td class=\"et3\" style=\"height: 17.60pt;\" height=\"17\">N.W \/SET<\/td>\n<td class=\"et3\">4g*100Pcs*30bolsas<\/td>\n<\/tr>\n<tr style=\"height: 17.60pt;\">\n<td class=\"et3\" style=\"height: 17.60pt;\" height=\"17\">Color<\/td>\n<td class=\"et3\">Como imagen<\/td>\n<\/tr>\n<tr style=\"height: 17.60pt;\">\n<td class=\"et3\" style=\"height: 17.60pt;\" height=\"17\">MOQ<\/td>\n<td class=\"et3\">500 cajas<\/td>\n<\/tr>\n<tr style=\"height: 17.60pt;\">\n<td class=\"et3\" style=\"height: 17.60pt;\" height=\"17\">Personalizaci\u00f3n<\/td>\n<td class=\"et3\">Embalaje\/LOGO<\/td>\n<\/tr>\n<\/tbody>\n<\/table>","protected":false},"featured_media":28740,"comment_status":"closed","ping_status":"closed","template":"","meta":[],"product_cat":[74],"product_tag":[],"class_list":{"0":"post-28736","1":"product","2":"type-product","3":"status-publish","4":"has-post-thumbnail","6":"product_cat-wholesale-crunchy-chocolate-balls","8":"first","9":"instock","10":"shipping-taxable","11":"product-type-simple"},"_links":{"self":[{"href":"https:\/\/jxgchocolate.com\/es\/wp-json\/wp\/v2\/product\/28736","targetHints":{"allow":["GET"]}}],"collection":[{"href":"https:\/\/jxgchocolate.com\/es\/wp-json\/wp\/v2\/product"}],"about":[{"href":"https:\/\/jxgchocolate.com\/es\/wp-json\/wp\/v2\/types\/product"}],"replies":[{"embeddable":true,"href":"https:\/\/jxgchocolate.com\/es\/wp-json\/wp\/v2\/comments?post=28736"}],"version-history":[{"count":0,"href":"https:\/\/jxgchocolate.com\/es\/wp-json\/wp\/v2\/product\/28736\/revisions"}],"wp:featuredmedia":[{"embeddable":true,"href":"https:\/\/jxgchocolate.com\/es\/wp-json\/wp\/v2\/media\/28740"}],"wp:attachment":[{"href":"https:\/\/jxgchocolate.com\/es\/wp-json\/wp\/v2\/media?parent=28736"}],"wp:term":[{"taxonomy":"product_cat","embeddable":true,"href":"https:\/\/jxgchocolate.com\/es\/wp-json\/wp\/v2\/product_cat?post=28736"},{"taxonomy":"product_tag","embeddable":true,"href":"https:\/\/jxgchocolate.com\/es\/wp-json\/wp\/v2\/product_tag?post=28736"}],"curies":[{"name":"wp","href":"https:\/\/api.w.org\/{rel}","templated":true}]}}