{"id":28764,"date":"2024-09-04T06:24:14","date_gmt":"2024-09-03T00:53:08","guid":{"rendered":"https:\/\/jxgchocolate.com\/?post_type=product&#038;p=28764"},"modified":"2024-11-11T06:08:41","modified_gmt":"2024-11-11T06:08:41","slug":"wholesale-roasted-peanuts","status":"publish","type":"product","link":"https:\/\/jxgchocolate.com\/es\/producto\/wholesale-roasted-peanuts\/","title":{"rendered":"Venta al por mayor de cacahuetes tostados, cacahuetes cracker con paquete personalizado"},"content":{"rendered":"<div class=\"wp-block-columns is-layout-flex wp-container-core-columns-is-layout-9d6595d7 wp-block-columns-is-layout-flex\">\n<div class=\"wp-block-column is-vertically-aligned-center is-layout-flow wp-block-column-is-layout-flow\">\n<h3 class=\"wp-block-heading\">Cacahuetes tostados al por mayor de primera calidad Caracter\u00edsticas:<\/h3>\n\n\n\n<ol class=\"wp-block-list\">\n<li><strong>Cacahuetes de calidad seleccionada:<\/strong> Nuestros cacahuetes tostados al por mayor se elaboran con los mejores ingredientes de cacahuete, que se seleccionan y tuestan cuidadosamente para conservar el aroma y el sabor naturales originales del cacahuete, proporcion\u00e1ndole un delicioso placer.<\/li>\n\n\n\n<li><strong>Sano y nutritivo, bajo en grasas y alto en prote\u00ednas:<\/strong> Los cacahuetes cracker al por mayor son ricos en prote\u00ednas y vitaminas, lo que los convierte en un tentempi\u00e9 saludable.<\/li>\n\n\n\n<li><strong>C\u00f3modo envasado:<\/strong> Ofrecemos una gran variedad de especificaciones de envases para los cacahuetes tostados al por mayor, f\u00e1ciles de transportar, ya sea en casa o al aire libre, y puede abrir f\u00e1cilmente la comida instant\u00e1nea para aliviar sus antojos.<\/li>\n\n\n\n<li><strong>Personalizaci\u00f3n a medida:<\/strong> Proporcionar servicios personalizados de envasado de cacahuetes tostados al por mayor, que puede ser dise\u00f1ado de acuerdo a las necesidades del cliente estilo de envasado, y la configuraci\u00f3n personalizada para reflejar mejor la cultura corporativa, y mejorar el atractivo de la empresa.<\/li>\n<\/ol>\n<\/div>\n\n\n\n<div class=\"wp-block-column is-layout-flow wp-block-column-is-layout-flow\">\n<figure class=\"wp-block-image size-full\"><img fetchpriority=\"high\" decoding=\"async\" width=\"800\" height=\"800\" src=\"https:\/\/jxgchocolate.com\/wp-content\/uploads\/2024\/09\/Wholesale-Roasted-Peanuts-1.webp\" alt=\"Cacahuetes tostados al por mayor 1\" class=\"wp-image-28780\" srcset=\"https:\/\/jxgchocolate.com\/wp-content\/uploads\/2024\/09\/Wholesale-Roasted-Peanuts-1.webp 800w, https:\/\/jxgchocolate.com\/wp-content\/uploads\/2024\/09\/Wholesale-Roasted-Peanuts-1-300x300.webp 300w, https:\/\/jxgchocolate.com\/wp-content\/uploads\/2024\/09\/Wholesale-Roasted-Peanuts-1-150x150.webp 150w, https:\/\/jxgchocolate.com\/wp-content\/uploads\/2024\/09\/Wholesale-Roasted-Peanuts-1-768x768.webp 768w, https:\/\/jxgchocolate.com\/wp-content\/uploads\/2024\/09\/Wholesale-Roasted-Peanuts-1-12x12.webp 12w, https:\/\/jxgchocolate.com\/wp-content\/uploads\/2024\/09\/Wholesale-Roasted-Peanuts-1-430x430.webp 430w, https:\/\/jxgchocolate.com\/wp-content\/uploads\/2024\/09\/Wholesale-Roasted-Peanuts-1-700x700.webp 700w\" sizes=\"(max-width: 800px) 100vw, 800px\" \/><\/figure>\n<\/div>\n<\/div>\n\n\n\n<p><\/p>","protected":false},"excerpt":{"rendered":"<p>Bienvenido a comprar cacahuetes fritos al por mayor. Nuestros cacahuetes tostados al por mayor son de alta calidad y admiten un servicio de envasado personalizado. Los cacahuetes de primera calidad seleccionados se tuestan cuidadosamente para garantizar que cada uno de ellos sea sabroso. Adem\u00e1s podemos proporcionar dise\u00f1o de envases personalizados de acuerdo a las necesidades de las empresas, multifac\u00e9tico para satisfacer las necesidades de las empresas.<\/p>\n<table style=\"border-collapse: collapse; width: 275.02pt;\" border=\"0\" width=\"275\" cellspacing=\"0\" cellpadding=\"0\">\n<tbody>\n<tr style=\"height: 17.60pt;\">\n<td class=\"et3\" style=\"height: 17.60pt; width: 108.35pt;\" width=\"108\" height=\"17\">Fabricante<\/td>\n<td class=\"et3\" style=\"width: 167.10pt;\" width=\"167\">Fruta de la suerte<\/td>\n<\/tr>\n<tr style=\"height: 17.60pt;\">\n<td class=\"et3\" style=\"height: 17.60pt;\" height=\"17\">N\u00ba DE MODELO<\/td>\n<td class=\"et3\">JXG44<\/td>\n<\/tr>\n<tr style=\"height: 17.60pt;\">\n<td class=\"et3\" style=\"height: 17.60pt;\" height=\"17\">Tipo<\/td>\n<td class=\"et3\">Cacahuetes tostados<\/td>\n<\/tr>\n<tr style=\"height: 17.60pt;\">\n<td class=\"et3\" style=\"height: 17.60pt;\" height=\"17\">Embalaje<\/td>\n<td class=\"et3\">Embalaje en bolsas<\/td>\n<\/tr>\n<tr style=\"height: 17.60pt;\">\n<td class=\"et3\" style=\"height: 17.60pt;\" height=\"17\">Especificaci\u00f3n<\/td>\n<td class=\"et3\">24 bolsas<\/td>\n<\/tr>\n<tr style=\"height: 17.60pt;\">\n<td class=\"et3\" style=\"height: 17.60pt;\" height=\"17\">Tama\u00f1o de la caja<\/td>\n<td class=\"et3\">20*2*12 cm<\/td>\n<\/tr>\n<tr style=\"height: 17.60pt;\">\n<td class=\"et3\" style=\"height: 17.60pt;\" height=\"17\">N.W \/SET<\/td>\n<td class=\"et3\">20g*20pcs*24bolsas<\/td>\n<\/tr>\n<tr style=\"height: 17.60pt;\">\n<td class=\"et3\" style=\"height: 17.60pt;\" height=\"17\">Color<\/td>\n<td class=\"et3\">Como imagen<\/td>\n<\/tr>\n<tr style=\"height: 17.60pt;\">\n<td class=\"et3\" style=\"height: 17.60pt;\" height=\"17\">MOQ<\/td>\n<td class=\"et3\">500 cajas<\/td>\n<\/tr>\n<tr style=\"height: 17.60pt;\">\n<td class=\"et3\" style=\"height: 17.60pt;\" height=\"17\">Personalizaci\u00f3n<\/td>\n<td class=\"et3\">Embalaje\/LOGO<\/td>\n<\/tr>\n<\/tbody>\n<\/table>","protected":false},"featured_media":28783,"comment_status":"closed","ping_status":"closed","template":"","meta":[],"product_cat":[77],"product_tag":[],"class_list":{"0":"post-28764","1":"product","2":"type-product","3":"status-publish","4":"has-post-thumbnail","6":"product_cat-wholesale-roasted-peanuts","8":"first","9":"instock","10":"shipping-taxable","11":"product-type-simple"},"_links":{"self":[{"href":"https:\/\/jxgchocolate.com\/es\/wp-json\/wp\/v2\/product\/28764","targetHints":{"allow":["GET"]}}],"collection":[{"href":"https:\/\/jxgchocolate.com\/es\/wp-json\/wp\/v2\/product"}],"about":[{"href":"https:\/\/jxgchocolate.com\/es\/wp-json\/wp\/v2\/types\/product"}],"replies":[{"embeddable":true,"href":"https:\/\/jxgchocolate.com\/es\/wp-json\/wp\/v2\/comments?post=28764"}],"version-history":[{"count":0,"href":"https:\/\/jxgchocolate.com\/es\/wp-json\/wp\/v2\/product\/28764\/revisions"}],"wp:featuredmedia":[{"embeddable":true,"href":"https:\/\/jxgchocolate.com\/es\/wp-json\/wp\/v2\/media\/28783"}],"wp:attachment":[{"href":"https:\/\/jxgchocolate.com\/es\/wp-json\/wp\/v2\/media?parent=28764"}],"wp:term":[{"taxonomy":"product_cat","embeddable":true,"href":"https:\/\/jxgchocolate.com\/es\/wp-json\/wp\/v2\/product_cat?post=28764"},{"taxonomy":"product_tag","embeddable":true,"href":"https:\/\/jxgchocolate.com\/es\/wp-json\/wp\/v2\/product_tag?post=28764"}],"curies":[{"name":"wp","href":"https:\/\/api.w.org\/{rel}","templated":true}]}}