{"id":28786,"date":"2024-09-04T03:24:16","date_gmt":"2024-09-04T01:18:52","guid":{"rendered":"https:\/\/jxgchocolate.com\/?post_type=product&#038;p=28786"},"modified":"2024-09-04T10:29:06","modified_gmt":"2024-09-04T10:29:06","slug":"bulk-sunflower-seeds-chocolate","status":"publish","type":"product","link":"https:\/\/jxgchocolate.com\/es\/producto\/bulk-sunflower-seeds-chocolate\/","title":{"rendered":"Semillas de girasol a granel Chocolate con envase personalizado"},"content":{"rendered":"<div class=\"wp-block-columns is-layout-flex wp-container-core-columns-is-layout-9d6595d7 wp-block-columns-is-layout-flex\">\n<div class=\"wp-block-column is-layout-flow wp-block-column-is-layout-flow\">\n<h2 class=\"wp-block-heading\">Semillas de girasol a granel Premium Chocolate Caracter\u00edsticas:<\/h2>\n\n\n\n<ol class=\"wp-block-list\">\n<li><strong>Materias primas de alta calidad<\/strong>: Semillas de girasol a granel de chocolate utilizando las mejores semillas de girasol, cada uno de los cuales ha sido estrictamente examinados, con chocolate de alta calidad, que ha sido cuidadosamente mezclado para hacer que cada semilla de girasol cubierta de chocolate crujiente y delicioso, esta combinaci\u00f3n \u00fanica mejora el nivel de sabor y trae rico sabor disfrute.<\/li>\n\n\n\n<li><strong>Doble garant\u00eda de sabor y salud<\/strong>: Nuestras semillas de girasol cubiertas de chocolate al por mayor son ricas en vitamina E y otros nutrientes, con un alto valor nutritivo. Combinadas con chocolate, conservan los atributos saludables de las semillas de girasol y aumentan el sabor del chocolate.<\/li>\n\n\n\n<li><strong>Envases personalizados<\/strong>: Semillas de girasol a granel de chocolate Para satisfacer las necesidades de los distintos clientes, ofrecemos servicios integrales de personalizaci\u00f3n de envases. Desde el dise\u00f1o del envase hasta la selecci\u00f3n del color, puede personalizarlo seg\u00fan la imagen o el tema de su marca, a\u00f1adiendo un elemento \u00fanico de personalizaci\u00f3n corporativa.<\/li>\n\n\n\n<li><strong>Descuentos al por mayor y cooperaci\u00f3n flexible<\/strong>: Venta al por mayor de semillas de girasol cubiertas de chocolate para los clientes que hacen pedidos en grandes cantidades, ofrecemos precios competitivos y programas de cooperaci\u00f3n flexibles. Disfrute de precios favorables y de un c\u00f3modo proceso de pedido. Maximizar la reducci\u00f3n de costes y mejorar la competitividad de los productos en el mercado.<\/li>\n<\/ol>\n<\/div>\n\n\n\n<div class=\"wp-block-column is-layout-flow wp-block-column-is-layout-flow\">\n<figure class=\"wp-block-image size-full\"><img fetchpriority=\"high\" decoding=\"async\" width=\"750\" height=\"750\" src=\"https:\/\/jxgchocolate.com\/wp-content\/uploads\/2024\/09\/Bulk-Sunflower-Seeds-6.webp\" alt=\"Semillas de girasol a granel Chocolate con envase personalizado-6\" class=\"wp-image-28794\" srcset=\"https:\/\/jxgchocolate.com\/wp-content\/uploads\/2024\/09\/Bulk-Sunflower-Seeds-6.webp 750w, https:\/\/jxgchocolate.com\/wp-content\/uploads\/2024\/09\/Bulk-Sunflower-Seeds-6-300x300.webp 300w, https:\/\/jxgchocolate.com\/wp-content\/uploads\/2024\/09\/Bulk-Sunflower-Seeds-6-150x150.webp 150w, https:\/\/jxgchocolate.com\/wp-content\/uploads\/2024\/09\/Bulk-Sunflower-Seeds-6-12x12.webp 12w, https:\/\/jxgchocolate.com\/wp-content\/uploads\/2024\/09\/Bulk-Sunflower-Seeds-6-430x430.webp 430w, https:\/\/jxgchocolate.com\/wp-content\/uploads\/2024\/09\/Bulk-Sunflower-Seeds-6-700x700.webp 700w\" sizes=\"(max-width: 750px) 100vw, 750px\" \/><\/figure>\n<\/div>\n<\/div>","protected":false},"excerpt":{"rendered":"<p>Nuestros bombones de pipas de girasol a granel se elaboran con ingredientes seleccionados de primera calidad, que combinan el crujido de las pipas de girasol con la riqueza del chocolate para ofrecer una experiencia de sabor \u00fanica. Ofrecemos servicios de envasado personalizados para satisfacer necesidades individuales.<\/p>\n<table style=\"border-collapse: collapse; width: 275.02pt;\" border=\"0\" width=\"275\" cellspacing=\"0\" cellpadding=\"0\">\n<tbody>\n<tr style=\"height: 17.60pt;\">\n<td class=\"et3\" style=\"height: 17.60pt; width: 108.35pt;\" width=\"108\" height=\"17\">Fabricante<\/td>\n<td class=\"et3\" style=\"width: 167.10pt;\" width=\"167\">Fruta de la suerte<\/td>\n<\/tr>\n<tr style=\"height: 17.60pt;\">\n<td class=\"et3\" style=\"height: 17.60pt;\" height=\"17\">N\u00ba DE MODELO<\/td>\n<td class=\"et3\">JXG45<\/td>\n<\/tr>\n<tr style=\"height: 17.60pt;\">\n<td class=\"et3\" style=\"height: 17.60pt;\" height=\"17\">Tipo<\/td>\n<td class=\"et3\">Semillas de girasol Chocolate<\/td>\n<\/tr>\n<tr style=\"height: 17.60pt;\">\n<td class=\"et3\" style=\"height: 17.60pt;\" height=\"17\">Embalaje<\/td>\n<td class=\"et3\">Embalaje en bolsas<\/td>\n<\/tr>\n<tr style=\"height: 17.60pt;\">\n<td class=\"et3\" style=\"height: 17.60pt;\" height=\"17\">Especificaci\u00f3n<\/td>\n<td class=\"et3\">10 bolsas<\/td>\n<\/tr>\n<tr style=\"height: 17.60pt;\">\n<td class=\"et3\" style=\"height: 17.60pt;\" height=\"17\">Tama\u00f1o de la caja<\/td>\n<td class=\"et3\">24*6*18 cm<\/td>\n<\/tr>\n<tr style=\"height: 17.60pt;\">\n<td class=\"et3\" style=\"height: 17.60pt;\" height=\"17\">N.W \/SET<\/td>\n<td class=\"et3\">1kg*10bolsas<\/td>\n<\/tr>\n<tr style=\"height: 17.60pt;\">\n<td class=\"et3\" style=\"height: 17.60pt;\" height=\"17\">Color<\/td>\n<td class=\"et3\">Como imagen<\/td>\n<\/tr>\n<tr style=\"height: 17.60pt;\">\n<td class=\"et3\" style=\"height: 17.60pt;\" height=\"17\">MOQ<\/td>\n<td class=\"et3\">500 cajas<\/td>\n<\/tr>\n<tr style=\"height: 17.60pt;\">\n<td class=\"et3\" style=\"height: 17.60pt;\" height=\"17\">Personalizaci\u00f3n<\/td>\n<td class=\"et3\">Embalaje\/LOGO<\/td>\n<\/tr>\n<\/tbody>\n<\/table>","protected":false},"featured_media":28792,"comment_status":"closed","ping_status":"closed","template":"","meta":[],"product_cat":[72],"product_tag":[],"class_list":{"0":"post-28786","1":"product","2":"type-product","3":"status-publish","4":"has-post-thumbnail","6":"product_cat-wholesale-chocolate-covered-sunflower-seeds","8":"first","9":"instock","10":"shipping-taxable","11":"product-type-simple"},"_links":{"self":[{"href":"https:\/\/jxgchocolate.com\/es\/wp-json\/wp\/v2\/product\/28786","targetHints":{"allow":["GET"]}}],"collection":[{"href":"https:\/\/jxgchocolate.com\/es\/wp-json\/wp\/v2\/product"}],"about":[{"href":"https:\/\/jxgchocolate.com\/es\/wp-json\/wp\/v2\/types\/product"}],"replies":[{"embeddable":true,"href":"https:\/\/jxgchocolate.com\/es\/wp-json\/wp\/v2\/comments?post=28786"}],"version-history":[{"count":0,"href":"https:\/\/jxgchocolate.com\/es\/wp-json\/wp\/v2\/product\/28786\/revisions"}],"wp:featuredmedia":[{"embeddable":true,"href":"https:\/\/jxgchocolate.com\/es\/wp-json\/wp\/v2\/media\/28792"}],"wp:attachment":[{"href":"https:\/\/jxgchocolate.com\/es\/wp-json\/wp\/v2\/media?parent=28786"}],"wp:term":[{"taxonomy":"product_cat","embeddable":true,"href":"https:\/\/jxgchocolate.com\/es\/wp-json\/wp\/v2\/product_cat?post=28786"},{"taxonomy":"product_tag","embeddable":true,"href":"https:\/\/jxgchocolate.com\/es\/wp-json\/wp\/v2\/product_tag?post=28786"}],"curies":[{"name":"wp","href":"https:\/\/api.w.org\/{rel}","templated":true}]}}