{"id":28797,"date":"2024-09-04T09:31:16","date_gmt":"2024-09-04T03:59:25","guid":{"rendered":"https:\/\/jxgchocolate.com\/?post_type=product&#038;p=28797"},"modified":"2025-03-08T05:20:30","modified_gmt":"2025-03-08T05:20:30","slug":"wholesale-white-chocolate-covered-peanuts","status":"publish","type":"product","link":"https:\/\/jxgchocolate.com\/es\/producto\/wholesale-white-chocolate-covered-peanuts\/","title":{"rendered":"Mayorista Cacahuetes Cubiertos de Chocolate Blanco con Cubos de Pl\u00e1stico"},"content":{"rendered":"<div class=\"wp-block-columns is-layout-flex wp-container-core-columns-is-layout-9d6595d7 wp-block-columns-is-layout-flex\">\n<div class=\"wp-block-column is-layout-flow wp-block-column-is-layout-flow\">\n<h2 class=\"wp-block-heading\">Cacahuetes recubiertos de chocolate blanco al por mayor de primera calidad Caracter\u00edsticas:<\/h2>\n\n\n\n<ul class=\"wp-block-list\">\n<li><strong>Ingredientes seleccionados: <\/strong>Nuestros cacahuetes recubiertos de chocolate blanco al por mayor se elaboran con el mejor chocolate blanco y los mejores cacahuetes. Cada cacahuete se selecciona cuidadosamente para que sea crujiente y completo, mientras que la cobertura de chocolate blanco es cremosa y rica, una combinaci\u00f3n poco frecuente que aporta profundidad y enriquece la experiencia gustativa.<\/li>\n\n\n\n<li><strong>Sano y nutritivo: <\/strong>Nuestros cacahuetes de chocolate blanco al por mayor son ricos en prote\u00ednas, vitamina E y minerales, y cuando se combinan con chocolate blanco, no s\u00f3lo conservan el valor nutritivo de los cacahuetes, sino que tambi\u00e9n capturan el esp\u00edritu del chocolate. La doble garant\u00eda de salud y sabor hace de este art\u00edculo un favorito en todas las edades.<\/li>\n\n\n\n<li><strong>Envases personalizados y a medida: <\/strong>Ofrecemos cacahuetes recubiertos de chocolate blanco al por mayor con envases personalizados que pueden adaptarse a los requisitos espec\u00edficos de nuestros clientes. Aseg\u00farese de que cada porci\u00f3n exprese sus propias ideas.<\/li>\n\n\n\n<li><strong>Descuentos al por mayor: <\/strong>Nuestros cacahuetes de chocolate blanco al por mayor se ofrecen con precios competitivos y personalizaci\u00f3n. Puede obtener tarifas preferentes y un c\u00f3modo proceso de pedido como minorista, distribuidor o comprador corporativo. Le ayudamos a mantener bajos los costes y a que sus productos sean m\u00e1s competitivos en el mercado.<\/li>\n<\/ul>\n<\/div>\n\n\n\n<div class=\"wp-block-column is-layout-flow wp-block-column-is-layout-flow\">\n<figure class=\"wp-block-image size-full\"><img fetchpriority=\"high\" decoding=\"async\" width=\"750\" height=\"750\" src=\"https:\/\/jxgchocolate.com\/wp-content\/uploads\/2024\/09\/wholesale-white-chocolate-covered-peanuts-4.webp\" alt=\"venta al por mayor de cacahuetes cubiertos de chocolate blanco 4\" class=\"wp-image-28811\" srcset=\"https:\/\/jxgchocolate.com\/wp-content\/uploads\/2024\/09\/wholesale-white-chocolate-covered-peanuts-4.webp 750w, https:\/\/jxgchocolate.com\/wp-content\/uploads\/2024\/09\/wholesale-white-chocolate-covered-peanuts-4-300x300.webp 300w, https:\/\/jxgchocolate.com\/wp-content\/uploads\/2024\/09\/wholesale-white-chocolate-covered-peanuts-4-150x150.webp 150w, https:\/\/jxgchocolate.com\/wp-content\/uploads\/2024\/09\/wholesale-white-chocolate-covered-peanuts-4-12x12.webp 12w, https:\/\/jxgchocolate.com\/wp-content\/uploads\/2024\/09\/wholesale-white-chocolate-covered-peanuts-4-430x430.webp 430w, https:\/\/jxgchocolate.com\/wp-content\/uploads\/2024\/09\/wholesale-white-chocolate-covered-peanuts-4-700x700.webp 700w\" sizes=\"(max-width: 750px) 100vw, 750px\" \/><\/figure>\n<\/div>\n<\/div>\n\n\n\n<p><\/p>","protected":false},"excerpt":{"rendered":"<p>Bienvenido a comprar caramelos de chocolate blanco. Nuestros cacahuetes cubiertos de chocolate blanco al por mayor est\u00e1n hechos de materiales de alta calidad, combinando cacahuetes con chocolate blanco para un sabor extra\u00f1o. Y el estilo personalizado hace que sea una selecci\u00f3n ideal de aperitivos.<\/p>\n<table style=\"border-collapse: collapse; width: 275.02pt;\" border=\"0\" width=\"275\" cellspacing=\"0\" cellpadding=\"0\">\n<tbody>\n<tr style=\"height: 17.60pt;\">\n<td class=\"et3\" style=\"height: 17.60pt; width: 108.35pt;\" width=\"108\" height=\"17\">Fabricante<\/td>\n<td class=\"et3\" style=\"width: 167.10pt;\" width=\"167\">Fruta de la suerte<\/td>\n<\/tr>\n<tr style=\"height: 17.60pt;\">\n<td class=\"et3\" style=\"height: 17.60pt;\" height=\"17\">N\u00ba DE MODELO<\/td>\n<td class=\"et3\">JXG46<\/td>\n<\/tr>\n<tr style=\"height: 17.60pt;\">\n<td class=\"et3\" style=\"height: 17.60pt;\" height=\"17\">Tipo<\/td>\n<td class=\"et3\">Cacahuetes con chocolate<\/td>\n<\/tr>\n<tr style=\"height: 17.60pt;\">\n<td class=\"et3\" style=\"height: 17.60pt;\" height=\"17\">Embalaje<\/td>\n<td class=\"et3\">Embalaje en cajas<\/td>\n<\/tr>\n<tr style=\"height: 17.60pt;\">\n<td class=\"et3\" style=\"height: 17.60pt;\" height=\"17\">Especificaci\u00f3n<\/td>\n<td class=\"et3\">12 cajas<\/td>\n<\/tr>\n<tr style=\"height: 17.60pt;\">\n<td class=\"et3\" style=\"height: 17.60pt;\" height=\"17\">Tama\u00f1o de la caja<\/td>\n<td class=\"et3\">19,5*15*10,5 cm<\/td>\n<\/tr>\n<tr style=\"height: 17.60pt;\">\n<td class=\"et3\" style=\"height: 17.60pt;\" height=\"17\">N.W \/SET<\/td>\n<td class=\"et3\">400g*12cajas<\/td>\n<\/tr>\n<tr style=\"height: 17.60pt;\">\n<td class=\"et3\" style=\"height: 17.60pt;\" height=\"17\">Color<\/td>\n<td class=\"et3\">Como imagen<\/td>\n<\/tr>\n<tr style=\"height: 17.60pt;\">\n<td class=\"et3\" style=\"height: 17.60pt;\" height=\"17\">MOQ<\/td>\n<td class=\"et3\">500 cajas<\/td>\n<\/tr>\n<tr style=\"height: 17.60pt;\">\n<td class=\"et3\" style=\"height: 17.60pt;\" height=\"17\">Personalizaci\u00f3n<\/td>\n<td class=\"et3\">Embalaje\/LOGO<\/td>\n<\/tr>\n<\/tbody>\n<\/table>","protected":false},"featured_media":28808,"comment_status":"closed","ping_status":"closed","template":"","meta":[],"product_cat":[73],"product_tag":[],"class_list":{"0":"post-28797","1":"product","2":"type-product","3":"status-publish","4":"has-post-thumbnail","6":"product_cat-wholesale-chocolate-covered-peanuts","8":"first","9":"instock","10":"shipping-taxable","11":"product-type-simple"},"_links":{"self":[{"href":"https:\/\/jxgchocolate.com\/es\/wp-json\/wp\/v2\/product\/28797","targetHints":{"allow":["GET"]}}],"collection":[{"href":"https:\/\/jxgchocolate.com\/es\/wp-json\/wp\/v2\/product"}],"about":[{"href":"https:\/\/jxgchocolate.com\/es\/wp-json\/wp\/v2\/types\/product"}],"replies":[{"embeddable":true,"href":"https:\/\/jxgchocolate.com\/es\/wp-json\/wp\/v2\/comments?post=28797"}],"version-history":[{"count":0,"href":"https:\/\/jxgchocolate.com\/es\/wp-json\/wp\/v2\/product\/28797\/revisions"}],"wp:featuredmedia":[{"embeddable":true,"href":"https:\/\/jxgchocolate.com\/es\/wp-json\/wp\/v2\/media\/28808"}],"wp:attachment":[{"href":"https:\/\/jxgchocolate.com\/es\/wp-json\/wp\/v2\/media?parent=28797"}],"wp:term":[{"taxonomy":"product_cat","embeddable":true,"href":"https:\/\/jxgchocolate.com\/es\/wp-json\/wp\/v2\/product_cat?post=28797"},{"taxonomy":"product_tag","embeddable":true,"href":"https:\/\/jxgchocolate.com\/es\/wp-json\/wp\/v2\/product_tag?post=28797"}],"curies":[{"name":"wp","href":"https:\/\/api.w.org\/{rel}","templated":true}]}}