{"id":28819,"date":"2024-09-06T01:05:13","date_gmt":"2024-09-06T01:05:13","guid":{"rendered":"https:\/\/jxgchocolate.com\/?post_type=product&#038;p=28819"},"modified":"2024-11-09T07:36:49","modified_gmt":"2024-11-09T07:36:49","slug":"supply-dark-chocolate-covered-peanuts","status":"publish","type":"product","link":"https:\/\/jxgchocolate.com\/es\/producto\/supply-dark-chocolate-covered-peanuts\/","title":{"rendered":"Paquete de cacahuetes recubiertos de chocolate negro con bolsa Factory Supply"},"content":{"rendered":"<div class=\"wp-block-columns is-layout-flex wp-container-core-columns-is-layout-9d6595d7 wp-block-columns-is-layout-flex\">\n<div class=\"wp-block-column is-layout-flow wp-block-column-is-layout-flow\">\n<h2 class=\"wp-block-heading\">Cacahuetes recubiertos de chocolate negro Premium Supply Caracter\u00edsticas:<\/h2>\n\n\n\n<ul class=\"wp-block-list\">\n<li><strong>Primer material seleccionado:<\/strong> Nuestra f\u00e1brica suministra cacahuetes recubiertos de chocolate negro a granel seleccionando cuidadosamente cacahuetes de calidad superior y chocolate negro de alta calidad. El crujiente grano de cacahuete se envuelve en rico chocolate negro, aportando una experiencia de sabor multicapa.<\/li>\n\n\n\n<li><strong>M\u00e1s sano y nutritivo:<\/strong> El chocolate negro contiene muchos antioxidantes, mientras que los cacahuetes son una fuente de prote\u00ednas vegetales de alta calidad. Estos cacahuetes recubiertos de chocolate a granel combinan ambas cosas, son sanos y deliciosos, una opci\u00f3n ideal para reponer bocadillos de alta calidad.<\/li>\n\n\n\n<li><strong>C\u00f3modo embolsado, f\u00e1cil de comer: <\/strong>Proporcionamos un c\u00f3modo dise\u00f1o de bolsa de embalaje para nuestros cacahuetes recubiertos de chocolate negro suministrados de f\u00e1brica, que es f\u00e1cil de transportar y compartir. Tanto si se trata de actividades al aire libre, como de siestas en la oficina o de ocio en casa, podr\u00e1 disfrutarlos f\u00e1cilmente. El envase sellado tambi\u00e9n puede mantener los alimentos frescos.<\/li>\n\n\n\n<li><strong>Embalaje flexible y personalizado: <\/strong>Suministramos envases de diversas especificaciones para cacahuetes recubiertos de chocolate negro a granel, y tambi\u00e9n ofrecemos servicios de envasado personalizado. Las opciones flexibles y diversas le permiten elegir libremente seg\u00fan la ocasi\u00f3n.<\/li>\n<\/ul>\n<\/div>\n\n\n\n<div class=\"wp-block-column is-layout-flow wp-block-column-is-layout-flow\">\n<figure class=\"wp-block-image size-full\"><img fetchpriority=\"high\" decoding=\"async\" width=\"750\" height=\"750\" src=\"https:\/\/jxgchocolate.com\/wp-content\/uploads\/2024\/09\/Supply-Dark-Chocolate-Covered-Peanuts-6.webp\" alt=\"Suministro Cacahuetes recubiertos de chocolate negro 6\" class=\"wp-image-28827\" srcset=\"https:\/\/jxgchocolate.com\/wp-content\/uploads\/2024\/09\/Supply-Dark-Chocolate-Covered-Peanuts-6.webp 750w, https:\/\/jxgchocolate.com\/wp-content\/uploads\/2024\/09\/Supply-Dark-Chocolate-Covered-Peanuts-6-300x300.webp 300w, https:\/\/jxgchocolate.com\/wp-content\/uploads\/2024\/09\/Supply-Dark-Chocolate-Covered-Peanuts-6-150x150.webp 150w, https:\/\/jxgchocolate.com\/wp-content\/uploads\/2024\/09\/Supply-Dark-Chocolate-Covered-Peanuts-6-12x12.webp 12w, https:\/\/jxgchocolate.com\/wp-content\/uploads\/2024\/09\/Supply-Dark-Chocolate-Covered-Peanuts-6-430x430.webp 430w, https:\/\/jxgchocolate.com\/wp-content\/uploads\/2024\/09\/Supply-Dark-Chocolate-Covered-Peanuts-6-700x700.webp 700w\" sizes=\"(max-width: 750px) 100vw, 750px\" \/><\/figure>\n<\/div>\n<\/div>","protected":false},"excerpt":{"rendered":"<p>Bienvenido a comprar cacahuetes recubiertos de chocolate a granel. Suministramos cacahuetes recubiertos de chocolate negro directamente desde nuestra f\u00e1brica, que mezcla a la perfecci\u00f3n chocolate negro de alta calidad con cacahuetes crujientes para ofrecer una experiencia \u00fanica y deliciosa. El dise\u00f1o de la bolsa es c\u00f3modo y pr\u00e1ctico, lo mantiene fresco, para que pueda disfrutar de la salud y la delicia en cualquier momento.<\/p>\n<table style=\"border-collapse: collapse; width: 275.02pt;\" border=\"0\" width=\"275\" cellspacing=\"0\" cellpadding=\"0\">\n<tbody>\n<tr style=\"height: 17.60pt;\">\n<td class=\"et3\" style=\"height: 17.60pt; width: 108.35pt;\" width=\"108\" height=\"17\">Fabricante<\/td>\n<td class=\"et3\" style=\"width: 167.10pt;\" width=\"167\">Fruta de la suerte<\/td>\n<\/tr>\n<tr style=\"height: 17.60pt;\">\n<td class=\"et3\" style=\"height: 17.60pt;\" height=\"17\">N\u00ba DE MODELO<\/td>\n<td class=\"et3\">JXG47<\/td>\n<\/tr>\n<tr style=\"height: 17.60pt;\">\n<td class=\"et3\" style=\"height: 17.60pt;\" height=\"17\">Tipo<\/td>\n<td class=\"et3\">Cacahuetes con chocolate<\/td>\n<\/tr>\n<tr style=\"height: 17.60pt;\">\n<td class=\"et3\" style=\"height: 17.60pt;\" height=\"17\">Embalaje<\/td>\n<td class=\"et3\">Embalaje en bolsas<\/td>\n<\/tr>\n<tr style=\"height: 17.60pt;\">\n<td class=\"et3\" style=\"height: 17.60pt;\" height=\"17\">Especificaci\u00f3n<\/td>\n<td class=\"et3\">15 bolsas<\/td>\n<\/tr>\n<tr style=\"height: 17.60pt;\">\n<td class=\"et3\" style=\"height: 17.60pt;\" height=\"17\">Tama\u00f1o de la caja<\/td>\n<td class=\"et3\">27*8*24cm<\/td>\n<\/tr>\n<tr style=\"height: 17.60pt;\">\n<td class=\"et3\" style=\"height: 17.60pt;\" height=\"17\">N.W \/SET<\/td>\n<td class=\"et3\">6g*100Pcs*15bolsas<\/td>\n<\/tr>\n<tr style=\"height: 17.60pt;\">\n<td class=\"et3\" style=\"height: 17.60pt;\" height=\"17\">Color<\/td>\n<td class=\"et3\">Como imagen<\/td>\n<\/tr>\n<tr style=\"height: 17.60pt;\">\n<td class=\"et3\" style=\"height: 17.60pt;\" height=\"17\">MOQ<\/td>\n<td class=\"et3\">500 cajas<\/td>\n<\/tr>\n<tr style=\"height: 17.60pt;\">\n<td class=\"et3\" style=\"height: 17.60pt;\" height=\"17\">Personalizaci\u00f3n<\/td>\n<td class=\"et3\">Embalaje\/LOGO<\/td>\n<\/tr>\n<\/tbody>\n<\/table>","protected":false},"featured_media":28823,"comment_status":"closed","ping_status":"closed","template":"","meta":[],"product_cat":[73],"product_tag":[],"class_list":{"0":"post-28819","1":"product","2":"type-product","3":"status-publish","4":"has-post-thumbnail","6":"product_cat-wholesale-chocolate-covered-peanuts","8":"first","9":"instock","10":"shipping-taxable","11":"product-type-simple"},"_links":{"self":[{"href":"https:\/\/jxgchocolate.com\/es\/wp-json\/wp\/v2\/product\/28819","targetHints":{"allow":["GET"]}}],"collection":[{"href":"https:\/\/jxgchocolate.com\/es\/wp-json\/wp\/v2\/product"}],"about":[{"href":"https:\/\/jxgchocolate.com\/es\/wp-json\/wp\/v2\/types\/product"}],"replies":[{"embeddable":true,"href":"https:\/\/jxgchocolate.com\/es\/wp-json\/wp\/v2\/comments?post=28819"}],"version-history":[{"count":8,"href":"https:\/\/jxgchocolate.com\/es\/wp-json\/wp\/v2\/product\/28819\/revisions"}],"predecessor-version":[{"id":29067,"href":"https:\/\/jxgchocolate.com\/es\/wp-json\/wp\/v2\/product\/28819\/revisions\/29067"}],"wp:featuredmedia":[{"embeddable":true,"href":"https:\/\/jxgchocolate.com\/es\/wp-json\/wp\/v2\/media\/28823"}],"wp:attachment":[{"href":"https:\/\/jxgchocolate.com\/es\/wp-json\/wp\/v2\/media?parent=28819"}],"wp:term":[{"taxonomy":"product_cat","embeddable":true,"href":"https:\/\/jxgchocolate.com\/es\/wp-json\/wp\/v2\/product_cat?post=28819"},{"taxonomy":"product_tag","embeddable":true,"href":"https:\/\/jxgchocolate.com\/es\/wp-json\/wp\/v2\/product_tag?post=28819"}],"curies":[{"name":"wp","href":"https:\/\/api.w.org\/{rel}","templated":true}]}}