{"id":28830,"date":"2024-09-06T08:13:44","date_gmt":"2024-09-06T08:13:44","guid":{"rendered":"https:\/\/jxgchocolate.com\/?post_type=product&#038;p=28830"},"modified":"2025-03-08T04:11:29","modified_gmt":"2025-03-08T04:11:29","slug":"crunchy-chocolate-balls-in-bulk","status":"publish","type":"product","link":"https:\/\/jxgchocolate.com\/es\/producto\/crunchy-chocolate-balls-in-bulk\/","title":{"rendered":"Bolas de Chocolate Crujientes a Granel, Paquete Peque\u00f1o Bolas de Chocolate al por Mayor"},"content":{"rendered":"<div class=\"wp-block-columns is-layout-flex wp-container-core-columns-is-layout-9d6595d7 wp-block-columns-is-layout-flex\">\n<div class=\"wp-block-column is-vertically-aligned-center is-layout-flow wp-block-column-is-layout-flow\">\n<h3 class=\"wp-block-heading\">Bolas de chocolate crujiente premium a granel Caracter\u00edsticas:<\/h3>\n\n\n\n<ul class=\"wp-block-list\">\n<li><strong>M\u00e1ximo sabor, doble disfrute:<\/strong> Cada bola de chocolate crujiente a granel es un \u00e9xito culinario, con el rico chocolate exterior y las crujientes galletas interiores combinados con \u00e9xito para formar una doble sensaci\u00f3n nunca antes experimentada. Esta mezcla \u00fanica es insuperable.<\/li>\n\n\n\n<li><strong>Estricto control de calidad, sano y sin preocupaciones: <\/strong>Nuestro chocolate bolas crujientes al por mayor, desde la compra de materias primas para la producci\u00f3n y procesamiento, cada eslab\u00f3n sigue estrictamente las normas de la industria y los procedimientos de control de calidad. Seleccionar materias primas de alta calidad para el chocolate para asegurar rica y deliciosa, sin a\u00f1adir ingredientes t\u00f3xicos, para garantizar la salud de los alimentos, por lo que se puede comer con confianza.<\/li>\n\n\n\n<li><strong>Personalizaci\u00f3n a medida: <\/strong>Proporcionamos una gama completa de servicios de personalizaci\u00f3n individualizados para bolas de chocolate crujiente que pueden personalizarse seg\u00fan sus necesidades. Es la opci\u00f3n ideal para la exhibici\u00f3n de la cultura de marca de su organizaci\u00f3n.<\/li>\n\n\n\n<li><strong>Adquisici\u00f3n al por mayor, muchos descuentos: <\/strong>Proporcionamos un inventario suficiente y soluciones de pedido flexibles para las bolas de chocolate crujiente a granel, para garantizar que pueda satisfacer grandes demandas de la forma m\u00e1s econ\u00f3mica, al tiempo que disfruta de las ventajas de costes que supone la adquisici\u00f3n a granel.<\/li>\n<\/ul>\n<\/div>\n\n\n\n<div class=\"wp-block-column is-layout-flow wp-block-column-is-layout-flow\">\n<figure class=\"wp-block-image size-full\"><img fetchpriority=\"high\" decoding=\"async\" width=\"640\" height=\"640\" src=\"https:\/\/jxgchocolate.com\/wp-content\/uploads\/2024\/09\/Crunchy-Chocolate-Balls-In-Bulk-6.webp\" alt=\"Bolas crujientes de chocolate a granel 6\" class=\"wp-image-28838\" srcset=\"https:\/\/jxgchocolate.com\/wp-content\/uploads\/2024\/09\/Crunchy-Chocolate-Balls-In-Bulk-6.webp 640w, https:\/\/jxgchocolate.com\/wp-content\/uploads\/2024\/09\/Crunchy-Chocolate-Balls-In-Bulk-6-300x300.webp 300w, https:\/\/jxgchocolate.com\/wp-content\/uploads\/2024\/09\/Crunchy-Chocolate-Balls-In-Bulk-6-150x150.webp 150w, https:\/\/jxgchocolate.com\/wp-content\/uploads\/2024\/09\/Crunchy-Chocolate-Balls-In-Bulk-6-12x12.webp 12w, https:\/\/jxgchocolate.com\/wp-content\/uploads\/2024\/09\/Crunchy-Chocolate-Balls-In-Bulk-6-430x430.webp 430w\" sizes=\"(max-width: 640px) 100vw, 640px\" \/><\/figure>\n<\/div>\n<\/div>\n\n\n\n<p><\/p>","protected":false},"excerpt":{"rendered":"<p>Bienvenido a comprar al por mayor bolas crujientes de chocolate. Nuestras bolas crujientes de chocolate al por mayor se producen con materiales de alta calidad, centro de galleta crujiente y rico chocolate, proporcionando una experiencia de sabor \u00fanica. Los servicios de envasado personalizados satisfacen sus requisitos personales, y los descuentos al por mayor le permiten disfrutar de una mayor comodidad.<\/p>\n<table style=\"border-collapse: collapse; width: 275.02pt;\" border=\"0\" width=\"275\" cellspacing=\"0\" cellpadding=\"0\">\n<tbody>\n<tr style=\"height: 17.60pt;\">\n<td class=\"et3\" style=\"height: 17.60pt; width: 108.35pt;\" width=\"108\" height=\"17\">Fabricante<\/td>\n<td class=\"et3\" style=\"width: 167.10pt;\" width=\"167\">Fruta de la suerte<\/td>\n<\/tr>\n<tr style=\"height: 17.60pt;\">\n<td class=\"et3\" style=\"height: 17.60pt;\" height=\"17\">N\u00ba DE MODELO<\/td>\n<td class=\"et3\">JXG48<\/td>\n<\/tr>\n<tr style=\"height: 17.60pt;\">\n<td class=\"et3\" style=\"height: 17.60pt;\" height=\"17\">Tipo<\/td>\n<td class=\"et3\">Bolas crujientes de chocolate<\/td>\n<\/tr>\n<tr style=\"height: 17.60pt;\">\n<td class=\"et3\" style=\"height: 17.60pt;\" height=\"17\">Embalaje<\/td>\n<td class=\"et3\">Embalaje en bolsas<\/td>\n<\/tr>\n<tr style=\"height: 17.60pt;\">\n<td class=\"et3\" style=\"height: 17.60pt;\" height=\"17\">Especificaci\u00f3n<\/td>\n<td class=\"et3\">30 bolsas<\/td>\n<\/tr>\n<tr style=\"height: 17.60pt;\">\n<td class=\"et3\" style=\"height: 17.60pt;\" height=\"17\">Tama\u00f1o de la caja<\/td>\n<td class=\"et3\">31*8*25 cm<\/td>\n<\/tr>\n<tr style=\"height: 17.60pt;\">\n<td class=\"et3\" style=\"height: 17.60pt;\" height=\"17\">N.W \/SET<\/td>\n<td class=\"et3\">3.50g*72Pcs*30bolsas<\/td>\n<\/tr>\n<tr style=\"height: 17.60pt;\">\n<td class=\"et3\" style=\"height: 17.60pt;\" height=\"17\">Color<\/td>\n<td class=\"et3\">Como imagen<\/td>\n<\/tr>\n<tr style=\"height: 17.60pt;\">\n<td class=\"et3\" style=\"height: 17.60pt;\" height=\"17\">MOQ<\/td>\n<td class=\"et3\">500 cajas<\/td>\n<\/tr>\n<tr style=\"height: 17.60pt;\">\n<td class=\"et3\" style=\"height: 17.60pt;\" height=\"17\">Personalizaci\u00f3n<\/td>\n<td class=\"et3\">Embalaje\/LOGO<\/td>\n<\/tr>\n<\/tbody>\n<\/table>","protected":false},"featured_media":28834,"comment_status":"closed","ping_status":"closed","template":"","meta":[],"product_cat":[74],"product_tag":[],"class_list":{"0":"post-28830","1":"product","2":"type-product","3":"status-publish","4":"has-post-thumbnail","6":"product_cat-wholesale-crunchy-chocolate-balls","8":"first","9":"instock","10":"shipping-taxable","11":"product-type-simple"},"_links":{"self":[{"href":"https:\/\/jxgchocolate.com\/es\/wp-json\/wp\/v2\/product\/28830","targetHints":{"allow":["GET"]}}],"collection":[{"href":"https:\/\/jxgchocolate.com\/es\/wp-json\/wp\/v2\/product"}],"about":[{"href":"https:\/\/jxgchocolate.com\/es\/wp-json\/wp\/v2\/types\/product"}],"replies":[{"embeddable":true,"href":"https:\/\/jxgchocolate.com\/es\/wp-json\/wp\/v2\/comments?post=28830"}],"version-history":[{"count":10,"href":"https:\/\/jxgchocolate.com\/es\/wp-json\/wp\/v2\/product\/28830\/revisions"}],"predecessor-version":[{"id":29605,"href":"https:\/\/jxgchocolate.com\/es\/wp-json\/wp\/v2\/product\/28830\/revisions\/29605"}],"wp:featuredmedia":[{"embeddable":true,"href":"https:\/\/jxgchocolate.com\/es\/wp-json\/wp\/v2\/media\/28834"}],"wp:attachment":[{"href":"https:\/\/jxgchocolate.com\/es\/wp-json\/wp\/v2\/media?parent=28830"}],"wp:term":[{"taxonomy":"product_cat","embeddable":true,"href":"https:\/\/jxgchocolate.com\/es\/wp-json\/wp\/v2\/product_cat?post=28830"},{"taxonomy":"product_tag","embeddable":true,"href":"https:\/\/jxgchocolate.com\/es\/wp-json\/wp\/v2\/product_tag?post=28830"}],"curies":[{"name":"wp","href":"https:\/\/api.w.org\/{rel}","templated":true}]}}