{"id":28845,"date":"2024-09-07T01:19:54","date_gmt":"2024-09-07T01:19:54","guid":{"rendered":"https:\/\/jxgchocolate.com\/?post_type=product&#038;p=28845"},"modified":"2025-03-08T02:53:20","modified_gmt":"2025-03-08T02:53:20","slug":"crunchy-chocolate-balls-wholesale","status":"publish","type":"product","link":"https:\/\/jxgchocolate.com\/es\/producto\/crunchy-chocolate-balls-wholesale\/","title":{"rendered":"Bolas de Chocolate Crujientes Calientes al por mayor, Bolas de Chocolate Crujientes de varios sabores"},"content":{"rendered":"<div class=\"wp-block-columns is-layout-flex wp-container-core-columns-is-layout-9d6595d7 wp-block-columns-is-layout-flex\">\n<div class=\"wp-block-column is-vertically-aligned-center is-layout-flow wp-block-column-is-layout-flow\">\n<h3 class=\"wp-block-heading\">Bolas de Chocolate Crujiente Premium al por mayor Caracter\u00edsticas:<\/h3>\n\n\n\n<ul class=\"wp-block-list\">\n<li><strong>Sabor \u00fanico de varias capas: <\/strong>Esta bola de chocolate crujiente de gran venta al por mayor utiliza un proceso innovador. El exterior es de rico chocolate y el interior de crujientes galletas. La mezcla de este sabor \u00fanico proporciona a los consumidores una experiencia de m\u00faltiples capas de sabor y un tentempi\u00e9 memorable.<\/li>\n\n\n\n<li><strong>Materiales seleccionados para garantizar la calidad: <\/strong>Nos ce\u00f1imos al uso de materias primas de alta calidad para las bolas de chocolate crujientes al por mayor. Mediante una estricta selecci\u00f3n y control de las materias primas, garantizamos el alto nivel de calidad de las bolas de chocolate. Es una respuesta positiva a la comida sana y una raz\u00f3n importante para las ventas calientes del producto.<\/li>\n\n\n\n<li><strong>Servicio de embalaje personalizado: <\/strong>Para satisfacer las necesidades de los distintos compradores b2b de bola de chocolate crujiente al por mayor, ofrecemos un dise\u00f1o de envase personalizado para mejorar la imagen de marca.<\/li>\n\n\n\n<li><strong>Pedidos al por mayor, precios preferenciales: <\/strong>Como fabricante con amplia experiencia en la venta al por mayor de bolas de chocolate crujientes, podemos controlar eficazmente los costes de producci\u00f3n y maximizar la rentabilidad. Esto le permite obtener productos rentables. En el mercado de productos similares, elegir cooperar con nosotros significa elegir un socio de la cadena de suministro estable, fiable y competitivo.<\/li>\n<\/ul>\n<\/div>\n\n\n\n<div class=\"wp-block-column is-layout-flow wp-block-column-is-layout-flow\">\n<figure class=\"wp-block-image size-full\"><img fetchpriority=\"high\" decoding=\"async\" width=\"640\" height=\"640\" src=\"https:\/\/jxgchocolate.com\/wp-content\/uploads\/2024\/09\/Crunchy-Chocolate-Balls-Wholesale-1.webp\" alt=\"Bolas crujientes de chocolate al por mayor 1\" class=\"wp-image-28849\" srcset=\"https:\/\/jxgchocolate.com\/wp-content\/uploads\/2024\/09\/Crunchy-Chocolate-Balls-Wholesale-1.webp 640w, https:\/\/jxgchocolate.com\/wp-content\/uploads\/2024\/09\/Crunchy-Chocolate-Balls-Wholesale-1-300x300.webp 300w, https:\/\/jxgchocolate.com\/wp-content\/uploads\/2024\/09\/Crunchy-Chocolate-Balls-Wholesale-1-150x150.webp 150w, https:\/\/jxgchocolate.com\/wp-content\/uploads\/2024\/09\/Crunchy-Chocolate-Balls-Wholesale-1-12x12.webp 12w, https:\/\/jxgchocolate.com\/wp-content\/uploads\/2024\/09\/Crunchy-Chocolate-Balls-Wholesale-1-430x430.webp 430w\" sizes=\"(max-width: 640px) 100vw, 640px\" \/><\/figure>\n<\/div>\n<\/div>\n\n\n\n<p><\/p>","protected":false},"excerpt":{"rendered":"<p>Bienvenido a comprar bolas de chocolate crujientes al por mayor. Nuestras bolas de chocolate crujiente al por mayor seleccionar tienen exterior liso y crujiente interior, su rico sabor es inolvidable. Proporcionar servicio de personalizaci\u00f3n personalizada, suministro de f\u00e1brica y garant\u00eda de calidad.<\/p>\n<table style=\"border-collapse: collapse; width: 275.02pt;\" border=\"0\" width=\"275\" cellspacing=\"0\" cellpadding=\"0\">\n<tbody>\n<tr style=\"height: 17.60pt;\">\n<td class=\"et3\" style=\"height: 17.60pt; width: 108.35pt;\" width=\"108\" height=\"17\">Fabricante<\/td>\n<td class=\"et3\" style=\"width: 167.10pt;\" width=\"167\">Fruta de la suerte<\/td>\n<\/tr>\n<tr style=\"height: 17.60pt;\">\n<td class=\"et3\" style=\"height: 17.60pt;\" height=\"17\">N\u00ba DE MODELO<\/td>\n<td class=\"et3\">JXG49<\/td>\n<\/tr>\n<tr style=\"height: 17.60pt;\">\n<td class=\"et3\" style=\"height: 17.60pt;\" height=\"17\">Tipo<\/td>\n<td class=\"et3\">Bolas crujientes de chocolate<\/td>\n<\/tr>\n<tr style=\"height: 17.60pt;\">\n<td class=\"et3\" style=\"height: 17.60pt;\" height=\"17\">Embalaje<\/td>\n<td class=\"et3\">Embalaje en cajas<\/td>\n<\/tr>\n<tr style=\"height: 17.60pt;\">\n<td class=\"et3\" style=\"height: 17.60pt;\" height=\"17\">Especificaci\u00f3n<\/td>\n<td class=\"et3\">20 cajas<\/td>\n<\/tr>\n<tr style=\"height: 17.60pt;\">\n<td class=\"et3\" style=\"height: 17.60pt;\" height=\"17\">Tama\u00f1o de la caja<\/td>\n<td class=\"et3\">16*9*15 cm<\/td>\n<\/tr>\n<tr style=\"height: 17.60pt;\">\n<td class=\"et3\" style=\"height: 17.60pt;\" height=\"17\">N.W \/SET<\/td>\n<td class=\"et3\">15g*30bolsas*20cajas<\/td>\n<\/tr>\n<tr style=\"height: 17.60pt;\">\n<td class=\"et3\" style=\"height: 17.60pt;\" height=\"17\">Color<\/td>\n<td class=\"et3\">Como imagen<\/td>\n<\/tr>\n<tr style=\"height: 17.60pt;\">\n<td class=\"et3\" style=\"height: 17.60pt;\" height=\"17\">MOQ<\/td>\n<td class=\"et3\">500 cajas<\/td>\n<\/tr>\n<tr style=\"height: 17.60pt;\">\n<td class=\"et3\" style=\"height: 17.60pt;\" height=\"17\">Personalizaci\u00f3n<\/td>\n<td class=\"et3\">Embalaje\/LOGO<\/td>\n<\/tr>\n<\/tbody>\n<\/table>","protected":false},"featured_media":28849,"comment_status":"closed","ping_status":"closed","template":"","meta":[],"product_cat":[74],"product_tag":[],"class_list":{"0":"post-28845","1":"product","2":"type-product","3":"status-publish","4":"has-post-thumbnail","6":"product_cat-wholesale-crunchy-chocolate-balls","8":"first","9":"instock","10":"shipping-taxable","11":"product-type-simple"},"_links":{"self":[{"href":"https:\/\/jxgchocolate.com\/es\/wp-json\/wp\/v2\/product\/28845","targetHints":{"allow":["GET"]}}],"collection":[{"href":"https:\/\/jxgchocolate.com\/es\/wp-json\/wp\/v2\/product"}],"about":[{"href":"https:\/\/jxgchocolate.com\/es\/wp-json\/wp\/v2\/types\/product"}],"replies":[{"embeddable":true,"href":"https:\/\/jxgchocolate.com\/es\/wp-json\/wp\/v2\/comments?post=28845"}],"version-history":[{"count":0,"href":"https:\/\/jxgchocolate.com\/es\/wp-json\/wp\/v2\/product\/28845\/revisions"}],"wp:featuredmedia":[{"embeddable":true,"href":"https:\/\/jxgchocolate.com\/es\/wp-json\/wp\/v2\/media\/28849"}],"wp:attachment":[{"href":"https:\/\/jxgchocolate.com\/es\/wp-json\/wp\/v2\/media?parent=28845"}],"wp:term":[{"taxonomy":"product_cat","embeddable":true,"href":"https:\/\/jxgchocolate.com\/es\/wp-json\/wp\/v2\/product_cat?post=28845"},{"taxonomy":"product_tag","embeddable":true,"href":"https:\/\/jxgchocolate.com\/es\/wp-json\/wp\/v2\/product_tag?post=28845"}],"curies":[{"name":"wp","href":"https:\/\/api.w.org\/{rel}","templated":true}]}}