{"id":28857,"date":"2024-09-07T02:56:39","date_gmt":"2024-09-07T02:20:50","guid":{"rendered":"https:\/\/jxgchocolate.com\/?post_type=product&#038;p=28857"},"modified":"2025-03-08T05:42:01","modified_gmt":"2025-03-08T05:42:01","slug":"tasty-chocolate-covered-peanuts-supply","status":"publish","type":"product","link":"https:\/\/jxgchocolate.com\/es\/producto\/tasty-chocolate-covered-peanuts-supply\/","title":{"rendered":"Cacahuetes recubiertos de chocolate a granel Precio directo de f\u00e1brica"},"content":{"rendered":"<div class=\"wp-block-columns is-layout-flex wp-container-core-columns-is-layout-9d6595d7 wp-block-columns-is-layout-flex\">\n<div class=\"wp-block-column is-layout-flow wp-block-column-is-layout-flow\">\n<h2 class=\"wp-block-heading\">Cacahuetes recubiertos de chocolate Premium Suministro Caracter\u00edsticas:<\/h2>\n\n\n\n<ul class=\"wp-block-list\">\n<li><strong>La combinaci\u00f3n perfecta de chocolate y cacahuetes: <\/strong>Nuestro suministro de cacahuetes recubiertos de chocolate a granel con precio directo de f\u00e1brica combina de forma \u00f3ptima la fina armon\u00eda del dulzor y el salado. Como tentempi\u00e9 para el d\u00eda a d\u00eda o para repartir en una fiesta, puede ofrecer a los consumidores una deliciosa experiencia inolvidable.<\/li>\n\n\n\n<li><strong>Dise\u00f1o de caja de alta gama, embalaje personalizado: <\/strong>Estos cacahuetes de chocolate negro al por mayor adoptan un exquisito embalaje en caja para proteger el alimento de posibles da\u00f1os. Adem\u00e1s, se ofrecen servicios personalizados de personalizaci\u00f3n de envases para satisfacer las necesidades de las empresas en todos los aspectos.<\/li>\n\n\n\n<li><strong>Comida sana, garant\u00eda de calidad: <\/strong>El proceso de producci\u00f3n del suministro de cacahuetes envueltos en chocolate a granel con precio directo de f\u00e1brica sigue estrictamente las normas de seguridad para garantizar que cada cacahuete envuelto en chocolate pueda ser sano y delicioso. Este es tambi\u00e9n el factor clave que hace que este producto popular en el mercado.<\/li>\n\n\n\n<li><strong>Precio asequible y alta rentabilidad: <\/strong>Nuestros cacahuetes de chocolate negro al por mayor pueden minimizar los costes de compra de su empresa. Nuestros precios al por mayor tienen una ventaja competitiva en el mercado.<\/li>\n<\/ul>\n<\/div>\n\n\n\n<div class=\"wp-block-column is-layout-flow wp-block-column-is-layout-flow\">\n<figure class=\"wp-block-image size-full\"><img fetchpriority=\"high\" decoding=\"async\" width=\"770\" height=\"697\" src=\"https:\/\/jxgchocolate.com\/wp-content\/uploads\/2024\/09\/Chocolate-Covered-Peanuts-Supply-2.webp\" alt=\"Cacahuetes recubiertos de chocolate Suministro 2\" class=\"wp-image-28862\" srcset=\"https:\/\/jxgchocolate.com\/wp-content\/uploads\/2024\/09\/Chocolate-Covered-Peanuts-Supply-2.webp 770w, https:\/\/jxgchocolate.com\/wp-content\/uploads\/2024\/09\/Chocolate-Covered-Peanuts-Supply-2-331x300.webp 331w, https:\/\/jxgchocolate.com\/wp-content\/uploads\/2024\/09\/Chocolate-Covered-Peanuts-Supply-2-768x695.webp 768w, https:\/\/jxgchocolate.com\/wp-content\/uploads\/2024\/09\/Chocolate-Covered-Peanuts-Supply-2-13x12.webp 13w, https:\/\/jxgchocolate.com\/wp-content\/uploads\/2024\/09\/Chocolate-Covered-Peanuts-Supply-2-430x389.webp 430w, https:\/\/jxgchocolate.com\/wp-content\/uploads\/2024\/09\/Chocolate-Covered-Peanuts-Supply-2-700x634.webp 700w, https:\/\/jxgchocolate.com\/wp-content\/uploads\/2024\/09\/Chocolate-Covered-Peanuts-Supply-2-150x136.webp 150w\" sizes=\"(max-width: 770px) 100vw, 770px\" \/><\/figure>\n<\/div>\n<\/div>\n\n\n\n<p><\/p>","protected":false},"excerpt":{"rendered":"<p>Bienvenido a comprar cacahuetes de chocolate negro al por mayor. Nuestro sabroso suministro de cacahuetes cubiertos de chocolate a granel de f\u00e1brica es una mezcla perfecta de cacahuetes y chocolate, proporcionando una experiencia de doble sabor. Con dise\u00f1o de caja de gama alta y estricto control de calidad, es la primera opci\u00f3n para aperitivos saludables y deliciosos.<\/p>\n<table style=\"border-collapse: collapse; width: 275.02pt;\" border=\"0\" width=\"275\" cellspacing=\"0\" cellpadding=\"0\">\n<tbody>\n<tr style=\"height: 17.60pt;\">\n<td class=\"et3\" style=\"height: 17.60pt; width: 108.35pt;\" width=\"108\" height=\"17\">Fabricante<\/td>\n<td class=\"et3\" style=\"width: 167.10pt;\" width=\"167\">Fruta de la suerte<\/td>\n<\/tr>\n<tr style=\"height: 17.60pt;\">\n<td class=\"et3\" style=\"height: 17.60pt;\" height=\"17\">N\u00ba DE MODELO<\/td>\n<td class=\"et3\">JXG50<\/td>\n<\/tr>\n<tr style=\"height: 17.60pt;\">\n<td class=\"et3\" style=\"height: 17.60pt;\" height=\"17\">Tipo<\/td>\n<td class=\"et3\">Cacahuetes con chocolate<\/td>\n<\/tr>\n<tr style=\"height: 17.60pt;\">\n<td class=\"et3\" style=\"height: 17.60pt;\" height=\"17\">Embalaje<\/td>\n<td class=\"et3\">Embalaje en cajas<\/td>\n<\/tr>\n<tr style=\"height: 17.60pt;\">\n<td class=\"et3\" style=\"height: 17.60pt;\" height=\"17\">Especificaci\u00f3n<\/td>\n<td class=\"et3\">12 cajas<\/td>\n<\/tr>\n<tr style=\"height: 17.60pt;\">\n<td class=\"et3\" style=\"height: 17.60pt;\" height=\"17\">Tama\u00f1o de la caja<\/td>\n<td class=\"et3\">15*10*18 cm<\/td>\n<\/tr>\n<tr style=\"height: 17.60pt;\">\n<td class=\"et3\" style=\"height: 17.60pt;\" height=\"17\">N.W \/SET<\/td>\n<td class=\"et3\">26g*24Pcs*12cajas<\/td>\n<\/tr>\n<tr style=\"height: 17.60pt;\">\n<td class=\"et3\" style=\"height: 17.60pt;\" height=\"17\">Color<\/td>\n<td class=\"et3\">Como imagen<\/td>\n<\/tr>\n<tr style=\"height: 17.60pt;\">\n<td class=\"et3\" style=\"height: 17.60pt;\" height=\"17\">MOQ<\/td>\n<td class=\"et3\">500 cajas<\/td>\n<\/tr>\n<tr style=\"height: 17.60pt;\">\n<td class=\"et3\" style=\"height: 17.60pt;\" height=\"17\">Personalizaci\u00f3n<\/td>\n<td class=\"et3\">Embalaje\/LOGO<\/td>\n<\/tr>\n<\/tbody>\n<\/table>","protected":false},"featured_media":28863,"comment_status":"closed","ping_status":"closed","template":"","meta":[],"product_cat":[73],"product_tag":[],"class_list":{"0":"post-28857","1":"product","2":"type-product","3":"status-publish","4":"has-post-thumbnail","6":"product_cat-wholesale-chocolate-covered-peanuts","8":"first","9":"instock","10":"shipping-taxable","11":"product-type-simple"},"_links":{"self":[{"href":"https:\/\/jxgchocolate.com\/es\/wp-json\/wp\/v2\/product\/28857","targetHints":{"allow":["GET"]}}],"collection":[{"href":"https:\/\/jxgchocolate.com\/es\/wp-json\/wp\/v2\/product"}],"about":[{"href":"https:\/\/jxgchocolate.com\/es\/wp-json\/wp\/v2\/types\/product"}],"replies":[{"embeddable":true,"href":"https:\/\/jxgchocolate.com\/es\/wp-json\/wp\/v2\/comments?post=28857"}],"version-history":[{"count":0,"href":"https:\/\/jxgchocolate.com\/es\/wp-json\/wp\/v2\/product\/28857\/revisions"}],"wp:featuredmedia":[{"embeddable":true,"href":"https:\/\/jxgchocolate.com\/es\/wp-json\/wp\/v2\/media\/28863"}],"wp:attachment":[{"href":"https:\/\/jxgchocolate.com\/es\/wp-json\/wp\/v2\/media?parent=28857"}],"wp:term":[{"taxonomy":"product_cat","embeddable":true,"href":"https:\/\/jxgchocolate.com\/es\/wp-json\/wp\/v2\/product_cat?post=28857"},{"taxonomy":"product_tag","embeddable":true,"href":"https:\/\/jxgchocolate.com\/es\/wp-json\/wp\/v2\/product_tag?post=28857"}],"curies":[{"name":"wp","href":"https:\/\/api.w.org\/{rel}","templated":true}]}}