{"id":28923,"date":"2024-09-28T10:03:03","date_gmt":"2024-09-28T10:03:03","guid":{"rendered":"https:\/\/jxgchocolate.com\/?post_type=product&#038;p=28923"},"modified":"2025-03-08T06:04:26","modified_gmt":"2025-03-08T06:04:26","slug":"mini-sunflower-seeds-chocolate-wholesale","status":"publish","type":"product","link":"https:\/\/jxgchocolate.com\/es\/producto\/mini-sunflower-seeds-chocolate-wholesale\/","title":{"rendered":"Mini Semillas de Girasol Chocolate al por mayor con precio competitivo"},"content":{"rendered":"<div class=\"wp-block-columns is-layout-flex wp-container-core-columns-is-layout-9d6595d7 wp-block-columns-is-layout-flex\">\n<div class=\"wp-block-column is-layout-flow wp-block-column-is-layout-flow\">\n<h2 class=\"wp-block-heading\">Premium Mini Semillas de Girasol Chocolate al por mayor Caracter\u00edsticas:<\/h2>\n\n\n\n<ul class=\"wp-block-list\">\n<li><strong>M\u00e1s portabilidad:<\/strong> Al ser de peque\u00f1o tama\u00f1o, este chocolate al por mayor con mini pipas de girasol es port\u00e1til y se puede consumir en cualquier lugar y en cualquier momento, por lo que es una opci\u00f3n perfecta para llevar en el bolso o en el bolsillo.<\/li>\n\n\n\n<li><strong>Sabor \u00fanico:<\/strong> Nuestro chocolate con pipas de girasol al por mayor es una combinaci\u00f3n perfecta de la riqueza del chocolate y el crujiente sabor a nuez de las pipas de girasol para producir un sabor \u00fanico en la mejor mezcla de ambos.<\/li>\n\n\n\n<li><strong>Controle el tama\u00f1o de las porciones: <\/strong>Debido al modesto tama\u00f1o de cada bomb\u00f3n, nuestra venta al por mayor de chocolate con mini pipas de girasol permite a los clientes controlar el tama\u00f1o de sus porciones y no ingerir demasiadas calor\u00edas de una sola vez.<\/li>\n\n\n\n<li><strong>Variedad multi-sabor: <\/strong>Nuestro chocolate con pipas de girasol al por mayor ofrece diversos sabores en el mercado para satisfacer los intereses de los clientes, como chocolate con leche, chocolate negro, chocolate blanco, etc.<\/li>\n<\/ul>\n<\/div>\n\n\n\n<div class=\"wp-block-column is-layout-flow wp-block-column-is-layout-flow\">\n<figure class=\"wp-block-image size-full\"><img fetchpriority=\"high\" decoding=\"async\" width=\"1800\" height=\"1500\" src=\"https:\/\/jxgchocolate.com\/wp-content\/uploads\/2024\/09\/Competitive-Price-Mini-Sunflower-Seeds-Chocolate-Wholesale-Suppliers1.webp\" alt=\"Precio Competitivo Mini Semillas de Girasol Chocolate al por Mayor-1\" class=\"wp-image-28928\" srcset=\"https:\/\/jxgchocolate.com\/wp-content\/uploads\/2024\/09\/Competitive-Price-Mini-Sunflower-Seeds-Chocolate-Wholesale-Suppliers1.webp 1800w, https:\/\/jxgchocolate.com\/wp-content\/uploads\/2024\/09\/Competitive-Price-Mini-Sunflower-Seeds-Chocolate-Wholesale-Suppliers1-360x300.webp 360w, https:\/\/jxgchocolate.com\/wp-content\/uploads\/2024\/09\/Competitive-Price-Mini-Sunflower-Seeds-Chocolate-Wholesale-Suppliers1-768x640.webp 768w, https:\/\/jxgchocolate.com\/wp-content\/uploads\/2024\/09\/Competitive-Price-Mini-Sunflower-Seeds-Chocolate-Wholesale-Suppliers1-14x12.webp 14w, https:\/\/jxgchocolate.com\/wp-content\/uploads\/2024\/09\/Competitive-Price-Mini-Sunflower-Seeds-Chocolate-Wholesale-Suppliers1-430x358.webp 430w, https:\/\/jxgchocolate.com\/wp-content\/uploads\/2024\/09\/Competitive-Price-Mini-Sunflower-Seeds-Chocolate-Wholesale-Suppliers1-700x583.webp 700w, https:\/\/jxgchocolate.com\/wp-content\/uploads\/2024\/09\/Competitive-Price-Mini-Sunflower-Seeds-Chocolate-Wholesale-Suppliers1-150x125.webp 150w\" sizes=\"(max-width: 1800px) 100vw, 1800px\" \/><\/figure>\n<\/div>\n<\/div>\n\n\n\n<p><\/p>","protected":false},"excerpt":{"rendered":"<p>Bienvenido a comprar semillas de girasol al por mayor de chocolate. Nuestras mini pipas de girasol de chocolate al por mayor tienen un crujiente n\u00facleo de pipas de girasol y est\u00e1n recubiertas de suave chocolate. Tiene un sabor fuerte y es dulce pero no pegajoso. Es muy apreciado por clientes de todas las edades. Utilizando materias primas de alta calidad, es adecuado para tiendas de aperitivos, supermercados y otros mayoristas al por mayor.<\/p>\n<table width=\"275\">\n<tbody>\n<tr>\n<td width=\"108\">Fabricante<\/td>\n<td width=\"167\">Fruta de la suerte<\/td>\n<\/tr>\n<tr>\n<td>N\u00ba DE MODELO<\/td>\n<td>JXG40<\/td>\n<\/tr>\n<tr>\n<td>Tipo<\/td>\n<td>Semillas de girasol Chocolate\u00a0<\/td>\n<\/tr>\n<tr>\n<td>Embalaje<\/td>\n<td>Embalaje en bolsas<\/td>\n<\/tr>\n<tr>\n<td>Especificaci\u00f3n<\/td>\n<td>20 bolsas peque\u00f1as<\/td>\n<\/tr>\n<tr>\n<td>Tama\u00f1o de la caja<\/td>\n<td>53*33*37,5 cm<\/td>\n<\/tr>\n<tr>\n<td>N.W \/SET<\/td>\n<td>23g*20Pcs*12bolsas<\/td>\n<\/tr>\n<tr>\n<td>Color<\/td>\n<td>Como imagen<\/td>\n<\/tr>\n<tr>\n<td>MOQ<\/td>\n<td>500 cajas<\/td>\n<\/tr>\n<tr>\n<td>Personalizaci\u00f3n<\/td>\n<td>Embalaje\/LOGO<\/td>\n<\/tr>\n<\/tbody>\n<\/table>","protected":false},"featured_media":28929,"comment_status":"closed","ping_status":"closed","template":"","meta":[],"product_cat":[72],"product_tag":[],"class_list":{"0":"post-28923","1":"product","2":"type-product","3":"status-publish","4":"has-post-thumbnail","6":"product_cat-wholesale-chocolate-covered-sunflower-seeds","8":"first","9":"instock","10":"shipping-taxable","11":"product-type-simple"},"_links":{"self":[{"href":"https:\/\/jxgchocolate.com\/es\/wp-json\/wp\/v2\/product\/28923","targetHints":{"allow":["GET"]}}],"collection":[{"href":"https:\/\/jxgchocolate.com\/es\/wp-json\/wp\/v2\/product"}],"about":[{"href":"https:\/\/jxgchocolate.com\/es\/wp-json\/wp\/v2\/types\/product"}],"replies":[{"embeddable":true,"href":"https:\/\/jxgchocolate.com\/es\/wp-json\/wp\/v2\/comments?post=28923"}],"version-history":[{"count":0,"href":"https:\/\/jxgchocolate.com\/es\/wp-json\/wp\/v2\/product\/28923\/revisions"}],"wp:featuredmedia":[{"embeddable":true,"href":"https:\/\/jxgchocolate.com\/es\/wp-json\/wp\/v2\/media\/28929"}],"wp:attachment":[{"href":"https:\/\/jxgchocolate.com\/es\/wp-json\/wp\/v2\/media?parent=28923"}],"wp:term":[{"taxonomy":"product_cat","embeddable":true,"href":"https:\/\/jxgchocolate.com\/es\/wp-json\/wp\/v2\/product_cat?post=28923"},{"taxonomy":"product_tag","embeddable":true,"href":"https:\/\/jxgchocolate.com\/es\/wp-json\/wp\/v2\/product_tag?post=28923"}],"curies":[{"name":"wp","href":"https:\/\/api.w.org\/{rel}","templated":true}]}}