{"id":28932,"date":"2024-09-28T10:18:58","date_gmt":"2024-09-28T10:18:58","guid":{"rendered":"https:\/\/jxgchocolate.com\/?post_type=product&#038;p=28932"},"modified":"2025-03-08T06:07:08","modified_gmt":"2025-03-08T06:07:08","slug":"milk-tea-chocolate-sunflower-seeds-bulk","status":"publish","type":"product","link":"https:\/\/jxgchocolate.com\/es\/producto\/milk-tea-chocolate-sunflower-seeds-bulk\/","title":{"rendered":"Milk Tea Chocolate Semillas de Girasol a Granel a un Precio Atractivo"},"content":{"rendered":"<div class=\"wp-block-columns is-layout-flex wp-container-core-columns-is-layout-9d6595d7 wp-block-columns-is-layout-flex\">\n<div class=\"wp-block-column is-layout-flow wp-block-column-is-layout-flow\">\n<h2 class=\"wp-block-heading\">Premium Milk Tea Chocolate Semillas de Girasol a Granel Caracter\u00edsticas:<\/h2>\n\n\n\n<ul class=\"wp-block-list\">\n<li><strong>Larga vida \u00fatil: <\/strong>Nuestras semillas de girasol con chocolate y t\u00e9 con leche a granel tienen un sabor fragante y crujiente, con part\u00edculas gorditas. Su exclusivo proceso de producci\u00f3n garantiza una caducidad de hasta 10 meses.<\/li>\n\n\n\n<li><strong>Buena forma de embalaje: <\/strong>El peque\u00f1o envase independiente puede mantener eficazmente el sabor original y el sabor de las semillas de girasol cubiertas de chocolate al por mayor. El contenido neto de 23 gramos es m\u00e1s adecuado para cada apertura y degustaci\u00f3n, dulce pero no graso, derriti\u00e9ndose en la boca y el coraz\u00f3n.<\/li>\n\n\n\n<li><strong>Combinaci\u00f3n \u00fanica:<\/strong> Nuestro chocolate de t\u00e9 con leche y semillas de girasol a granel con sabor a t\u00e9 Yashi Dangcong combina elementos orientales del t\u00e9 con el chocolate occidental, creando una misteriosa combinaci\u00f3n de riqueza, dulzura y frescura. Es un t\u00e9 chino que se puede masticar y comer.<\/li>\n\n\n\n<li><strong>Sabor especial: <\/strong>Estas semillas de girasol cubiertas de chocolate al por mayor con sabor a t\u00e9 Yashi Dancong masticadas en la boca encarnan el sabor chino que se encuentra en el chocolate. Es ligero, dulce y agradable, con un aroma a t\u00e9 ligeramente achispado dif\u00edcil de borrar el sentimiento chino.<\/li>\n<\/ul>\n<\/div>\n\n\n\n<div class=\"wp-block-column is-layout-flow wp-block-column-is-layout-flow\">\n<figure class=\"wp-block-image size-full\"><img fetchpriority=\"high\" decoding=\"async\" width=\"1800\" height=\"1500\" src=\"https:\/\/jxgchocolate.com\/wp-content\/uploads\/2024\/09\/Bulk-Chocolate-Covered-Sunflower-Seeds-with-Yashi-Dancong-Tea-Flavor3.webp\" alt=\"Semillas de girasol de chocolate con leche y sabor a t\u00e9 a granel-3\" class=\"wp-image-28936\" srcset=\"https:\/\/jxgchocolate.com\/wp-content\/uploads\/2024\/09\/Bulk-Chocolate-Covered-Sunflower-Seeds-with-Yashi-Dancong-Tea-Flavor3.webp 1800w, https:\/\/jxgchocolate.com\/wp-content\/uploads\/2024\/09\/Bulk-Chocolate-Covered-Sunflower-Seeds-with-Yashi-Dancong-Tea-Flavor3-360x300.webp 360w, https:\/\/jxgchocolate.com\/wp-content\/uploads\/2024\/09\/Bulk-Chocolate-Covered-Sunflower-Seeds-with-Yashi-Dancong-Tea-Flavor3-768x640.webp 768w, https:\/\/jxgchocolate.com\/wp-content\/uploads\/2024\/09\/Bulk-Chocolate-Covered-Sunflower-Seeds-with-Yashi-Dancong-Tea-Flavor3-14x12.webp 14w, https:\/\/jxgchocolate.com\/wp-content\/uploads\/2024\/09\/Bulk-Chocolate-Covered-Sunflower-Seeds-with-Yashi-Dancong-Tea-Flavor3-430x358.webp 430w, https:\/\/jxgchocolate.com\/wp-content\/uploads\/2024\/09\/Bulk-Chocolate-Covered-Sunflower-Seeds-with-Yashi-Dancong-Tea-Flavor3-700x583.webp 700w, https:\/\/jxgchocolate.com\/wp-content\/uploads\/2024\/09\/Bulk-Chocolate-Covered-Sunflower-Seeds-with-Yashi-Dancong-Tea-Flavor3-150x125.webp 150w\" sizes=\"(max-width: 1800px) 100vw, 1800px\" \/><\/figure>\n<\/div>\n<\/div>\n\n\n\n<p><\/p>","protected":false},"excerpt":{"rendered":"<p>Bienvenido a comprar semillas de girasol de chocolate al por mayor. Estas semillas de girasol de chocolate con t\u00e9 de leche al por mayor combinan chocolate de alta calidad con el sabor \u00fanico del t\u00e9 chino. Envuelve las crujientes semillas de girasol en sedoso chocolate y lo mezcla con un ligero aroma a t\u00e9, aportando una experiencia de sabor en capas. Es un snack de chocolate innovador y \u00fanico.<\/p>\n<table width=\"275\">\n<tbody>\n<tr>\n<td width=\"108\">Fabricante<\/td>\n<td width=\"167\">Fruta de la suerte<\/td>\n<\/tr>\n<tr>\n<td>N\u00ba DE MODELO<\/td>\n<td>JXG341<\/td>\n<\/tr>\n<tr>\n<td>Tipo<\/td>\n<td>Semillas de girasol Chocolate<\/td>\n<\/tr>\n<tr>\n<td>Embalaje<\/td>\n<td>Embalaje en bolsas<\/td>\n<\/tr>\n<tr>\n<td>Especificaci\u00f3n<\/td>\n<td>20 bolsas<\/td>\n<\/tr>\n<tr>\n<td>Tama\u00f1o de la caja<\/td>\n<td>53*33*37,5 cm<\/td>\n<\/tr>\n<tr>\n<td>N.W \/SET<\/td>\n<td>23g*20Pcs*12bolsas<\/td>\n<\/tr>\n<tr>\n<td>Color<\/td>\n<td>Como imagen<\/td>\n<\/tr>\n<tr>\n<td>MOQ<\/td>\n<td>500 cajas<\/td>\n<\/tr>\n<tr>\n<td>Personalizaci\u00f3n<\/td>\n<td>Embalaje\/LOGO<\/td>\n<\/tr>\n<\/tbody>\n<\/table>","protected":false},"featured_media":28935,"comment_status":"closed","ping_status":"closed","template":"","meta":[],"product_cat":[72],"product_tag":[],"class_list":{"0":"post-28932","1":"product","2":"type-product","3":"status-publish","4":"has-post-thumbnail","6":"product_cat-wholesale-chocolate-covered-sunflower-seeds","8":"first","9":"instock","10":"shipping-taxable","11":"product-type-simple"},"_links":{"self":[{"href":"https:\/\/jxgchocolate.com\/es\/wp-json\/wp\/v2\/product\/28932","targetHints":{"allow":["GET"]}}],"collection":[{"href":"https:\/\/jxgchocolate.com\/es\/wp-json\/wp\/v2\/product"}],"about":[{"href":"https:\/\/jxgchocolate.com\/es\/wp-json\/wp\/v2\/types\/product"}],"replies":[{"embeddable":true,"href":"https:\/\/jxgchocolate.com\/es\/wp-json\/wp\/v2\/comments?post=28932"}],"version-history":[{"count":0,"href":"https:\/\/jxgchocolate.com\/es\/wp-json\/wp\/v2\/product\/28932\/revisions"}],"wp:featuredmedia":[{"embeddable":true,"href":"https:\/\/jxgchocolate.com\/es\/wp-json\/wp\/v2\/media\/28935"}],"wp:attachment":[{"href":"https:\/\/jxgchocolate.com\/es\/wp-json\/wp\/v2\/media?parent=28932"}],"wp:term":[{"taxonomy":"product_cat","embeddable":true,"href":"https:\/\/jxgchocolate.com\/es\/wp-json\/wp\/v2\/product_cat?post=28932"},{"taxonomy":"product_tag","embeddable":true,"href":"https:\/\/jxgchocolate.com\/es\/wp-json\/wp\/v2\/product_tag?post=28932"}],"curies":[{"name":"wp","href":"https:\/\/api.w.org\/{rel}","templated":true}]}}