{"id":28957,"date":"2024-10-12T08:43:02","date_gmt":"2024-10-12T08:43:02","guid":{"rendered":"https:\/\/jxgchocolate.com\/?post_type=product&#038;p=28957"},"modified":"2025-03-08T06:33:37","modified_gmt":"2025-03-08T06:33:37","slug":"wholesale-chocolate-coated-sunflower-seeds","status":"publish","type":"product","link":"https:\/\/jxgchocolate.com\/es\/producto\/wholesale-chocolate-coated-sunflower-seeds\/","title":{"rendered":"Semillas de girasol recubiertas de chocolate al por mayor a buen precio"},"content":{"rendered":"<div class=\"wp-block-columns is-layout-flex wp-container-core-columns-is-layout-9d6595d7 wp-block-columns-is-layout-flex\">\n<div class=\"wp-block-column is-layout-flow wp-block-column-is-layout-flow\">\n<h2 class=\"wp-block-heading\">Semillas de girasol recubiertas de chocolate al por mayor de primera calidad Caracter\u00edsticas:<\/h2>\n\n\n\n<ul class=\"wp-block-list\">\n<li><strong>Sabor \u00fanico: <\/strong>Nuestras pipas de girasol recubiertas de chocolate al por mayor combinan el dulzor del chocolate con el crujiente de las pipas de girasol, creando una experiencia de sabor \u00fanica gracias a la fusi\u00f3n perfecta de ambos ingredientes.<\/li>\n\n\n\n<li><strong>Diversas opciones de sabores: <\/strong>Puede haber m\u00faltiples sabores de chocolate con semillas de girasol al por mayor en el mercado, como chocolate con leche, chocolate negro, chocolate blanco, etc., para satisfacer las preferencias gustativas de los distintos consumidores.<\/li>\n\n\n\n<li><strong>Rentabilidad: <\/strong>En comparaci\u00f3n con otros productos de chocolate, nuestras semillas de girasol recubiertas de chocolate al por mayor son m\u00e1s asequibles y constituyen uno de los aperitivos m\u00e1s rentables.<\/li>\n\n\n\n<li><strong>Dise\u00f1o de envases: <\/strong>Nuestro chocolate con semillas de girasol al por mayor adopta un exquisito envase independiente, que no s\u00f3lo es conveniente para la higiene, sino que tambi\u00e9n aumenta los atributos de regalo del producto, adecuado como regalos de vacaciones o peque\u00f1os regalos diarios.<\/li>\n<\/ul>\n<\/div>\n\n\n\n<div class=\"wp-block-column is-layout-flow wp-block-column-is-layout-flow\">\n<figure class=\"wp-block-image size-full\"><img fetchpriority=\"high\" decoding=\"async\" width=\"1800\" height=\"1500\" src=\"https:\/\/jxgchocolate.com\/wp-content\/uploads\/2024\/10\/Wholesale-Chocolate-Covered-Sunflower-Seeds-Bulk-With-Box-Packaging2.webp\" alt=\"Mayorista Semillas de Girasol Recubiertas de Chocolate en Caja Paquete-2\" class=\"wp-image-28961\" srcset=\"https:\/\/jxgchocolate.com\/wp-content\/uploads\/2024\/10\/Wholesale-Chocolate-Covered-Sunflower-Seeds-Bulk-With-Box-Packaging2.webp 1800w, https:\/\/jxgchocolate.com\/wp-content\/uploads\/2024\/10\/Wholesale-Chocolate-Covered-Sunflower-Seeds-Bulk-With-Box-Packaging2-360x300.webp 360w, https:\/\/jxgchocolate.com\/wp-content\/uploads\/2024\/10\/Wholesale-Chocolate-Covered-Sunflower-Seeds-Bulk-With-Box-Packaging2-768x640.webp 768w, https:\/\/jxgchocolate.com\/wp-content\/uploads\/2024\/10\/Wholesale-Chocolate-Covered-Sunflower-Seeds-Bulk-With-Box-Packaging2-14x12.webp 14w, https:\/\/jxgchocolate.com\/wp-content\/uploads\/2024\/10\/Wholesale-Chocolate-Covered-Sunflower-Seeds-Bulk-With-Box-Packaging2-430x358.webp 430w, https:\/\/jxgchocolate.com\/wp-content\/uploads\/2024\/10\/Wholesale-Chocolate-Covered-Sunflower-Seeds-Bulk-With-Box-Packaging2-700x583.webp 700w, https:\/\/jxgchocolate.com\/wp-content\/uploads\/2024\/10\/Wholesale-Chocolate-Covered-Sunflower-Seeds-Bulk-With-Box-Packaging2-150x125.webp 150w\" sizes=\"(max-width: 1800px) 100vw, 1800px\" \/><\/figure>\n<\/div>\n<\/div>","protected":false},"excerpt":{"rendered":"<p>Bienvenido a comprar semillas de girasol recubiertas de chocolate al por mayor. Nuestro chocolate de semillas de girasol a granel tiene un envase peque\u00f1o independiente, que es mejor para el almacenamiento y m\u00e1s f\u00e1cil para compartir port\u00e1til. Es un gran regalo para familiares y amigos.<\/p>\n<table style=\"height: 329px;\" width=\"271\">\n<tbody>\n<tr>\n<td width=\"108\">Fabricante<\/td>\n<td width=\"167\">Fruta de la suerte<\/td>\n<\/tr>\n<tr>\n<td>N\u00ba DE MODELO<\/td>\n<td>JXG342<\/td>\n<\/tr>\n<tr>\n<td>Tipo<\/td>\n<td>Semillas de girasol Chocolate<\/td>\n<\/tr>\n<tr>\n<td>Embalaje<\/td>\n<td>Embalaje en bolsas<\/td>\n<\/tr>\n<tr>\n<td>Especificaci\u00f3n<\/td>\n<td>20 bolsas<\/td>\n<\/tr>\n<tr>\n<td>Tama\u00f1o de la caja<\/td>\n<td>58*35,5*37,5 cm<\/td>\n<\/tr>\n<tr>\n<td>N.W \/SET<\/td>\n<td>23g*20Pcs*12bolsas<\/td>\n<\/tr>\n<tr>\n<td>Color<\/td>\n<td>Como imagen<\/td>\n<\/tr>\n<tr>\n<td>MOQ<\/td>\n<td>500 cajas<\/td>\n<\/tr>\n<tr>\n<td>Personalizaci\u00f3n<\/td>\n<td>Embalaje\/LOGO<\/td>\n<\/tr>\n<\/tbody>\n<\/table>","protected":false},"featured_media":28960,"comment_status":"closed","ping_status":"closed","template":"","meta":[],"product_cat":[72],"product_tag":[],"class_list":{"0":"post-28957","1":"product","2":"type-product","3":"status-publish","4":"has-post-thumbnail","6":"product_cat-wholesale-chocolate-covered-sunflower-seeds","8":"first","9":"instock","10":"shipping-taxable","11":"product-type-simple"},"_links":{"self":[{"href":"https:\/\/jxgchocolate.com\/es\/wp-json\/wp\/v2\/product\/28957","targetHints":{"allow":["GET"]}}],"collection":[{"href":"https:\/\/jxgchocolate.com\/es\/wp-json\/wp\/v2\/product"}],"about":[{"href":"https:\/\/jxgchocolate.com\/es\/wp-json\/wp\/v2\/types\/product"}],"replies":[{"embeddable":true,"href":"https:\/\/jxgchocolate.com\/es\/wp-json\/wp\/v2\/comments?post=28957"}],"version-history":[{"count":0,"href":"https:\/\/jxgchocolate.com\/es\/wp-json\/wp\/v2\/product\/28957\/revisions"}],"wp:featuredmedia":[{"embeddable":true,"href":"https:\/\/jxgchocolate.com\/es\/wp-json\/wp\/v2\/media\/28960"}],"wp:attachment":[{"href":"https:\/\/jxgchocolate.com\/es\/wp-json\/wp\/v2\/media?parent=28957"}],"wp:term":[{"taxonomy":"product_cat","embeddable":true,"href":"https:\/\/jxgchocolate.com\/es\/wp-json\/wp\/v2\/product_cat?post=28957"},{"taxonomy":"product_tag","embeddable":true,"href":"https:\/\/jxgchocolate.com\/es\/wp-json\/wp\/v2\/product_tag?post=28957"}],"curies":[{"name":"wp","href":"https:\/\/api.w.org\/{rel}","templated":true}]}}