{"id":28984,"date":"2024-11-02T07:40:36","date_gmt":"2024-11-02T07:40:36","guid":{"rendered":"https:\/\/jxgchocolate.com\/?post_type=product&#038;p=28984"},"modified":"2024-11-02T07:40:38","modified_gmt":"2024-11-02T07:40:38","slug":"bulk-chocolate-covered-sunflower-seeds-2","status":"publish","type":"product","link":"https:\/\/jxgchocolate.com\/es\/producto\/bulk-chocolate-covered-sunflower-seeds-2\/","title":{"rendered":"Semillas de girasol cubiertas de chocolate a granel con sabor a t\u00e9 de China"},"content":{"rendered":"<div class=\"wp-block-columns is-layout-flex wp-container-core-columns-is-layout-9d6595d7 wp-block-columns-is-layout-flex\">\n<div class=\"wp-block-column is-layout-flow wp-block-column-is-layout-flow\">\n<h2 class=\"wp-block-heading\">Semillas de girasol recubiertas de chocolate a granel de primera calidad Caracter\u00edsticas:<\/h2>\n\n\n\n<ul class=\"wp-block-list\">\n<li><strong>Combinaci\u00f3n de sabores \u00fanica: <\/strong>Estas pipas de girasol recubiertas de chocolate a granel combinan el aroma \u00fanico del t\u00e9 Yashi Dancong con el crujiente sabor de las pipas de girasol, creando una experiencia gustativa sin precedentes. El complejo aroma \u00fanico de almendra y madreselva del t\u00e9 Yashi Dancong, combinado con el dulzor del chocolate y el crujiente sabor de las pipas de girasol, ofrece a los consumidores una experiencia gustativa totalmente nueva.<\/li>\n\n\n\n<li><strong>Valor cultural: <\/strong>El t\u00e9 Yashi Dancong es uno de los t\u00e9s tradicionales m\u00e1s famosos de China, con una profunda herencia cultural. Integrarlo en el chocolate no es s\u00f3lo una innovaci\u00f3n en los ingredientes, sino tambi\u00e9n una herencia y promoci\u00f3n cultural. Nuestras semillas de girasol de chocolate a granel permiten que m\u00e1s consumidores j\u00f3venes comprendan y experimenten la cultura china del t\u00e9 de esta forma innovadora.<\/li>\n\n\n\n<li><strong>Concepto de salud:<\/strong> El propio t\u00e9 Yashi Dancong contiene ricos antioxidantes, que pueden ayudar a mejorar la inmunidad y favorecer la digesti\u00f3n. Y las pipas de girasol son ricas en nutrientes como \u00e1cidos grasos insaturados, prote\u00ednas y vitamina E. Cuando se combinan con chocolate, estas pipas de girasol cubiertas de chocolate a granel no s\u00f3lo conservan la exquisitez del chocolate, sino que tambi\u00e9n aumentan el valor nutritivo del alimento.<\/li>\n\n\n\n<li><strong>Las ocasiones adecuadas son amplias:<\/strong> Ya se trate de un peque\u00f1o tentempi\u00e9 para el t\u00e9 de la tarde, un tentempi\u00e9 de ocio en la oficina o una comida compartida en reuniones familiares, las pipas de girasol de chocolate a granel con sabor a t\u00e9 Yashi Dancong pueden adaptarse f\u00e1cilmente a diversas ocasiones y satisfacer las necesidades de distintas personas.<\/li>\n<\/ul>\n\n\n\n<p><\/p>\n<\/div>\n\n\n\n<div class=\"wp-block-column is-layout-flow wp-block-column-is-layout-flow\">\n<figure class=\"wp-block-image size-full\"><img fetchpriority=\"high\" decoding=\"async\" width=\"1800\" height=\"1500\" src=\"https:\/\/jxgchocolate.com\/wp-content\/uploads\/2024\/11\/Wholesales-Bulk-Order-Chocolate-Covered-Sunflower-Seeds-With-Yashi-Dancong-Tea-Flavor1.webp\" alt=\"Semillas de girasol recubiertas de chocolate a granel con sabor a t\u00e9 de China-1\" class=\"wp-image-28985\" srcset=\"https:\/\/jxgchocolate.com\/wp-content\/uploads\/2024\/11\/Wholesales-Bulk-Order-Chocolate-Covered-Sunflower-Seeds-With-Yashi-Dancong-Tea-Flavor1.webp 1800w, https:\/\/jxgchocolate.com\/wp-content\/uploads\/2024\/11\/Wholesales-Bulk-Order-Chocolate-Covered-Sunflower-Seeds-With-Yashi-Dancong-Tea-Flavor1-360x300.webp 360w, https:\/\/jxgchocolate.com\/wp-content\/uploads\/2024\/11\/Wholesales-Bulk-Order-Chocolate-Covered-Sunflower-Seeds-With-Yashi-Dancong-Tea-Flavor1-768x640.webp 768w, https:\/\/jxgchocolate.com\/wp-content\/uploads\/2024\/11\/Wholesales-Bulk-Order-Chocolate-Covered-Sunflower-Seeds-With-Yashi-Dancong-Tea-Flavor1-14x12.webp 14w, https:\/\/jxgchocolate.com\/wp-content\/uploads\/2024\/11\/Wholesales-Bulk-Order-Chocolate-Covered-Sunflower-Seeds-With-Yashi-Dancong-Tea-Flavor1-430x358.webp 430w, https:\/\/jxgchocolate.com\/wp-content\/uploads\/2024\/11\/Wholesales-Bulk-Order-Chocolate-Covered-Sunflower-Seeds-With-Yashi-Dancong-Tea-Flavor1-700x583.webp 700w, https:\/\/jxgchocolate.com\/wp-content\/uploads\/2024\/11\/Wholesales-Bulk-Order-Chocolate-Covered-Sunflower-Seeds-With-Yashi-Dancong-Tea-Flavor1-150x125.webp 150w\" sizes=\"(max-width: 1800px) 100vw, 1800px\" \/><\/figure>\n<\/div>\n<\/div>","protected":false},"excerpt":{"rendered":"<p>Bienvenido a comprar pipas de girasol recubiertas de chocolate a granel. Las pipas de girasol de chocolate a granel con sabor a t\u00e9 Yashi Dancong son un aperitivo innovador que combina la cultura tradicional del t\u00e9 con la artesan\u00eda moderna del chocolate. No es s\u00f3lo un delicioso tentempi\u00e9, sino tambi\u00e9n una transmisi\u00f3n cultural y emocional, adecuada para los consumidores que persiguen la calidad de vida y disfrutan probando cosas nuevas.<\/p>\n<table width=\"423\">\n<tbody>\n<tr>\n<td width=\"166\">Fabricante<\/td>\n<td width=\"257\">Fruta de la suerte<\/td>\n<\/tr>\n<tr>\n<td>N\u00ba DE MODELO<\/td>\n<td>JXG47<\/td>\n<\/tr>\n<tr>\n<td>Tipo<\/td>\n<td>Semillas de girasol Chocolate<\/td>\n<\/tr>\n<tr>\n<td>Embalaje<\/td>\n<td>Embalaje en bolsas<\/td>\n<\/tr>\n<tr>\n<td>Especificaci\u00f3n<\/td>\n<td>20 bolsas*12 cajas<\/td>\n<\/tr>\n<tr>\n<td>Tama\u00f1o de la caja<\/td>\n<td>58*35,5*37,5 cm<\/td>\n<\/tr>\n<tr>\n<td>N.W \/SET<\/td>\n<td>23g*20bolsas<\/td>\n<\/tr>\n<tr>\n<td>Color<\/td>\n<td>Como imagen<\/td>\n<\/tr>\n<tr>\n<td>MOQ<\/td>\n<td>500 cajas<\/td>\n<\/tr>\n<tr>\n<td>Personalizaci\u00f3n<\/td>\n<td>Embalaje\/LOGO<\/td>\n<\/tr>\n<\/tbody>\n<\/table>","protected":false},"featured_media":28986,"comment_status":"closed","ping_status":"closed","template":"","meta":[],"product_cat":[72],"product_tag":[],"class_list":{"0":"post-28984","1":"product","2":"type-product","3":"status-publish","4":"has-post-thumbnail","6":"product_cat-wholesale-chocolate-covered-sunflower-seeds","8":"first","9":"instock","10":"shipping-taxable","11":"product-type-simple"},"_links":{"self":[{"href":"https:\/\/jxgchocolate.com\/es\/wp-json\/wp\/v2\/product\/28984","targetHints":{"allow":["GET"]}}],"collection":[{"href":"https:\/\/jxgchocolate.com\/es\/wp-json\/wp\/v2\/product"}],"about":[{"href":"https:\/\/jxgchocolate.com\/es\/wp-json\/wp\/v2\/types\/product"}],"replies":[{"embeddable":true,"href":"https:\/\/jxgchocolate.com\/es\/wp-json\/wp\/v2\/comments?post=28984"}],"version-history":[{"count":5,"href":"https:\/\/jxgchocolate.com\/es\/wp-json\/wp\/v2\/product\/28984\/revisions"}],"predecessor-version":[{"id":29047,"href":"https:\/\/jxgchocolate.com\/es\/wp-json\/wp\/v2\/product\/28984\/revisions\/29047"}],"wp:featuredmedia":[{"embeddable":true,"href":"https:\/\/jxgchocolate.com\/es\/wp-json\/wp\/v2\/media\/28986"}],"wp:attachment":[{"href":"https:\/\/jxgchocolate.com\/es\/wp-json\/wp\/v2\/media?parent=28984"}],"wp:term":[{"taxonomy":"product_cat","embeddable":true,"href":"https:\/\/jxgchocolate.com\/es\/wp-json\/wp\/v2\/product_cat?post=28984"},{"taxonomy":"product_tag","embeddable":true,"href":"https:\/\/jxgchocolate.com\/es\/wp-json\/wp\/v2\/product_tag?post=28984"}],"curies":[{"name":"wp","href":"https:\/\/api.w.org\/{rel}","templated":true}]}}