{"id":29043,"date":"2024-11-09T06:55:04","date_gmt":"2024-11-09T06:55:04","guid":{"rendered":"https:\/\/jxgchocolate.com\/?post_type=product&#038;p=29043"},"modified":"2024-11-09T06:55:06","modified_gmt":"2024-11-09T06:55:06","slug":"wholesale-chocolate-bars","status":"publish","type":"product","link":"https:\/\/jxgchocolate.com\/es\/producto\/wholesale-chocolate-bars\/","title":{"rendered":"Barritas de chocolate al por mayor con envase de dise\u00f1o personalizado"},"content":{"rendered":"<div class=\"wp-block-columns is-layout-flex wp-container-core-columns-is-layout-9d6595d7 wp-block-columns-is-layout-flex\">\n<div class=\"wp-block-column is-layout-flow wp-block-column-is-layout-flow\">\n<h2 class=\"wp-block-heading\">Barritas de chocolate al por mayor de primera calidad Caracter\u00edsticas:<\/h2>\n\n\n\n<ul class=\"wp-block-list\">\n<li><strong>Salud beneficiosa:<\/strong> El chocolate negro contiene teobromina y az\u00facar que pueden desencadenar la emisi\u00f3n de dopamina en el cerebro, lo que podr\u00eda proporcionar al individuo sensaciones de placer y alivio del estr\u00e9s y la ansiedad. Adem\u00e1s, reduce la presi\u00f3n arterial y mejora el flujo sangu\u00edneo, reduciendo las enfermedades cardiovasculares si se toma con moderaci\u00f3n con nuestras tabletas de chocolate al por mayor.<\/li>\n\n\n\n<li><strong>Sabor y aroma \u00fanicos:<\/strong> Se dice que el chocolate negro contiene un amargor y una suavidad \u00fanicos en su textura; nuestras tabletas de chocolate negro a granel proporcionan una sensaci\u00f3n estimulante cuando se disuelven en la boca.<\/li>\n\n\n\n<li><strong>Exquisito envase ecol\u00f3gico:<\/strong> Se adopta un dise\u00f1o art\u00edstico \u00fanico para regalo y uso personal. Estas tabletas de chocolate al por mayor se envasan con una caja exterior de pl\u00e1stico, en consonancia con el concepto de desarrollo sostenible. Una vez terminado el chocolate, la caja exterior puede utilizarse para guardarlo.<\/li>\n\n\n\n<li><strong>Multiaplicaciones: <\/strong>Nuestras tabletas de chocolate negro a granel son adecuadas para ser un tentempi\u00e9 diario tomado puro o junto con caf\u00e9 y t\u00e9. Las placas de chocolate negro de alta calidad son una opci\u00f3n ideal para hornear y podr\u00edan utilizarse en la elaboraci\u00f3n de tartas, brownies, galletas y mucho m\u00e1s. Exquisito envase, el plato de chocolate negro de alta calidad es una excelente opci\u00f3n para regalar en diversos festivales y aniversarios.<\/li>\n<\/ul>\n<\/div>\n\n\n\n<div class=\"wp-block-column is-layout-flow wp-block-column-is-layout-flow\">\n<figure class=\"wp-block-image size-full\"><img fetchpriority=\"high\" decoding=\"async\" width=\"2000\" height=\"2000\" src=\"https:\/\/jxgchocolate.com\/wp-content\/uploads\/2024\/11\/Wholesales-Custom-Chocolate-Bars-With-Customized-Design-And-Pacakaging3.webp\" alt=\"Barras De Chocolate Al Por Mayor Con Envase De Dise\u00f1o Personalizado-3\" class=\"wp-image-29046\" srcset=\"https:\/\/jxgchocolate.com\/wp-content\/uploads\/2024\/11\/Wholesales-Custom-Chocolate-Bars-With-Customized-Design-And-Pacakaging3.webp 2000w, https:\/\/jxgchocolate.com\/wp-content\/uploads\/2024\/11\/Wholesales-Custom-Chocolate-Bars-With-Customized-Design-And-Pacakaging3-300x300.webp 300w, https:\/\/jxgchocolate.com\/wp-content\/uploads\/2024\/11\/Wholesales-Custom-Chocolate-Bars-With-Customized-Design-And-Pacakaging3-150x150.webp 150w, https:\/\/jxgchocolate.com\/wp-content\/uploads\/2024\/11\/Wholesales-Custom-Chocolate-Bars-With-Customized-Design-And-Pacakaging3-768x768.webp 768w, https:\/\/jxgchocolate.com\/wp-content\/uploads\/2024\/11\/Wholesales-Custom-Chocolate-Bars-With-Customized-Design-And-Pacakaging3-12x12.webp 12w, https:\/\/jxgchocolate.com\/wp-content\/uploads\/2024\/11\/Wholesales-Custom-Chocolate-Bars-With-Customized-Design-And-Pacakaging3-430x430.webp 430w, https:\/\/jxgchocolate.com\/wp-content\/uploads\/2024\/11\/Wholesales-Custom-Chocolate-Bars-With-Customized-Design-And-Pacakaging3-700x700.webp 700w\" sizes=\"(max-width: 2000px) 100vw, 2000px\" \/><\/figure>\n<\/div>\n<\/div>\n\n\n\n<p><\/p>","protected":false},"excerpt":{"rendered":"<p>Bienvenido a comprar tabletas de chocolate al por mayor. Nuestras tabletas de chocolate negro al por mayor, por su sabor especial y sus beneficios para la salud, se han convertido en la primera opci\u00f3n entre muchos amantes del chocolate y entusiastas de la salud. La secci\u00f3n de chocolate negro satisface la b\u00fasqueda de exquisitez de los consumidores y asegura una doble garant\u00eda en salud y calidad. El chocolate negro es una muy buena elecci\u00f3n, ya sea para el consumo diario, como ingrediente para reposter\u00eda o como excelente regalo.<\/p>\n<table width=\"423\">\n<tbody>\n<tr>\n<td width=\"166\">Fabricante<\/td>\n<td width=\"257\">Fruta de la suerte<\/td>\n<\/tr>\n<tr>\n<td>N\u00ba DE MODELO<\/td>\n<td>JXG48<\/td>\n<\/tr>\n<tr>\n<td>Tipo<\/td>\n<td>Barritas de chocolate<\/td>\n<\/tr>\n<tr>\n<td>Embalaje<\/td>\n<td>Embalaje en cajas<\/td>\n<\/tr>\n<tr>\n<td>Especificaci\u00f3n<\/td>\n<td>10 piezas*12 cajas<\/td>\n<\/tr>\n<tr>\n<td>Tama\u00f1o de la caja<\/td>\n<td>41*21*27,5cm<\/td>\n<\/tr>\n<tr>\n<td>N.W \/SET<\/td>\n<td>43g*10piezas<\/td>\n<\/tr>\n<tr>\n<td>Color<\/td>\n<td>Como imagen<\/td>\n<\/tr>\n<tr>\n<td>MOQ<\/td>\n<td>500 cajas<\/td>\n<\/tr>\n<tr>\n<td>Personalizaci\u00f3n<\/td>\n<td>Embalaje\/LOGO<\/td>\n<\/tr>\n<\/tbody>\n<\/table>","protected":false},"featured_media":29044,"comment_status":"closed","ping_status":"closed","template":"","meta":[],"product_cat":[91],"product_tag":[],"class_list":{"0":"post-29043","1":"product","2":"type-product","3":"status-publish","4":"has-post-thumbnail","6":"product_cat-bulk-chocolate-bars","8":"first","9":"instock","10":"shipping-taxable","11":"product-type-simple"},"_links":{"self":[{"href":"https:\/\/jxgchocolate.com\/es\/wp-json\/wp\/v2\/product\/29043","targetHints":{"allow":["GET"]}}],"collection":[{"href":"https:\/\/jxgchocolate.com\/es\/wp-json\/wp\/v2\/product"}],"about":[{"href":"https:\/\/jxgchocolate.com\/es\/wp-json\/wp\/v2\/types\/product"}],"replies":[{"embeddable":true,"href":"https:\/\/jxgchocolate.com\/es\/wp-json\/wp\/v2\/comments?post=29043"}],"version-history":[{"count":0,"href":"https:\/\/jxgchocolate.com\/es\/wp-json\/wp\/v2\/product\/29043\/revisions"}],"wp:featuredmedia":[{"embeddable":true,"href":"https:\/\/jxgchocolate.com\/es\/wp-json\/wp\/v2\/media\/29044"}],"wp:attachment":[{"href":"https:\/\/jxgchocolate.com\/es\/wp-json\/wp\/v2\/media?parent=29043"}],"wp:term":[{"taxonomy":"product_cat","embeddable":true,"href":"https:\/\/jxgchocolate.com\/es\/wp-json\/wp\/v2\/product_cat?post=29043"},{"taxonomy":"product_tag","embeddable":true,"href":"https:\/\/jxgchocolate.com\/es\/wp-json\/wp\/v2\/product_tag?post=29043"}],"curies":[{"name":"wp","href":"https:\/\/api.w.org\/{rel}","templated":true}]}}