{"id":29048,"date":"2024-11-09T06:29:52","date_gmt":"2024-11-09T06:29:52","guid":{"rendered":"https:\/\/jxgchocolate.com\/?post_type=product&#038;p=29048"},"modified":"2024-11-18T01:59:30","modified_gmt":"2024-11-18T01:59:30","slug":"bulk-chocolate-bars","status":"publish","type":"product","link":"https:\/\/jxgchocolate.com\/es\/producto\/bulk-chocolate-bars\/","title":{"rendered":"Barritas de chocolate a granel con migas de galleta crujientes al por mayor"},"content":{"rendered":"<div class=\"wp-block-columns is-layout-flex wp-container-core-columns-is-layout-9d6595d7 wp-block-columns-is-layout-flex\">\n<div class=\"wp-block-column is-layout-flow wp-block-column-is-layout-flow\">\n<h2 class=\"wp-block-heading\">Barritas de chocolate premium a granel Caracter\u00edsticas:<\/h2>\n\n\n\n<ul class=\"wp-block-list\">\n<li><strong>Combinaci\u00f3n de sabores \u00fanica: <\/strong>Estas tabletas de chocolate a granel son una combinaci\u00f3n perfecta de galletas y chocolate. El chasquido de las galletas junto con la suavidad del chocolate presentan una sensaci\u00f3n de sabor diferente.<\/li>\n\n\n\n<li><strong>Opciones diversificadas: <\/strong>Existen diferentes sabores de chocolate en el mercado, como chocolate con leche, chocolate negro, chocolate blanco, etc. Nuestras tabletas de chocolate al por mayor pueden ser tipos de chocolate personalizados y satisfacer las preferencias de los distintos consumidores.<\/li>\n\n\n\n<li><strong>Formas creativas de comer: <\/strong>Pruebe a mezclarlo con otras bebidas, como caf\u00e9, t\u00e9 o chocolate caliente, para disfrutar de diferentes sabores. Trocee nuestras tabletas de chocolate a granel e incorp\u00f3relas a recetas de reposter\u00eda -galletas, pasteles o pan- para a\u00f1adir textura y sabor.<\/li>\n\n\n\n<li><strong>Rico en nutrientes: <\/strong>Nuestras barritas de chocolate al por mayor, con galletas y chocolate en su interior, contienen nutrientes a\u00f1adidos como huevos, mantequilla, harina, etc. que podr\u00edan aportar energ\u00eda y nutrientes que el cuerpo humano necesita.<\/li>\n<\/ul>\n<\/div>\n\n\n\n<div class=\"wp-block-column is-layout-flow wp-block-column-is-layout-flow\">\n<figure class=\"wp-block-image size-full\"><img fetchpriority=\"high\" decoding=\"async\" width=\"2000\" height=\"2000\" src=\"https:\/\/jxgchocolate.com\/wp-content\/uploads\/2024\/11\/Wholesales-Bulk-Chocolate-Bars-With-Crispy-Cookies-Sandwich3.jpg\" alt=\"Venta al Por Mayor Barritas de Chocolate con Galletas Crujientes Sandwich-3\" class=\"wp-image-29054\" srcset=\"https:\/\/jxgchocolate.com\/wp-content\/uploads\/2024\/11\/Wholesales-Bulk-Chocolate-Bars-With-Crispy-Cookies-Sandwich3.jpg 2000w, https:\/\/jxgchocolate.com\/wp-content\/uploads\/2024\/11\/Wholesales-Bulk-Chocolate-Bars-With-Crispy-Cookies-Sandwich3-300x300.jpg 300w, https:\/\/jxgchocolate.com\/wp-content\/uploads\/2024\/11\/Wholesales-Bulk-Chocolate-Bars-With-Crispy-Cookies-Sandwich3-150x150.jpg 150w, https:\/\/jxgchocolate.com\/wp-content\/uploads\/2024\/11\/Wholesales-Bulk-Chocolate-Bars-With-Crispy-Cookies-Sandwich3-768x768.jpg 768w, https:\/\/jxgchocolate.com\/wp-content\/uploads\/2024\/11\/Wholesales-Bulk-Chocolate-Bars-With-Crispy-Cookies-Sandwich3-12x12.jpg 12w, https:\/\/jxgchocolate.com\/wp-content\/uploads\/2024\/11\/Wholesales-Bulk-Chocolate-Bars-With-Crispy-Cookies-Sandwich3-430x430.jpg 430w, https:\/\/jxgchocolate.com\/wp-content\/uploads\/2024\/11\/Wholesales-Bulk-Chocolate-Bars-With-Crispy-Cookies-Sandwich3-700x700.jpg 700w\" sizes=\"(max-width: 2000px) 100vw, 2000px\" \/><\/figure>\n<\/div>\n<\/div>\n\n\n\n<p><\/p>","protected":false},"excerpt":{"rendered":"<p>Bienvenido a comprar tabletas de chocolate al por mayor. Nuestras barritas de chocolate al por mayor son un snack \u00fanico que combina galletas y chocolate. Las barritas de chocolate con galletas al por mayor no s\u00f3lo satisfacen la b\u00fasqueda de exquisitez de los consumidores, sino que tambi\u00e9n proporcionan diversas opciones y experiencias de alta calidad. Ya sea como tentempi\u00e9 diario, ingrediente para hornear o un gran regalo, la secci\u00f3n de chocolate con galletas es una gran elecci\u00f3n.<\/p>\n<table width=\"423\">\n<tbody>\n<tr>\n<td width=\"166\">Fabricante<\/td>\n<td width=\"257\">Fruta de la suerte<\/td>\n<\/tr>\n<tr>\n<td>N\u00ba DE MODELO<\/td>\n<td>JXG49<\/td>\n<\/tr>\n<tr>\n<td>Tipo<\/td>\n<td>Barritas de chocolate<\/td>\n<\/tr>\n<tr>\n<td>Embalaje<\/td>\n<td>Embalaje en cajas<\/td>\n<\/tr>\n<tr>\n<td>Especificaci\u00f3n<\/td>\n<td>10 piezas*12 cajas<\/td>\n<\/tr>\n<tr>\n<td>Tama\u00f1o de la caja<\/td>\n<td>41*21*27,5cm<\/td>\n<\/tr>\n<tr>\n<td>N.W \/SET<\/td>\n<td>43g*10piezas<\/td>\n<\/tr>\n<tr>\n<td>Color<\/td>\n<td>Como imagen<\/td>\n<\/tr>\n<tr>\n<td>MOQ<\/td>\n<td>500 cajas<\/td>\n<\/tr>\n<tr>\n<td>Personalizaci\u00f3n<\/td>\n<td>Embalaje\/LOGO<\/td>\n<\/tr>\n<\/tbody>\n<\/table>","protected":false},"featured_media":29052,"comment_status":"closed","ping_status":"closed","template":"","meta":[],"product_cat":[91],"product_tag":[],"class_list":{"0":"post-29048","1":"product","2":"type-product","3":"status-publish","4":"has-post-thumbnail","6":"product_cat-bulk-chocolate-bars","8":"first","9":"instock","10":"shipping-taxable","11":"product-type-simple"},"_links":{"self":[{"href":"https:\/\/jxgchocolate.com\/es\/wp-json\/wp\/v2\/product\/29048","targetHints":{"allow":["GET"]}}],"collection":[{"href":"https:\/\/jxgchocolate.com\/es\/wp-json\/wp\/v2\/product"}],"about":[{"href":"https:\/\/jxgchocolate.com\/es\/wp-json\/wp\/v2\/types\/product"}],"replies":[{"embeddable":true,"href":"https:\/\/jxgchocolate.com\/es\/wp-json\/wp\/v2\/comments?post=29048"}],"version-history":[{"count":0,"href":"https:\/\/jxgchocolate.com\/es\/wp-json\/wp\/v2\/product\/29048\/revisions"}],"wp:featuredmedia":[{"embeddable":true,"href":"https:\/\/jxgchocolate.com\/es\/wp-json\/wp\/v2\/media\/29052"}],"wp:attachment":[{"href":"https:\/\/jxgchocolate.com\/es\/wp-json\/wp\/v2\/media?parent=29048"}],"wp:term":[{"taxonomy":"product_cat","embeddable":true,"href":"https:\/\/jxgchocolate.com\/es\/wp-json\/wp\/v2\/product_cat?post=29048"},{"taxonomy":"product_tag","embeddable":true,"href":"https:\/\/jxgchocolate.com\/es\/wp-json\/wp\/v2\/product_tag?post=29048"}],"curies":[{"name":"wp","href":"https:\/\/api.w.org\/{rel}","templated":true}]}}