{"id":29140,"date":"2024-11-16T02:17:43","date_gmt":"2024-11-16T02:17:43","guid":{"rendered":"https:\/\/jxgchocolate.com\/?post_type=product&#038;p=29140"},"modified":"2024-11-16T09:02:39","modified_gmt":"2024-11-16T09:02:39","slug":"chocolate-bars-wholesale","status":"publish","type":"product","link":"https:\/\/jxgchocolate.com\/es\/producto\/chocolate-bars-wholesale\/","title":{"rendered":"China Barritas de Chocolate con Sabor a T\u00e9 al por Mayor con Migas de Galleta"},"content":{"rendered":"<div class=\"wp-block-columns is-layout-flex wp-container-core-columns-is-layout-9d6595d7 wp-block-columns-is-layout-flex\">\n<div class=\"wp-block-column is-layout-flow wp-block-column-is-layout-flow\">\n<h2 class=\"wp-block-heading\">Barras de chocolate Premium al por mayor Caracter\u00edsticas:<\/h2>\n\n\n\n<div class=\"wp-block-columns is-layout-flex wp-container-core-columns-is-layout-9d6595d7 wp-block-columns-is-layout-flex\">\n<div class=\"wp-block-column is-layout-flow wp-block-column-is-layout-flow\">\n<p><strong>Herencia de la cultura tradicional china del t\u00e9: <\/strong>El t\u00e9 Yashi Dancong es uno de los famosos t\u00e9s tradicionales chinos con una profunda herencia cultural. Integrar este t\u00e9 en el chocolate hace que nuestras tabletas de chocolate al por mayor no solo sean una innovaci\u00f3n en ingredientes, sino tambi\u00e9n una herencia y promoci\u00f3n culturales.<\/p>\n\n\n\n<p><strong>\u00danico en la combinaci\u00f3n de sabores: <\/strong>El sabor del t\u00e9 Yashi Dancong es un tipo de t\u00e9 oolong, con un aroma floral y afrutado \u00fanico. El aroma espeso y duradero de nuestras tabletas de chocolate a granel mezclado a la perfecci\u00f3n con el dulzor del chocolate y las crujientes galletas crea una experiencia gustativa completamente nueva. La sensaci\u00f3n en boca de galleta crujiente y fundente entrelazada con la fragancia del t\u00e9 Yashi Dancong y la suavidad del chocolate crean un sabor rico y complejo, con un regusto interminable.<\/p>\n\n\n\n<p><strong>Artesan\u00eda y producci\u00f3n exquisitas: <\/strong>Tras innumerables intentos del departamento de I+D, la proporci\u00f3n de t\u00e9 y chocolate se ha ajustado cuidadosamente durante el proceso de producci\u00f3n para lograr el mejor equilibrio de sabor, nuestras tabletas de chocolate al por mayor no son ni demasiado amargas ni demasiado dulces.<\/p>\n\n\n\n<p><strong>Escenarios ampliamente aplicables: <\/strong>La combinaci\u00f3n de galletas, t\u00e9 Yashi Dancong y chocolate tiene un sabor \u00fanico, nuestras barritas de chocolate a granel son adecuadas como aperitivos de ocio para satisfacer las papilas gustativas de los consumidores. El exquisito envase y los sabores \u00fanicos hacen de las galletas, el t\u00e9 Yashi Dancong y el chocolate un excelente regalo para familiares y amigos, que transmiten sus sentimientos mientras comparten una deliciosa comida.<\/p>\n<\/div>\n\n\n\n<div class=\"wp-block-column is-layout-flow wp-block-column-is-layout-flow\">\n<figure class=\"wp-block-image size-full\"><img fetchpriority=\"high\" decoding=\"async\" width=\"2000\" height=\"2000\" src=\"https:\/\/jxgchocolate.com\/wp-content\/uploads\/2024\/11\/Bulk-Custom-Chocolate-Bars-With-Storage-Box-Packaging3.webp\" alt=\"China Barras De Chocolate Con Sabor A T\u00e9 Al Por Mayor Con Migas De Galleta-1\" class=\"wp-image-29143\" srcset=\"https:\/\/jxgchocolate.com\/wp-content\/uploads\/2024\/11\/Bulk-Custom-Chocolate-Bars-With-Storage-Box-Packaging3.webp 2000w, https:\/\/jxgchocolate.com\/wp-content\/uploads\/2024\/11\/Bulk-Custom-Chocolate-Bars-With-Storage-Box-Packaging3-300x300.webp 300w, https:\/\/jxgchocolate.com\/wp-content\/uploads\/2024\/11\/Bulk-Custom-Chocolate-Bars-With-Storage-Box-Packaging3-150x150.webp 150w, https:\/\/jxgchocolate.com\/wp-content\/uploads\/2024\/11\/Bulk-Custom-Chocolate-Bars-With-Storage-Box-Packaging3-768x768.webp 768w, https:\/\/jxgchocolate.com\/wp-content\/uploads\/2024\/11\/Bulk-Custom-Chocolate-Bars-With-Storage-Box-Packaging3-12x12.webp 12w, https:\/\/jxgchocolate.com\/wp-content\/uploads\/2024\/11\/Bulk-Custom-Chocolate-Bars-With-Storage-Box-Packaging3-430x430.webp 430w, https:\/\/jxgchocolate.com\/wp-content\/uploads\/2024\/11\/Bulk-Custom-Chocolate-Bars-With-Storage-Box-Packaging3-700x700.webp 700w\" sizes=\"(max-width: 2000px) 100vw, 2000px\" \/><\/figure>\n<\/div>\n<\/div>\n<\/div>\n<\/div>\n\n\n\n<p><\/p>","protected":false},"excerpt":{"rendered":"<p>Bienvenido a comprar tabletas de chocolate al por mayor. Nuestras barritas de chocolate con sabor a t\u00e9 al por mayor son un producto innovador que combina a la perfecci\u00f3n la cultura tradicional del t\u00e9 con la artesan\u00eda moderna del chocolate. Este singular tentempi\u00e9 no s\u00f3lo tiene un sabor \u00fanico, sino tambi\u00e9n importantes ventajas en cuanto a salud y valor cultural. Adecuado para consumidores que persiguen la calidad de vida y disfrutan probando cosas nuevas. Ya sea como tentempi\u00e9 diario, ingrediente de reposter\u00eda o un gran regalo, las galletas y el chocolate con sabor a t\u00e9 Yashi Dancong son una buena elecci\u00f3n.<\/p>\n<table width=\"423\">\n<tbody>\n<tr>\n<td width=\"166\">Fabricante<\/td>\n<td width=\"257\">Fruta de la suerte<\/td>\n<\/tr>\n<tr>\n<td>N\u00ba DE MODELO<\/td>\n<td>JXG49<\/td>\n<\/tr>\n<tr>\n<td>Tipo<\/td>\n<td>Barritas de chocolate<\/td>\n<\/tr>\n<tr>\n<td>Embalaje<\/td>\n<td>Embalaje en cajas<\/td>\n<\/tr>\n<tr>\n<td>Especificaci\u00f3n<\/td>\n<td>10 piezas*12 cajas<\/td>\n<\/tr>\n<tr>\n<td>Tama\u00f1o de la caja<\/td>\n<td>41*21*27,5cm<\/td>\n<\/tr>\n<tr>\n<td>N.W \/SET<\/td>\n<td>43g*10piezas<\/td>\n<\/tr>\n<tr>\n<td>Color<\/td>\n<td>Como imagen<\/td>\n<\/tr>\n<tr>\n<td>MOQ<\/td>\n<td>500 cajas<\/td>\n<\/tr>\n<tr>\n<td>Personalizaci\u00f3n<\/td>\n<td>Embalaje\/LOGO<\/td>\n<\/tr>\n<\/tbody>\n<\/table>","protected":false},"featured_media":29141,"comment_status":"closed","ping_status":"closed","template":"","meta":[],"product_cat":[91],"product_tag":[],"class_list":{"0":"post-29140","1":"product","2":"type-product","3":"status-publish","4":"has-post-thumbnail","6":"product_cat-bulk-chocolate-bars","8":"first","9":"instock","10":"shipping-taxable","11":"product-type-simple"},"_links":{"self":[{"href":"https:\/\/jxgchocolate.com\/es\/wp-json\/wp\/v2\/product\/29140","targetHints":{"allow":["GET"]}}],"collection":[{"href":"https:\/\/jxgchocolate.com\/es\/wp-json\/wp\/v2\/product"}],"about":[{"href":"https:\/\/jxgchocolate.com\/es\/wp-json\/wp\/v2\/types\/product"}],"replies":[{"embeddable":true,"href":"https:\/\/jxgchocolate.com\/es\/wp-json\/wp\/v2\/comments?post=29140"}],"version-history":[{"count":0,"href":"https:\/\/jxgchocolate.com\/es\/wp-json\/wp\/v2\/product\/29140\/revisions"}],"wp:featuredmedia":[{"embeddable":true,"href":"https:\/\/jxgchocolate.com\/es\/wp-json\/wp\/v2\/media\/29141"}],"wp:attachment":[{"href":"https:\/\/jxgchocolate.com\/es\/wp-json\/wp\/v2\/media?parent=29140"}],"wp:term":[{"taxonomy":"product_cat","embeddable":true,"href":"https:\/\/jxgchocolate.com\/es\/wp-json\/wp\/v2\/product_cat?post=29140"},{"taxonomy":"product_tag","embeddable":true,"href":"https:\/\/jxgchocolate.com\/es\/wp-json\/wp\/v2\/product_tag?post=29140"}],"curies":[{"name":"wp","href":"https:\/\/api.w.org\/{rel}","templated":true}]}}