{"id":29146,"date":"2024-11-18T01:42:55","date_gmt":"2024-11-18T01:42:55","guid":{"rendered":"https:\/\/jxgchocolate.com\/?post_type=product&#038;p=29146"},"modified":"2024-11-18T01:57:52","modified_gmt":"2024-11-18T01:57:52","slug":"chocolate-bars-in-bulk","status":"publish","type":"product","link":"https:\/\/jxgchocolate.com\/es\/producto\/chocolate-bars-in-bulk\/","title":{"rendered":"Barritas de chocolate con sabor a t\u00e9 a granel con caja de cart\u00f3n"},"content":{"rendered":"<div class=\"wp-block-columns is-layout-flex wp-container-core-columns-is-layout-9d6595d7 wp-block-columns-is-layout-flex\">\n<div class=\"wp-block-column is-layout-flow wp-block-column-is-layout-flow\">\n<h2 class=\"wp-block-heading\">Barritas de Chocolate Premium a Granel Caracter\u00edsticas:<\/h2>\n\n\n\n<p><strong>Combinaci\u00f3n innovadora:<\/strong> El t\u00e9 Yashi Dancong es uno de los t\u00e9s tradicionalmente famosos en China, y posee una profunda herencia cultural. Nuestras tabletas de chocolate a granel son La integraci\u00f3n de este t\u00e9 en el chocolate es una innovaci\u00f3n de ingredientes, herencia cultural y promoci\u00f3n.<\/p>\n\n\n\n<p><strong>Salud y delicia coexisten: <\/strong>El t\u00e9 Yashi Dancong contiene ricos antioxidantes como los flavanoles, que ayudan a mejorar la inmunidad y favorecen la digesti\u00f3n. Nuestras tabletas de chocolate al por mayor combinan el t\u00e9 con antioxidantes en chocolate negro, lo que aumenta a\u00fan m\u00e1s el valor saludable del producto.<\/p>\n\n\n\n<p><strong>Adecuado para m\u00faltiples ocasiones: <\/strong>Las barritas de chocolate con sabor a t\u00e9 Yashi Dancong a granel son adecuadas como tentempi\u00e9 diario, consumidas solas o acompa\u00f1adas de caf\u00e9 o t\u00e9. Son adecuadas para la oficina, el hogar o actividades al aire libre. Las barritas de chocolate Yashi Dancong al por mayor de alta calidad son una opci\u00f3n ideal para hornear y pueden utilizarse para hacer pasteles, galletas o pan, a\u00f1adiendo un sabor \u00fanico.<\/p>\n\n\n\n<p><strong>Claro grupo de consumidores: <\/strong>A los consumidores que disfrutan probando diversos tipos de t\u00e9 y la cultura del t\u00e9 les gustar\u00e1n especialmente estas barritas de chocolate al por mayor que combinan el aroma del t\u00e9. Adecuadas para regalar a amigos, familiares o parejas, especialmente a aquellos con gustos culturales y gastron\u00f3micos \u00fanicos.<\/p>\n<\/div>\n\n\n\n<div class=\"wp-block-column is-layout-flow wp-block-column-is-layout-flow\">\n<figure class=\"wp-block-image size-full\"><img fetchpriority=\"high\" decoding=\"async\" width=\"2000\" height=\"2000\" src=\"https:\/\/jxgchocolate.com\/wp-content\/uploads\/2024\/11\/Newest-Wholesales-Chocolate-Bars-In-Bulk-With-Tea-Flavor3.webp\" alt=\"Barritas de chocolate con sabor a t\u00e9 a granel con caja de 3 unidades\" class=\"wp-image-29155\" srcset=\"https:\/\/jxgchocolate.com\/wp-content\/uploads\/2024\/11\/Newest-Wholesales-Chocolate-Bars-In-Bulk-With-Tea-Flavor3.webp 2000w, https:\/\/jxgchocolate.com\/wp-content\/uploads\/2024\/11\/Newest-Wholesales-Chocolate-Bars-In-Bulk-With-Tea-Flavor3-300x300.webp 300w, https:\/\/jxgchocolate.com\/wp-content\/uploads\/2024\/11\/Newest-Wholesales-Chocolate-Bars-In-Bulk-With-Tea-Flavor3-150x150.webp 150w, https:\/\/jxgchocolate.com\/wp-content\/uploads\/2024\/11\/Newest-Wholesales-Chocolate-Bars-In-Bulk-With-Tea-Flavor3-768x768.webp 768w, https:\/\/jxgchocolate.com\/wp-content\/uploads\/2024\/11\/Newest-Wholesales-Chocolate-Bars-In-Bulk-With-Tea-Flavor3-12x12.webp 12w, https:\/\/jxgchocolate.com\/wp-content\/uploads\/2024\/11\/Newest-Wholesales-Chocolate-Bars-In-Bulk-With-Tea-Flavor3-430x430.webp 430w, https:\/\/jxgchocolate.com\/wp-content\/uploads\/2024\/11\/Newest-Wholesales-Chocolate-Bars-In-Bulk-With-Tea-Flavor3-700x700.webp 700w\" sizes=\"(max-width: 2000px) 100vw, 2000px\" \/><\/figure>\n<\/div>\n<\/div>","protected":false},"excerpt":{"rendered":"<p>Bienvenido a la compra de tabletas de chocolate a granel. Nuestras barritas de chocolate con sabor a t\u00e9 de China a granel no son s\u00f3lo un delicioso tentempi\u00e9, sino tambi\u00e9n una transmisi\u00f3n cultural y emocional, adecuada para los consumidores que persiguen la calidad de vida y disfrutan probando cosas nuevas. Ya sea como tentempi\u00e9 diario, ingrediente para hornear o un gran regalo, nuestras barritas de chocolate con sabor a t\u00e9 a granel son una gran elecci\u00f3n.<\/p>\n<table width=\"423\">\n<tbody>\n<tr>\n<td width=\"166\">Fabricante<\/td>\n<td width=\"257\">Fruta de la suerte<\/td>\n<\/tr>\n<tr>\n<td>N\u00ba DE MODELO<\/td>\n<td>JXG50<\/td>\n<\/tr>\n<tr>\n<td>Tipo<\/td>\n<td>Barritas de chocolate<\/td>\n<\/tr>\n<tr>\n<td>Embalaje<\/td>\n<td>Embalaje en cajas<\/td>\n<\/tr>\n<tr>\n<td>Especificaci\u00f3n<\/td>\n<td>10 piezas*12 cajas<\/td>\n<\/tr>\n<tr>\n<td>Tama\u00f1o de la caja<\/td>\n<td>41*21*27,5cm<\/td>\n<\/tr>\n<tr>\n<td>N.W \/SET<\/td>\n<td>43g*10piezas<\/td>\n<\/tr>\n<tr>\n<td>Color<\/td>\n<td>Como imagen<\/td>\n<\/tr>\n<tr>\n<td>MOQ<\/td>\n<td>500 cajas<\/td>\n<\/tr>\n<tr>\n<td>Personalizaci\u00f3n<\/td>\n<td>Embalaje\/LOGO<\/td>\n<\/tr>\n<\/tbody>\n<\/table>","protected":false},"featured_media":29153,"comment_status":"closed","ping_status":"closed","template":"","meta":[],"product_cat":[91],"product_tag":[],"class_list":{"0":"post-29146","1":"product","2":"type-product","3":"status-publish","4":"has-post-thumbnail","6":"product_cat-bulk-chocolate-bars","8":"first","9":"instock","10":"shipping-taxable","11":"product-type-simple"},"_links":{"self":[{"href":"https:\/\/jxgchocolate.com\/es\/wp-json\/wp\/v2\/product\/29146","targetHints":{"allow":["GET"]}}],"collection":[{"href":"https:\/\/jxgchocolate.com\/es\/wp-json\/wp\/v2\/product"}],"about":[{"href":"https:\/\/jxgchocolate.com\/es\/wp-json\/wp\/v2\/types\/product"}],"replies":[{"embeddable":true,"href":"https:\/\/jxgchocolate.com\/es\/wp-json\/wp\/v2\/comments?post=29146"}],"version-history":[{"count":0,"href":"https:\/\/jxgchocolate.com\/es\/wp-json\/wp\/v2\/product\/29146\/revisions"}],"wp:featuredmedia":[{"embeddable":true,"href":"https:\/\/jxgchocolate.com\/es\/wp-json\/wp\/v2\/media\/29153"}],"wp:attachment":[{"href":"https:\/\/jxgchocolate.com\/es\/wp-json\/wp\/v2\/media?parent=29146"}],"wp:term":[{"taxonomy":"product_cat","embeddable":true,"href":"https:\/\/jxgchocolate.com\/es\/wp-json\/wp\/v2\/product_cat?post=29146"},{"taxonomy":"product_tag","embeddable":true,"href":"https:\/\/jxgchocolate.com\/es\/wp-json\/wp\/v2\/product_tag?post=29146"}],"curies":[{"name":"wp","href":"https:\/\/api.w.org\/{rel}","templated":true}]}}