{"id":29159,"date":"2024-11-18T01:57:11","date_gmt":"2024-11-18T01:57:11","guid":{"rendered":"https:\/\/jxgchocolate.com\/?post_type=product&#038;p=29159"},"modified":"2024-11-18T01:57:13","modified_gmt":"2024-11-18T01:57:13","slug":"chocolate-bars-bulk","status":"publish","type":"product","link":"https:\/\/jxgchocolate.com\/es\/producto\/chocolate-bars-bulk\/","title":{"rendered":"Comprar a granel tabletas de chocolate a granel, tabletas de chocolate de sabores personalizados"},"content":{"rendered":"<div class=\"wp-block-columns is-layout-flex wp-container-core-columns-is-layout-9d6595d7 wp-block-columns-is-layout-flex\">\n<div class=\"wp-block-column is-layout-flow wp-block-column-is-layout-flow\">\n<h2 class=\"wp-block-heading\">Barritas de Chocolate Premium a Granel Caracter\u00edsticas:<\/h2>\n\n\n\n<ul class=\"wp-block-list\">\n<li><strong>Sabores diversos:<\/strong> Los m\u00faltiples sabores de nuestras tabletas de chocolate a granel pueden satisfacer las preferencias de los distintos consumidores, desde el cl\u00e1sico y rico chocolate negro hasta sabores \u00fanicos como el chocolate negro con galleta, el chocolate con t\u00e9 Yashi Dancong y el chocolate con t\u00e9 Yashi Dancong con galleta. Tambi\u00e9n podemos aceptar sabores personalizados de los clientes.<\/li>\n\n\n\n<li><strong>Sabor multinivel: <\/strong>Los diferentes sabores de estas barritas de chocolate al por mayor tienen sus propias caracter\u00edsticas de sabor, algunas son sedosas y delicadas, otras tienen una textura granulada y otras tienen una textura crujiente parecida a la de las galletas, lo que satisface diferentes gustos. Nuestro exclusivo chocolate con sabor a t\u00e9 Yashi Dancong, estos sabores innovadores pueden atraer la atenci\u00f3n de los consumidores y aumentar su deseo de compra.<\/li>\n\n\n\n<li><strong>Selecci\u00f3n de materias primas, bella elaboraci\u00f3n: <\/strong>Nuestras tabletas de chocolate a granel utilizan materias primas de alta calidad, granos de cacao de alta calidad, galletas especialmente formuladas, etc. Mediante la adopci\u00f3n de avanzadas t\u00e9cnicas de producci\u00f3n y f\u00f3rmulas \u00fanicas, conseguimos que el chocolate tenga un sabor suave y rico, con un distintivo efecto de capas que proporciona a los consumidores buenos bocados.<\/li>\n\n\n\n<li><strong>Embalaje y dise\u00f1o exquisitos: <\/strong>Nuestras tabletas de chocolate al por mayor suelen ir exquisitamente envasadas, lo que refleja la diversidad y singularidad del producto. Normalmente, el envase ilustra las caracter\u00edsticas gustativas de cada sabor con gran detalle para realzar el atractivo del producto. En nuestros envases utilizamos materiales ecol\u00f3gicos, como papel reciclable y pl\u00e1stico biodegradable, que se ajustan al concepto de desarrollo sostenible.<\/li>\n<\/ul>\n<\/div>\n\n\n\n<div class=\"wp-block-column is-layout-flow wp-block-column-is-layout-flow\">\n<figure class=\"wp-block-image size-full\"><img fetchpriority=\"high\" decoding=\"async\" width=\"2000\" height=\"2000\" src=\"https:\/\/jxgchocolate.com\/wp-content\/uploads\/2024\/11\/Wholesales-Series-Chocolate-Bars-Custom-With-Different-New-Flavors2.webp\" alt=\"Bulk Buy Barras de chocolate a granel, Barras de chocolate de sabores personalizados-2\" class=\"wp-image-29161\" srcset=\"https:\/\/jxgchocolate.com\/wp-content\/uploads\/2024\/11\/Wholesales-Series-Chocolate-Bars-Custom-With-Different-New-Flavors2.webp 2000w, https:\/\/jxgchocolate.com\/wp-content\/uploads\/2024\/11\/Wholesales-Series-Chocolate-Bars-Custom-With-Different-New-Flavors2-300x300.webp 300w, https:\/\/jxgchocolate.com\/wp-content\/uploads\/2024\/11\/Wholesales-Series-Chocolate-Bars-Custom-With-Different-New-Flavors2-150x150.webp 150w, https:\/\/jxgchocolate.com\/wp-content\/uploads\/2024\/11\/Wholesales-Series-Chocolate-Bars-Custom-With-Different-New-Flavors2-768x768.webp 768w, https:\/\/jxgchocolate.com\/wp-content\/uploads\/2024\/11\/Wholesales-Series-Chocolate-Bars-Custom-With-Different-New-Flavors2-12x12.webp 12w, https:\/\/jxgchocolate.com\/wp-content\/uploads\/2024\/11\/Wholesales-Series-Chocolate-Bars-Custom-With-Different-New-Flavors2-430x430.webp 430w, https:\/\/jxgchocolate.com\/wp-content\/uploads\/2024\/11\/Wholesales-Series-Chocolate-Bars-Custom-With-Different-New-Flavors2-700x700.webp 700w\" sizes=\"(max-width: 2000px) 100vw, 2000px\" \/><\/figure>\n<\/div>\n<\/div>\n\n\n\n<p><\/p>","protected":false},"excerpt":{"rendered":"<p>Bienvenido a comprar tabletas de chocolate a granel. La variedad de sabores de nuestras barritas de chocolate al por mayor no s\u00f3lo satisface la b\u00fasqueda de exquisitez de los consumidores, sino que tambi\u00e9n proporciona diversas opciones y experiencias de alta calidad. Ya sea como tentempi\u00e9 diario, ingrediente para hornear o un gran regalo, la secci\u00f3n de barritas de chocolate al por mayor de varios sabores al por mayor es una gran elecci\u00f3n.<\/p>\n<table width=\"423\">\n<tbody>\n<tr>\n<td width=\"166\">Fabricante<\/td>\n<td width=\"257\">Fruta de la suerte<\/td>\n<\/tr>\n<tr>\n<td>N\u00ba DE MODELO<\/td>\n<td>JXG51<\/td>\n<\/tr>\n<tr>\n<td>Tipo<\/td>\n<td>Barritas de chocolate<\/td>\n<\/tr>\n<tr>\n<td>Embalaje<\/td>\n<td>Embalaje en cajas<\/td>\n<\/tr>\n<tr>\n<td>Especificaci\u00f3n<\/td>\n<td>10 piezas*12 cajas<\/td>\n<\/tr>\n<tr>\n<td>Tama\u00f1o de la caja<\/td>\n<td>41*21*27,5cm<\/td>\n<\/tr>\n<tr>\n<td>N.W \/SET<\/td>\n<td>43g*10piezas<\/td>\n<\/tr>\n<tr>\n<td>Color<\/td>\n<td>Como imagen<\/td>\n<\/tr>\n<tr>\n<td>MOQ<\/td>\n<td>500 cajas<\/td>\n<\/tr>\n<tr>\n<td>Personalizaci\u00f3n<\/td>\n<td>Embalaje\/LOGO<\/td>\n<\/tr>\n<\/tbody>\n<\/table>","protected":false},"featured_media":29162,"comment_status":"closed","ping_status":"closed","template":"","meta":[],"product_cat":[91],"product_tag":[],"class_list":{"0":"post-29159","1":"product","2":"type-product","3":"status-publish","4":"has-post-thumbnail","6":"product_cat-bulk-chocolate-bars","8":"first","9":"instock","10":"shipping-taxable","11":"product-type-simple"},"_links":{"self":[{"href":"https:\/\/jxgchocolate.com\/es\/wp-json\/wp\/v2\/product\/29159","targetHints":{"allow":["GET"]}}],"collection":[{"href":"https:\/\/jxgchocolate.com\/es\/wp-json\/wp\/v2\/product"}],"about":[{"href":"https:\/\/jxgchocolate.com\/es\/wp-json\/wp\/v2\/types\/product"}],"replies":[{"embeddable":true,"href":"https:\/\/jxgchocolate.com\/es\/wp-json\/wp\/v2\/comments?post=29159"}],"version-history":[{"count":0,"href":"https:\/\/jxgchocolate.com\/es\/wp-json\/wp\/v2\/product\/29159\/revisions"}],"wp:featuredmedia":[{"embeddable":true,"href":"https:\/\/jxgchocolate.com\/es\/wp-json\/wp\/v2\/media\/29162"}],"wp:attachment":[{"href":"https:\/\/jxgchocolate.com\/es\/wp-json\/wp\/v2\/media?parent=29159"}],"wp:term":[{"taxonomy":"product_cat","embeddable":true,"href":"https:\/\/jxgchocolate.com\/es\/wp-json\/wp\/v2\/product_cat?post=29159"},{"taxonomy":"product_tag","embeddable":true,"href":"https:\/\/jxgchocolate.com\/es\/wp-json\/wp\/v2\/product_tag?post=29159"}],"curies":[{"name":"wp","href":"https:\/\/api.w.org\/{rel}","templated":true}]}}